{"id":8408,"date":"2026-03-26T18:30:33","date_gmt":"2026-03-26T18:30:33","guid":{"rendered":"https:\/\/paintnprogress.art\/?page_id=8408"},"modified":"2026-04-03T12:54:06","modified_gmt":"2026-04-03T12:54:06","slug":"%d0%b1%d1%80%d0%be%d0%bd%d0%b8%d1%80%d0%be%d0%b2%d0%b0%d0%bd%d0%b8%d0%b5","status":"publish","type":"page","link":"https:\/\/paintnprogress.art\/ru\/rezervacija\/","title":{"rendered":"\u0417\u0430\u043f\u0438\u0448\u0438\u0442\u0435\u0441\u044c \u043d\u0430 \u043c\u0430\u0441\u0442\u0435\u0440-\u043a\u043b\u0430\u0441\u0441 | Paint &amp; Progress"},"content":{"rendered":"<div class=\"wpforms-container wpforms-block wpforms-block-01200be3-bf79-43fb-97b1-d62a1621c49c\" id=\"wpforms-8417\"><form id=\"wpforms-form-8417\" class=\"wpforms-validate wpforms-form wpforms-ajax-form\" data-formid=\"8417\" method=\"post\" enctype=\"multipart\/form-data\" action=\"\/ru\/wp-json\/wp\/v2\/pages\/8408\" data-token=\"e4307d77367f776f75088819e76514aa\" data-token-time=\"1775885410\"><noscript class=\"wpforms-error-noscript\">\u0414\u043b\u044f \u0437\u0430\u043f\u043e\u043b\u043d\u0435\u043d\u0438\u044f \u0434\u0430\u043d\u043d\u043e\u0439 \u0444\u043e\u0440\u043c\u044b \u0432\u043a\u043b\u044e\u0447\u0438\u0442\u0435 JavaScript \u0432 \u0431\u0440\u0430\u0443\u0437\u0435\u0440\u0435.<\/noscript><div class=\"wpforms-field-container\"><div id=\"wpforms-8417-field_6-container\" class=\"wpforms-field wpforms-field-checkbox\" data-field-id=\"6\"><label class=\"wpforms-field-label\">Iz\u0113lieties ko Rezerv\u0113t<\/label><ul id=\"wpforms-8417-field_6\"><li class=\"choice-1 depth-1\"><input type=\"checkbox\" id=\"wpforms-8417-field_6_1\" name=\"wpforms[fields][6][]\" value=\"Meistarklase studij\u0101\"  ><label class=\"wpforms-field-label-inline\" for=\"wpforms-8417-field_6_1\">Meistarklase studij\u0101<\/label><\/li><li class=\"choice-2 depth-1\"><input type=\"checkbox\" id=\"wpforms-8417-field_6_2\" name=\"wpforms[fields][6][]\" value=\"Priv\u0101ts Izbraukums\"  ><label class=\"wpforms-field-label-inline\" for=\"wpforms-8417-field_6_2\">Priv\u0101ts Izbraukums<\/label><\/li><li class=\"choice-3 depth-1\"><input type=\"checkbox\" id=\"wpforms-8417-field_6_3\" name=\"wpforms[fields][6][]\" value=\"Izbraukums Uz\u0146\u0113mumiem\"  ><label class=\"wpforms-field-label-inline\" for=\"wpforms-8417-field_6_3\">Izbraukums Uz\u0146\u0113mumiem<\/label><\/li><li class=\"choice-4 depth-1\"><input type=\"checkbox\" id=\"wpforms-8417-field_6_4\" name=\"wpforms[fields][6][]\" value=\"Rado\u0161s Randi\u0146\u0161\"  ><label class=\"wpforms-field-label-inline\" for=\"wpforms-8417-field_6_4\">Rado\u0161s Randi\u0146\u0161<\/label><\/li><li class=\"choice-8 depth-1\"><input type=\"checkbox\" id=\"wpforms-8417-field_6_8\" name=\"wpforms[fields][6][]\" value=\"Premium Rado\u0161s Randi\u0146\u0161\"  ><label class=\"wpforms-field-label-inline\" for=\"wpforms-8417-field_6_8\">Premium Rado\u0161s Randi\u0146\u0161<\/label><\/li><li class=\"choice-7 depth-1\"><input type=\"checkbox\" id=\"wpforms-8417-field_6_7\" name=\"wpforms[fields][6][]\" value=\"Meditat\u012bv\u0101 Glezno\u0161ana\"  ><label class=\"wpforms-field-label-inline\" for=\"wpforms-8417-field_6_7\">Meditat\u012bv\u0101 Glezno\u0161ana<\/label><\/li><li class=\"choice-6 depth-1\"><input type=\"checkbox\" id=\"wpforms-8417-field_6_6\" name=\"wpforms[fields][6][]\" value=\"Glezno\u0161anas meistarklase + Latvijas v\u012bnu degust\u0101cija. Vecr\u012bg\u0101\"  ><label class=\"wpforms-field-label-inline\" for=\"wpforms-8417-field_6_6\">Glezno\u0161anas meistarklase + Latvijas v\u012bnu degust\u0101cija. Vecr\u012bg\u0101<\/label><\/li><li class=\"choice-5 depth-1\"><input type=\"checkbox\" id=\"wpforms-8417-field_6_5\" name=\"wpforms[fields][6][]\" value=\"Nodarb\u012bbas ar Annu\"  ><label class=\"wpforms-field-label-inline\" for=\"wpforms-8417-field_6_5\">Nodarb\u012bbas ar Annu<\/label><\/li><li class=\"choice-9 depth-1\"><input type=\"checkbox\" id=\"wpforms-8417-field_6_9\" name=\"wpforms[fields][6][]\" value=\"Nodarb\u012bbas ar Dzintaru\"  ><label class=\"wpforms-field-label-inline\" for=\"wpforms-8417-field_6_9\">Nodarb\u012bbas ar Dzintaru<\/label><\/li><li class=\"choice-10 depth-1\"><input type=\"checkbox\" id=\"wpforms-8417-field_6_10\" name=\"wpforms[fields][6][]\" value=\"Nodarb\u012bbas B\u0113rniem\"  ><label class=\"wpforms-field-label-inline\" for=\"wpforms-8417-field_6_10\">Nodarb\u012bbas B\u0113rniem<\/label><\/li><\/ul><\/div><div id=\"wpforms-8417-field_1-container\" class=\"wpforms-field wpforms-field-name\" data-field-id=\"1\"><label class=\"wpforms-field-label\" for=\"wpforms-8417-field_1\">V\u0101rds Uzv\u0101rds <span class=\"wpforms-required-label\">*<\/span><\/label><input type=\"text\" id=\"wpforms-8417-field_1\" class=\"wpforms-field-medium wpforms-field-required\" name=\"wpforms[fields][1]\" required><\/div>\t\t<div id=\"wpforms-8417-field_4-container\"\n\t\t\tclass=\"wpforms-field wpforms-field-text\"\n\t\t\tdata-field-type=\"text\"\n\t\t\tdata-field-id=\"4\"\n\t\t\t>\n\t\t\t<label class=\"wpforms-field-label\" for=\"wpforms-8417-field_4\" >Zi\u0146a Mob. Rezerv\u0113t<\/label>\n\t\t\t<input type=\"text\" id=\"wpforms-8417-field_4\" class=\"wpforms-field-medium\" name=\"wpforms[fields][4]\" >\n\t\t<\/div>\n\t\t<div id=\"wpforms-8417-field_2-container\" class=\"wpforms-field wpforms-field-email\" data-field-id=\"2\"><label class=\"wpforms-field-label\" for=\"wpforms-8417-field_2\">e-pasts <span class=\"wpforms-required-label\">*<\/span><\/label><input type=\"email\" id=\"wpforms-8417-field_2\" class=\"wpforms-field-medium wpforms-field-required\" name=\"wpforms[fields][2]\" spellcheck=\"false\" required><\/div><div id=\"wpforms-8417-field_3-container\" class=\"wpforms-field wpforms-field-textarea\" data-field-id=\"3\"><label class=\"wpforms-field-label\" for=\"wpforms-8417-field_3\">Zi\u0146a<\/label><textarea id=\"wpforms-8417-field_3\" class=\"wpforms-field-medium wpforms-limit-characters-enabled\" data-form-id=\"8417\" data-field-id=\"3\" data-text-limit=\"400\" name=\"wpforms[fields][3]\" placeholder=\"V\u0113lamais datums | Laiks | Cilv\u0113ku skaits | Papildus v\u0113lmes | V\u0113lamais komunik\u0101cijas veids -  telefons, WhatsApp,  e-pasts\" maxlength=\"400\" ><\/textarea><\/div><div id=\"wpforms-8417-field_10-container\" class=\"wpforms-field wpforms-field-text\" data-field-id=\"10\"><label class=\"wpforms-field-label\" for=\"wpforms-8417-field_10\">Mob. Tel. Nr. <span class=\"wpforms-required-label\">*<\/span><\/label><input type=\"text\" id=\"wpforms-8417-field_10\" class=\"wpforms-field-medium wpforms-field-required wpforms-limit-characters-enabled\" data-form-id=\"8417\" data-field-id=\"10\" data-text-limit=\"16\" name=\"wpforms[fields][10]\" placeholder=\"+371 XXXXXXXX\" maxlength=\"16\" required><div class=\"wpforms-field-description\">Telefons nepiecie\u0161ams tikai sazi\u0146ai par rezerv\u0101ciju (netiek izmantots rekl\u0101mai)<\/div><\/div><script>\n\t\t\t\t( function() {\n\t\t\t\t\tconst style = document.createElement( 'style' );\n\t\t\t\t\tstyle.appendChild( document.createTextNode( '#wpforms-8417-field_4-container { position: absolute !important; overflow: hidden !important; display: inline !important; height: 1px !important; width: 1px !important; z-index: -1000 !important; padding: 0 !important; } #wpforms-8417-field_4-container input { visibility: hidden; } #wpforms-conversational-form-page #wpforms-8417-field_4-container label { counter-increment: none; }' ) );\n\t\t\t\t\tdocument.head.appendChild( style );\n\t\t\t\t\tdocument.currentScript?.remove();\n\t\t\t\t} )();\n\t\t\t<\/script><\/div><!-- .wpforms-field-container --><div class=\"wpforms-submit-container\" ><input type=\"hidden\" name=\"wpforms[id]\" value=\"8417\"><input type=\"hidden\" name=\"page_title\" value=\"\"><input type=\"hidden\" name=\"page_url\" value=\"https:\/\/paintnprogress.art\/ru\/wp-json\/wp\/v2\/pages\/8408\"><input type=\"hidden\" name=\"url_referer\" value=\"\"><button type=\"submit\" name=\"wpforms[submit]\" id=\"wpforms-submit-8417\" class=\"wpforms-submit\" data-alt-text=\"S\u016bta\" data-submit-text=\"S\u016bt\u012bt\" aria-live=\"assertive\" value=\"wpforms-submit\">S\u016bt\u012bt<\/button><img decoding=\"async\" src=\"https:\/\/paintnprogress.art\/wp-content\/plugins\/wpforms-lite\/assets\/images\/submit-spin.svg\" class=\"wpforms-submit-spinner\" style=\"display: none;\" width=\"26\" height=\"26\" alt=\"\u0417\u0430\u0433\u0440\u0443\u0437\u043a\u0430\"><\/div><\/form><\/div>  <!-- .wpforms-container -->\n\n\n<style>\n\/* pasl\u0113pj header *\/\nheader,\n.site-header,\n#masthead {\n  display: none !important;\n}\n\n\/* pasl\u0113pj footer *\/\nfooter,\n.site-footer {\n  display: none !important;\n}\n\n\/* no\u0146em liek\u0101s atstarpes *\/\nbody {\n  margin: 0 !important;\n  padding: 0 !important;\n}\n<\/style>\n","protected":false},"excerpt":{"rendered":"","protected":false},"author":1,"featured_media":0,"parent":0,"menu_order":0,"comment_status":"closed","ping_status":"closed","template":"","meta":{"_uag_custom_page_level_css":"","site-sidebar-layout":"default","site-content-layout":"","ast-site-content-layout":"default","site-content-style":"default","site-sidebar-style":"default","ast-global-header-display":"","ast-banner-title-visibility":"","ast-main-header-display":"","ast-hfb-above-header-display":"","ast-hfb-below-header-display":"","ast-hfb-mobile-header-display":"","site-post-title":"","ast-breadcrumbs-content":"","ast-featured-img":"","footer-sml-layout":"","ast-disable-related-posts":"","theme-transparent-header-meta":"","adv-header-id-meta":"","stick-header-meta":"","header-above-stick-meta":"","header-main-stick-meta":"","header-below-stick-meta":"","astra-migrate-meta-layouts":"set","ast-page-background-enabled":"default","ast-page-background-meta":{"desktop":{"background-color":"","background-image":"","background-repeat":"repeat","background-position":"center center","background-size":"auto","background-attachment":"scroll","background-type":"","background-media":"","overlay-type":"","overlay-color":"","overlay-opacity":"","overlay-gradient":""},"tablet":{"background-color":"","background-image":"","background-repeat":"repeat","background-position":"center center","background-size":"auto","background-attachment":"scroll","background-type":"","background-media":"","overlay-type":"","overlay-color":"","overlay-opacity":"","overlay-gradient":""},"mobile":{"background-color":"","background-image":"","background-repeat":"repeat","background-position":"center center","background-size":"auto","background-attachment":"scroll","background-type":"","background-media":"","overlay-type":"","overlay-color":"","overlay-opacity":"","overlay-gradient":""}},"ast-content-background-meta":{"desktop":{"background-color":"var(--ast-global-color-5)","background-image":"","background-repeat":"repeat","background-position":"center center","background-size":"auto","background-attachment":"scroll","background-type":"","background-media":"","overlay-type":"","overlay-color":"","overlay-opacity":"","overlay-gradient":""},"tablet":{"background-color":"var(--ast-global-color-5)","background-image":"","background-repeat":"repeat","background-position":"center center","background-size":"auto","background-attachment":"scroll","background-type":"","background-media":"","overlay-type":"","overlay-color":"","overlay-opacity":"","overlay-gradient":""},"mobile":{"background-color":"var(--ast-global-color-5)","background-image":"","background-repeat":"repeat","background-position":"center center","background-size":"auto","background-attachment":"scroll","background-type":"","background-media":"","overlay-type":"","overlay-color":"","overlay-opacity":"","overlay-gradient":""}},"footnotes":""},"class_list":["post-8408","page","type-page","status-publish","hentry"],"yoast_head":"<!-- This site is optimized with the Yoast SEO plugin v27.3 - https:\/\/yoast.com\/product\/yoast-seo-wordpress\/ -->\n<title>Rezerv\u0113t meistarklasi | Paint &amp; Progress - paintnprogress.art<\/title>\n<meta name=\"description\" content=\"Rezerv\u0113 glezno\u0161anas meistarklasi vai kursu R\u012bg\u0101. Individu\u0101li, grup\u0101m un uz\u0146\u0113mumiem. Piesakies \u0101tri un vienk\u0101r\u0161i!\" \/>\n<meta name=\"robots\" content=\"index, follow, max-snippet:-1, max-image-preview:large, max-video-preview:-1\" \/>\n<link rel=\"canonical\" href=\"https:\/\/paintnprogress.art\/ru\/\u0431\u0440\u043e\u043d\u0438\u0440\u043e\u0432\u0430\u043d\u0438\u0435\/\" \/>\n<meta property=\"og:locale\" content=\"ru_RU\" \/>\n<meta property=\"og:type\" content=\"article\" \/>\n<meta property=\"og:title\" content=\"Rezerv\u0113t meistarklasi | Paint &amp; Progress - paintnprogress.art\" \/>\n<meta property=\"og:description\" content=\"Rezerv\u0113 glezno\u0161anas meistarklasi vai kursu R\u012bg\u0101. Individu\u0101li, grup\u0101m un uz\u0146\u0113mumiem. Piesakies \u0101tri un vienk\u0101r\u0161i!\" \/>\n<meta property=\"og:url\" content=\"https:\/\/paintnprogress.art\/ru\/\u0431\u0440\u043e\u043d\u0438\u0440\u043e\u0432\u0430\u043d\u0438\u0435\/\" \/>\n<meta property=\"og:site_name\" content=\"paintnprogress.art\" \/>\n<meta property=\"article:publisher\" content=\"https:\/\/www.facebook.com\/paintnprogressart\" \/>\n<meta property=\"article:modified_time\" content=\"2026-04-03T12:54:06+00:00\" \/>\n<meta name=\"twitter:card\" content=\"summary_large_image\" \/>\n<script type=\"application\/ld+json\" class=\"yoast-schema-graph\">{\"@context\":\"https:\\\/\\\/schema.org\",\"@graph\":[{\"@type\":\"WebPage\",\"@id\":\"https:\\\/\\\/paintnprogress.art\\\/rezervacija\\\/\",\"url\":\"https:\\\/\\\/paintnprogress.art\\\/rezervacija\\\/\",\"name\":\"Rezerv\u0113t meistarklasi | Paint &amp; Progress - paintnprogress.art\",\"isPartOf\":{\"@id\":\"https:\\\/\\\/paintnprogress.art\\\/#website\"},\"datePublished\":\"2026-03-26T18:30:33+00:00\",\"dateModified\":\"2026-04-03T12:54:06+00:00\",\"description\":\"Rezerv\u0113 glezno\u0161anas meistarklasi vai kursu R\u012bg\u0101. Individu\u0101li, grup\u0101m un uz\u0146\u0113mumiem. Piesakies \u0101tri un vienk\u0101r\u0161i!\",\"breadcrumb\":{\"@id\":\"https:\\\/\\\/paintnprogress.art\\\/rezervacija\\\/#breadcrumb\"},\"inLanguage\":\"ru-RU\",\"potentialAction\":[{\"@type\":\"ReadAction\",\"target\":[\"https:\\\/\\\/paintnprogress.art\\\/rezervacija\\\/\"]}]},{\"@type\":\"BreadcrumbList\",\"@id\":\"https:\\\/\\\/paintnprogress.art\\\/rezervacija\\\/#breadcrumb\",\"itemListElement\":[{\"@type\":\"ListItem\",\"position\":1,\"name\":\"Home\",\"item\":\"https:\\\/\\\/paintnprogress.art\\\/\"},{\"@type\":\"ListItem\",\"position\":2,\"name\":\"Rezerv\u0113t meistarklasi | Paint &amp; Progress\"}]},{\"@type\":\"WebSite\",\"@id\":\"https:\\\/\\\/paintnprogress.art\\\/#website\",\"url\":\"https:\\\/\\\/paintnprogress.art\\\/\",\"name\":\"paintnprogress.art\",\"description\":\"Glezno\u0161anas Nodarb\u012bbas\",\"publisher\":{\"@id\":\"https:\\\/\\\/paintnprogress.art\\\/#organization\"},\"potentialAction\":[{\"@type\":\"SearchAction\",\"target\":{\"@type\":\"EntryPoint\",\"urlTemplate\":\"https:\\\/\\\/paintnprogress.art\\\/?s={search_term_string}\"},\"query-input\":{\"@type\":\"PropertyValueSpecification\",\"valueRequired\":true,\"valueName\":\"search_term_string\"}}],\"inLanguage\":\"ru-RU\"},{\"@type\":\"Organization\",\"@id\":\"https:\\\/\\\/paintnprogress.art\\\/#organization\",\"name\":\"Paint&Progress\",\"alternateName\":\"Paint and Progress\",\"url\":\"https:\\\/\\\/paintnprogress.art\\\/\",\"logo\":{\"@type\":\"ImageObject\",\"inLanguage\":\"ru-RU\",\"@id\":\"https:\\\/\\\/paintnprogress.art\\\/#\\\/schema\\\/logo\\\/image\\\/\",\"url\":\"https:\\\/\\\/paintnprogress.art\\\/wp-content\\\/uploads\\\/2025\\\/01\\\/512.webp\",\"contentUrl\":\"https:\\\/\\\/paintnprogress.art\\\/wp-content\\\/uploads\\\/2025\\\/01\\\/512.webp\",\"width\":512,\"height\":512,\"caption\":\"Paint&Progress\"},\"image\":{\"@id\":\"https:\\\/\\\/paintnprogress.art\\\/#\\\/schema\\\/logo\\\/image\\\/\"},\"sameAs\":[\"https:\\\/\\\/www.facebook.com\\\/paintnprogressart\",\"https:\\\/\\\/www.youtube.com\\\/@PaintAndProgressArt\",\"https:\\\/\\\/www.tiktok.com\\\/@paint_and_progress?lang=lv\"]}]}<\/script>\n<!-- \/ Yoast SEO plugin. -->","yoast_head_json":{"title":"\u0417\u0430\u043f\u0438\u0448\u0438\u0442\u0435\u0441\u044c \u043d\u0430 \u043c\u0430\u0441\u0442\u0435\u0440-\u043a\u043b\u0430\u0441\u0441 | Paint &amp; Progress - paintnprogress.art","description":"\u0417\u0430\u043f\u0438\u0448\u0438\u0442\u0435\u0441\u044c \u043d\u0430 \u043c\u0430\u0441\u0442\u0435\u0440-\u043a\u043b\u0430\u0441\u0441 \u0438\u043b\u0438 \u043a\u0443\u0440\u0441 \u0436\u0438\u0432\u043e\u043f\u0438\u0441\u0438 \u0432 \u0420\u0438\u0433\u0435. \u0418\u043d\u0434\u0438\u0432\u0438\u0434\u0443\u0430\u043b\u044c\u043d\u043e, \u0434\u043b\u044f \u0433\u0440\u0443\u043f\u043f \u0438 \u043a\u043e\u043c\u043f\u0430\u043d\u0438\u0439. \u041f\u043e\u0434\u0430\u0439\u0442\u0435 \u0437\u0430\u044f\u0432\u043a\u0443 \u0431\u044b\u0441\u0442\u0440\u043e \u0438 \u043b\u0435\u0433\u043a\u043e!","robots":{"index":"index","follow":"follow","max-snippet":"max-snippet:-1","max-image-preview":"max-image-preview:large","max-video-preview":"max-video-preview:-1"},"canonical":"https:\/\/paintnprogress.art\/ru\/\u0431\u0440\u043e\u043d\u0438\u0440\u043e\u0432\u0430\u043d\u0438\u0435\/","og_locale":"ru_RU","og_type":"article","og_title":"Rezerv\u0113t meistarklasi | Paint &amp; Progress - paintnprogress.art","og_description":"Rezerv\u0113 glezno\u0161anas meistarklasi vai kursu R\u012bg\u0101. Individu\u0101li, grup\u0101m un uz\u0146\u0113mumiem. Piesakies \u0101tri un vienk\u0101r\u0161i!","og_url":"https:\/\/paintnprogress.art\/ru\/\u0431\u0440\u043e\u043d\u0438\u0440\u043e\u0432\u0430\u043d\u0438\u0435\/","og_site_name":"paintnprogress.art","article_publisher":"https:\/\/www.facebook.com\/paintnprogressart","article_modified_time":"2026-04-03T12:54:06+00:00","twitter_card":"summary_large_image","schema":{"@context":"https:\/\/schema.org","@graph":[{"@type":"WebPage","@id":"https:\/\/paintnprogress.art\/rezervacija\/","url":"https:\/\/paintnprogress.art\/rezervacija\/","name":"\u0417\u0430\u043f\u0438\u0448\u0438\u0442\u0435\u0441\u044c \u043d\u0430 \u043c\u0430\u0441\u0442\u0435\u0440-\u043a\u043b\u0430\u0441\u0441 | Paint &amp; Progress - paintnprogress.art","isPartOf":{"@id":"https:\/\/paintnprogress.art\/#website"},"datePublished":"2026-03-26T18:30:33+00:00","dateModified":"2026-04-03T12:54:06+00:00","description":"\u0417\u0430\u043f\u0438\u0448\u0438\u0442\u0435\u0441\u044c \u043d\u0430 \u043c\u0430\u0441\u0442\u0435\u0440-\u043a\u043b\u0430\u0441\u0441 \u0438\u043b\u0438 \u043a\u0443\u0440\u0441 \u0436\u0438\u0432\u043e\u043f\u0438\u0441\u0438 \u0432 \u0420\u0438\u0433\u0435. \u0418\u043d\u0434\u0438\u0432\u0438\u0434\u0443\u0430\u043b\u044c\u043d\u043e, \u0434\u043b\u044f \u0433\u0440\u0443\u043f\u043f \u0438 \u043a\u043e\u043c\u043f\u0430\u043d\u0438\u0439. \u041f\u043e\u0434\u0430\u0439\u0442\u0435 \u0437\u0430\u044f\u0432\u043a\u0443 \u0431\u044b\u0441\u0442\u0440\u043e \u0438 \u043b\u0435\u0433\u043a\u043e!","breadcrumb":{"@id":"https:\/\/paintnprogress.art\/rezervacija\/#breadcrumb"},"inLanguage":"ru-RU","potentialAction":[{"@type":"ReadAction","target":["https:\/\/paintnprogress.art\/rezervacija\/"]}]},{"@type":"BreadcrumbList","@id":"https:\/\/paintnprogress.art\/rezervacija\/#breadcrumb","itemListElement":[{"@type":"ListItem","position":1,"name":"Home","item":"https:\/\/paintnprogress.art\/"},{"@type":"ListItem","position":2,"name":"Rezerv\u0113t meistarklasi | Paint &amp; Progress"}]},{"@type":"WebSite","@id":"https:\/\/paintnprogress.art\/#website","url":"https:\/\/paintnprogress.art\/","name":"paintnprogress.\u0438\u0441\u043a\u0443\u0441\u0441\u0442\u0432\u043e","description":"\u0423\u0440\u043e\u043a\u0438 \u0440\u0438\u0441\u043e\u0432\u0430\u043d\u0438\u044f","publisher":{"@id":"https:\/\/paintnprogress.art\/#organization"},"potentialAction":[{"@type":"SearchAction","target":{"@type":"EntryPoint","urlTemplate":"https:\/\/paintnprogress.art\/?s={search_term_string}"},"query-input":{"@type":"PropertyValueSpecification","valueRequired":true,"valueName":"search_term_string"}}],"inLanguage":"ru-RU"},{"@type":"Organization","@id":"https:\/\/paintnprogress.art\/#organization","name":"Paint&amp;Progress","alternateName":"Paint and Progress","url":"https:\/\/paintnprogress.art\/","logo":{"@type":"ImageObject","inLanguage":"ru-RU","@id":"https:\/\/paintnprogress.art\/#\/schema\/logo\/image\/","url":"https:\/\/paintnprogress.art\/wp-content\/uploads\/2025\/01\/512.webp","contentUrl":"https:\/\/paintnprogress.art\/wp-content\/uploads\/2025\/01\/512.webp","width":512,"height":512,"caption":"Paint&Progress"},"image":{"@id":"https:\/\/paintnprogress.art\/#\/schema\/logo\/image\/"},"sameAs":["https:\/\/www.facebook.com\/paintnprogressart","https:\/\/www.youtube.com\/@PaintAndProgressArt","https:\/\/www.tiktok.com\/@paint_and_progress?lang=lv"]}]}},"uagb_featured_image_src":{"full":false,"thumbnail":false,"medium":false,"medium_large":false,"large":false,"1536x1536":false,"2048x2048":false,"trp-custom-language-flag":false,"woocommerce_thumbnail":false,"woocommerce_single":false,"woocommerce_gallery_thumbnail":false},"uagb_author_info":{"display_name":"Dzintars Kalnins","author_link":"https:\/\/paintnprogress.art\/ru\/author\/dzk765gmail-com\/"},"uagb_comment_info":0,"uagb_excerpt":null,"_links":{"self":[{"href":"https:\/\/paintnprogress.art\/ru\/wp-json\/wp\/v2\/pages\/8408","targetHints":{"allow":["GET"]}}],"collection":[{"href":"https:\/\/paintnprogress.art\/ru\/wp-json\/wp\/v2\/pages"}],"about":[{"href":"https:\/\/paintnprogress.art\/ru\/wp-json\/wp\/v2\/types\/page"}],"author":[{"embeddable":true,"href":"https:\/\/paintnprogress.art\/ru\/wp-json\/wp\/v2\/users\/1"}],"replies":[{"embeddable":true,"href":"https:\/\/paintnprogress.art\/ru\/wp-json\/wp\/v2\/comments?post=8408"}],"version-history":[{"count":12,"href":"https:\/\/paintnprogress.art\/ru\/wp-json\/wp\/v2\/pages\/8408\/revisions"}],"predecessor-version":[{"id":8858,"href":"https:\/\/paintnprogress.art\/ru\/wp-json\/wp\/v2\/pages\/8408\/revisions\/8858"}],"wp:attachment":[{"href":"https:\/\/paintnprogress.art\/ru\/wp-json\/wp\/v2\/media?parent=8408"}],"curies":[{"name":"WP","href":"https:\/\/api.w.org\/{rel}","templated":true}]}}