{"id":1090,"date":"2024-12-09T09:07:00","date_gmt":"2024-12-09T09:07:00","guid":{"rendered":"https:\/\/paintnprogress.art\/?page_id=1090"},"modified":"2025-07-05T17:56:11","modified_gmt":"2025-07-05T17:56:11","slug":"%d0%b4%d0%b8%d1%81%d1%82%d0%b0%d0%bd%d1%86%d0%b8%d0%be%d0%bd%d0%bd%d1%8b%d0%b9-%d0%ba%d0%be%d0%bd%d1%82%d1%80%d0%b0%d0%ba%d1%82","status":"publish","type":"page","link":"https:\/\/paintnprogress.art\/ru\/distances-ligums\/","title":{"rendered":"\u0414\u0438\u0441\u0442\u0430\u043d\u0446\u0438\u043e\u043d\u043d\u044b\u0439 \u0434\u043e\u0433\u043e\u0432\u043e\u0440 \u0438 \u043f\u0440\u0430\u0432\u043e \u043e\u0442\u043a\u0430\u0437\u0430"},"content":{"rendered":"<h4 class=\"wp-block-heading\">\u0414\u0438\u0441\u0442\u0430\u043d\u0446\u0438\u043e\u043d\u043d\u044b\u0439 \u043a\u043e\u043d\u0442\u0440\u0430\u043a\u0442<\/h4>\n\n\n\n<p>\u0421\u043e\u0433\u043b\u0430\u0441\u043d\u043e \u0437\u0430\u043a\u043e\u043d\u043e\u0434\u0430\u0442\u0435\u043b\u044c\u0441\u0442\u0432\u0443 \u041b\u0430\u0442\u0432\u0438\u0439\u0441\u043a\u043e\u0439 \u0420\u0435\u0441\u043f\u0443\u0431\u043b\u0438\u043a\u0438 \u0432\u043b\u0430\u0434\u0435\u043b\u0435\u0446 \u0438\u043d\u0442\u0435\u0440\u043d\u0435\u0442-\u043c\u0430\u0433\u0430\u0437\u0438\u043d\u0430 \u043e\u0431\u044f\u0437\u0430\u043d \u043e\u043f\u0440\u0435\u0434\u0435\u043b\u0438\u0442\u044c \u043f\u043e\u0440\u044f\u0434\u043e\u043a \u0434\u043e\u0441\u0442\u0430\u0432\u043a\u0438 \u0438 \u0432\u043e\u0437\u0432\u0440\u0430\u0442\u0430 \u0442\u043e\u0432\u0430\u0440\u0430, \u0430 \u0442\u0430\u043a\u0436\u0435 \u043f\u0440\u0430\u0432\u043e \u043e\u0442\u043a\u0430\u0437\u0430. \u0414\u0430\u043d\u043d\u044b\u0439 \u0441\u0432\u043e\u0434 \u043f\u0440\u0430\u0432\u0438\u043b \u043d\u0430\u0437\u044b\u0432\u0430\u0435\u0442\u0441\u044f \u0434\u0438\u0441\u0442\u0430\u043d\u0446\u0438\u043e\u043d\u043d\u044b\u043c \u0434\u043e\u0433\u043e\u0432\u043e\u0440\u043e\u043c (\u0432 \u0441\u043e\u043e\u0442\u0432\u0435\u0442\u0441\u0442\u0432\u0438\u0438 \u0441 \u043f\u043e\u0441\u0442\u0430\u043d\u043e\u0432\u043b\u0435\u043d\u0438\u0435\u043c \u041a\u0430\u0431\u0438\u043d\u0435\u0442\u0430 \u041c\u0438\u043d\u0438\u0441\u0442\u0440\u043e\u0432).<\/p>\n\n\n\n<p>\u041f\u0440\u043e\u0434\u0430\u0432\u0435\u0446 \u0443\u0441\u043b\u0443\u0433, \u043f\u0440\u0435\u0434\u043b\u0430\u0433\u0430\u0435\u043c\u044b\u0445 \u0432 \u043d\u0430\u0441\u0442\u043e\u044f\u0449\u0435\u043c \u0438\u043d\u0442\u0435\u0440\u043d\u0435\u0442-\u043c\u0430\u0433\u0430\u0437\u0438\u043d\u0435 (\u0434\u0430\u043b\u0435\u0435 \u2014 \u041f\u0440\u043e\u0434\u0430\u0432\u0435\u0446), \u0438 \u043a\u043b\u0438\u0435\u043d\u0442, \u043e\u0444\u043e\u0440\u043c\u0438\u0432\u0448\u0438\u0439 \u0437\u0430\u043a\u0430\u0437 (\u0434\u0430\u043b\u0435\u0435 \u2014 \u041f\u043e\u043a\u0443\u043f\u0430\u0442\u0435\u043b\u044c), \u0437\u0430\u043a\u043b\u044e\u0447\u0430\u044e\u0442 \u043c\u0435\u0436\u0434\u0443 \u0441\u043e\u0431\u043e\u0439 \u0441\u043b\u0435\u0434\u0443\u044e\u0449\u0435\u0435 \u0441\u043e\u0433\u043b\u0430\u0448\u0435\u043d\u0438\u0435:<\/p>\n\n\n\n<ul class=\"wp-block-list\">\n<li>\u041f\u0440\u043e\u0434\u0430\u0432\u0435\u0446 \u043e\u0431\u044f\u0437\u0443\u0435\u0442\u0441\u044f \u043e\u043a\u0430\u0437\u0430\u0442\u044c \u041f\u043e\u043a\u0443\u043f\u0430\u0442\u0435\u043b\u044e \u0437\u0430\u043a\u0430\u0437\u0430\u043d\u043d\u0443\u044e \u0438\u043c \u0443\u0441\u043b\u0443\u0433\u0443.<\/li>\n\n\n\n<li>\u041f\u043e\u043a\u0443\u043f\u0430\u0442\u0435\u043b\u044c \u043e\u0444\u043e\u0440\u043c\u043b\u044f\u0435\u0442 \u0437\u0430\u043a\u0430\u0437 \u043d\u0430 \u0443\u0441\u043b\u0443\u0433\u0443 \u043d\u0430 \u0441\u0430\u0439\u0442\u0435 <a href=\"https:\/\/paintnprogress.art\/ru\/\"><strong>https:\/\/paintnprogress.art\/<\/strong><\/a>, \u0441 \u0443\u043a\u0430\u0437\u0430\u043d\u0438\u0435\u043c \u043d\u0435\u043e\u0431\u0445\u043e\u0434\u0438\u043c\u043e\u0439 \u0443\u0441\u043b\u0443\u0433\u0438.<\/li>\n\n\n\n<li>\u041f\u043e\u043a\u0443\u043f\u0430\u0442\u0435\u043b\u044c \u043c\u043e\u0436\u0435\u0442 \u043f\u0440\u043e\u0438\u0437\u0432\u0435\u0441\u0442\u0438 \u043e\u043f\u043b\u0430\u0442\u0443, \u0438\u0441\u043f\u043e\u043b\u044c\u0437\u0443\u044f \u043f\u043b\u0430\u0442\u0435\u0436\u043d\u044b\u0435 \u0438\u043d\u0441\u0442\u0440\u0443\u043c\u0435\u043d\u0442\u044b, \u0434\u043e\u0441\u0442\u0443\u043f\u043d\u044b\u0435 \u043d\u0430 \u0441\u0430\u0439\u0442\u0435, \u0438\u043b\u0438 \u043e\u043f\u043b\u0430\u0442\u0438\u0432 \u044d\u043b\u0435\u043a\u0442\u0440\u043e\u043d\u043d\u044b\u0439 \u0441\u0447\u0435\u0442, \u0432\u044b\u0441\u0442\u0430\u0432\u043b\u0435\u043d\u043d\u044b\u0439 \u041f\u0440\u043e\u0434\u0430\u0432\u0446\u043e\u043c, \u043a\u043e\u0442\u043e\u0440\u044b\u0439 \u0444\u043e\u0440\u043c\u0438\u0440\u0443\u0435\u0442\u0441\u044f \u0438 \u043e\u0442\u043f\u0440\u0430\u0432\u043b\u044f\u0435\u0442\u0441\u044f \u043f\u043e \u044d\u043b\u0435\u043a\u0442\u0440\u043e\u043d\u043d\u043e\u0439 \u043f\u043e\u0447\u0442\u0435. \u0421\u0447\u0435\u0442 \u0434\u0435\u0439\u0441\u0442\u0432\u0438\u0442\u0435\u043b\u0435\u043d \u0431\u0435\u0437 \u043f\u043e\u0434\u043f\u0438\u0441\u0438.<\/li>\n<\/ul>\n\n\n\n<hr class=\"wp-block-separator has-alpha-channel-opacity\"\/>\n\n\n\n<h4 class=\"wp-block-heading\">\u041f\u0440\u0430\u0432\u043e \u043d\u0430 \u043e\u0442\u043a\u0430\u0437<\/h4>\n\n\n\n<p>\u041f\u043e\u043a\u0443\u043f\u0430\u0442\u0435\u043b\u044c \u0438\u043c\u0435\u0435\u0442 \u043f\u0440\u0430\u0432\u043e \u043e\u0442\u043a\u0430\u0437\u0430\u0442\u044c\u0441\u044f \u043e\u0442 \u043f\u0440\u0438\u043e\u0431\u0440\u0435\u0442\u0435\u043d\u043d\u043e\u0439 \u0443\u0441\u043b\u0443\u0433\u0438 \u0432 \u0442\u0435\u0447\u0435\u043d\u0438\u0435 14 \u0434\u043d\u0435\u0439 \u0441 \u043c\u043e\u043c\u0435\u043d\u0442\u0430 \u043f\u043e\u043a\u0443\u043f\u043a\u0438. \u0414\u043b\u044f \u0440\u0435\u0430\u043b\u0438\u0437\u0430\u0446\u0438\u0438 \u043f\u0440\u0430\u0432\u0430 \u043d\u0430 \u043e\u0442\u043a\u0430\u0437 \u041f\u043e\u043a\u0443\u043f\u0430\u0442\u0435\u043b\u044c \u0434\u043e\u043b\u0436\u0435\u043d \u043d\u0430\u043f\u0440\u0430\u0432\u0438\u0442\u044c \u041f\u0440\u043e\u0434\u0430\u0432\u0446\u0443 \u043f\u0438\u0441\u044c\u043c\u043e \u043e\u0431 \u043e\u0442\u043a\u0430\u0437\u0435. \u041f\u0440\u043e\u0434\u0430\u0432\u0435\u0446 \u043e\u0431\u044f\u0437\u0430\u043d \u043f\u0440\u0435\u0434\u043e\u0441\u0442\u0430\u0432\u0438\u0442\u044c \u0444\u043e\u0440\u043c\u0443 \u043f\u0438\u0441\u044c\u043c\u0430 \u043e\u0431 \u043e\u0442\u043a\u0430\u0437\u0435 \u043f\u043e \u0437\u0430\u043f\u0440\u043e\u0441\u0443 \u041f\u043e\u043a\u0443\u043f\u0430\u0442\u0435\u043b\u044f, \u043e\u0442\u043f\u0440\u0430\u0432\u0438\u0432 \u0435\u0435 \u043d\u0430 \u044d\u043b\u0435\u043a\u0442\u0440\u043e\u043d\u043d\u0443\u044e \u043f\u043e\u0447\u0442\u0443 \u041f\u043e\u043a\u0443\u043f\u0430\u0442\u0435\u043b\u044f.<\/p>\n\n\n\n<p>\u041e\u0434\u043d\u0430\u043a\u043e \u043f\u0440\u0430\u0432\u043e \u043e\u0442\u043a\u0430\u0437\u0430 \u043d\u0435 \u043f\u0440\u0438\u043c\u0435\u043d\u044f\u0435\u0442\u0441\u044f \u0432 \u0441\u043b\u0435\u0434\u0443\u044e\u0449\u0438\u0445 \u0441\u043b\u0443\u0447\u0430\u044f\u0445:<\/p>\n\n\n\n<ul class=\"wp-block-list\">\n<li>\u041f\u043e\u043a\u0443\u043f\u0430\u0442\u0435\u043b\u044c \u0443\u0436\u0435 \u043f\u043e\u0441\u0435\u0442\u0438\u043b \u0443\u0440\u043e\u043a \u0438\u043b\u0438 \u0441\u0435\u043c\u0438\u043d\u0430\u0440.<\/li>\n\n\n\n<li>\u0421\u0440\u043e\u043a \u043e\u043a\u0430\u0437\u0430\u043d\u0438\u044f \u0443\u0441\u043b\u0443\u0433\u0438 \u0438\u0441\u0442\u0435\u043a, \u0430 \u041f\u043e\u043a\u0443\u043f\u0430\u0442\u0435\u043b\u044c \u0435\u044e \u043d\u0435 \u0432\u043e\u0441\u043f\u043e\u043b\u044c\u0437\u043e\u0432\u0430\u043b\u0441\u044f.<\/li>\n\n\n\n<li>\u0414\u043e \u043d\u0430\u0447\u0430\u043b\u0430 \u043c\u0435\u0440\u043e\u043f\u0440\u0438\u044f\u0442\u0438\u044f \u043e\u0441\u0442\u0430\u043b\u043e\u0441\u044c \u043c\u0435\u043d\u0435\u0435 48 \u0447\u0430\u0441\u043e\u0432.<\/li>\n\n\n\n<li>\u0423\u0441\u043b\u0443\u0433\u0430 \u043f\u0440\u0438\u043e\u0431\u0440\u0435\u0442\u0435\u043d\u0430 \u043f\u043e \u0430\u043a\u0446\u0438\u043e\u043d\u043d\u043e\u0439 \u0446\u0435\u043d\u0435.<\/li>\n<\/ul>\n\n\n\n<p>\u041f\u043e \u0432\u043e\u043f\u0440\u043e\u0441\u0430\u043c, \u0441\u0432\u044f\u0437\u0430\u043d\u043d\u044b\u043c \u0441 \u0432\u043e\u0437\u0432\u0440\u0430\u0442\u043e\u043c \u0441\u0440\u0435\u0434\u0441\u0442\u0432 \u0438 \u0432\u043e\u0437\u0432\u0440\u0430\u0442\u043e\u043c \u0442\u043e\u0432\u0430\u0440\u0430, \u043e\u0431\u0440\u0430\u0449\u0430\u0439\u0442\u0435\u0441\u044c \u043a \u043d\u0430\u043c \u043f\u043e \u0430\u0434\u0440\u0435\u0441\u0443 {email}.<\/p>","protected":false},"excerpt":{"rendered":"<p>Distances l\u012bgums Saska\u0146\u0101 ar Latvijas Republikas likumdo\u0161anu interneta veikala \u012bpa\u0161niekam ir pien\u0101kums defin\u0113t pre\u010du pieg\u0101des un atgrie\u0161anas k\u0101rt\u012bbu, k\u0101 ar\u012b [&hellip;]<\/p>\n","protected":false},"author":1,"featured_media":0,"parent":0,"menu_order":0,"comment_status":"closed","ping_status":"closed","template":"","meta":{"_uag_custom_page_level_css":"","site-sidebar-layout":"default","site-content-layout":"","ast-site-content-layout":"default","site-content-style":"default","site-sidebar-style":"default","ast-global-header-display":"","ast-banner-title-visibility":"","ast-main-header-display":"","ast-hfb-above-header-display":"","ast-hfb-below-header-display":"","ast-hfb-mobile-header-display":"","site-post-title":"","ast-breadcrumbs-content":"","ast-featured-img":"","footer-sml-layout":"","ast-disable-related-posts":"","theme-transparent-header-meta":"","adv-header-id-meta":"","stick-header-meta":"","header-above-stick-meta":"","header-main-stick-meta":"","header-below-stick-meta":"","astra-migrate-meta-layouts":"set","ast-page-background-enabled":"default","ast-page-background-meta":{"desktop":{"background-color":"","background-image":"","background-repeat":"repeat","background-position":"center center","background-size":"auto","background-attachment":"scroll","background-type":"","background-media":"","overlay-type":"","overlay-color":"","overlay-opacity":"","overlay-gradient":""},"tablet":{"background-color":"","background-image":"","background-repeat":"repeat","background-position":"center center","background-size":"auto","background-attachment":"scroll","background-type":"","background-media":"","overlay-type":"","overlay-color":"","overlay-opacity":"","overlay-gradient":""},"mobile":{"background-color":"","background-image":"","background-repeat":"repeat","background-position":"center center","background-size":"auto","background-attachment":"scroll","background-type":"","background-media":"","overlay-type":"","overlay-color":"","overlay-opacity":"","overlay-gradient":""}},"ast-content-background-meta":{"desktop":{"background-color":"var(--ast-global-color-5)","background-image":"","background-repeat":"repeat","background-position":"center center","background-size":"auto","background-attachment":"scroll","background-type":"","background-media":"","overlay-type":"","overlay-color":"","overlay-opacity":"","overlay-gradient":""},"tablet":{"background-color":"var(--ast-global-color-5)","background-image":"","background-repeat":"repeat","background-position":"center center","background-size":"auto","background-attachment":"scroll","background-type":"","background-media":"","overlay-type":"","overlay-color":"","overlay-opacity":"","overlay-gradient":""},"mobile":{"background-color":"var(--ast-global-color-5)","background-image":"","background-repeat":"repeat","background-position":"center center","background-size":"auto","background-attachment":"scroll","background-type":"","background-media":"","overlay-type":"","overlay-color":"","overlay-opacity":"","overlay-gradient":""}},"footnotes":""},"class_list":["post-1090","page","type-page","status-publish","hentry"],"yoast_head":"<!-- This site is optimized with the Yoast SEO plugin v27.3 - https:\/\/yoast.com\/product\/yoast-seo-wordpress\/ -->\n<title>Distances l\u012bgums un atteikuma ties\u012bbas - paintnprogress.art<\/title>\n<meta name=\"description\" content=\"Distances l\u012bgums un atteikuma ties\u012bbas: nosac\u012bjumi pakalpojumu ieg\u0101dei, apmaksai, atcel\u0161anai un ties\u012bb\u0101m atteikties 14 dienu laik\u0101\" \/>\n<meta name=\"robots\" content=\"index, follow, max-snippet:-1, max-image-preview:large, max-video-preview:-1\" \/>\n<link rel=\"canonical\" href=\"https:\/\/paintnprogress.art\/ru\/\u0434\u0438\u0441\u0442\u0430\u043d\u0446\u0438\u043e\u043d\u043d\u044b\u0439-\u043a\u043e\u043d\u0442\u0440\u0430\u043a\u0442\/\" \/>\n<meta property=\"og:locale\" content=\"ru_RU\" \/>\n<meta property=\"og:type\" content=\"article\" \/>\n<meta property=\"og:title\" content=\"Distances l\u012bgums un atteikuma ties\u012bbas - paintnprogress.art\" \/>\n<meta property=\"og:description\" content=\"Distances l\u012bgums un atteikuma ties\u012bbas: nosac\u012bjumi pakalpojumu ieg\u0101dei, apmaksai, atcel\u0161anai un ties\u012bb\u0101m atteikties 14 dienu laik\u0101\" \/>\n<meta property=\"og:url\" content=\"https:\/\/paintnprogress.art\/ru\/\u0434\u0438\u0441\u0442\u0430\u043d\u0446\u0438\u043e\u043d\u043d\u044b\u0439-\u043a\u043e\u043d\u0442\u0440\u0430\u043a\u0442\/\" \/>\n<meta property=\"og:site_name\" content=\"paintnprogress.art\" \/>\n<meta property=\"article:publisher\" content=\"https:\/\/www.facebook.com\/paintnprogressart\" \/>\n<meta property=\"article:modified_time\" content=\"2025-07-05T17:56:11+00:00\" \/>\n<meta name=\"twitter:card\" content=\"summary_large_image\" \/>\n<meta name=\"twitter:label1\" content=\"\u041f\u0440\u0438\u043c\u0435\u0440\u043d\u043e\u0435 \u0432\u0440\u0435\u043c\u044f \u0434\u043b\u044f \u0447\u0442\u0435\u043d\u0438\u044f\" \/>\n\t<meta name=\"twitter:data1\" content=\"2 \u043c\u0438\u043d\u0443\u0442\u044b\" \/>\n<script type=\"application\/ld+json\" class=\"yoast-schema-graph\">{\"@context\":\"https:\\\/\\\/schema.org\",\"@graph\":[{\"@type\":\"WebPage\",\"@id\":\"https:\\\/\\\/paintnprogress.art\\\/distances-ligums\\\/\",\"url\":\"https:\\\/\\\/paintnprogress.art\\\/distances-ligums\\\/\",\"name\":\"Distances l\u012bgums un atteikuma ties\u012bbas - paintnprogress.art\",\"isPartOf\":{\"@id\":\"https:\\\/\\\/paintnprogress.art\\\/#website\"},\"datePublished\":\"2024-12-09T09:07:00+00:00\",\"dateModified\":\"2025-07-05T17:56:11+00:00\",\"description\":\"Distances l\u012bgums un atteikuma ties\u012bbas: nosac\u012bjumi pakalpojumu ieg\u0101dei, apmaksai, atcel\u0161anai un ties\u012bb\u0101m atteikties 14 dienu laik\u0101\",\"breadcrumb\":{\"@id\":\"https:\\\/\\\/paintnprogress.art\\\/distances-ligums\\\/#breadcrumb\"},\"inLanguage\":\"ru-RU\",\"potentialAction\":[{\"@type\":\"ReadAction\",\"target\":[\"https:\\\/\\\/paintnprogress.art\\\/distances-ligums\\\/\"]}]},{\"@type\":\"BreadcrumbList\",\"@id\":\"https:\\\/\\\/paintnprogress.art\\\/distances-ligums\\\/#breadcrumb\",\"itemListElement\":[{\"@type\":\"ListItem\",\"position\":1,\"name\":\"Home\",\"item\":\"https:\\\/\\\/paintnprogress.art\\\/\"},{\"@type\":\"ListItem\",\"position\":2,\"name\":\"Distances l\u012bgums un atteikuma ties\u012bbas\"}]},{\"@type\":\"WebSite\",\"@id\":\"https:\\\/\\\/paintnprogress.art\\\/#website\",\"url\":\"https:\\\/\\\/paintnprogress.art\\\/\",\"name\":\"paintnprogress.art\",\"description\":\"Glezno\u0161anas Nodarb\u012bbas\",\"publisher\":{\"@id\":\"https:\\\/\\\/paintnprogress.art\\\/#organization\"},\"potentialAction\":[{\"@type\":\"SearchAction\",\"target\":{\"@type\":\"EntryPoint\",\"urlTemplate\":\"https:\\\/\\\/paintnprogress.art\\\/?s={search_term_string}\"},\"query-input\":{\"@type\":\"PropertyValueSpecification\",\"valueRequired\":true,\"valueName\":\"search_term_string\"}}],\"inLanguage\":\"ru-RU\"},{\"@type\":\"Organization\",\"@id\":\"https:\\\/\\\/paintnprogress.art\\\/#organization\",\"name\":\"Paint&Progress\",\"alternateName\":\"Paint and Progress\",\"url\":\"https:\\\/\\\/paintnprogress.art\\\/\",\"logo\":{\"@type\":\"ImageObject\",\"inLanguage\":\"ru-RU\",\"@id\":\"https:\\\/\\\/paintnprogress.art\\\/#\\\/schema\\\/logo\\\/image\\\/\",\"url\":\"https:\\\/\\\/paintnprogress.art\\\/wp-content\\\/uploads\\\/2025\\\/01\\\/512.webp\",\"contentUrl\":\"https:\\\/\\\/paintnprogress.art\\\/wp-content\\\/uploads\\\/2025\\\/01\\\/512.webp\",\"width\":512,\"height\":512,\"caption\":\"Paint&Progress\"},\"image\":{\"@id\":\"https:\\\/\\\/paintnprogress.art\\\/#\\\/schema\\\/logo\\\/image\\\/\"},\"sameAs\":[\"https:\\\/\\\/www.facebook.com\\\/paintnprogressart\",\"https:\\\/\\\/www.youtube.com\\\/@PaintAndProgressArt\",\"https:\\\/\\\/www.tiktok.com\\\/@paint_and_progress?lang=lv\"]}]}<\/script>\n<!-- \/ Yoast SEO plugin. -->","yoast_head_json":{"title":"\u0414\u0438\u0441\u0442\u0430\u043d\u0446\u0438\u043e\u043d\u043d\u044b\u0439 \u0434\u043e\u0433\u043e\u0432\u043e\u0440 \u0438 \u043f\u0440\u0430\u0432\u043e \u043e\u0442\u043a\u0430\u0437\u0430 - paintnprogress.art","description":"\u0414\u0438\u0441\u0442\u0430\u043d\u0446\u0438\u043e\u043d\u043d\u044b\u0439 \u0434\u043e\u0433\u043e\u0432\u043e\u0440 \u0438 \u043f\u0440\u0430\u0432\u043e \u043e\u0442\u043a\u0430\u0437\u0430: \u0443\u0441\u043b\u043e\u0432\u0438\u044f \u043f\u0440\u0438\u043e\u0431\u0440\u0435\u0442\u0435\u043d\u0438\u044f \u0443\u0441\u043b\u0443\u0433, \u043e\u043f\u043b\u0430\u0442\u044b, \u0440\u0430\u0441\u0442\u043e\u0440\u0436\u0435\u043d\u0438\u044f \u0438 \u043f\u0440\u0430\u0432\u0430 \u043e\u0442\u043a\u0430\u0437\u0430 \u0432 \u0442\u0435\u0447\u0435\u043d\u0438\u0435 14 \u0434\u043d\u0435\u0439","robots":{"index":"index","follow":"follow","max-snippet":"max-snippet:-1","max-image-preview":"max-image-preview:large","max-video-preview":"max-video-preview:-1"},"canonical":"https:\/\/paintnprogress.art\/ru\/\u0434\u0438\u0441\u0442\u0430\u043d\u0446\u0438\u043e\u043d\u043d\u044b\u0439-\u043a\u043e\u043d\u0442\u0440\u0430\u043a\u0442\/","og_locale":"ru_RU","og_type":"article","og_title":"Distances l\u012bgums un atteikuma ties\u012bbas - paintnprogress.art","og_description":"Distances l\u012bgums un atteikuma ties\u012bbas: nosac\u012bjumi pakalpojumu ieg\u0101dei, apmaksai, atcel\u0161anai un ties\u012bb\u0101m atteikties 14 dienu laik\u0101","og_url":"https:\/\/paintnprogress.art\/ru\/\u0434\u0438\u0441\u0442\u0430\u043d\u0446\u0438\u043e\u043d\u043d\u044b\u0439-\u043a\u043e\u043d\u0442\u0440\u0430\u043a\u0442\/","og_site_name":"paintnprogress.art","article_publisher":"https:\/\/www.facebook.com\/paintnprogressart","article_modified_time":"2025-07-05T17:56:11+00:00","twitter_card":"summary_large_image","twitter_misc":{"\u041f\u0440\u0438\u043c\u0435\u0440\u043d\u043e\u0435 \u0432\u0440\u0435\u043c\u044f \u0434\u043b\u044f \u0447\u0442\u0435\u043d\u0438\u044f":"2 \u043c\u0438\u043d\u0443\u0442\u044b"},"schema":{"@context":"https:\/\/schema.org","@graph":[{"@type":"WebPage","@id":"https:\/\/paintnprogress.art\/distances-ligums\/","url":"https:\/\/paintnprogress.art\/distances-ligums\/","name":"\u0414\u0438\u0441\u0442\u0430\u043d\u0446\u0438\u043e\u043d\u043d\u044b\u0439 \u0434\u043e\u0433\u043e\u0432\u043e\u0440 \u0438 \u043f\u0440\u0430\u0432\u043e \u043e\u0442\u043a\u0430\u0437\u0430 - paintnprogress.art","isPartOf":{"@id":"https:\/\/paintnprogress.art\/#website"},"datePublished":"2024-12-09T09:07:00+00:00","dateModified":"2025-07-05T17:56:11+00:00","description":"\u0414\u0438\u0441\u0442\u0430\u043d\u0446\u0438\u043e\u043d\u043d\u044b\u0439 \u0434\u043e\u0433\u043e\u0432\u043e\u0440 \u0438 \u043f\u0440\u0430\u0432\u043e \u043e\u0442\u043a\u0430\u0437\u0430: \u0443\u0441\u043b\u043e\u0432\u0438\u044f \u043f\u0440\u0438\u043e\u0431\u0440\u0435\u0442\u0435\u043d\u0438\u044f \u0443\u0441\u043b\u0443\u0433, \u043e\u043f\u043b\u0430\u0442\u044b, \u0440\u0430\u0441\u0442\u043e\u0440\u0436\u0435\u043d\u0438\u044f \u0438 \u043f\u0440\u0430\u0432\u0430 \u043e\u0442\u043a\u0430\u0437\u0430 \u0432 \u0442\u0435\u0447\u0435\u043d\u0438\u0435 14 \u0434\u043d\u0435\u0439","breadcrumb":{"@id":"https:\/\/paintnprogress.art\/distances-ligums\/#breadcrumb"},"inLanguage":"ru-RU","potentialAction":[{"@type":"ReadAction","target":["https:\/\/paintnprogress.art\/distances-ligums\/"]}]},{"@type":"BreadcrumbList","@id":"https:\/\/paintnprogress.art\/distances-ligums\/#breadcrumb","itemListElement":[{"@type":"ListItem","position":1,"name":"Home","item":"https:\/\/paintnprogress.art\/"},{"@type":"ListItem","position":2,"name":"Distances l\u012bgums un atteikuma ties\u012bbas"}]},{"@type":"WebSite","@id":"https:\/\/paintnprogress.art\/#website","url":"https:\/\/paintnprogress.art\/","name":"paintnprogress.\u0438\u0441\u043a\u0443\u0441\u0441\u0442\u0432\u043e","description":"\u0423\u0440\u043e\u043a\u0438 \u0440\u0438\u0441\u043e\u0432\u0430\u043d\u0438\u044f","publisher":{"@id":"https:\/\/paintnprogress.art\/#organization"},"potentialAction":[{"@type":"SearchAction","target":{"@type":"EntryPoint","urlTemplate":"https:\/\/paintnprogress.art\/?s={search_term_string}"},"query-input":{"@type":"PropertyValueSpecification","valueRequired":true,"valueName":"search_term_string"}}],"inLanguage":"ru-RU"},{"@type":"Organization","@id":"https:\/\/paintnprogress.art\/#organization","name":"Paint&amp;Progress","alternateName":"Paint and Progress","url":"https:\/\/paintnprogress.art\/","logo":{"@type":"ImageObject","inLanguage":"ru-RU","@id":"https:\/\/paintnprogress.art\/#\/schema\/logo\/image\/","url":"https:\/\/paintnprogress.art\/wp-content\/uploads\/2025\/01\/512.webp","contentUrl":"https:\/\/paintnprogress.art\/wp-content\/uploads\/2025\/01\/512.webp","width":512,"height":512,"caption":"Paint&Progress"},"image":{"@id":"https:\/\/paintnprogress.art\/#\/schema\/logo\/image\/"},"sameAs":["https:\/\/www.facebook.com\/paintnprogressart","https:\/\/www.youtube.com\/@PaintAndProgressArt","https:\/\/www.tiktok.com\/@paint_and_progress?lang=lv"]}]}},"uagb_featured_image_src":{"full":false,"thumbnail":false,"medium":false,"medium_large":false,"large":false,"1536x1536":false,"2048x2048":false,"trp-custom-language-flag":false,"woocommerce_thumbnail":false,"woocommerce_single":false,"woocommerce_gallery_thumbnail":false},"uagb_author_info":{"display_name":"Dzintars Kalnins","author_link":"https:\/\/paintnprogress.art\/ru\/author\/dzk765gmail-com\/"},"uagb_comment_info":0,"uagb_excerpt":"Distances l\u012bgums Saska\u0146\u0101 ar Latvijas Republikas likumdo\u0161anu interneta veikala \u012bpa\u0161niekam ir pien\u0101kums defin\u0113t pre\u010du pieg\u0101des un atgrie\u0161anas k\u0101rt\u012bbu, k\u0101 ar\u012b [&hellip;]","_links":{"self":[{"href":"https:\/\/paintnprogress.art\/ru\/wp-json\/wp\/v2\/pages\/1090","targetHints":{"allow":["GET"]}}],"collection":[{"href":"https:\/\/paintnprogress.art\/ru\/wp-json\/wp\/v2\/pages"}],"about":[{"href":"https:\/\/paintnprogress.art\/ru\/wp-json\/wp\/v2\/types\/page"}],"author":[{"embeddable":true,"href":"https:\/\/paintnprogress.art\/ru\/wp-json\/wp\/v2\/users\/1"}],"replies":[{"embeddable":true,"href":"https:\/\/paintnprogress.art\/ru\/wp-json\/wp\/v2\/comments?post=1090"}],"version-history":[{"count":0,"href":"https:\/\/paintnprogress.art\/ru\/wp-json\/wp\/v2\/pages\/1090\/revisions"}],"wp:attachment":[{"href":"https:\/\/paintnprogress.art\/ru\/wp-json\/wp\/v2\/media?parent=1090"}],"curies":[{"name":"WP","href":"https:\/\/api.w.org\/{rel}","templated":true}]}}