{"id":7835,"date":"2026-02-16T05:44:56","date_gmt":"2026-02-16T05:44:56","guid":{"rendered":"https:\/\/paintnprogress.art\/?post_type=product&#038;p=7835"},"modified":"2026-02-17T13:39:30","modified_gmt":"2026-02-17T13:39:30","slug":"davanu-karte-gleznosanas-kursi-abonements-4x-1-personai","status":"publish","type":"product","link":"https:\/\/paintnprogress.art\/lv\/product\/davanu-karte-gleznosanas-kursi-abonements-4x-1-personai\/","title":{"rendered":"D\u0101vanu karte \u2014 Glezno\u0161anas Kursi  \u201cAbonements 4x\u201d 1 personai"},"content":{"rendered":"","protected":false},"excerpt":{"rendered":"<p class=\"\" data-start=\"201\" data-end=\"237\"><strong data-start=\"201\" data-end=\"237\">Pieredze, ko nevar nopirkt veikal\u0101.<\/strong><\/p>\n<ul>\n<li style=\"list-style-type: none;\">\n<ul>\n<li data-start=\"1202\" data-end=\"1339\">\n<p data-start=\"1204\" data-end=\"1339\">\u0160\u012b d\u0101vanu karte pie\u0161\u0137ir piek\u013cuvi konkr\u0113tam pakalpojumam:<br data-start=\"1260\" data-end=\"1263\" \/><a href=\"https:\/\/paintnprogress.art\/lv\/nodarbibas\/\"><strong data-start=\"1265\" data-end=\"1309\">D\u0101vanu karte \u2014 Glezno\u0161anas Kursi \u201cAbonements 4x\u201d 1 personai<\/strong><\/a><\/p>\n<\/li>\n<li data-start=\"1341\" data-end=\"1494\">\n<p data-start=\"1343\" data-end=\"1494\">Karte netiek personaliz\u0113ta ar v\u0101rdiem, summ\u0101m vai nov\u0113l\u0113jumiem.<br data-start=\"1406\" data-end=\"1409\" \/>Personaliz\u0113ta d\u0101vanu karte ir pieejama par papildu piemaksu, vienojoties atsevi\u0161\u0137i.<\/p>\n<\/li>\n<li data-start=\"1496\" data-end=\"1554\">\n<p data-start=\"1498\" data-end=\"1554\">Katrs eksempl\u0101rs ir numur\u0113ts un izmantojams vienu reizi.<\/p>\n<\/li>\n<li data-start=\"1556\" data-end=\"1609\">\n<p data-start=\"1558\" data-end=\"1609\">P\u0113c apmaksas d\u0101vanu karte ir pieejama lejupiel\u0101dei.<\/p>\n<\/li>\n<\/ul>\n<\/li>\n<\/ul>\n","protected":false},"featured_media":7798,"comment_status":"open","ping_status":"closed","template":"","meta":{"_uag_custom_page_level_css":"","site-sidebar-layout":"default","site-content-layout":"","ast-site-content-layout":"default","site-content-style":"default","site-sidebar-style":"default","ast-global-header-display":"","ast-banner-title-visibility":"","ast-main-header-display":"","ast-hfb-above-header-display":"","ast-hfb-below-header-display":"","ast-hfb-mobile-header-display":"","site-post-title":"","ast-breadcrumbs-content":"","ast-featured-img":"","footer-sml-layout":"","ast-disable-related-posts":"","theme-transparent-header-meta":"default","adv-header-id-meta":"","stick-header-meta":"","header-above-stick-meta":"","header-main-stick-meta":"","header-below-stick-meta":"","astra-migrate-meta-layouts":"set","ast-page-background-enabled":"default","ast-page-background-meta":{"desktop":{"background-color":"","background-image":"","background-repeat":"repeat","background-position":"center center","background-size":"auto","background-attachment":"scroll","background-type":"","background-media":"","overlay-type":"","overlay-color":"","overlay-opacity":"","overlay-gradient":""},"tablet":{"background-color":"","background-image":"","background-repeat":"repeat","background-position":"center center","background-size":"auto","background-attachment":"scroll","background-type":"","background-media":"","overlay-type":"","overlay-color":"","overlay-opacity":"","overlay-gradient":""},"mobile":{"background-color":"","background-image":"","background-repeat":"repeat","background-position":"center center","background-size":"auto","background-attachment":"scroll","background-type":"","background-media":"","overlay-type":"","overlay-color":"","overlay-opacity":"","overlay-gradient":""}},"ast-content-background-meta":{"desktop":{"background-color":"var(--ast-global-color-5)","background-image":"","background-repeat":"repeat","background-position":"center center","background-size":"auto","background-attachment":"scroll","background-type":"","background-media":"","overlay-type":"","overlay-color":"","overlay-opacity":"","overlay-gradient":""},"tablet":{"background-color":"var(--ast-global-color-5)","background-image":"","background-repeat":"repeat","background-position":"center center","background-size":"auto","background-attachment":"scroll","background-type":"","background-media":"","overlay-type":"","overlay-color":"","overlay-opacity":"","overlay-gradient":""},"mobile":{"background-color":"var(--ast-global-color-5)","background-image":"","background-repeat":"repeat","background-position":"center center","background-size":"auto","background-attachment":"scroll","background-type":"","background-media":"","overlay-type":"","overlay-color":"","overlay-opacity":"","overlay-gradient":""}}},"product_brand":[],"product_cat":[43],"product_tag":[101,74,77,79,102,80,76],"class_list":{"0":"post-7835","1":"product","2":"type-product","3":"status-publish","4":"has-post-thumbnail","6":"product_cat-davanu-karte","7":"product_tag-davanu-karte","8":"product_tag-gleznosana-bez-priekszinasanam","9":"product_tag-gleznosanas-meistarklase","10":"product_tag-gleznosanas-nodarbibas-pieaugusajiem","11":"product_tag-radosa-davana","12":"product_tag-80","13":"product_tag-76","14":"desktop-align-left","15":"tablet-align-left","16":"mobile-align-left","18":"first","19":"instock","20":"downloadable","21":"sold-individually","22":"shipping-taxable","23":"purchasable","24":"product-type-simple"},"yoast_head":"<!-- This site is optimized with the Yoast SEO plugin v27.3 - https:\/\/yoast.com\/product\/yoast-seo-wordpress\/ -->\n<title>D\u0101vanu karte \u2014 Glezno\u0161anas Kursi \u201cAbonements 4x\u201d 1 personai - paintnprogress.art<\/title>\n<meta name=\"description\" content=\"D\u0101vanu karte \u2014 Glezno\u0161anas Kursi \u201cAbonements 4x\u201d 1 personai. PDF lejupiel\u0101de p\u0113c apmaksas. Der\u012bga 2 person\u0101m.\" \/>\n<meta name=\"robots\" content=\"index, follow, max-snippet:-1, max-image-preview:large, max-video-preview:-1\" \/>\n<link rel=\"canonical\" href=\"https:\/\/paintnprogress.art\/lv\/product\/davanu-karte-gleznosanas-kursi-abonements-4x-1-personai\/\" \/>\n<meta property=\"og:locale\" content=\"lv_LV\" \/>\n<meta property=\"og:type\" content=\"article\" \/>\n<meta property=\"og:title\" content=\"D\u0101vanu karte \u2014 Glezno\u0161anas Kursi \u201cAbonements 4x\u201d 1 personai - paintnprogress.art\" \/>\n<meta property=\"og:description\" content=\"D\u0101vanu karte \u2014 Glezno\u0161anas Kursi \u201cAbonements 4x\u201d 1 personai. PDF lejupiel\u0101de p\u0113c apmaksas. Der\u012bga 2 person\u0101m.\" \/>\n<meta property=\"og:url\" content=\"https:\/\/paintnprogress.art\/lv\/product\/davanu-karte-gleznosanas-kursi-abonements-4x-1-personai\/\" \/>\n<meta property=\"og:site_name\" content=\"paintnprogress.art\" \/>\n<meta property=\"article:publisher\" content=\"https:\/\/www.facebook.com\/paintnprogressart\" \/>\n<meta property=\"article:modified_time\" content=\"2026-02-17T13:39:30+00:00\" \/>\n<meta property=\"og:image\" content=\"https:\/\/paintnprogress.art\/wp-content\/uploads\/2026\/02\/DavanuKarteMaketsMakslavins1personai-scaled.webp\" \/>\n\t<meta property=\"og:image:width\" content=\"2560\" \/>\n\t<meta property=\"og:image:height\" content=\"1990\" \/>\n\t<meta property=\"og:image:type\" content=\"image\/webp\" \/>\n<meta name=\"twitter:card\" content=\"summary_large_image\" \/>\n<meta name=\"twitter:label1\" content=\"Est. reading time\" \/>\n\t<meta name=\"twitter:data1\" content=\"1 min\u016bte\" \/>\n<script type=\"application\/ld+json\" class=\"yoast-schema-graph\">{\"@context\":\"https:\\\/\\\/schema.org\",\"@graph\":[{\"@type\":\"WebPage\",\"@id\":\"https:\\\/\\\/paintnprogress.art\\\/product\\\/davanu-karte-gleznosanas-kursi-abonements-4x-1-personai\\\/\",\"url\":\"https:\\\/\\\/paintnprogress.art\\\/product\\\/davanu-karte-gleznosanas-kursi-abonements-4x-1-personai\\\/\",\"name\":\"D\u0101vanu karte \u2014 Glezno\u0161anas Kursi \u201cAbonements 4x\u201d 1 personai - paintnprogress.art\",\"isPartOf\":{\"@id\":\"https:\\\/\\\/paintnprogress.art\\\/#website\"},\"primaryImageOfPage\":{\"@id\":\"https:\\\/\\\/paintnprogress.art\\\/product\\\/davanu-karte-gleznosanas-kursi-abonements-4x-1-personai\\\/#primaryimage\"},\"image\":{\"@id\":\"https:\\\/\\\/paintnprogress.art\\\/product\\\/davanu-karte-gleznosanas-kursi-abonements-4x-1-personai\\\/#primaryimage\"},\"thumbnailUrl\":\"https:\\\/\\\/paintnprogress.art\\\/wp-content\\\/uploads\\\/2026\\\/02\\\/DavanuKarteMaketsMakslavins1personai-scaled.webp\",\"datePublished\":\"2026-02-16T05:44:56+00:00\",\"dateModified\":\"2026-02-17T13:39:30+00:00\",\"description\":\"D\u0101vanu karte \u2014 Glezno\u0161anas Kursi \u201cAbonements 4x\u201d 1 personai. PDF lejupiel\u0101de p\u0113c apmaksas. Der\u012bga 2 person\u0101m.\",\"breadcrumb\":{\"@id\":\"https:\\\/\\\/paintnprogress.art\\\/product\\\/davanu-karte-gleznosanas-kursi-abonements-4x-1-personai\\\/#breadcrumb\"},\"inLanguage\":\"lv-LV\",\"potentialAction\":[{\"@type\":\"ReadAction\",\"target\":[\"https:\\\/\\\/paintnprogress.art\\\/product\\\/davanu-karte-gleznosanas-kursi-abonements-4x-1-personai\\\/\"]}]},{\"@type\":\"ImageObject\",\"inLanguage\":\"lv-LV\",\"@id\":\"https:\\\/\\\/paintnprogress.art\\\/product\\\/davanu-karte-gleznosanas-kursi-abonements-4x-1-personai\\\/#primaryimage\",\"url\":\"https:\\\/\\\/paintnprogress.art\\\/wp-content\\\/uploads\\\/2026\\\/02\\\/DavanuKarteMaketsMakslavins1personai-scaled.webp\",\"contentUrl\":\"https:\\\/\\\/paintnprogress.art\\\/wp-content\\\/uploads\\\/2026\\\/02\\\/DavanuKarteMaketsMakslavins1personai-scaled.webp\",\"width\":2560,\"height\":1990,\"caption\":\"D\u0101vanu+Karte+Makets+M\u0101ksla+&+v\u012bns+2+personai\"},{\"@type\":\"BreadcrumbList\",\"@id\":\"https:\\\/\\\/paintnprogress.art\\\/product\\\/davanu-karte-gleznosanas-kursi-abonements-4x-1-personai\\\/#breadcrumb\",\"itemListElement\":[{\"@type\":\"ListItem\",\"position\":1,\"name\":\"Home\",\"item\":\"https:\\\/\\\/paintnprogress.art\\\/\"},{\"@type\":\"ListItem\",\"position\":2,\"name\":\"Shop\",\"item\":\"https:\\\/\\\/paintnprogress.art\\\/shop\\\/\"},{\"@type\":\"ListItem\",\"position\":3,\"name\":\"D\u0101vanu karte \u2014 Glezno\u0161anas Kursi \u201cAbonements 4x\u201d 1 personai\"}]},{\"@type\":\"WebSite\",\"@id\":\"https:\\\/\\\/paintnprogress.art\\\/#website\",\"url\":\"https:\\\/\\\/paintnprogress.art\\\/\",\"name\":\"paintnprogress.art\",\"description\":\"Glezno\u0161anas Nodarb\u012bbas\",\"publisher\":{\"@id\":\"https:\\\/\\\/paintnprogress.art\\\/#organization\"},\"potentialAction\":[{\"@type\":\"SearchAction\",\"target\":{\"@type\":\"EntryPoint\",\"urlTemplate\":\"https:\\\/\\\/paintnprogress.art\\\/?s={search_term_string}\"},\"query-input\":{\"@type\":\"PropertyValueSpecification\",\"valueRequired\":true,\"valueName\":\"search_term_string\"}}],\"inLanguage\":\"lv-LV\"},{\"@type\":\"Organization\",\"@id\":\"https:\\\/\\\/paintnprogress.art\\\/#organization\",\"name\":\"Paint&Progress\",\"alternateName\":\"Paint and Progress\",\"url\":\"https:\\\/\\\/paintnprogress.art\\\/\",\"logo\":{\"@type\":\"ImageObject\",\"inLanguage\":\"lv-LV\",\"@id\":\"https:\\\/\\\/paintnprogress.art\\\/#\\\/schema\\\/logo\\\/image\\\/\",\"url\":\"https:\\\/\\\/paintnprogress.art\\\/wp-content\\\/uploads\\\/2025\\\/01\\\/512.webp\",\"contentUrl\":\"https:\\\/\\\/paintnprogress.art\\\/wp-content\\\/uploads\\\/2025\\\/01\\\/512.webp\",\"width\":512,\"height\":512,\"caption\":\"Paint&Progress\"},\"image\":{\"@id\":\"https:\\\/\\\/paintnprogress.art\\\/#\\\/schema\\\/logo\\\/image\\\/\"},\"sameAs\":[\"https:\\\/\\\/www.facebook.com\\\/paintnprogressart\",\"https:\\\/\\\/www.youtube.com\\\/@PaintAndProgressArt\",\"https:\\\/\\\/www.tiktok.com\\\/@paint_and_progress?lang=lv\"]}]}<\/script>\n<!-- \/ Yoast SEO plugin. -->","yoast_head_json":{"title":"D\u0101vanu karte \u2014 Glezno\u0161anas Kursi \u201cAbonements 4x\u201d 1 personai - paintnprogress.art","description":"D\u0101vanu karte \u2014 Glezno\u0161anas Kursi \u201cAbonements 4x\u201d 1 personai. PDF lejupiel\u0101de p\u0113c apmaksas. Der\u012bga 2 person\u0101m.","robots":{"index":"index","follow":"follow","max-snippet":"max-snippet:-1","max-image-preview":"max-image-preview:large","max-video-preview":"max-video-preview:-1"},"canonical":"https:\/\/paintnprogress.art\/lv\/product\/davanu-karte-gleznosanas-kursi-abonements-4x-1-personai\/","og_locale":"lv_LV","og_type":"article","og_title":"D\u0101vanu karte \u2014 Glezno\u0161anas Kursi \u201cAbonements 4x\u201d 1 personai - paintnprogress.art","og_description":"D\u0101vanu karte \u2014 Glezno\u0161anas Kursi \u201cAbonements 4x\u201d 1 personai. PDF lejupiel\u0101de p\u0113c apmaksas. Der\u012bga 2 person\u0101m.","og_url":"https:\/\/paintnprogress.art\/lv\/product\/davanu-karte-gleznosanas-kursi-abonements-4x-1-personai\/","og_site_name":"paintnprogress.art","article_publisher":"https:\/\/www.facebook.com\/paintnprogressart","article_modified_time":"2026-02-17T13:39:30+00:00","og_image":[{"width":2560,"height":1990,"url":"https:\/\/paintnprogress.art\/wp-content\/uploads\/2026\/02\/DavanuKarteMaketsMakslavins1personai-scaled.webp","type":"image\/webp"}],"twitter_card":"summary_large_image","twitter_misc":{"Est. reading time":"1 min\u016bte"},"schema":{"@context":"https:\/\/schema.org","@graph":[{"@type":"WebPage","@id":"https:\/\/paintnprogress.art\/product\/davanu-karte-gleznosanas-kursi-abonements-4x-1-personai\/","url":"https:\/\/paintnprogress.art\/product\/davanu-karte-gleznosanas-kursi-abonements-4x-1-personai\/","name":"D\u0101vanu karte \u2014 Glezno\u0161anas Kursi \u201cAbonements 4x\u201d 1 personai - paintnprogress.art","isPartOf":{"@id":"https:\/\/paintnprogress.art\/#website"},"primaryImageOfPage":{"@id":"https:\/\/paintnprogress.art\/product\/davanu-karte-gleznosanas-kursi-abonements-4x-1-personai\/#primaryimage"},"image":{"@id":"https:\/\/paintnprogress.art\/product\/davanu-karte-gleznosanas-kursi-abonements-4x-1-personai\/#primaryimage"},"thumbnailUrl":"https:\/\/paintnprogress.art\/wp-content\/uploads\/2026\/02\/DavanuKarteMaketsMakslavins1personai-scaled.webp","datePublished":"2026-02-16T05:44:56+00:00","dateModified":"2026-02-17T13:39:30+00:00","description":"D\u0101vanu karte \u2014 Glezno\u0161anas Kursi \u201cAbonements 4x\u201d 1 personai. PDF lejupiel\u0101de p\u0113c apmaksas. Der\u012bga 2 person\u0101m.","breadcrumb":{"@id":"https:\/\/paintnprogress.art\/product\/davanu-karte-gleznosanas-kursi-abonements-4x-1-personai\/#breadcrumb"},"inLanguage":"lv-LV","potentialAction":[{"@type":"ReadAction","target":["https:\/\/paintnprogress.art\/product\/davanu-karte-gleznosanas-kursi-abonements-4x-1-personai\/"]}]},{"@type":"ImageObject","inLanguage":"lv-LV","@id":"https:\/\/paintnprogress.art\/product\/davanu-karte-gleznosanas-kursi-abonements-4x-1-personai\/#primaryimage","url":"https:\/\/paintnprogress.art\/wp-content\/uploads\/2026\/02\/DavanuKarteMaketsMakslavins1personai-scaled.webp","contentUrl":"https:\/\/paintnprogress.art\/wp-content\/uploads\/2026\/02\/DavanuKarteMaketsMakslavins1personai-scaled.webp","width":2560,"height":1990,"caption":"D\u0101vanu+Karte+Makets+M\u0101ksla+&+v\u012bns+2+personai"},{"@type":"BreadcrumbList","@id":"https:\/\/paintnprogress.art\/product\/davanu-karte-gleznosanas-kursi-abonements-4x-1-personai\/#breadcrumb","itemListElement":[{"@type":"ListItem","position":1,"name":"Home","item":"https:\/\/paintnprogress.art\/"},{"@type":"ListItem","position":2,"name":"Shop","item":"https:\/\/paintnprogress.art\/shop\/"},{"@type":"ListItem","position":3,"name":"D\u0101vanu karte \u2014 Glezno\u0161anas Kursi \u201cAbonements 4x\u201d 1 personai"}]},{"@type":"WebSite","@id":"https:\/\/paintnprogress.art\/#website","url":"https:\/\/paintnprogress.art\/","name":"paintnprogress.art","description":"Glezno\u0161anas Nodarb\u012bbas","publisher":{"@id":"https:\/\/paintnprogress.art\/#organization"},"potentialAction":[{"@type":"SearchAction","target":{"@type":"EntryPoint","urlTemplate":"https:\/\/paintnprogress.art\/?s={search_term_string}"},"query-input":{"@type":"PropertyValueSpecification","valueRequired":true,"valueName":"search_term_string"}}],"inLanguage":"lv-LV"},{"@type":"Organization","@id":"https:\/\/paintnprogress.art\/#organization","name":"Paint&Progress","alternateName":"Paint and Progress","url":"https:\/\/paintnprogress.art\/","logo":{"@type":"ImageObject","inLanguage":"lv-LV","@id":"https:\/\/paintnprogress.art\/#\/schema\/logo\/image\/","url":"https:\/\/paintnprogress.art\/wp-content\/uploads\/2025\/01\/512.webp","contentUrl":"https:\/\/paintnprogress.art\/wp-content\/uploads\/2025\/01\/512.webp","width":512,"height":512,"caption":"Paint&Progress"},"image":{"@id":"https:\/\/paintnprogress.art\/#\/schema\/logo\/image\/"},"sameAs":["https:\/\/www.facebook.com\/paintnprogressart","https:\/\/www.youtube.com\/@PaintAndProgressArt","https:\/\/www.tiktok.com\/@paint_and_progress?lang=lv"]}]}},"uagb_featured_image_src":{"full":["https:\/\/paintnprogress.art\/wp-content\/uploads\/2026\/02\/DavanuKarteMaketsMakslavins1personai-scaled.webp",2560,1990,false],"thumbnail":["https:\/\/paintnprogress.art\/wp-content\/uploads\/2026\/02\/DavanuKarteMaketsMakslavins1personai-150x150.webp",150,150,true],"medium":["https:\/\/paintnprogress.art\/wp-content\/uploads\/2026\/02\/DavanuKarteMaketsMakslavins1personai-300x233.webp",300,233,true],"medium_large":["https:\/\/paintnprogress.art\/wp-content\/uploads\/2026\/02\/DavanuKarteMaketsMakslavins1personai-768x597.webp",768,597,true],"large":["https:\/\/paintnprogress.art\/wp-content\/uploads\/2026\/02\/DavanuKarteMaketsMakslavins1personai-1024x796.webp",1024,796,true],"1536x1536":["https:\/\/paintnprogress.art\/wp-content\/uploads\/2026\/02\/DavanuKarteMaketsMakslavins1personai-1536x1194.webp",1536,1194,true],"2048x2048":["https:\/\/paintnprogress.art\/wp-content\/uploads\/2026\/02\/DavanuKarteMaketsMakslavins1personai-2048x1592.webp",2048,1592,true],"trp-custom-language-flag":["https:\/\/paintnprogress.art\/wp-content\/uploads\/2026\/02\/DavanuKarteMaketsMakslavins1personai-15x12.webp",15,12,true],"woocommerce_thumbnail":["https:\/\/paintnprogress.art\/wp-content\/uploads\/2026\/02\/DavanuKarteMaketsMakslavins1personai-300x300.webp",300,300,true],"woocommerce_single":["https:\/\/paintnprogress.art\/wp-content\/uploads\/2026\/02\/DavanuKarteMaketsMakslavins1personai-600x466.webp",600,466,true],"woocommerce_gallery_thumbnail":["https:\/\/paintnprogress.art\/wp-content\/uploads\/2026\/02\/DavanuKarteMaketsMakslavins1personai-100x100.webp",100,100,true]},"uagb_author_info":{"display_name":"Dzintars Kalnins","author_link":"https:\/\/paintnprogress.art\/lv\/author\/"},"uagb_comment_info":0,"uagb_excerpt":"Pieredze, ko nevar nopirkt veikal\u0101. \u0160\u012b d\u0101vanu karte pie\u0161\u0137ir piek\u013cuvi konkr\u0113tam pakalpojumam:D\u0101vanu karte \u2014 Glezno\u0161anas Kursi \u201cAbonements 4x\u201d 1 personai Karte netiek personaliz\u0113ta ar v\u0101rdiem, summ\u0101m vai nov\u0113l\u0113jumiem.Personaliz\u0113ta d\u0101vanu karte ir pieejama par papildu piemaksu, vienojoties atsevi\u0161\u0137i. Katrs eksempl\u0101rs ir numur\u0113ts un izmantojams vienu reizi. P\u0113c apmaksas d\u0101vanu karte ir pieejama lejupiel\u0101dei.","_links":{"self":[{"href":"https:\/\/paintnprogress.art\/lv\/wp-json\/wp\/v2\/product\/7835","targetHints":{"allow":["GET"]}}],"collection":[{"href":"https:\/\/paintnprogress.art\/lv\/wp-json\/wp\/v2\/product"}],"about":[{"href":"https:\/\/paintnprogress.art\/lv\/wp-json\/wp\/v2\/types\/product"}],"replies":[{"embeddable":true,"href":"https:\/\/paintnprogress.art\/lv\/wp-json\/wp\/v2\/comments?post=7835"}],"wp:featuredmedia":[{"embeddable":true,"href":"https:\/\/paintnprogress.art\/lv\/wp-json\/wp\/v2\/media\/7798"}],"wp:attachment":[{"href":"https:\/\/paintnprogress.art\/lv\/wp-json\/wp\/v2\/media?parent=7835"}],"wp:term":[{"taxonomy":"product_brand","embeddable":true,"href":"https:\/\/paintnprogress.art\/lv\/wp-json\/wp\/v2\/product_brand?post=7835"},{"taxonomy":"product_cat","embeddable":true,"href":"https:\/\/paintnprogress.art\/lv\/wp-json\/wp\/v2\/product_cat?post=7835"},{"taxonomy":"product_tag","embeddable":true,"href":"https:\/\/paintnprogress.art\/lv\/wp-json\/wp\/v2\/product_tag?post=7835"}],"curies":[{"name":"wp","href":"https:\/\/api.w.org\/{rel}","templated":true}]}}