{"id":6456,"date":"2026-01-06T13:48:24","date_gmt":"2026-01-06T13:48:24","guid":{"rendered":"https:\/\/paintnprogress.art\/?post_type=product&#038;p=6456"},"modified":"2026-04-17T07:01:47","modified_gmt":"2026-04-17T07:01:47","slug":"stasti-bez-vardiem","status":"publish","type":"product","link":"https:\/\/paintnprogress.art\/lv\/product\/stasti-bez-vardiem\/","title":{"rendered":"ST\u0100STI BEZ V\u0100RDIEM &#8211; Glezno\u0161anas Kurss ar A.Simtnieci"},"content":{"rendered":"<h3 data-start=\"127\" data-end=\"190\"><strong data-start=\"127\" data-end=\"190\">ST\u0100STI BEZ V\u0100RDIEM \u2013 Annas Simtnieces glezno\u0161anas nodarb\u012bba<\/strong><\/h3>\n<p data-start=\"192\" data-end=\"325\">&#8220;St\u0101sti bez v\u0101rdiem&#8221; ir aicin\u0101jums apst\u0101ties, ieklaus\u012bties sev\u012b un \u013caut iek\u0161\u0113jiem st\u0101stiem atkl\u0101ties caur l\u012bnij\u0101m, kr\u0101s\u0101m un saj\u016bt\u0101m.<\/p>\n<p data-start=\"327\" data-end=\"510\">T\u0101 ir rad\u012b\u0161anas telpa, kur\u0101:<br \/>\n\u2022 Nav \u201cpareizi\u201d vai \u201cnepareizi\u201d,<br data-start=\"388\" data-end=\"391\" \/>\u2022 Nav steigas un sal\u012bdzin\u0101\u0161anas,<br data-start=\"423\" data-end=\"426\" \/>\u2022 Kur perfekcionisms atk\u0101pjas vietu dodot kl\u0101tb\u016btnei, mieram un br\u012bvai pa\u0161izpausmei.<\/p>\n<p data-start=\"512\" data-end=\"666\">Annas Simtnieces vad\u012bb\u0101:<br \/>\n\u2022 Tu soli pa solim apg\u016bsi m\u0101kslas pamatus,<br \/>\n\u2022 Atkl\u0101si savas stipr\u0101s puses,<br \/>\n\u2022 Izzin\u0101si savu unik\u0101lo rokrakstu glezn\u0101s un z\u012bm\u0113jumos.<\/p>\n<hr data-start=\"668\" data-end=\"671\" \/>\n<h3 data-start=\"673\" data-end=\"708\"><strong data-start=\"677\" data-end=\"708\">Nodarb\u012bbas pieeja un m\u0113r\u0137is<\/strong><\/h3>\n<p data-start=\"710\" data-end=\"906\">Anna pied\u0101v\u0101 maigu, iek\u013caujo\u0161u un cilv\u0113kcentr\u0113tu pieeju m\u0101kslai, kas piem\u0113rota:<br \/>\n\u2022 Ies\u0101c\u0113jiem,<br \/>\n\u2022 Cilv\u0113kiem, kuri v\u0113las rad\u012bt bez spriedzes,<br \/>\n\u2022 Tiem, kuri mekl\u0113 mieru, iek\u0161\u0113ju l\u012bdzsvaru un pa\u0161izzi\u0146u.<\/p>\n<p data-start=\"908\" data-end=\"936\">Nodarb\u012bbas galvenais m\u0113r\u0137is:<\/p>\n<p data-start=\"938\" data-end=\"1039\">\u2705 Br\u012bva un dro\u0161a pa\u0161izpausme<br data-start=\"966\" data-end=\"969\" \/>\u2705 Individu\u0101la pieeja katram dal\u012bbniekam<br data-start=\"1008\" data-end=\"1011\" \/>\u2705 Rad\u012b\u0161ana k\u0101 saruna ar sevi<\/p>\n<hr data-start=\"1041\" data-end=\"1044\" \/>\n<h3 data-start=\"1046\" data-end=\"1079\"><strong data-start=\"1050\" data-end=\"1079\">Nodarb\u012bbu process ietver:<\/strong><\/h3>\n<p data-start=\"1081\" data-end=\"1174\">\u2022 <strong data-start=\"1083\" data-end=\"1110\">Rado\u0161\u0101s ieju\u0161an\u0101s posmu<\/strong><br \/>\n\u2013 Ieklaus\u012b\u0161an\u0101s saj\u016bt\u0101s<br data-start=\"1135\" data-end=\"1138\" \/>\u2003\u2013 Viegli, saprotami ievaduzdevumi<\/p>\n<p data-start=\"1176\" data-end=\"1261\">\u2022 <strong data-start=\"1178\" data-end=\"1203\">M\u0101kslas pamatu apguvi<\/strong><br \/>\n\u2013 L\u012bniju un formas izj\u016bta<br data-start=\"1230\" data-end=\"1233\" \/>\u2003\u2013 Telpas un ritma uztvere<\/p>\n<p data-start=\"1263\" data-end=\"1365\">\u2022 <strong data-start=\"1265\" data-end=\"1292\">Pl\u016bsto\u0161u rado\u0161o procesu<\/strong><br \/>\n\u2013 Vad\u012bta un atbalsto\u0161a darb\u012bba<br data-start=\"1324\" data-end=\"1327\" \/>\u2003\u2013 Br\u012bva materi\u0101lu un tehniku izv\u0113le<\/p>\n<p data-start=\"1367\" data-end=\"1460\">\u2022 <strong data-start=\"1369\" data-end=\"1394\">Individu\u0101lu att\u012bst\u012bbu<\/strong><br \/>\n\u2013 Piel\u0101go\u0161an\u0101s tempam un noska\u0146ojumam<br data-start=\"1433\" data-end=\"1436\" \/>\u2003\u2013 Stipro pu\u0161u izcel\u0161ana<\/p>\n<hr data-start=\"1462\" data-end=\"1465\" \/>\n<h3 data-start=\"1467\" data-end=\"1497\"><strong data-start=\"1471\" data-end=\"1497\">\u0160eit m\u0101ksla k\u013c\u016bst par:<\/strong><\/h3>\n<p data-start=\"1499\" data-end=\"1577\">\ud83c\udf1f Sarunu ar sevi<br data-start=\"1516\" data-end=\"1519\" \/>\ud83c\udf1f Iek\u0161\u0113jo st\u0101stu atkl\u0101\u0161anos<br data-start=\"1547\" data-end=\"1550\" \/>\ud83c\udf1f Dro\u0161u telpu b\u016bt patiesam<\/p>\n<hr data-start=\"1579\" data-end=\"1582\" \/>\n<h3 data-start=\"1584\" data-end=\"1617\"><strong data-start=\"1588\" data-end=\"1617\">Kam piem\u0113rotas nodarb\u012bbas<\/strong><\/h3>\n<p data-start=\"1619\" data-end=\"1760\">\u2022 Ja v\u0113lies atg\u016bt rado\u0161o br\u012bv\u012bbu<br data-start=\"1651\" data-end=\"1654\" \/>\u2022 Ja \u0161\u0137iet, ka \u201cnem\u0101ku z\u012bm\u0113t\u201d<br data-start=\"1683\" data-end=\"1686\" \/>\u2022 Ja gribi rad\u012bt bez spiediena<br data-start=\"1716\" data-end=\"1719\" \/>\u2022 Ja mekl\u0113 mieru un kl\u0101tb\u016btni caur m\u0101kslu<\/p>\n<p data-start=\"1762\" data-end=\"1830\">Piem\u0113rots da\u017e\u0101da vecuma dal\u012bbniekiem \u2014 no jaunie\u0161iem l\u012bdz senioriem.<\/p>\n<hr data-start=\"1832\" data-end=\"1835\" \/>\n<h3 data-start=\"1837\" data-end=\"1855\"><strong data-start=\"1841\" data-end=\"1855\">Rezult\u0101ts:<\/strong><\/h3>\n<p data-start=\"1857\" data-end=\"1969\">\ud83c\udf3f Iek\u0161\u0113js miers un kl\u0101tb\u016btnes saj\u016bta<br data-start=\"1894\" data-end=\"1897\" \/>\ud83c\udf3f Rado\u0161\u0101s drosmes pieaugums<br data-start=\"1925\" data-end=\"1928\" \/>\ud83c\udf3f Pak\u0101peniska sava rokraksta atkl\u0101\u0161ana<\/p>\n<hr data-start=\"1971\" data-end=\"1974\" \/>\n<h3 data-start=\"1976\" data-end=\"2002\"><strong data-start=\"1980\" data-end=\"2002\">Par Annu Simtnieci<\/strong><\/h3>\n<p data-start=\"2004\" data-end=\"2163\">Anna ir m\u0101ksliniece un rado\u0161\u0101 procesa vad\u012bt\u0101ja, kuras pieeja balst\u012bta:<br \/>\n\u2022 iej\u016bt\u012bb\u0101,<br data-start=\"2086\" data-end=\"2089\" \/>\u2022 klus\u0101 emocion\u0101l\u0101 dzi\u013cum\u0101,<br data-start=\"2116\" data-end=\"2119\" \/>\u2022 un cilv\u0113ka iek\u0161\u0113j\u0101s pasaules respekt\u0113\u0161an\u0101.<\/p>\n<p data-start=\"2165\" data-end=\"2293\">Vi\u0146as nodarb\u012bb\u0101s m\u0101ksla k\u013c\u016bst par telpu, kur:<br \/>\n\u2022 \u013cauties procesam,<br data-start=\"2230\" data-end=\"2233\" \/>\u2022 ieklaus\u012bties sev\u012b,<br data-start=\"2253\" data-end=\"2256\" \/>\u2022 un rad\u012bt savu st\u0101stu \u2014 bez v\u0101rdiem.<\/p>\n<hr data-start=\"2295\" data-end=\"2298\" \/>\n<p data-start=\"2300\" data-end=\"2330\">Annas nodarb\u012bba ir aicin\u0101jums:<\/p>\n<p data-start=\"2332\" data-end=\"2440\">\u2022 Apst\u0101ties<br data-start=\"2343\" data-end=\"2346\" \/>\u2022 B\u016bt kl\u0101teso\u0161am<br data-start=\"2362\" data-end=\"2365\" \/>\u2022 Atv\u0113rt durvis savam iek\u0161\u0113jam st\u0101stam<br data-start=\"2403\" data-end=\"2406\" \/>\u2022 Un \u013caut m\u0101kslai run\u0101t tav\u0101 viet\u0101<\/p>\n<hr class=\"\" data-start=\"2012\" data-end=\"2015\" \/>\n<h3 class=\"\" data-start=\"2017\" data-end=\"2057\"><strong data-start=\"2748\" data-end=\"2785\">S\u012bk\u0101ka inform\u0101cija \/ pieteik\u0161an\u0101s<\/strong><\/h3>\n<p data-start=\"2742\" data-end=\"2787\"><strong>\ud83d\udcde +371\u00a0 26 39 46 51<\/strong><\/p>\n<p><a href=\"https:\/\/paintnprogress.art\/lv\/anna-simtniece-maksliniece-kura-maca-redzet-sajutas\/\">Uzzini Vair\u0101k Par Annu Simtnieci<\/a><\/p>\n<hr \/>\n<p><strong><em>Pievienojieties, atkl\u0101jiet m\u0101kslas pasauli un \u013caujiet rado\u0161umam uzplaukt!<\/em><\/strong><\/p>\n","protected":false},"excerpt":{"rendered":"<h6><strong>Aicin\u0101m izm\u0113\u0123in\u0101t roku z\u012bm\u0113\u0161an\u0101 un glezno\u0161an\u0101 \u2014 \u013caujot rad\u012b\u0161anai k\u013c\u016bt par ce\u013cu pie sevis<br \/>\n<\/strong><\/h6>\n<p>&nbsp;<\/p>\n<p><strong data-start=\"108\" data-end=\"136\">Nodarb\u012bbu veidi un cenas<\/strong><\/p>\n<table>\n<thead>\n<tr>\n<th>Pakalpojums<\/th>\n<th>Ilgums<\/th>\n<th>Cena \/ pers.<\/th>\n<\/tr>\n<\/thead>\n<tbody>\n<tr>\n<td>Iepaz\u012b\u0161an\u0101s nodarb\u012bba (grup\u0101)<\/td>\n<td>2 stundas<\/td>\n<td>\u20ac10,00<\/td>\n<\/tr>\n<tr>\n<td>Vienreiz\u0113js apmekl\u0113jums (grup\u0101)<\/td>\n<td>2 stundas<\/td>\n<td>\u20ac20,00<\/td>\n<\/tr>\n<tr>\n<td>Individu\u0101la nodarb\u012bba<\/td>\n<td>2 stundas<\/td>\n<td>\u20ac29,00<\/td>\n<\/tr>\n<tr>\n<td>Abonements (4 nodarb\u012bbas)<\/td>\n<td>4 \u00d7 2 stundas<\/td>\n<td>\u20ac68,00<\/td>\n<\/tr>\n<tr>\n<td><strong>Abonements (16 nodarb\u012bbas)<\/strong><\/td>\n<td><strong>16 \u00d7 2 stundas<\/strong><\/td>\n<td><strong>\u20ac240,00<\/strong><\/td>\n<\/tr>\n<tr>\n<td><strong>Individu\u0101lais abonements (4 nodarb\u012bbas)<\/strong><\/td>\n<td><strong>4 \u00d7 2 stundas<\/strong><\/td>\n<td><strong>\u20ac100,00<\/strong><\/td>\n<\/tr>\n<\/tbody>\n<\/table>\n<p><strong>Nodarb\u012bbas notiek:<\/strong><\/p>\n<ul>\n<li>Otrdien\u0101s: <span style=\"font-size: 16px;\">18:30\u201320:30<\/span><\/li>\n<\/ul>\n<p><strong>Cen\u0101 iek\u013cauts:<\/strong><\/p>\n<ul>\n<li>Kafija, t\u0113ja<\/li>\n<li>Na\u0161\u0137i<\/li>\n<\/ul>\n<p><strong>Uz vietas var ieg\u0101d\u0101ties:<\/strong><\/p>\n<ul>\n<li>Pietr\u016bksto\u0161ie materi\u0101li darbam<\/li>\n<li>Audeklus<\/li>\n<li>Kr\u0101su komplektus<\/li>\n<\/ul>\n<p><em>Ar vecuma ierobe\u017eojumu no 12 l\u012bdz 95 gadi<\/em><\/p>\n<p><em>Latvie\u0161u.<\/em><\/p>\n<p><strong>S\u012bk\u0101ka inform\u0101cija:<\/strong><strong><br data-start=\"3057\" data-end=\"3060\" \/>\u00a0+371\u00a0 26 39 46 51<\/strong><\/p>\n<p><a href=\"https:\/\/paintnprogress.art\/lv\/nodarbibas\/\"><em data-start=\"481\" data-end=\"537\">Apskati ar\u012b citas glezno\u0161anas nodarb\u012bbas m\u016bsu studij\u0101.<\/em><\/a><\/p>\n","protected":false},"featured_media":6471,"comment_status":"open","ping_status":"closed","template":"","meta":{"_uag_custom_page_level_css":"","site-sidebar-layout":"default","site-content-layout":"","ast-site-content-layout":"default","site-content-style":"default","site-sidebar-style":"default","ast-global-header-display":"","ast-banner-title-visibility":"","ast-main-header-display":"","ast-hfb-above-header-display":"","ast-hfb-below-header-display":"","ast-hfb-mobile-header-display":"","site-post-title":"","ast-breadcrumbs-content":"","ast-featured-img":"","footer-sml-layout":"","ast-disable-related-posts":"","theme-transparent-header-meta":"default","adv-header-id-meta":"","stick-header-meta":"","header-above-stick-meta":"","header-main-stick-meta":"","header-below-stick-meta":"","astra-migrate-meta-layouts":"set","ast-page-background-enabled":"default","ast-page-background-meta":{"desktop":{"background-color":"","background-image":"","background-repeat":"repeat","background-position":"center center","background-size":"auto","background-attachment":"scroll","background-type":"","background-media":"","overlay-type":"","overlay-color":"","overlay-opacity":"","overlay-gradient":""},"tablet":{"background-color":"","background-image":"","background-repeat":"repeat","background-position":"center center","background-size":"auto","background-attachment":"scroll","background-type":"","background-media":"","overlay-type":"","overlay-color":"","overlay-opacity":"","overlay-gradient":""},"mobile":{"background-color":"","background-image":"","background-repeat":"repeat","background-position":"center center","background-size":"auto","background-attachment":"scroll","background-type":"","background-media":"","overlay-type":"","overlay-color":"","overlay-opacity":"","overlay-gradient":""}},"ast-content-background-meta":{"desktop":{"background-color":"var(--ast-global-color-5)","background-image":"","background-repeat":"repeat","background-position":"center center","background-size":"auto","background-attachment":"scroll","background-type":"","background-media":"","overlay-type":"","overlay-color":"","overlay-opacity":"","overlay-gradient":""},"tablet":{"background-color":"var(--ast-global-color-5)","background-image":"","background-repeat":"repeat","background-position":"center center","background-size":"auto","background-attachment":"scroll","background-type":"","background-media":"","overlay-type":"","overlay-color":"","overlay-opacity":"","overlay-gradient":""},"mobile":{"background-color":"var(--ast-global-color-5)","background-image":"","background-repeat":"repeat","background-position":"center center","background-size":"auto","background-attachment":"scroll","background-type":"","background-media":"","overlay-type":"","overlay-color":"","overlay-opacity":"","overlay-gradient":""}}},"product_brand":[],"product_cat":[40,176,18],"product_tag":[141,74,78,79,81,80],"class_list":{"0":"post-6456","1":"product","2":"type-product","3":"status-publish","4":"has-post-thumbnail","6":"product_cat-kursi","7":"product_cat-kursi-pieaugusjiem","8":"product_cat-nodarbibas","9":"product_tag-anna-simtniece","10":"product_tag-gleznosana-bez-priekszinasanam","11":"product_tag-gleznosanas-nodarbibas","12":"product_tag-gleznosanas-nodarbibas-pieaugusajiem","13":"product_tag-81","14":"product_tag-80","15":"desktop-align-left","16":"tablet-align-left","17":"mobile-align-left","19":"first","20":"instock","21":"sold-individually","22":"shipping-taxable","23":"purchasable","24":"product-type-variable"},"yoast_head":"<!-- This site is optimized with the Yoast SEO plugin v27.4 - https:\/\/yoast.com\/product\/yoast-seo-wordpress\/ -->\n<title>ST\u0100STI BEZ V\u0100RDIEM - Glezno\u0161anas Kurss ar A.Simtnieci - paintnprogress.art<\/title>\n<meta name=\"description\" content=\"St\u0101sti bez v\u0101rdiem \u2014 maiga un iek\u013caujo\u0161a glezno\u0161anas nodarb\u012bba, kur rad\u012b\u0161ana k\u013c\u016bst par ce\u013cu pie sevis. Atkl\u0101j savu rokrakstu, mieru un rado\u0161o br\u012bv\u012bbu.\" \/>\n<meta name=\"robots\" content=\"index, follow, max-snippet:-1, max-image-preview:large, max-video-preview:-1\" \/>\n<link rel=\"canonical\" href=\"https:\/\/paintnprogress.art\/lv\/product\/stasti-bez-vardiem\/\" \/>\n<meta property=\"og:locale\" content=\"lv_LV\" \/>\n<meta property=\"og:type\" content=\"article\" \/>\n<meta property=\"og:title\" content=\"ST\u0100STI BEZ V\u0100RDIEM - Glezno\u0161anas Kurss ar A.Simtnieci - paintnprogress.art\" \/>\n<meta property=\"og:description\" content=\"St\u0101sti bez v\u0101rdiem \u2014 maiga un iek\u013caujo\u0161a glezno\u0161anas nodarb\u012bba, kur rad\u012b\u0161ana k\u013c\u016bst par ce\u013cu pie sevis. Atkl\u0101j savu rokrakstu, mieru un rado\u0161o br\u012bv\u012bbu.\" \/>\n<meta property=\"og:url\" content=\"https:\/\/paintnprogress.art\/lv\/product\/stasti-bez-vardiem\/\" \/>\n<meta property=\"og:site_name\" content=\"paintnprogress.art\" \/>\n<meta property=\"article:publisher\" content=\"https:\/\/www.facebook.com\/paintnprogressart\" \/>\n<meta property=\"article:modified_time\" content=\"2026-04-17T07:01:47+00:00\" \/>\n<meta property=\"og:image\" content=\"https:\/\/paintnprogress.art\/wp-content\/uploads\/2026\/01\/Stasti-bez-vardiem-Anna-Simtniece-8.webp\" \/>\n\t<meta property=\"og:image:width\" content=\"638\" \/>\n\t<meta property=\"og:image:height\" content=\"857\" \/>\n\t<meta property=\"og:image:type\" content=\"image\/webp\" \/>\n<meta name=\"twitter:card\" content=\"summary_large_image\" \/>\n<meta name=\"twitter:label1\" content=\"Est. reading time\" \/>\n\t<meta name=\"twitter:data1\" content=\"3 min\u016btes\" \/>\n<script type=\"application\/ld+json\" class=\"yoast-schema-graph\">{\"@context\":\"https:\\\/\\\/schema.org\",\"@graph\":[{\"@type\":\"WebPage\",\"@id\":\"https:\\\/\\\/paintnprogress.art\\\/product\\\/stasti-bez-vardiem\\\/\",\"url\":\"https:\\\/\\\/paintnprogress.art\\\/product\\\/stasti-bez-vardiem\\\/\",\"name\":\"ST\u0100STI BEZ V\u0100RDIEM - Glezno\u0161anas Kurss ar A.Simtnieci - paintnprogress.art\",\"isPartOf\":{\"@id\":\"https:\\\/\\\/paintnprogress.art\\\/#website\"},\"primaryImageOfPage\":{\"@id\":\"https:\\\/\\\/paintnprogress.art\\\/product\\\/stasti-bez-vardiem\\\/#primaryimage\"},\"image\":{\"@id\":\"https:\\\/\\\/paintnprogress.art\\\/product\\\/stasti-bez-vardiem\\\/#primaryimage\"},\"thumbnailUrl\":\"https:\\\/\\\/paintnprogress.art\\\/wp-content\\\/uploads\\\/2026\\\/01\\\/Stasti-bez-vardiem-Anna-Simtniece-8.webp\",\"datePublished\":\"2026-01-06T13:48:24+00:00\",\"dateModified\":\"2026-04-17T07:01:47+00:00\",\"description\":\"St\u0101sti bez v\u0101rdiem \u2014 maiga un iek\u013caujo\u0161a glezno\u0161anas nodarb\u012bba, kur rad\u012b\u0161ana k\u013c\u016bst par ce\u013cu pie sevis. Atkl\u0101j savu rokrakstu, mieru un rado\u0161o br\u012bv\u012bbu.\",\"breadcrumb\":{\"@id\":\"https:\\\/\\\/paintnprogress.art\\\/product\\\/stasti-bez-vardiem\\\/#breadcrumb\"},\"inLanguage\":\"lv-LV\",\"potentialAction\":[{\"@type\":\"ReadAction\",\"target\":[\"https:\\\/\\\/paintnprogress.art\\\/product\\\/stasti-bez-vardiem\\\/\"]}]},{\"@type\":\"ImageObject\",\"inLanguage\":\"lv-LV\",\"@id\":\"https:\\\/\\\/paintnprogress.art\\\/product\\\/stasti-bez-vardiem\\\/#primaryimage\",\"url\":\"https:\\\/\\\/paintnprogress.art\\\/wp-content\\\/uploads\\\/2026\\\/01\\\/Stasti-bez-vardiem-Anna-Simtniece-8.webp\",\"contentUrl\":\"https:\\\/\\\/paintnprogress.art\\\/wp-content\\\/uploads\\\/2026\\\/01\\\/Stasti-bez-vardiem-Anna-Simtniece-8.webp\",\"width\":638,\"height\":857,\"caption\":\"St\u0101sti bez v\u0101rdiem Anna Simtniece\"},{\"@type\":\"BreadcrumbList\",\"@id\":\"https:\\\/\\\/paintnprogress.art\\\/product\\\/stasti-bez-vardiem\\\/#breadcrumb\",\"itemListElement\":[{\"@type\":\"ListItem\",\"position\":1,\"name\":\"Home\",\"item\":\"https:\\\/\\\/paintnprogress.art\\\/\"},{\"@type\":\"ListItem\",\"position\":2,\"name\":\"Shop\",\"item\":\"https:\\\/\\\/paintnprogress.art\\\/shop\\\/\"},{\"@type\":\"ListItem\",\"position\":3,\"name\":\"ST\u0100STI BEZ V\u0100RDIEM &#8211; Glezno\u0161anas Kurss ar A.Simtnieci\"}]},{\"@type\":\"WebSite\",\"@id\":\"https:\\\/\\\/paintnprogress.art\\\/#website\",\"url\":\"https:\\\/\\\/paintnprogress.art\\\/\",\"name\":\"paintnprogress.art\",\"description\":\"Glezno\u0161anas Nodarb\u012bbas\",\"publisher\":{\"@id\":\"https:\\\/\\\/paintnprogress.art\\\/#organization\"},\"potentialAction\":[{\"@type\":\"SearchAction\",\"target\":{\"@type\":\"EntryPoint\",\"urlTemplate\":\"https:\\\/\\\/paintnprogress.art\\\/?s={search_term_string}\"},\"query-input\":{\"@type\":\"PropertyValueSpecification\",\"valueRequired\":true,\"valueName\":\"search_term_string\"}}],\"inLanguage\":\"lv-LV\"},{\"@type\":\"Organization\",\"@id\":\"https:\\\/\\\/paintnprogress.art\\\/#organization\",\"name\":\"Paint&Progress\",\"alternateName\":\"Paint and Progress\",\"url\":\"https:\\\/\\\/paintnprogress.art\\\/\",\"logo\":{\"@type\":\"ImageObject\",\"inLanguage\":\"lv-LV\",\"@id\":\"https:\\\/\\\/paintnprogress.art\\\/#\\\/schema\\\/logo\\\/image\\\/\",\"url\":\"https:\\\/\\\/paintnprogress.art\\\/wp-content\\\/uploads\\\/2025\\\/01\\\/512.webp\",\"contentUrl\":\"https:\\\/\\\/paintnprogress.art\\\/wp-content\\\/uploads\\\/2025\\\/01\\\/512.webp\",\"width\":512,\"height\":512,\"caption\":\"Paint&Progress\"},\"image\":{\"@id\":\"https:\\\/\\\/paintnprogress.art\\\/#\\\/schema\\\/logo\\\/image\\\/\"},\"sameAs\":[\"https:\\\/\\\/www.facebook.com\\\/paintnprogressart\",\"https:\\\/\\\/www.youtube.com\\\/@PaintAndProgressArt\",\"https:\\\/\\\/www.tiktok.com\\\/@paint_and_progress?lang=lv\"]}]}<\/script>\n<!-- \/ Yoast SEO plugin. -->","yoast_head_json":{"title":"ST\u0100STI BEZ V\u0100RDIEM - Glezno\u0161anas Kurss ar A.Simtnieci - paintnprogress.art","description":"St\u0101sti bez v\u0101rdiem \u2014 maiga un iek\u013caujo\u0161a glezno\u0161anas nodarb\u012bba, kur rad\u012b\u0161ana k\u013c\u016bst par ce\u013cu pie sevis. Atkl\u0101j savu rokrakstu, mieru un rado\u0161o br\u012bv\u012bbu.","robots":{"index":"index","follow":"follow","max-snippet":"max-snippet:-1","max-image-preview":"max-image-preview:large","max-video-preview":"max-video-preview:-1"},"canonical":"https:\/\/paintnprogress.art\/lv\/product\/stasti-bez-vardiem\/","og_locale":"lv_LV","og_type":"article","og_title":"ST\u0100STI BEZ V\u0100RDIEM - Glezno\u0161anas Kurss ar A.Simtnieci - paintnprogress.art","og_description":"St\u0101sti bez v\u0101rdiem \u2014 maiga un iek\u013caujo\u0161a glezno\u0161anas nodarb\u012bba, kur rad\u012b\u0161ana k\u013c\u016bst par ce\u013cu pie sevis. Atkl\u0101j savu rokrakstu, mieru un rado\u0161o br\u012bv\u012bbu.","og_url":"https:\/\/paintnprogress.art\/lv\/product\/stasti-bez-vardiem\/","og_site_name":"paintnprogress.art","article_publisher":"https:\/\/www.facebook.com\/paintnprogressart","article_modified_time":"2026-04-17T07:01:47+00:00","og_image":[{"width":638,"height":857,"url":"https:\/\/paintnprogress.art\/wp-content\/uploads\/2026\/01\/Stasti-bez-vardiem-Anna-Simtniece-8.webp","type":"image\/webp"}],"twitter_card":"summary_large_image","twitter_misc":{"Est. reading time":"3 min\u016btes"},"schema":{"@context":"https:\/\/schema.org","@graph":[{"@type":"WebPage","@id":"https:\/\/paintnprogress.art\/product\/stasti-bez-vardiem\/","url":"https:\/\/paintnprogress.art\/product\/stasti-bez-vardiem\/","name":"ST\u0100STI BEZ V\u0100RDIEM - Glezno\u0161anas Kurss ar A.Simtnieci - paintnprogress.art","isPartOf":{"@id":"https:\/\/paintnprogress.art\/#website"},"primaryImageOfPage":{"@id":"https:\/\/paintnprogress.art\/product\/stasti-bez-vardiem\/#primaryimage"},"image":{"@id":"https:\/\/paintnprogress.art\/product\/stasti-bez-vardiem\/#primaryimage"},"thumbnailUrl":"https:\/\/paintnprogress.art\/wp-content\/uploads\/2026\/01\/Stasti-bez-vardiem-Anna-Simtniece-8.webp","datePublished":"2026-01-06T13:48:24+00:00","dateModified":"2026-04-17T07:01:47+00:00","description":"St\u0101sti bez v\u0101rdiem \u2014 maiga un iek\u013caujo\u0161a glezno\u0161anas nodarb\u012bba, kur rad\u012b\u0161ana k\u013c\u016bst par ce\u013cu pie sevis. Atkl\u0101j savu rokrakstu, mieru un rado\u0161o br\u012bv\u012bbu.","breadcrumb":{"@id":"https:\/\/paintnprogress.art\/product\/stasti-bez-vardiem\/#breadcrumb"},"inLanguage":"lv-LV","potentialAction":[{"@type":"ReadAction","target":["https:\/\/paintnprogress.art\/product\/stasti-bez-vardiem\/"]}]},{"@type":"ImageObject","inLanguage":"lv-LV","@id":"https:\/\/paintnprogress.art\/product\/stasti-bez-vardiem\/#primaryimage","url":"https:\/\/paintnprogress.art\/wp-content\/uploads\/2026\/01\/Stasti-bez-vardiem-Anna-Simtniece-8.webp","contentUrl":"https:\/\/paintnprogress.art\/wp-content\/uploads\/2026\/01\/Stasti-bez-vardiem-Anna-Simtniece-8.webp","width":638,"height":857,"caption":"St\u0101sti bez v\u0101rdiem Anna Simtniece"},{"@type":"BreadcrumbList","@id":"https:\/\/paintnprogress.art\/product\/stasti-bez-vardiem\/#breadcrumb","itemListElement":[{"@type":"ListItem","position":1,"name":"Home","item":"https:\/\/paintnprogress.art\/"},{"@type":"ListItem","position":2,"name":"Shop","item":"https:\/\/paintnprogress.art\/shop\/"},{"@type":"ListItem","position":3,"name":"ST\u0100STI BEZ V\u0100RDIEM &#8211; Glezno\u0161anas Kurss ar A.Simtnieci"}]},{"@type":"WebSite","@id":"https:\/\/paintnprogress.art\/#website","url":"https:\/\/paintnprogress.art\/","name":"paintnprogress.art","description":"Glezno\u0161anas Nodarb\u012bbas","publisher":{"@id":"https:\/\/paintnprogress.art\/#organization"},"potentialAction":[{"@type":"SearchAction","target":{"@type":"EntryPoint","urlTemplate":"https:\/\/paintnprogress.art\/?s={search_term_string}"},"query-input":{"@type":"PropertyValueSpecification","valueRequired":true,"valueName":"search_term_string"}}],"inLanguage":"lv-LV"},{"@type":"Organization","@id":"https:\/\/paintnprogress.art\/#organization","name":"Paint&Progress","alternateName":"Paint and Progress","url":"https:\/\/paintnprogress.art\/","logo":{"@type":"ImageObject","inLanguage":"lv-LV","@id":"https:\/\/paintnprogress.art\/#\/schema\/logo\/image\/","url":"https:\/\/paintnprogress.art\/wp-content\/uploads\/2025\/01\/512.webp","contentUrl":"https:\/\/paintnprogress.art\/wp-content\/uploads\/2025\/01\/512.webp","width":512,"height":512,"caption":"Paint&Progress"},"image":{"@id":"https:\/\/paintnprogress.art\/#\/schema\/logo\/image\/"},"sameAs":["https:\/\/www.facebook.com\/paintnprogressart","https:\/\/www.youtube.com\/@PaintAndProgressArt","https:\/\/www.tiktok.com\/@paint_and_progress?lang=lv"]}]}},"uagb_featured_image_src":{"full":["https:\/\/paintnprogress.art\/wp-content\/uploads\/2026\/01\/Stasti-bez-vardiem-Anna-Simtniece-8.webp",638,857,false],"thumbnail":["https:\/\/paintnprogress.art\/wp-content\/uploads\/2026\/01\/Stasti-bez-vardiem-Anna-Simtniece-8-150x150.webp",150,150,true],"medium":["https:\/\/paintnprogress.art\/wp-content\/uploads\/2026\/01\/Stasti-bez-vardiem-Anna-Simtniece-8-223x300.webp",223,300,true],"medium_large":["https:\/\/paintnprogress.art\/wp-content\/uploads\/2026\/01\/Stasti-bez-vardiem-Anna-Simtniece-8.webp",638,857,false],"large":["https:\/\/paintnprogress.art\/wp-content\/uploads\/2026\/01\/Stasti-bez-vardiem-Anna-Simtniece-8.webp",638,857,false],"1536x1536":["https:\/\/paintnprogress.art\/wp-content\/uploads\/2026\/01\/Stasti-bez-vardiem-Anna-Simtniece-8.webp",638,857,false],"2048x2048":["https:\/\/paintnprogress.art\/wp-content\/uploads\/2026\/01\/Stasti-bez-vardiem-Anna-Simtniece-8.webp",638,857,false],"trp-custom-language-flag":["https:\/\/paintnprogress.art\/wp-content\/uploads\/2026\/01\/Stasti-bez-vardiem-Anna-Simtniece-8-9x12.webp",9,12,true],"woocommerce_thumbnail":["https:\/\/paintnprogress.art\/wp-content\/uploads\/2026\/01\/Stasti-bez-vardiem-Anna-Simtniece-8-300x300.webp",300,300,true],"woocommerce_single":["https:\/\/paintnprogress.art\/wp-content\/uploads\/2026\/01\/Stasti-bez-vardiem-Anna-Simtniece-8-600x806.webp",600,806,true],"woocommerce_gallery_thumbnail":["https:\/\/paintnprogress.art\/wp-content\/uploads\/2026\/01\/Stasti-bez-vardiem-Anna-Simtniece-8-100x100.webp",100,100,true]},"uagb_author_info":{"display_name":"Dzintars Kalnins","author_link":"https:\/\/paintnprogress.art\/lv\/author\/"},"uagb_comment_info":1,"uagb_excerpt":"Aicin\u0101m izm\u0113\u0123in\u0101t roku z\u012bm\u0113\u0161an\u0101 un glezno\u0161an\u0101 \u2014 \u013caujot rad\u012b\u0161anai k\u013c\u016bt par ce\u013cu pie sevis &nbsp; Nodarb\u012bbu veidi un cenas Pakalpojums Ilgums Cena \/ pers. Iepaz\u012b\u0161an\u0101s nodarb\u012bba (grup\u0101) 2 stundas \u20ac10,00 Vienreiz\u0113js apmekl\u0113jums (grup\u0101) 2 stundas \u20ac20,00 Individu\u0101la nodarb\u012bba 2 stundas \u20ac29,00 Abonements (4 nodarb\u012bbas) 4 \u00d7 2 stundas \u20ac68,00 Abonements (16 nodarb\u012bbas) 16 \u00d7 2&hellip;","_links":{"self":[{"href":"https:\/\/paintnprogress.art\/lv\/wp-json\/wp\/v2\/product\/6456","targetHints":{"allow":["GET"]}}],"collection":[{"href":"https:\/\/paintnprogress.art\/lv\/wp-json\/wp\/v2\/product"}],"about":[{"href":"https:\/\/paintnprogress.art\/lv\/wp-json\/wp\/v2\/types\/product"}],"replies":[{"embeddable":true,"href":"https:\/\/paintnprogress.art\/lv\/wp-json\/wp\/v2\/comments?post=6456"}],"wp:featuredmedia":[{"embeddable":true,"href":"https:\/\/paintnprogress.art\/lv\/wp-json\/wp\/v2\/media\/6471"}],"wp:attachment":[{"href":"https:\/\/paintnprogress.art\/lv\/wp-json\/wp\/v2\/media?parent=6456"}],"wp:term":[{"taxonomy":"product_brand","embeddable":true,"href":"https:\/\/paintnprogress.art\/lv\/wp-json\/wp\/v2\/product_brand?post=6456"},{"taxonomy":"product_cat","embeddable":true,"href":"https:\/\/paintnprogress.art\/lv\/wp-json\/wp\/v2\/product_cat?post=6456"},{"taxonomy":"product_tag","embeddable":true,"href":"https:\/\/paintnprogress.art\/lv\/wp-json\/wp\/v2\/product_tag?post=6456"}],"curies":[{"name":"wp","href":"https:\/\/api.w.org\/{rel}","templated":true}]}}