{"id":5587,"date":"2025-07-03T02:50:28","date_gmt":"2025-07-03T02:50:28","guid":{"rendered":"https:\/\/paintnprogress.art\/?post_type=product&#038;p=5587"},"modified":"2026-04-24T06:45:33","modified_gmt":"2026-04-24T06:45:33","slug":"gleznosanas-meistarklase-berniem-5","status":"publish","type":"product","link":"https:\/\/paintnprogress.art\/lv\/product\/gleznosanas-meistarklase-berniem-5\/","title":{"rendered":"Glezno\u0161anas Meistarklase B\u0113rniem 5+"},"content":{"rendered":"<h2 data-start=\"102\" data-end=\"143\">Glezno\u0161anas meistarklase b\u0113rniem 5+<\/h2>\n<h3 data-start=\"145\" data-end=\"193\">Kas ir glezno\u0161anas meistarklase b\u0113rniem?<\/h3>\n<p data-start=\"195\" data-end=\"484\"><strong data-start=\"195\" data-end=\"234\">Glezno\u0161anas meistarklase b\u0113rniem 5+<\/strong> ir rado\u0161a un iedvesmojo\u0161a nodarb\u012bba, kur\u0101 b\u0113rni draudz\u012bg\u0101 atmosf\u0113r\u0101 apg\u016bst glezno\u0161anas un z\u012bm\u0113\u0161anas pamatus. Paint &amp; Progress studij\u0101 \u0161\u012bs meistarklases vada profesion\u0101li m\u0101kslinieki, kuri pal\u012bdz katram b\u0113rnam rad\u012bt ko unik\u0101lu un skaistu.<\/p>\n<hr data-start=\"486\" data-end=\"489\" \/>\n<h3 data-start=\"491\" data-end=\"528\">Kam piem\u0113rota \u0161\u012b meistarklase?<\/h3>\n<p data-start=\"530\" data-end=\"588\">M\u016bsu meistarklases ir paredz\u0113tas b\u0113rniem no 5 gadu vecuma:<\/p>\n<ul data-start=\"590\" data-end=\"923\">\n<li data-start=\"590\" data-end=\"656\">\n<p data-start=\"592\" data-end=\"656\"><strong data-start=\"592\" data-end=\"623\">B\u0113rniem bez priek\u0161zin\u0101\u0161an\u0101m<\/strong>, kuri v\u0113las iem\u0101c\u012bties gleznot<\/p>\n<\/li>\n<li data-start=\"657\" data-end=\"726\">\n<p data-start=\"659\" data-end=\"726\"><strong data-start=\"659\" data-end=\"685\">Mazajiem m\u0101ksliniekiem<\/strong>, kuri v\u0113las att\u012bst\u012bt prasmes un izt\u0113li<\/p>\n<\/li>\n<li data-start=\"727\" data-end=\"801\">\n<p data-start=\"729\" data-end=\"801\"><strong data-start=\"729\" data-end=\"757\">Dzim\u0161anas dienu svin\u012bb\u0101m<\/strong>, lai kop\u0101 ar draugiem rad\u012btu ko palieko\u0161u<\/p>\n<\/li>\n<li data-start=\"802\" data-end=\"860\">\n<p data-start=\"804\" data-end=\"860\"><strong data-start=\"804\" data-end=\"830\">B\u0113rnud\u0101rziem un skol\u0101m<\/strong>, k\u0101 rado\u0161\u0101 diena izbraukum\u0101<\/p>\n<\/li>\n<li data-start=\"861\" data-end=\"923\">\n<p data-start=\"863\" data-end=\"923\"><strong data-start=\"863\" data-end=\"887\">Plen\u0113riem br\u012bv\u0101 dab\u0101<\/strong>, lai gleznotu ainavas, j\u016bru un dabu<\/p>\n<\/li>\n<\/ul>\n<hr data-start=\"925\" data-end=\"928\" \/>\n<h3 data-start=\"930\" data-end=\"962\">Kur notiek meistarklases?<\/h3>\n<p data-start=\"964\" data-end=\"1159\">\u2705 <strong data-start=\"966\" data-end=\"1001\">Studij\u0101 R\u012bg\u0101 (Paint &amp; Progress)<\/strong><br data-start=\"1001\" data-end=\"1004\" \/>\u2705 <strong data-start=\"1006\" data-end=\"1082\">Izbraukumos uz b\u0113rnud\u0101rziem, skol\u0101m un priv\u0101tiem pas\u0101kumiem vis\u0101 Latvij\u0101<\/strong><br data-start=\"1082\" data-end=\"1085\" \/>\u2705 <strong data-start=\"1087\" data-end=\"1104\">Plen\u0113ros dab\u0101<\/strong>, kur b\u0113rni m\u0101c\u0101s atveidot kr\u0101sas un formu re\u0101laj\u0101 vid\u0113<\/p>\n<hr data-start=\"1161\" data-end=\"1164\" \/>\n<h3 data-start=\"1166\" data-end=\"1201\">Ko b\u0113rni apg\u016bst nodarb\u012bb\u0101s?<\/h3>\n<ul data-start=\"1203\" data-end=\"1431\">\n<li data-start=\"1203\" data-end=\"1268\">\n<p data-start=\"1205\" data-end=\"1268\">Glezno\u0161anas un z\u012bm\u0113\u0161anas pamatus saprotam\u0101 un rota\u013c\u012bg\u0101 valod\u0101<\/p>\n<\/li>\n<li data-start=\"1269\" data-end=\"1321\">\n<p data-start=\"1271\" data-end=\"1321\">Kr\u0101su sajauk\u0161anas, kompoz\u012bcijas un otas tehnikas<\/p>\n<\/li>\n<li data-start=\"1322\" data-end=\"1370\">\n<p data-start=\"1324\" data-end=\"1370\">Rado\u0161o dom\u0101\u0161anu un m\u0101ksliniecisko p\u0101rliec\u012bbu<\/p>\n<\/li>\n<li data-start=\"1371\" data-end=\"1431\">\n<p data-start=\"1373\" data-end=\"1431\">Sp\u0113ju izteikt savas emocijas un redz\u0113jumu kr\u0101s\u0101s un form\u0101s<\/p>\n<\/li>\n<\/ul>\n<hr data-start=\"1433\" data-end=\"1436\" \/>\n<h3 data-start=\"1438\" data-end=\"1483\">K\u0101dos form\u0101tos pieejamas meistarklases?<\/h3>\n<p data-start=\"1485\" data-end=\"1735\">\u2714\ufe0f <strong data-start=\"1538\" data-end=\"1581\">Tematisk\u0101s meistarklases b\u0113rnu ball\u012bt\u0113m<\/strong> (pasaku t\u0113li, dz\u012bvnieki, multfilmas)<br data-start=\"1618\" data-end=\"1621\" \/>\u2714\ufe0f <strong data-start=\"1624\" data-end=\"1674\">Izbraukuma meistarklases skol\u0101s un b\u0113rnud\u0101rzos<\/strong><br data-start=\"1674\" data-end=\"1677\" \/>\u2714\ufe0f <strong data-start=\"1680\" data-end=\"1702\">Plen\u0113ri br\u012bv\u0101 dab\u0101<\/strong>, kas att\u012bsta nov\u0113ro\u0161anas prasmes<\/p>\n<hr data-start=\"1737\" data-end=\"1740\" \/>\n<h3 data-start=\"1742\" data-end=\"1783\">K\u0101p\u0113c izv\u0113l\u0113ties Paint &amp; Progress?<\/h3>\n<p data-start=\"1785\" data-end=\"1994\">M\u0113s ticam, ka <strong data-start=\"1799\" data-end=\"1831\">ikviens b\u0113rns ir m\u0101kslinieks<\/strong>, un m\u016bsu uzdevums ir pal\u012bdz\u0113t vi\u0146am to apzin\u0101ties un att\u012bst\u012bt ar prieku un iedvesmu. Nodarb\u012bbas ir veidotas t\u0101, lai b\u0113rni justos dro\u0161i un priec\u0101tos par rezult\u0101tu.<\/p>\n<hr \/>\n<p><em><strong>Padariet savus sv\u0113tkus par m\u0101kslas piedz\u012bvojumu, kas atst\u0101s neaizmirstamu iespaidu!<\/strong><\/em><\/p>\n","protected":false},"excerpt":{"rendered":"<p data-start=\"2083\" data-end=\"2255\"><strong>Glezno\u0161anas meistarklase b\u0113rniem &#8211; <\/strong>Rado\u0161as nodarb\u012bbas, dzim\u0161anas dienas ball\u012btes, izbraukumi un plen\u0113ri br\u012bv\u0101 dab\u0101 ar Paint &amp; Progress <strong>(nodarb\u012bbas ilgums 90 &#8211; 120 min\u016btes)<\/strong><\/p>\n<ul>\n<li><strong>Paint &amp; Progress Meistarklases atlai\u017eu sist\u0113ma<\/strong><\/li>\n<\/ul>\n<table>\n<thead>\n<tr>\n<th>Personas<\/th>\n<th>Atlaide<\/th>\n<th>(\u20ac \/ pers.)<\/th>\n<\/tr>\n<\/thead>\n<tbody>\n<tr>\n<td>3 personas<\/td>\n<td>\u2013<\/td>\n<td>\u20ac33.00<\/td>\n<\/tr>\n<tr>\n<td>4 personas<\/td>\n<td>-5%<\/td>\n<td>\u20ac31.00<\/td>\n<\/tr>\n<tr>\n<td>5 personas<\/td>\n<td>-10%<\/td>\n<td>\u20ac30.00<\/td>\n<\/tr>\n<tr>\n<td>6 personas<\/td>\n<td>-15%<\/td>\n<td>\u20ac28.00<\/td>\n<\/tr>\n<tr>\n<td>7 personas<\/td>\n<td>-20%<\/td>\n<td>\u20ac26.00<\/td>\n<\/tr>\n<tr>\n<td>8 personas<\/td>\n<td>-20%<\/td>\n<td>\u20ac26.00<\/td>\n<\/tr>\n<tr>\n<td>9 personas<\/td>\n<td>-25%<\/td>\n<td>\u20ac25.00<\/td>\n<\/tr>\n<tr>\n<td>10 personas<\/td>\n<td>-25%<\/td>\n<td>\u20ac25.00<\/td>\n<\/tr>\n<\/tbody>\n<\/table>\n<p data-start=\"89\" data-end=\"124\"><strong data-start=\"1181\" data-end=\"1202\">Iek\u013cauts cen\u0101:<\/strong><\/p>\n<ul data-start=\"88\" data-end=\"253\">\n<li data-start=\"88\" data-end=\"171\">\n<p data-start=\"90\" data-end=\"171\">Visi nepiecie\u0161amie materi\u0101li: glezno\u0161ana ar akrila kr\u0101s\u0101m uz audekla (30\u00d740 cm)<\/p>\n<\/li>\n<li data-start=\"172\" data-end=\"214\">\n<p data-start=\"174\" data-end=\"214\">Svaigi pagatavota t\u0113ja vai sula studij\u0101<\/p>\n<\/li>\n<li data-start=\"215\" data-end=\"253\">\n<p data-start=\"217\" data-end=\"253\">Gar\u0161\u012bgi na\u0161\u0137i pat\u012bkamai atmosf\u0113rai studij\u0101<\/p>\n<\/li>\n<\/ul>\n<p data-start=\"89\" data-end=\"124\"><strong>Lai m\u0113s non\u0101ktu pie jums ar vis\u0101m kr\u0101s\u0101m un audekliem<\/strong>, izbraukuma meistarklases r\u0113\u0137inam tiek pievienota neliela ce\u013ca maksa \u2013\u00a0<strong>0,31 \u20ac par katru kilometru <\/strong>(nav iek\u013cauts cen\u0101).<\/p>\n<p class=\"\" data-start=\"89\" data-end=\"124\">\ud83d\udd55 <strong data-start=\"68\" data-end=\"87\">Nodarb\u012bbu laiki:<\/strong><br data-start=\"108\" data-end=\"111\" \/><br data-start=\"197\" data-end=\"200\" \/>Ar prieku piel\u0101gosimies Jums \u0113rt\u0101kajam laikam\u2013 grupu nodarb\u012bbas iesp\u0113jamas\u00a0 p\u0113c savstarp\u0113jas vieno\u0161an\u0101s!<\/p>\n<p class=\"\" data-start=\"33\" data-end=\"64\"><strong><a href=\"https:\/\/paintnprogress.art\/kontakti\/\">Sazin\u0101ties<\/a> ar mums person\u012bgi, lai rezerv\u0113tu laiku ar 50% priek\u0161apmaksu un sa\u0146emtu pied\u0101v\u0101jumu, kas piel\u0101gots tie\u0161i j\u016bsu grupas vajadz\u012bb\u0101m!\u00a0<\/strong><\/p>\n<p><strong>(L\u016bgums iepriek\u0161 saska\u0146ot nodarb\u012bbas datumu un laiku.)<\/strong><em data-start=\"481\" data-end=\"537\"><br \/>\n<\/em><\/p>\n<p><em data-start=\"481\" data-end=\"537\"><a href=\"https:\/\/paintnprogress.art\/lv\/meistarklases\/\">Apskati ar\u012b citas glezno\u0161anas meistarklases m\u016bsu <strong>studij\u0101.<\/strong><\/a><\/em><\/p>\n<p><a href=\"https:\/\/paintnprogress.art\/lv\/izbraukumi-pleneri-un-korporativi\/\"><em data-start=\"481\" data-end=\"537\">Apskati ar\u012b citas glezno\u0161anas meistarklases <strong>izbraukumos.<\/strong><\/em><\/a><\/p>\n<p><em data-start=\"481\" data-end=\"537\">\u00a0<\/em><\/p>\n","protected":false},"featured_media":7639,"comment_status":"open","ping_status":"closed","template":"","meta":{"_uag_custom_page_level_css":"","site-sidebar-layout":"default","site-content-layout":"","ast-site-content-layout":"default","site-content-style":"default","site-sidebar-style":"default","ast-global-header-display":"","ast-banner-title-visibility":"","ast-main-header-display":"","ast-hfb-above-header-display":"","ast-hfb-below-header-display":"","ast-hfb-mobile-header-display":"","site-post-title":"","ast-breadcrumbs-content":"","ast-featured-img":"","footer-sml-layout":"","ast-disable-related-posts":"","theme-transparent-header-meta":"default","adv-header-id-meta":"","stick-header-meta":"","header-above-stick-meta":"","header-main-stick-meta":"","header-below-stick-meta":"","astra-migrate-meta-layouts":"set","ast-page-background-enabled":"default","ast-page-background-meta":{"desktop":{"background-color":"","background-image":"","background-repeat":"repeat","background-position":"center center","background-size":"auto","background-attachment":"scroll","background-type":"","background-media":"","overlay-type":"","overlay-color":"","overlay-opacity":"","overlay-gradient":""},"tablet":{"background-color":"","background-image":"","background-repeat":"repeat","background-position":"center center","background-size":"auto","background-attachment":"scroll","background-type":"","background-media":"","overlay-type":"","overlay-color":"","overlay-opacity":"","overlay-gradient":""},"mobile":{"background-color":"","background-image":"","background-repeat":"repeat","background-position":"center center","background-size":"auto","background-attachment":"scroll","background-type":"","background-media":"","overlay-type":"","overlay-color":"","overlay-opacity":"","overlay-gradient":""}},"ast-content-background-meta":{"desktop":{"background-color":"var(--ast-global-color-5)","background-image":"","background-repeat":"repeat","background-position":"center center","background-size":"auto","background-attachment":"scroll","background-type":"","background-media":"","overlay-type":"","overlay-color":"","overlay-opacity":"","overlay-gradient":""},"tablet":{"background-color":"var(--ast-global-color-5)","background-image":"","background-repeat":"repeat","background-position":"center center","background-size":"auto","background-attachment":"scroll","background-type":"","background-media":"","overlay-type":"","overlay-color":"","overlay-opacity":"","overlay-gradient":""},"mobile":{"background-color":"var(--ast-global-color-5)","background-image":"","background-repeat":"repeat","background-position":"center center","background-size":"auto","background-attachment":"scroll","background-type":"","background-media":"","overlay-type":"","overlay-color":"","overlay-opacity":"","overlay-gradient":""}}},"product_brand":[],"product_cat":[177,42,41,18,179],"product_tag":[74,108,106,107,100,76],"class_list":{"0":"post-5587","1":"product","2":"type-product","3":"status-publish","4":"has-post-thumbnail","6":"product_cat-gleznosana-berniem","7":"product_cat-izbraukumu-meistarklases","8":"product_cat-meistarklases","9":"product_cat-nodarbibas","10":"product_cat-pleneri-un-privati-izbraukumi","11":"product_tag-gleznosana-bez-priekszinasanam","12":"product_tag-gleznosanas-meistarklase-berniem","13":"product_tag-gleznosanas-pleneri-berniem","14":"product_tag-izbraukuma-meistarklase-berniem","15":"product_tag-100","16":"product_tag-76","17":"desktop-align-left","18":"tablet-align-left","19":"mobile-align-left","21":"first","22":"instock","23":"sold-individually","24":"shipping-taxable","25":"purchasable","26":"product-type-variable"},"yoast_head":"<!-- This site is optimized with the Yoast SEO plugin v27.4 - https:\/\/yoast.com\/product\/yoast-seo-wordpress\/ -->\n<title>Glezno\u0161anas Meistarklase B\u0113rniem 5+ - paintnprogress.art<\/title>\n<meta name=\"description\" content=\"Glezno\u0161anas meistarklase b\u0113rniem 5+. Nodarb\u012bbas studij\u0101, izbraukumos un plen\u0113ros. Ball\u012btes, dzim\u0161anas dienas un rado\u0161as aktivit\u0101tes b\u0113rniem R\u012bg\u0101 un Latvij\u0101.\" \/>\n<meta name=\"robots\" content=\"index, follow, max-snippet:-1, max-image-preview:large, max-video-preview:-1\" \/>\n<link rel=\"canonical\" href=\"https:\/\/paintnprogress.art\/lv\/product\/gleznosanas-meistarklase-berniem-5\/\" \/>\n<meta property=\"og:locale\" content=\"lv_LV\" \/>\n<meta property=\"og:type\" content=\"article\" \/>\n<meta property=\"og:title\" content=\"Glezno\u0161anas Meistarklase B\u0113rniem 5+ - paintnprogress.art\" \/>\n<meta property=\"og:description\" content=\"Glezno\u0161anas meistarklase b\u0113rniem 5+. Nodarb\u012bbas studij\u0101, izbraukumos un plen\u0113ros. Ball\u012btes, dzim\u0161anas dienas un rado\u0161as aktivit\u0101tes b\u0113rniem R\u012bg\u0101 un Latvij\u0101.\" \/>\n<meta property=\"og:url\" content=\"https:\/\/paintnprogress.art\/lv\/product\/gleznosanas-meistarklase-berniem-5\/\" \/>\n<meta property=\"og:site_name\" content=\"paintnprogress.art\" \/>\n<meta property=\"article:publisher\" content=\"https:\/\/www.facebook.com\/paintnprogressart\" \/>\n<meta property=\"article:modified_time\" content=\"2026-04-24T06:45:33+00:00\" \/>\n<meta property=\"og:image\" content=\"https:\/\/paintnprogress.art\/wp-content\/uploads\/2025\/07\/Gleznosanasmeistarklaseberniem-scaled.webp\" \/>\n\t<meta property=\"og:image:width\" content=\"2501\" \/>\n\t<meta property=\"og:image:height\" content=\"2560\" \/>\n\t<meta property=\"og:image:type\" content=\"image\/webp\" \/>\n<meta name=\"twitter:card\" content=\"summary_large_image\" \/>\n<meta name=\"twitter:label1\" content=\"Est. reading time\" \/>\n\t<meta name=\"twitter:data1\" content=\"2 min\u016btes\" \/>\n<script type=\"application\/ld+json\" class=\"yoast-schema-graph\">{\"@context\":\"https:\\\/\\\/schema.org\",\"@graph\":[{\"@type\":\"WebPage\",\"@id\":\"https:\\\/\\\/paintnprogress.art\\\/lv\\\/product\\\/gleznosanas-meistarklase-berniem-5\\\/\",\"url\":\"https:\\\/\\\/paintnprogress.art\\\/lv\\\/product\\\/gleznosanas-meistarklase-berniem-5\\\/\",\"name\":\"Glezno\u0161anas Meistarklase B\u0113rniem 5+ - paintnprogress.art\",\"isPartOf\":{\"@id\":\"https:\\\/\\\/paintnprogress.art\\\/#website\"},\"primaryImageOfPage\":{\"@id\":\"https:\\\/\\\/paintnprogress.art\\\/lv\\\/product\\\/gleznosanas-meistarklase-berniem-5\\\/#primaryimage\"},\"image\":{\"@id\":\"https:\\\/\\\/paintnprogress.art\\\/lv\\\/product\\\/gleznosanas-meistarklase-berniem-5\\\/#primaryimage\"},\"thumbnailUrl\":\"https:\\\/\\\/paintnprogress.art\\\/wp-content\\\/uploads\\\/2025\\\/07\\\/Gleznosanasmeistarklaseberniem-scaled.webp\",\"datePublished\":\"2025-07-03T02:50:28+00:00\",\"dateModified\":\"2026-04-24T06:45:33+00:00\",\"description\":\"Glezno\u0161anas meistarklase b\u0113rniem 5+. Nodarb\u012bbas studij\u0101, izbraukumos un plen\u0113ros. Ball\u012btes, dzim\u0161anas dienas un rado\u0161as aktivit\u0101tes b\u0113rniem R\u012bg\u0101 un Latvij\u0101.\",\"breadcrumb\":{\"@id\":\"https:\\\/\\\/paintnprogress.art\\\/lv\\\/product\\\/gleznosanas-meistarklase-berniem-5\\\/#breadcrumb\"},\"inLanguage\":\"lv-LV\",\"potentialAction\":[{\"@type\":\"ReadAction\",\"target\":[\"https:\\\/\\\/paintnprogress.art\\\/lv\\\/product\\\/gleznosanas-meistarklase-berniem-5\\\/\"]}]},{\"@type\":\"ImageObject\",\"inLanguage\":\"lv-LV\",\"@id\":\"https:\\\/\\\/paintnprogress.art\\\/lv\\\/product\\\/gleznosanas-meistarklase-berniem-5\\\/#primaryimage\",\"url\":\"https:\\\/\\\/paintnprogress.art\\\/wp-content\\\/uploads\\\/2025\\\/07\\\/Gleznosanasmeistarklaseberniem-scaled.webp\",\"contentUrl\":\"https:\\\/\\\/paintnprogress.art\\\/wp-content\\\/uploads\\\/2025\\\/07\\\/Gleznosanasmeistarklaseberniem-scaled.webp\",\"width\":2501,\"height\":2560,\"caption\":\"Glezno\u0161anas+meistarklase+b\u0113rniem\"},{\"@type\":\"BreadcrumbList\",\"@id\":\"https:\\\/\\\/paintnprogress.art\\\/lv\\\/product\\\/gleznosanas-meistarklase-berniem-5\\\/#breadcrumb\",\"itemListElement\":[{\"@type\":\"ListItem\",\"position\":1,\"name\":\"Home\",\"item\":\"https:\\\/\\\/paintnprogress.art\\\/\"},{\"@type\":\"ListItem\",\"position\":2,\"name\":\"Shop\",\"item\":\"https:\\\/\\\/paintnprogress.art\\\/shop\\\/\"},{\"@type\":\"ListItem\",\"position\":3,\"name\":\"Glezno\u0161anas Meistarklase B\u0113rniem 5+\"}]},{\"@type\":\"WebSite\",\"@id\":\"https:\\\/\\\/paintnprogress.art\\\/#website\",\"url\":\"https:\\\/\\\/paintnprogress.art\\\/\",\"name\":\"paintnprogress.art\",\"description\":\"Glezno\u0161anas Nodarb\u012bbas\",\"publisher\":{\"@id\":\"https:\\\/\\\/paintnprogress.art\\\/#organization\"},\"potentialAction\":[{\"@type\":\"SearchAction\",\"target\":{\"@type\":\"EntryPoint\",\"urlTemplate\":\"https:\\\/\\\/paintnprogress.art\\\/?s={search_term_string}\"},\"query-input\":{\"@type\":\"PropertyValueSpecification\",\"valueRequired\":true,\"valueName\":\"search_term_string\"}}],\"inLanguage\":\"lv-LV\"},{\"@type\":\"Organization\",\"@id\":\"https:\\\/\\\/paintnprogress.art\\\/#organization\",\"name\":\"Paint&Progress\",\"alternateName\":\"Paint and Progress\",\"url\":\"https:\\\/\\\/paintnprogress.art\\\/\",\"logo\":{\"@type\":\"ImageObject\",\"inLanguage\":\"lv-LV\",\"@id\":\"https:\\\/\\\/paintnprogress.art\\\/#\\\/schema\\\/logo\\\/image\\\/\",\"url\":\"https:\\\/\\\/paintnprogress.art\\\/wp-content\\\/uploads\\\/2025\\\/01\\\/512.webp\",\"contentUrl\":\"https:\\\/\\\/paintnprogress.art\\\/wp-content\\\/uploads\\\/2025\\\/01\\\/512.webp\",\"width\":512,\"height\":512,\"caption\":\"Paint&Progress\"},\"image\":{\"@id\":\"https:\\\/\\\/paintnprogress.art\\\/#\\\/schema\\\/logo\\\/image\\\/\"},\"sameAs\":[\"https:\\\/\\\/www.facebook.com\\\/paintnprogressart\",\"https:\\\/\\\/www.youtube.com\\\/@PaintAndProgressArt\",\"https:\\\/\\\/www.tiktok.com\\\/@paint_and_progress?lang=lv\"]}]}<\/script>\n<!-- \/ Yoast SEO plugin. -->","yoast_head_json":{"title":"Glezno\u0161anas Meistarklase B\u0113rniem 5+ - paintnprogress.art","description":"Glezno\u0161anas meistarklase b\u0113rniem 5+. Nodarb\u012bbas studij\u0101, izbraukumos un plen\u0113ros. Ball\u012btes, dzim\u0161anas dienas un rado\u0161as aktivit\u0101tes b\u0113rniem R\u012bg\u0101 un Latvij\u0101.","robots":{"index":"index","follow":"follow","max-snippet":"max-snippet:-1","max-image-preview":"max-image-preview:large","max-video-preview":"max-video-preview:-1"},"canonical":"https:\/\/paintnprogress.art\/lv\/product\/gleznosanas-meistarklase-berniem-5\/","og_locale":"lv_LV","og_type":"article","og_title":"Glezno\u0161anas Meistarklase B\u0113rniem 5+ - paintnprogress.art","og_description":"Glezno\u0161anas meistarklase b\u0113rniem 5+. Nodarb\u012bbas studij\u0101, izbraukumos un plen\u0113ros. Ball\u012btes, dzim\u0161anas dienas un rado\u0161as aktivit\u0101tes b\u0113rniem R\u012bg\u0101 un Latvij\u0101.","og_url":"https:\/\/paintnprogress.art\/lv\/product\/gleznosanas-meistarklase-berniem-5\/","og_site_name":"paintnprogress.art","article_publisher":"https:\/\/www.facebook.com\/paintnprogressart","article_modified_time":"2026-04-24T06:45:33+00:00","og_image":[{"width":2501,"height":2560,"url":"https:\/\/paintnprogress.art\/wp-content\/uploads\/2025\/07\/Gleznosanasmeistarklaseberniem-scaled.webp","type":"image\/webp"}],"twitter_card":"summary_large_image","twitter_misc":{"Est. reading time":"2 min\u016btes"},"schema":{"@context":"https:\/\/schema.org","@graph":[{"@type":"WebPage","@id":"https:\/\/paintnprogress.art\/lv\/product\/gleznosanas-meistarklase-berniem-5\/","url":"https:\/\/paintnprogress.art\/lv\/product\/gleznosanas-meistarklase-berniem-5\/","name":"Glezno\u0161anas Meistarklase B\u0113rniem 5+ - paintnprogress.art","isPartOf":{"@id":"https:\/\/paintnprogress.art\/#website"},"primaryImageOfPage":{"@id":"https:\/\/paintnprogress.art\/lv\/product\/gleznosanas-meistarklase-berniem-5\/#primaryimage"},"image":{"@id":"https:\/\/paintnprogress.art\/lv\/product\/gleznosanas-meistarklase-berniem-5\/#primaryimage"},"thumbnailUrl":"https:\/\/paintnprogress.art\/wp-content\/uploads\/2025\/07\/Gleznosanasmeistarklaseberniem-scaled.webp","datePublished":"2025-07-03T02:50:28+00:00","dateModified":"2026-04-24T06:45:33+00:00","description":"Glezno\u0161anas meistarklase b\u0113rniem 5+. Nodarb\u012bbas studij\u0101, izbraukumos un plen\u0113ros. Ball\u012btes, dzim\u0161anas dienas un rado\u0161as aktivit\u0101tes b\u0113rniem R\u012bg\u0101 un Latvij\u0101.","breadcrumb":{"@id":"https:\/\/paintnprogress.art\/lv\/product\/gleznosanas-meistarklase-berniem-5\/#breadcrumb"},"inLanguage":"lv-LV","potentialAction":[{"@type":"ReadAction","target":["https:\/\/paintnprogress.art\/lv\/product\/gleznosanas-meistarklase-berniem-5\/"]}]},{"@type":"ImageObject","inLanguage":"lv-LV","@id":"https:\/\/paintnprogress.art\/lv\/product\/gleznosanas-meistarklase-berniem-5\/#primaryimage","url":"https:\/\/paintnprogress.art\/wp-content\/uploads\/2025\/07\/Gleznosanasmeistarklaseberniem-scaled.webp","contentUrl":"https:\/\/paintnprogress.art\/wp-content\/uploads\/2025\/07\/Gleznosanasmeistarklaseberniem-scaled.webp","width":2501,"height":2560,"caption":"Glezno\u0161anas+meistarklase+b\u0113rniem"},{"@type":"BreadcrumbList","@id":"https:\/\/paintnprogress.art\/lv\/product\/gleznosanas-meistarklase-berniem-5\/#breadcrumb","itemListElement":[{"@type":"ListItem","position":1,"name":"Home","item":"https:\/\/paintnprogress.art\/"},{"@type":"ListItem","position":2,"name":"Shop","item":"https:\/\/paintnprogress.art\/shop\/"},{"@type":"ListItem","position":3,"name":"Glezno\u0161anas Meistarklase B\u0113rniem 5+"}]},{"@type":"WebSite","@id":"https:\/\/paintnprogress.art\/#website","url":"https:\/\/paintnprogress.art\/","name":"paintnprogress.art","description":"Glezno\u0161anas Nodarb\u012bbas","publisher":{"@id":"https:\/\/paintnprogress.art\/#organization"},"potentialAction":[{"@type":"SearchAction","target":{"@type":"EntryPoint","urlTemplate":"https:\/\/paintnprogress.art\/?s={search_term_string}"},"query-input":{"@type":"PropertyValueSpecification","valueRequired":true,"valueName":"search_term_string"}}],"inLanguage":"lv-LV"},{"@type":"Organization","@id":"https:\/\/paintnprogress.art\/#organization","name":"Paint&Progress","alternateName":"Paint and Progress","url":"https:\/\/paintnprogress.art\/","logo":{"@type":"ImageObject","inLanguage":"lv-LV","@id":"https:\/\/paintnprogress.art\/#\/schema\/logo\/image\/","url":"https:\/\/paintnprogress.art\/wp-content\/uploads\/2025\/01\/512.webp","contentUrl":"https:\/\/paintnprogress.art\/wp-content\/uploads\/2025\/01\/512.webp","width":512,"height":512,"caption":"Paint&Progress"},"image":{"@id":"https:\/\/paintnprogress.art\/#\/schema\/logo\/image\/"},"sameAs":["https:\/\/www.facebook.com\/paintnprogressart","https:\/\/www.youtube.com\/@PaintAndProgressArt","https:\/\/www.tiktok.com\/@paint_and_progress?lang=lv"]}]}},"uagb_featured_image_src":{"full":["https:\/\/paintnprogress.art\/wp-content\/uploads\/2025\/07\/Gleznosanasmeistarklaseberniem-scaled.webp",2501,2560,false],"thumbnail":["https:\/\/paintnprogress.art\/wp-content\/uploads\/2025\/07\/Gleznosanasmeistarklaseberniem-150x150.webp",150,150,true],"medium":["https:\/\/paintnprogress.art\/wp-content\/uploads\/2025\/07\/Gleznosanasmeistarklaseberniem-293x300.webp",293,300,true],"medium_large":["https:\/\/paintnprogress.art\/wp-content\/uploads\/2025\/07\/Gleznosanasmeistarklaseberniem-768x786.webp",768,786,true],"large":["https:\/\/paintnprogress.art\/wp-content\/uploads\/2025\/07\/Gleznosanasmeistarklaseberniem-1000x1024.webp",1000,1024,true],"1536x1536":["https:\/\/paintnprogress.art\/wp-content\/uploads\/2025\/07\/Gleznosanasmeistarklaseberniem-1501x1536.webp",1501,1536,true],"2048x2048":["https:\/\/paintnprogress.art\/wp-content\/uploads\/2025\/07\/Gleznosanasmeistarklaseberniem-2001x2048.webp",2001,2048,true],"trp-custom-language-flag":["https:\/\/paintnprogress.art\/wp-content\/uploads\/2025\/07\/Gleznosanasmeistarklaseberniem-12x12.webp",12,12,true],"woocommerce_thumbnail":["https:\/\/paintnprogress.art\/wp-content\/uploads\/2025\/07\/Gleznosanasmeistarklaseberniem-300x300.webp",300,300,true],"woocommerce_single":["https:\/\/paintnprogress.art\/wp-content\/uploads\/2025\/07\/Gleznosanasmeistarklaseberniem-600x614.webp",600,614,true],"woocommerce_gallery_thumbnail":["https:\/\/paintnprogress.art\/wp-content\/uploads\/2025\/07\/Gleznosanasmeistarklaseberniem-100x100.webp",100,100,true]},"uagb_author_info":{"display_name":"Dzintars Kalnins","author_link":"https:\/\/paintnprogress.art\/lv\/author\/"},"uagb_comment_info":2,"uagb_excerpt":"Glezno\u0161anas meistarklase b\u0113rniem - Rado\u0161as nodarb\u012bbas, dzim\u0161anas dienas ball\u012btes, izbraukumi un plen\u0113ri br\u012bv\u0101 dab\u0101 ar Paint &amp; Progress (nodarb\u012bbas ilgums 90 - 120 min\u016btes) Paint &amp; Progress Meistarklases atlai\u017eu sist\u0113ma Personas Atlaide (\u20ac \/ pers.) 3 personas \u2013 \u20ac33.00 4 personas -5% \u20ac31.00 5 personas -10% \u20ac30.00 6 personas -15% \u20ac28.00 7 personas -20% \u20ac26.00&hellip;","_links":{"self":[{"href":"https:\/\/paintnprogress.art\/lv\/wp-json\/wp\/v2\/product\/5587","targetHints":{"allow":["GET"]}}],"collection":[{"href":"https:\/\/paintnprogress.art\/lv\/wp-json\/wp\/v2\/product"}],"about":[{"href":"https:\/\/paintnprogress.art\/lv\/wp-json\/wp\/v2\/types\/product"}],"replies":[{"embeddable":true,"href":"https:\/\/paintnprogress.art\/lv\/wp-json\/wp\/v2\/comments?post=5587"}],"wp:featuredmedia":[{"embeddable":true,"href":"https:\/\/paintnprogress.art\/lv\/wp-json\/wp\/v2\/media\/7639"}],"wp:attachment":[{"href":"https:\/\/paintnprogress.art\/lv\/wp-json\/wp\/v2\/media?parent=5587"}],"wp:term":[{"taxonomy":"product_brand","embeddable":true,"href":"https:\/\/paintnprogress.art\/lv\/wp-json\/wp\/v2\/product_brand?post=5587"},{"taxonomy":"product_cat","embeddable":true,"href":"https:\/\/paintnprogress.art\/lv\/wp-json\/wp\/v2\/product_cat?post=5587"},{"taxonomy":"product_tag","embeddable":true,"href":"https:\/\/paintnprogress.art\/lv\/wp-json\/wp\/v2\/product_tag?post=5587"}],"curies":[{"name":"wp","href":"https:\/\/api.w.org\/{rel}","templated":true}]}}