{"id":5105,"date":"2025-06-17T16:28:08","date_gmt":"2025-06-17T16:28:08","guid":{"rendered":"https:\/\/paintnprogress.art\/?post_type=product&#038;p=5105"},"modified":"2025-12-26T05:32:07","modified_gmt":"2025-12-26T05:32:07","slug":"profesionali-sienu-gleznojumi","status":"publish","type":"product","link":"https:\/\/paintnprogress.art\/lv\/product\/profesionali-sienu-gleznojumi\/","title":{"rendered":"Profesion\u0101li sienu gleznojumi"},"content":{"rendered":"<h3 data-start=\"163\" data-end=\"233\"><strong data-start=\"167\" data-end=\"233\">Profesion\u0101li sienu gleznojumi un apglezno\u0161ana \u2013 m\u0101ksla, kas iedz\u012bvina telpu<\/strong><\/h3>\n<p data-start=\"235\" data-end=\"650\">Profesion\u0101li sienu gleznojumi ir viena no efekt\u012bv\u0101kaj\u0101m un rado\u0161\u0101kaj\u0101m metod\u0113m, k\u0101 pie\u0161\u0137irt telpai person\u012bbu, raksturu un emocion\u0101lu dzi\u013cumu. Tie var b\u016bt gan izteiksm\u012bgs interjera akcents, gan harmonisks fons, kas papildina eso\u0161o dizainu. Pied\u0101v\u0101jam profesion\u0101lus sienu gleznojumu un apglezno\u0161anas pakalpojumus gan priv\u0101tperson\u0101m, gan uz\u0146\u0113mumiem, piel\u0101gojot katru darbu konkr\u0113t\u0101s telpas funkcijai, stilistikai un klienta v\u0113lm\u0113m.<\/p>\n<p data-start=\"652\" data-end=\"1123\">M\u016bsu pieeja balst\u0101s uz individu\u0101lu sadarb\u012bbu \u2013 s\u0101kot no idejas izstr\u0101des un skices, l\u012bdz pat kvalitat\u012bvai izpildei uz vietas. Sienu apglezno\u0161ana var tikt realiz\u0113ta da\u017e\u0101dos m\u0101kslinieciskajos stilos: no figur\u0101l\u0101m kompoz\u012bcij\u0101m, ainav\u0101m un arhitektoniskiem mot\u012bviem l\u012bdz abstraktiem risin\u0101jumiem, grafiskiem elementiem vai pat tipogr\u0101fiskiem dizainiem. Katrs gleznojums tiek veidots ar augst\u0101k\u0101s kvalit\u0101tes materi\u0101liem, nodro\u0161inot t\u0101 ilgtsp\u0113ju, notur\u012bbu un est\u0113tisko v\u0113rt\u012bbu.<\/p>\n<p data-start=\"1125\" data-end=\"1172\">Sienu gleznojumi piem\u0113roti da\u017e\u0101da veida telp\u0101m:<\/p>\n<ul data-start=\"1173\" data-end=\"1354\">\n<li data-start=\"1173\" data-end=\"1217\">\n<p data-start=\"1175\" data-end=\"1217\">dz\u012bvojam\u0101s istab\u0101s, b\u0113rnistab\u0101s un gaiten\u012b<\/p>\n<\/li>\n<li data-start=\"1218\" data-end=\"1255\">\n<p data-start=\"1220\" data-end=\"1255\">restor\u0101nos, kafejn\u012bc\u0101s un viesn\u012bc\u0101s<\/p>\n<\/li>\n<li data-start=\"1256\" data-end=\"1287\">\n<p data-start=\"1258\" data-end=\"1287\">birojos un rado\u0161aj\u0101s studij\u0101s<\/p>\n<\/li>\n<li data-start=\"1288\" data-end=\"1354\">\n<p data-start=\"1290\" data-end=\"1354\">sabiedrisk\u0101s telp\u0101s \u2013 skol\u0101s, b\u0113rnud\u0101rzos, kult\u016bras centros u.c.<\/p>\n<\/li>\n<li data-start=\"1288\" data-end=\"1354\">m\u0101ju, s\u0113tu un da\u017e\u0101du celt\u0146u fas\u0101des<\/li>\n<\/ul>\n<p data-start=\"1356\" data-end=\"1667\">M\u016bsu darbi apvieno m\u0101ksliniecisku redz\u0113jumu ar funkcion\u0101lu pieeju. Gleznojums var kalpot gan k\u0101 est\u0113tisks akcents, gan ar\u012b k\u0101 z\u012bmola identit\u0101tes elements, komunik\u0101cijas da\u013ca vai emocion\u0101ls \u201cst\u0101sts uz sienas\u201d. Esam rad\u012bju\u0161i sienu m\u0101kslu da\u017e\u0101dos m\u0113rogos \u2013 no nelieliem akcentiem l\u012bdz vair\u0101ku metru liel\u0101m fas\u0101d\u0113m.<\/p>\n<p data-start=\"1669\" data-end=\"1967\">Ja mekl\u0113jat veidu, k\u0101 padar\u012bt telpu unik\u0101lu un neaizmirstamu, sienu gleznojums ir lieliska izv\u0113le. M\u0113s pal\u012bdz\u0113sim \u012bstenot gan J\u016bsu redz\u0113jumu, gan pied\u0101v\u0101sim savas rado\u0161\u0101s idejas, balst\u012btas pieredz\u0113 un izpratn\u0113 par vizu\u0101lo valodu. Katrs projekts mums ir iesp\u0113ja rad\u012bt ne tikai dekoru, bet atmosf\u0113ru.<\/p>\n<p data-start=\"1969\" data-end=\"2091\">Sazinieties ar mums, lai sa\u0146emtu konsult\u0101ciju vai pieteiktu individu\u0101lu skici \u2013 sienas var run\u0101t, ja t\u0101s iedz\u012bvina m\u0101ksla.<\/p>\n","protected":false},"excerpt":{"rendered":"<p data-start=\"73\" data-end=\"137\">Profesion\u0101li sienu gleznojumi<br data-start=\"88\" data-end=\"91\" \/><em data-start=\"91\" data-end=\"137\">Cena no 25 &#8211; 100 eiro par m2<\/em><\/p>\n<p data-start=\"139\" data-end=\"536\">Profesion\u0101li sienu gleznojumi un individu\u0101la apglezno\u0161ana \u2013 rad\u0101m unik\u0101lu vizu\u0101lo identit\u0101ti interjer\u0101 un eksterjer\u0101. M\u0101ksla, kas iedvesmo telpu!<\/p>\n","protected":false},"featured_media":5110,"comment_status":"open","ping_status":"closed","template":"","meta":{"_uag_custom_page_level_css":"","site-sidebar-layout":"default","site-content-layout":"","ast-site-content-layout":"default","site-content-style":"default","site-sidebar-style":"default","ast-global-header-display":"","ast-banner-title-visibility":"","ast-main-header-display":"","ast-hfb-above-header-display":"","ast-hfb-below-header-display":"","ast-hfb-mobile-header-display":"","site-post-title":"","ast-breadcrumbs-content":"","ast-featured-img":"","footer-sml-layout":"","ast-disable-related-posts":"","theme-transparent-header-meta":"default","adv-header-id-meta":"","stick-header-meta":"","header-above-stick-meta":"","header-main-stick-meta":"","header-below-stick-meta":"","astra-migrate-meta-layouts":"set","ast-page-background-enabled":"default","ast-page-background-meta":{"desktop":{"background-color":"","background-image":"","background-repeat":"repeat","background-position":"center center","background-size":"auto","background-attachment":"scroll","background-type":"","background-media":"","overlay-type":"","overlay-color":"","overlay-opacity":"","overlay-gradient":""},"tablet":{"background-color":"","background-image":"","background-repeat":"repeat","background-position":"center center","background-size":"auto","background-attachment":"scroll","background-type":"","background-media":"","overlay-type":"","overlay-color":"","overlay-opacity":"","overlay-gradient":""},"mobile":{"background-color":"","background-image":"","background-repeat":"repeat","background-position":"center center","background-size":"auto","background-attachment":"scroll","background-type":"","background-media":"","overlay-type":"","overlay-color":"","overlay-opacity":"","overlay-gradient":""}},"ast-content-background-meta":{"desktop":{"background-color":"var(--ast-global-color-5)","background-image":"","background-repeat":"repeat","background-position":"center center","background-size":"auto","background-attachment":"scroll","background-type":"","background-media":"","overlay-type":"","overlay-color":"","overlay-opacity":"","overlay-gradient":""},"tablet":{"background-color":"var(--ast-global-color-5)","background-image":"","background-repeat":"repeat","background-position":"center center","background-size":"auto","background-attachment":"scroll","background-type":"","background-media":"","overlay-type":"","overlay-color":"","overlay-opacity":"","overlay-gradient":""},"mobile":{"background-color":"var(--ast-global-color-5)","background-image":"","background-repeat":"repeat","background-position":"center center","background-size":"auto","background-attachment":"scroll","background-type":"","background-media":"","overlay-type":"","overlay-color":"","overlay-opacity":"","overlay-gradient":""}}},"product_brand":[],"product_cat":[36],"product_tag":[],"class_list":{"0":"post-5105","1":"product","2":"type-product","3":"status-publish","4":"has-post-thumbnail","6":"product_cat-makslas-gara-galerija","7":"desktop-align-left","8":"tablet-align-left","9":"mobile-align-left","11":"first","12":"instock","13":"sold-individually","14":"shipping-taxable","15":"purchasable","16":"product-type-simple"},"yoast_head":"<!-- This site is optimized with the Yoast SEO plugin v27.4 - https:\/\/yoast.com\/product\/yoast-seo-wordpress\/ -->\n<title>Profesion\u0101li sienu gleznojumi - paintnprogress.art<\/title>\n<meta name=\"description\" content=\"Profesion\u0101li sienu gleznojumi un individu\u0101la apglezno\u0161ana \u2013 rad\u0101m unik\u0101lu vizu\u0101lo identit\u0101ti interjer\u0101 un eksterjer\u0101. M\u0101ksla, kas iedvesmo telpu!\" \/>\n<meta name=\"robots\" content=\"index, follow, max-snippet:-1, max-image-preview:large, max-video-preview:-1\" \/>\n<link rel=\"canonical\" href=\"https:\/\/paintnprogress.art\/lv\/product\/profesionali-sienu-gleznojumi\/\" \/>\n<meta property=\"og:locale\" content=\"lv_LV\" \/>\n<meta property=\"og:type\" content=\"article\" \/>\n<meta property=\"og:title\" content=\"Profesion\u0101li sienu gleznojumi - paintnprogress.art\" \/>\n<meta property=\"og:description\" content=\"Profesion\u0101li sienu gleznojumi un individu\u0101la apglezno\u0161ana \u2013 rad\u0101m unik\u0101lu vizu\u0101lo identit\u0101ti interjer\u0101 un eksterjer\u0101. M\u0101ksla, kas iedvesmo telpu!\" \/>\n<meta property=\"og:url\" content=\"https:\/\/paintnprogress.art\/lv\/product\/profesionali-sienu-gleznojumi\/\" \/>\n<meta property=\"og:site_name\" content=\"paintnprogress.art\" \/>\n<meta property=\"article:publisher\" content=\"https:\/\/www.facebook.com\/paintnprogressart\" \/>\n<meta property=\"article:modified_time\" content=\"2025-12-26T05:32:07+00:00\" \/>\n<meta property=\"og:image\" content=\"https:\/\/paintnprogress.art\/wp-content\/uploads\/2025\/06\/WP5.webp\" \/>\n\t<meta property=\"og:image:width\" content=\"1864\" \/>\n\t<meta property=\"og:image:height\" content=\"1252\" \/>\n\t<meta property=\"og:image:type\" content=\"image\/webp\" \/>\n<meta name=\"twitter:card\" content=\"summary_large_image\" \/>\n<meta name=\"twitter:label1\" content=\"Est. reading time\" \/>\n\t<meta name=\"twitter:data1\" content=\"2 min\u016btes\" \/>\n<script type=\"application\/ld+json\" class=\"yoast-schema-graph\">{\"@context\":\"https:\\\/\\\/schema.org\",\"@graph\":[{\"@type\":\"WebPage\",\"@id\":\"https:\\\/\\\/paintnprogress.art\\\/product\\\/profesionali-sienu-gleznojumi\\\/\",\"url\":\"https:\\\/\\\/paintnprogress.art\\\/product\\\/profesionali-sienu-gleznojumi\\\/\",\"name\":\"Profesion\u0101li sienu gleznojumi - paintnprogress.art\",\"isPartOf\":{\"@id\":\"https:\\\/\\\/paintnprogress.art\\\/#website\"},\"primaryImageOfPage\":{\"@id\":\"https:\\\/\\\/paintnprogress.art\\\/product\\\/profesionali-sienu-gleznojumi\\\/#primaryimage\"},\"image\":{\"@id\":\"https:\\\/\\\/paintnprogress.art\\\/product\\\/profesionali-sienu-gleznojumi\\\/#primaryimage\"},\"thumbnailUrl\":\"https:\\\/\\\/paintnprogress.art\\\/wp-content\\\/uploads\\\/2025\\\/06\\\/WP5.webp\",\"datePublished\":\"2025-06-17T16:28:08+00:00\",\"dateModified\":\"2025-12-26T05:32:07+00:00\",\"description\":\"Profesion\u0101li sienu gleznojumi un individu\u0101la apglezno\u0161ana \u2013 rad\u0101m unik\u0101lu vizu\u0101lo identit\u0101ti interjer\u0101 un eksterjer\u0101. M\u0101ksla, kas iedvesmo telpu!\",\"breadcrumb\":{\"@id\":\"https:\\\/\\\/paintnprogress.art\\\/product\\\/profesionali-sienu-gleznojumi\\\/#breadcrumb\"},\"inLanguage\":\"lv-LV\",\"potentialAction\":[{\"@type\":\"ReadAction\",\"target\":[\"https:\\\/\\\/paintnprogress.art\\\/product\\\/profesionali-sienu-gleznojumi\\\/\"]}]},{\"@type\":\"ImageObject\",\"inLanguage\":\"lv-LV\",\"@id\":\"https:\\\/\\\/paintnprogress.art\\\/product\\\/profesionali-sienu-gleznojumi\\\/#primaryimage\",\"url\":\"https:\\\/\\\/paintnprogress.art\\\/wp-content\\\/uploads\\\/2025\\\/06\\\/WP5.webp\",\"contentUrl\":\"https:\\\/\\\/paintnprogress.art\\\/wp-content\\\/uploads\\\/2025\\\/06\\\/WP5.webp\",\"width\":1864,\"height\":1252,\"caption\":\"Profesion\u0101li sienu gleznojumi\"},{\"@type\":\"BreadcrumbList\",\"@id\":\"https:\\\/\\\/paintnprogress.art\\\/product\\\/profesionali-sienu-gleznojumi\\\/#breadcrumb\",\"itemListElement\":[{\"@type\":\"ListItem\",\"position\":1,\"name\":\"Home\",\"item\":\"https:\\\/\\\/paintnprogress.art\\\/\"},{\"@type\":\"ListItem\",\"position\":2,\"name\":\"Shop\",\"item\":\"https:\\\/\\\/paintnprogress.art\\\/shop\\\/\"},{\"@type\":\"ListItem\",\"position\":3,\"name\":\"Profesion\u0101li sienu gleznojumi\"}]},{\"@type\":\"WebSite\",\"@id\":\"https:\\\/\\\/paintnprogress.art\\\/#website\",\"url\":\"https:\\\/\\\/paintnprogress.art\\\/\",\"name\":\"paintnprogress.art\",\"description\":\"Glezno\u0161anas Nodarb\u012bbas\",\"publisher\":{\"@id\":\"https:\\\/\\\/paintnprogress.art\\\/#organization\"},\"potentialAction\":[{\"@type\":\"SearchAction\",\"target\":{\"@type\":\"EntryPoint\",\"urlTemplate\":\"https:\\\/\\\/paintnprogress.art\\\/?s={search_term_string}\"},\"query-input\":{\"@type\":\"PropertyValueSpecification\",\"valueRequired\":true,\"valueName\":\"search_term_string\"}}],\"inLanguage\":\"lv-LV\"},{\"@type\":\"Organization\",\"@id\":\"https:\\\/\\\/paintnprogress.art\\\/#organization\",\"name\":\"Paint&Progress\",\"alternateName\":\"Paint and Progress\",\"url\":\"https:\\\/\\\/paintnprogress.art\\\/\",\"logo\":{\"@type\":\"ImageObject\",\"inLanguage\":\"lv-LV\",\"@id\":\"https:\\\/\\\/paintnprogress.art\\\/#\\\/schema\\\/logo\\\/image\\\/\",\"url\":\"https:\\\/\\\/paintnprogress.art\\\/wp-content\\\/uploads\\\/2025\\\/01\\\/512.webp\",\"contentUrl\":\"https:\\\/\\\/paintnprogress.art\\\/wp-content\\\/uploads\\\/2025\\\/01\\\/512.webp\",\"width\":512,\"height\":512,\"caption\":\"Paint&Progress\"},\"image\":{\"@id\":\"https:\\\/\\\/paintnprogress.art\\\/#\\\/schema\\\/logo\\\/image\\\/\"},\"sameAs\":[\"https:\\\/\\\/www.facebook.com\\\/paintnprogressart\",\"https:\\\/\\\/www.youtube.com\\\/@PaintAndProgressArt\",\"https:\\\/\\\/www.tiktok.com\\\/@paint_and_progress?lang=lv\"]}]}<\/script>\n<!-- \/ Yoast SEO plugin. -->","yoast_head_json":{"title":"Profesion\u0101li sienu gleznojumi - paintnprogress.art","description":"Profesion\u0101li sienu gleznojumi un individu\u0101la apglezno\u0161ana \u2013 rad\u0101m unik\u0101lu vizu\u0101lo identit\u0101ti interjer\u0101 un eksterjer\u0101. M\u0101ksla, kas iedvesmo telpu!","robots":{"index":"index","follow":"follow","max-snippet":"max-snippet:-1","max-image-preview":"max-image-preview:large","max-video-preview":"max-video-preview:-1"},"canonical":"https:\/\/paintnprogress.art\/lv\/product\/profesionali-sienu-gleznojumi\/","og_locale":"lv_LV","og_type":"article","og_title":"Profesion\u0101li sienu gleznojumi - paintnprogress.art","og_description":"Profesion\u0101li sienu gleznojumi un individu\u0101la apglezno\u0161ana \u2013 rad\u0101m unik\u0101lu vizu\u0101lo identit\u0101ti interjer\u0101 un eksterjer\u0101. M\u0101ksla, kas iedvesmo telpu!","og_url":"https:\/\/paintnprogress.art\/lv\/product\/profesionali-sienu-gleznojumi\/","og_site_name":"paintnprogress.art","article_publisher":"https:\/\/www.facebook.com\/paintnprogressart","article_modified_time":"2025-12-26T05:32:07+00:00","og_image":[{"width":1864,"height":1252,"url":"https:\/\/paintnprogress.art\/wp-content\/uploads\/2025\/06\/WP5.webp","type":"image\/webp"}],"twitter_card":"summary_large_image","twitter_misc":{"Est. reading time":"2 min\u016btes"},"schema":{"@context":"https:\/\/schema.org","@graph":[{"@type":"WebPage","@id":"https:\/\/paintnprogress.art\/product\/profesionali-sienu-gleznojumi\/","url":"https:\/\/paintnprogress.art\/product\/profesionali-sienu-gleznojumi\/","name":"Profesion\u0101li sienu gleznojumi - paintnprogress.art","isPartOf":{"@id":"https:\/\/paintnprogress.art\/#website"},"primaryImageOfPage":{"@id":"https:\/\/paintnprogress.art\/product\/profesionali-sienu-gleznojumi\/#primaryimage"},"image":{"@id":"https:\/\/paintnprogress.art\/product\/profesionali-sienu-gleznojumi\/#primaryimage"},"thumbnailUrl":"https:\/\/paintnprogress.art\/wp-content\/uploads\/2025\/06\/WP5.webp","datePublished":"2025-06-17T16:28:08+00:00","dateModified":"2025-12-26T05:32:07+00:00","description":"Profesion\u0101li sienu gleznojumi un individu\u0101la apglezno\u0161ana \u2013 rad\u0101m unik\u0101lu vizu\u0101lo identit\u0101ti interjer\u0101 un eksterjer\u0101. M\u0101ksla, kas iedvesmo telpu!","breadcrumb":{"@id":"https:\/\/paintnprogress.art\/product\/profesionali-sienu-gleznojumi\/#breadcrumb"},"inLanguage":"lv-LV","potentialAction":[{"@type":"ReadAction","target":["https:\/\/paintnprogress.art\/product\/profesionali-sienu-gleznojumi\/"]}]},{"@type":"ImageObject","inLanguage":"lv-LV","@id":"https:\/\/paintnprogress.art\/product\/profesionali-sienu-gleznojumi\/#primaryimage","url":"https:\/\/paintnprogress.art\/wp-content\/uploads\/2025\/06\/WP5.webp","contentUrl":"https:\/\/paintnprogress.art\/wp-content\/uploads\/2025\/06\/WP5.webp","width":1864,"height":1252,"caption":"Profesion\u0101li sienu gleznojumi"},{"@type":"BreadcrumbList","@id":"https:\/\/paintnprogress.art\/product\/profesionali-sienu-gleznojumi\/#breadcrumb","itemListElement":[{"@type":"ListItem","position":1,"name":"Home","item":"https:\/\/paintnprogress.art\/"},{"@type":"ListItem","position":2,"name":"Shop","item":"https:\/\/paintnprogress.art\/shop\/"},{"@type":"ListItem","position":3,"name":"Profesion\u0101li sienu gleznojumi"}]},{"@type":"WebSite","@id":"https:\/\/paintnprogress.art\/#website","url":"https:\/\/paintnprogress.art\/","name":"paintnprogress.art","description":"Glezno\u0161anas Nodarb\u012bbas","publisher":{"@id":"https:\/\/paintnprogress.art\/#organization"},"potentialAction":[{"@type":"SearchAction","target":{"@type":"EntryPoint","urlTemplate":"https:\/\/paintnprogress.art\/?s={search_term_string}"},"query-input":{"@type":"PropertyValueSpecification","valueRequired":true,"valueName":"search_term_string"}}],"inLanguage":"lv-LV"},{"@type":"Organization","@id":"https:\/\/paintnprogress.art\/#organization","name":"Paint&Progress","alternateName":"Paint and Progress","url":"https:\/\/paintnprogress.art\/","logo":{"@type":"ImageObject","inLanguage":"lv-LV","@id":"https:\/\/paintnprogress.art\/#\/schema\/logo\/image\/","url":"https:\/\/paintnprogress.art\/wp-content\/uploads\/2025\/01\/512.webp","contentUrl":"https:\/\/paintnprogress.art\/wp-content\/uploads\/2025\/01\/512.webp","width":512,"height":512,"caption":"Paint&Progress"},"image":{"@id":"https:\/\/paintnprogress.art\/#\/schema\/logo\/image\/"},"sameAs":["https:\/\/www.facebook.com\/paintnprogressart","https:\/\/www.youtube.com\/@PaintAndProgressArt","https:\/\/www.tiktok.com\/@paint_and_progress?lang=lv"]}]}},"uagb_featured_image_src":{"full":["https:\/\/paintnprogress.art\/wp-content\/uploads\/2025\/06\/WP5.webp",1864,1252,false],"thumbnail":["https:\/\/paintnprogress.art\/wp-content\/uploads\/2025\/06\/WP5-150x150.webp",150,150,true],"medium":["https:\/\/paintnprogress.art\/wp-content\/uploads\/2025\/06\/WP5-300x202.webp",300,202,true],"medium_large":["https:\/\/paintnprogress.art\/wp-content\/uploads\/2025\/06\/WP5-768x516.webp",768,516,true],"large":["https:\/\/paintnprogress.art\/wp-content\/uploads\/2025\/06\/WP5-1024x688.webp",1024,688,true],"1536x1536":["https:\/\/paintnprogress.art\/wp-content\/uploads\/2025\/06\/WP5-1536x1032.webp",1536,1032,true],"2048x2048":["https:\/\/paintnprogress.art\/wp-content\/uploads\/2025\/06\/WP5.webp",1864,1252,false],"trp-custom-language-flag":["https:\/\/paintnprogress.art\/wp-content\/uploads\/2025\/06\/WP5-18x12.webp",18,12,true],"woocommerce_thumbnail":["https:\/\/paintnprogress.art\/wp-content\/uploads\/2025\/06\/WP5-300x300.webp",300,300,true],"woocommerce_single":["https:\/\/paintnprogress.art\/wp-content\/uploads\/2025\/06\/WP5-600x403.webp",600,403,true],"woocommerce_gallery_thumbnail":["https:\/\/paintnprogress.art\/wp-content\/uploads\/2025\/06\/WP5-100x100.webp",100,100,true]},"uagb_author_info":{"display_name":"Dzintars Kalnins","author_link":"https:\/\/paintnprogress.art\/lv\/author\/"},"uagb_comment_info":0,"uagb_excerpt":"Profesion\u0101li sienu gleznojumiCena no 25 - 100 eiro par m2 Profesion\u0101li sienu gleznojumi un individu\u0101la apglezno\u0161ana \u2013 rad\u0101m unik\u0101lu vizu\u0101lo identit\u0101ti interjer\u0101 un eksterjer\u0101. M\u0101ksla, kas iedvesmo telpu!","_links":{"self":[{"href":"https:\/\/paintnprogress.art\/lv\/wp-json\/wp\/v2\/product\/5105","targetHints":{"allow":["GET"]}}],"collection":[{"href":"https:\/\/paintnprogress.art\/lv\/wp-json\/wp\/v2\/product"}],"about":[{"href":"https:\/\/paintnprogress.art\/lv\/wp-json\/wp\/v2\/types\/product"}],"replies":[{"embeddable":true,"href":"https:\/\/paintnprogress.art\/lv\/wp-json\/wp\/v2\/comments?post=5105"}],"wp:featuredmedia":[{"embeddable":true,"href":"https:\/\/paintnprogress.art\/lv\/wp-json\/wp\/v2\/media\/5110"}],"wp:attachment":[{"href":"https:\/\/paintnprogress.art\/lv\/wp-json\/wp\/v2\/media?parent=5105"}],"wp:term":[{"taxonomy":"product_brand","embeddable":true,"href":"https:\/\/paintnprogress.art\/lv\/wp-json\/wp\/v2\/product_brand?post=5105"},{"taxonomy":"product_cat","embeddable":true,"href":"https:\/\/paintnprogress.art\/lv\/wp-json\/wp\/v2\/product_cat?post=5105"},{"taxonomy":"product_tag","embeddable":true,"href":"https:\/\/paintnprogress.art\/lv\/wp-json\/wp\/v2\/product_tag?post=5105"}],"curies":[{"name":"wp","href":"https:\/\/api.w.org\/{rel}","templated":true}]}}