{"id":5103,"date":"2025-06-17T15:38:50","date_gmt":"2025-06-17T15:38:50","guid":{"rendered":"https:\/\/paintnprogress.art\/?post_type=product&#038;p=5103"},"modified":"2025-07-01T13:37:53","modified_gmt":"2025-07-01T13:37:53","slug":"d-kalnina-glezna-visi-viena-laiva","status":"publish","type":"product","link":"https:\/\/paintnprogress.art\/lv\/product\/d-kalnina-glezna-visi-viena-laiva\/","title":{"rendered":"D.Kalni\u0146a glezna &#8211; Visi Vien\u0101 Laiv\u0101"},"content":{"rendered":"<h3 data-start=\"177\" data-end=\"211\"><strong data-start=\"181\" data-end=\"211\">Glezna: \u201cVisi vien\u0101 laiv\u0101\u201d<\/strong><\/h3>\n<p data-start=\"213\" data-end=\"295\"><strong data-start=\"213\" data-end=\"225\">Tehnika:<\/strong> E\u013c\u013ca un akrils uz audekla<br data-start=\"251\" data-end=\"254\" \/><strong data-start=\"254\" data-end=\"265\">Izm\u0113rs:<\/strong> 146 \u00d7 111 cm<br data-start=\"278\" data-end=\"281\" \/><strong data-start=\"281\" data-end=\"290\">Gads:<\/strong> 2018<\/p>\n<hr data-start=\"297\" data-end=\"300\" \/>\n<h3 data-start=\"302\" data-end=\"338\"><strong data-start=\"306\" data-end=\"336\">M\u0101kslinieciskais skat\u012bjums<\/strong><\/h3>\n<p data-start=\"339\" data-end=\"688\">Dzintara Kalni\u0146a glezna \u201cVisi vien\u0101 laiv\u0101\u201d atkl\u0101j nosl\u0113pumainu un savdab\u012bgu pasauli, kur\u0101 cilv\u0113ki un dz\u012bvnieki vienoti ne tikai telp\u0101, bet ar\u012b gar\u012bg\u0101 noska\u0146ojum\u0101. Ironiski klusin\u0101t\u0101 kr\u0101su gamma un t\u0113lu skatieni aicina uz p\u0101rdom\u0101m par kop\u012bbu un sve\u0161umu vienlaikus. Sirre\u0101l\u0101, viegli komisk\u0101 noska\u0146a glezn\u0101 sadz\u012bvo ar v\u0113rojamu smeldzi un atsve\u0161in\u0101jumu.<\/p>\n<p data-start=\"690\" data-end=\"970\">M\u0101kslinieks izmanto gan e\u013c\u013cas, gan akrila kr\u0101su priek\u0161roc\u012bbas \u2013 akrils pie\u0161\u0137ir virsmai dz\u012bv\u012bgu ekspresiju, kam\u0113r e\u013c\u013ca ienes maigumu un telpiskumu. \u0160\u012b tehnisk\u0101 kombin\u0101cija \u013cauj rad\u012bt darb\u0101 dzi\u013cuma efektu un vizu\u0101li pies\u0101tin\u0101tu virsmu, kur\u0101 statiskie t\u0113li ieg\u016bst savu iek\u0161\u0113jo ritmu.<\/p>\n<hr data-start=\"972\" data-end=\"975\" \/>\n<h3 data-start=\"977\" data-end=\"1011\"><strong data-start=\"981\" data-end=\"1009\">Nosaukuma interpret\u0101cija<\/strong><\/h3>\n<p data-start=\"1012\" data-end=\"1435\">Nosaukums \u201cVisi vien\u0101 laiv\u0101\u201d \u0161\u0137ietami pied\u0101v\u0101 vienk\u0101r\u0161u metaforu \u2013 par kop\u012bbu, l\u012bdz\u012bgu likteni vai dz\u012bves ce\u013cu. Tom\u0113r, raugoties uz gleznas t\u0113liem \u2013 \u010detriem cilv\u0113kveid\u012bgiem st\u0101viem un vienu raibu, cilv\u0113ka lieluma putnu \u2013 top skaidrs, ka \u0161\u012b vienot\u012bba ir sare\u017e\u0123\u012bt\u0101ka. Laiva \u0161eit k\u013c\u016bst par simbolisku telpu, kur\u0101 valda klusums, nesatik\u0161an\u0101s un vientul\u012bba. Vai \u0161\u012b \u201claiva\u201d ir sabiedr\u012bba, attiec\u012bbas, vai pati cilv\u0113ka eksistence?<\/p>\n<p data-start=\"1437\" data-end=\"1649\">Nosaukums ironiski vedina dom\u0101t par solidarit\u0101ti, ta\u010du glezna liek ap\u0161aub\u012bt, cik \u012bsta ir \u0161\u012b kop\u012bba. Taj\u0101 valda distanc\u0113ts tuvums \u2013 k\u0101 absurda lug\u0101, kur varo\u0146i dz\u012bvo viens otram l\u012bdz\u0101s, bet run\u0101 katrs sav\u0101 valod\u0101.<\/p>\n<hr data-start=\"1651\" data-end=\"1654\" \/>\n<h3 data-start=\"1656\" data-end=\"1685\"><strong data-start=\"1660\" data-end=\"1683\">Formas un strukt\u016bra<\/strong><\/h3>\n<p data-start=\"1686\" data-end=\"1970\">Glezna balans\u0113 uz robe\u017eas starp figur\u0101lismu un simbolisku kompoz\u012bciju. T\u0113li ir vienk\u0101r\u0161oti, it k\u0101 izz\u012bm\u0113ti no atmi\u0146as \u2013 ar b\u0101lganiem sejas vaibstiem, izpl\u016bdu\u0161\u0101m kont\u016br\u0101m un tuk\u0161iem skatieniem. Vi\u0146u poza un izk\u0101rtojums rind\u0101 rada iespaidu par st\u0101v\u0113\u0161anu uz k\u0101da izr\u0101des vai tiesas sola.<\/p>\n<p data-start=\"1972\" data-end=\"2213\">Kr\u0101su palete \u2013 klusin\u0101ti pel\u0113kzila, sarkana un br\u016bngana \u2013 pie\u0161\u0137ir gleznai smalku melanholijas noska\u0146u. Virs t\u0113liem izk\u0101rtotie ko\u0161ie karodzi\u0146i vizu\u0101li kontrast\u0113 ar fig\u016bru statiskumu, radot spriedzi starp \u0161\u0137ietamu svin\u012bgumu un iek\u0161\u0113ju tuk\u0161umu.<\/p>\n<hr data-start=\"2215\" data-end=\"2218\" \/>\n<h3 data-start=\"2220\" data-end=\"2258\"><strong data-start=\"2224\" data-end=\"2256\">Konteksts un rad\u012b\u0161anas laiks<\/strong><\/h3>\n<p data-start=\"2259\" data-end=\"2502\">Rad\u012bta 2018. gad\u0101, glezna \u201cVisi vien\u0101 laiv\u0101\u201d iemieso Kalni\u0146a sp\u0113ju ar \u0161\u0137ietami vienk\u0101r\u0161iem l\u012bdzek\u013ciem rad\u012bt daudzsl\u0101\u0146ainu noz\u012bmi. T\u0101 ir ironiska un reiz\u0113 l\u012bdzj\u016bt\u012bga refleksija par cilv\u0113ku attiec\u012bb\u0101m, kolekt\u012bvu eksistenci un iek\u0161\u0113jo vientul\u012bbu.<\/p>\n<p data-start=\"2504\" data-end=\"2748\">Glezna ir vienlaikus est\u0113tisks objekts un aicin\u0101jums dom\u0101t \u2013 par l\u012bdz\u0101spast\u0101v\u0113\u0161anu, sapra\u0161anos un klusumu starp v\u0101rdiem. T\u0101 uzrun\u0101 gan intuit\u012bvi, gan intelektu\u0101li, piesaistot skatienu ar savu t\u0113lain\u012bbu, bet paliek pr\u0101t\u0101 ar savu j\u0113gas nosl\u0113pumu.<\/p>\n<hr data-start=\"2750\" data-end=\"2753\" \/>\n<h3 data-start=\"2755\" data-end=\"2778\"><strong data-start=\"2759\" data-end=\"2776\">Skat\u012bt gleznu<\/strong><\/h3>\n<p data-start=\"2779\" data-end=\"2922\">Lai apskat\u012btu gleznas att\u0113lu, l\u016bdzu, apmekl\u0113jiet \u0161o Instagram saiti:<br data-start=\"2847\" data-end=\"2850\" \/><a class=\"\" href=\"https:\/\/www.instagram.com\/p\/Bk4hS6AhoTb\/\" target=\"_new\" rel=\"noopener\" data-start=\"2850\" data-end=\"2922\">Instagram \u2013 Visi vien\u0101 laiv\u0101<\/a><\/p>\n<hr data-start=\"2924\" data-end=\"2927\" \/>\n<h3 data-start=\"2929\" data-end=\"2949\"><strong data-start=\"2933\" data-end=\"2947\">Par autoru<\/strong><\/h3>\n<p data-start=\"2950\" data-end=\"3035\">Par Dzintaru Kalni\u0146u las\u012bt vair\u0101k <a class=\"cursor-pointer\" href=\"https:\/\/paintnprogress.art\/lv\/dzintars-kalnins-starp-gaismu-un-enu\/\" target=\"_new\" rel=\"noopener\" data-start=\"2984\" data-end=\"3034\">\u0161eit<\/a>.<\/p>\n<p data-start=\"2141\" data-end=\"2253\">\n","protected":false},"excerpt":{"rendered":"<p data-start=\"73\" data-end=\"137\"><strong data-start=\"73\" data-end=\"88\">\u201cVisi Vien\u0101 Laiv\u0101\u201d<\/strong><br data-start=\"88\" data-end=\"91\" \/><em data-start=\"91\" data-end=\"137\">E\u013c\u013ca + akrils uz audekla, 146x111cm, 2018<\/em><\/p>\n<p data-start=\"139\" data-end=\"536\">\u201cVisi vien\u0101 laiv\u0101\u201d atkl\u0101j nosl\u0113pumainu un savdab\u012bgu pasauli, kur\u0101 cilv\u0113ki un dz\u012bvnieki vienoti ne tikai telp\u0101, bet ar\u012b gar\u012bg\u0101 noska\u0146ojum\u0101. Ironiski klusin\u0101t\u0101 kr\u0101su gamma un t\u0113lu skatieni aicina uz p\u0101rdom\u0101m par kop\u012bbu un sve\u0161umu vienlaikus.<\/p>\n","protected":false},"featured_media":4992,"comment_status":"open","ping_status":"closed","template":"","meta":{"_uag_custom_page_level_css":"","site-sidebar-layout":"default","site-content-layout":"","ast-site-content-layout":"default","site-content-style":"default","site-sidebar-style":"default","ast-global-header-display":"","ast-banner-title-visibility":"","ast-main-header-display":"","ast-hfb-above-header-display":"","ast-hfb-below-header-display":"","ast-hfb-mobile-header-display":"","site-post-title":"","ast-breadcrumbs-content":"","ast-featured-img":"","footer-sml-layout":"","ast-disable-related-posts":"","theme-transparent-header-meta":"default","adv-header-id-meta":"","stick-header-meta":"","header-above-stick-meta":"","header-main-stick-meta":"","header-below-stick-meta":"","astra-migrate-meta-layouts":"set","ast-page-background-enabled":"default","ast-page-background-meta":{"desktop":{"background-color":"","background-image":"","background-repeat":"repeat","background-position":"center center","background-size":"auto","background-attachment":"scroll","background-type":"","background-media":"","overlay-type":"","overlay-color":"","overlay-opacity":"","overlay-gradient":""},"tablet":{"background-color":"","background-image":"","background-repeat":"repeat","background-position":"center center","background-size":"auto","background-attachment":"scroll","background-type":"","background-media":"","overlay-type":"","overlay-color":"","overlay-opacity":"","overlay-gradient":""},"mobile":{"background-color":"","background-image":"","background-repeat":"repeat","background-position":"center center","background-size":"auto","background-attachment":"scroll","background-type":"","background-media":"","overlay-type":"","overlay-color":"","overlay-opacity":"","overlay-gradient":""}},"ast-content-background-meta":{"desktop":{"background-color":"var(--ast-global-color-5)","background-image":"","background-repeat":"repeat","background-position":"center center","background-size":"auto","background-attachment":"scroll","background-type":"","background-media":"","overlay-type":"","overlay-color":"","overlay-opacity":"","overlay-gradient":""},"tablet":{"background-color":"var(--ast-global-color-5)","background-image":"","background-repeat":"repeat","background-position":"center center","background-size":"auto","background-attachment":"scroll","background-type":"","background-media":"","overlay-type":"","overlay-color":"","overlay-opacity":"","overlay-gradient":""},"mobile":{"background-color":"var(--ast-global-color-5)","background-image":"","background-repeat":"repeat","background-position":"center center","background-size":"auto","background-attachment":"scroll","background-type":"","background-media":"","overlay-type":"","overlay-color":"","overlay-opacity":"","overlay-gradient":""}}},"product_brand":[],"product_cat":[37,36],"product_tag":[],"class_list":{"0":"post-5103","1":"product","2":"type-product","3":"status-publish","4":"has-post-thumbnail","6":"product_cat-dzintara-kalnina-gleznu-galerija","7":"product_cat-makslas-gara-galerija","8":"desktop-align-left","9":"tablet-align-left","10":"mobile-align-left","12":"first","13":"instock","14":"sold-individually","15":"shipping-taxable","16":"purchasable","17":"product-type-simple"},"yoast_head":"<!-- This site is optimized with the Yoast SEO plugin v27.5 - https:\/\/yoast.com\/product\/yoast-seo-wordpress\/ -->\n<title>D.Kalni\u0146a glezna - Visi Vien\u0101 Laiv\u0101 - paintnprogress.art<\/title>\n<meta name=\"description\" content=\"D.Kalni\u0146a glezna \u201cVisi vien\u0101 laiv\u0101\u201d \u2013 sirre\u0101la kop\u012bbas un sve\u0161uma alegorija. Ironiski mier\u012bg\u0101 kompoz\u012bcija aicina uz eksistenci\u0101l\u0101m p\u0101rdom\u0101m.\" \/>\n<meta name=\"robots\" content=\"index, follow, max-snippet:-1, max-image-preview:large, max-video-preview:-1\" \/>\n<link rel=\"canonical\" href=\"https:\/\/paintnprogress.art\/lv\/product\/d-kalnina-glezna-visi-viena-laiva\/\" \/>\n<meta property=\"og:locale\" content=\"lv_LV\" \/>\n<meta property=\"og:type\" content=\"article\" \/>\n<meta property=\"og:title\" content=\"D.Kalni\u0146a glezna - Visi Vien\u0101 Laiv\u0101 - paintnprogress.art\" \/>\n<meta property=\"og:description\" content=\"D.Kalni\u0146a glezna \u201cVisi vien\u0101 laiv\u0101\u201d \u2013 sirre\u0101la kop\u012bbas un sve\u0161uma alegorija. Ironiski mier\u012bg\u0101 kompoz\u012bcija aicina uz eksistenci\u0101l\u0101m p\u0101rdom\u0101m.\" \/>\n<meta property=\"og:url\" content=\"https:\/\/paintnprogress.art\/lv\/product\/d-kalnina-glezna-visi-viena-laiva\/\" \/>\n<meta property=\"og:site_name\" content=\"paintnprogress.art\" \/>\n<meta property=\"article:publisher\" content=\"https:\/\/www.facebook.com\/paintnprogressart\" \/>\n<meta property=\"article:modified_time\" content=\"2025-07-01T13:37:53+00:00\" \/>\n<meta property=\"og:image\" content=\"https:\/\/paintnprogress.art\/wp-content\/uploads\/2025\/06\/IMG_20180706_095437-scaled.webp\" \/>\n\t<meta property=\"og:image:width\" content=\"2560\" \/>\n\t<meta property=\"og:image:height\" content=\"1846\" \/>\n\t<meta property=\"og:image:type\" content=\"image\/webp\" \/>\n<meta name=\"twitter:card\" content=\"summary_large_image\" \/>\n<meta name=\"twitter:label1\" content=\"Est. reading time\" \/>\n\t<meta name=\"twitter:data1\" content=\"3 min\u016btes\" \/>\n<script type=\"application\/ld+json\" class=\"yoast-schema-graph\">{\"@context\":\"https:\\\/\\\/schema.org\",\"@graph\":[{\"@type\":\"WebPage\",\"@id\":\"https:\\\/\\\/paintnprogress.art\\\/lv\\\/product\\\/d-kalnina-glezna-visi-viena-laiva\\\/\",\"url\":\"https:\\\/\\\/paintnprogress.art\\\/lv\\\/product\\\/d-kalnina-glezna-visi-viena-laiva\\\/\",\"name\":\"D.Kalni\u0146a glezna - Visi Vien\u0101 Laiv\u0101 - paintnprogress.art\",\"isPartOf\":{\"@id\":\"https:\\\/\\\/paintnprogress.art\\\/#website\"},\"primaryImageOfPage\":{\"@id\":\"https:\\\/\\\/paintnprogress.art\\\/lv\\\/product\\\/d-kalnina-glezna-visi-viena-laiva\\\/#primaryimage\"},\"image\":{\"@id\":\"https:\\\/\\\/paintnprogress.art\\\/lv\\\/product\\\/d-kalnina-glezna-visi-viena-laiva\\\/#primaryimage\"},\"thumbnailUrl\":\"https:\\\/\\\/paintnprogress.art\\\/wp-content\\\/uploads\\\/2025\\\/06\\\/IMG_20180706_095437-scaled.webp\",\"datePublished\":\"2025-06-17T15:38:50+00:00\",\"dateModified\":\"2025-07-01T13:37:53+00:00\",\"description\":\"D.Kalni\u0146a glezna \u201cVisi vien\u0101 laiv\u0101\u201d \u2013 sirre\u0101la kop\u012bbas un sve\u0161uma alegorija. Ironiski mier\u012bg\u0101 kompoz\u012bcija aicina uz eksistenci\u0101l\u0101m p\u0101rdom\u0101m.\",\"breadcrumb\":{\"@id\":\"https:\\\/\\\/paintnprogress.art\\\/lv\\\/product\\\/d-kalnina-glezna-visi-viena-laiva\\\/#breadcrumb\"},\"inLanguage\":\"lv-LV\",\"potentialAction\":[{\"@type\":\"ReadAction\",\"target\":[\"https:\\\/\\\/paintnprogress.art\\\/lv\\\/product\\\/d-kalnina-glezna-visi-viena-laiva\\\/\"]}]},{\"@type\":\"ImageObject\",\"inLanguage\":\"lv-LV\",\"@id\":\"https:\\\/\\\/paintnprogress.art\\\/lv\\\/product\\\/d-kalnina-glezna-visi-viena-laiva\\\/#primaryimage\",\"url\":\"https:\\\/\\\/paintnprogress.art\\\/wp-content\\\/uploads\\\/2025\\\/06\\\/IMG_20180706_095437-scaled.webp\",\"contentUrl\":\"https:\\\/\\\/paintnprogress.art\\\/wp-content\\\/uploads\\\/2025\\\/06\\\/IMG_20180706_095437-scaled.webp\",\"width\":2560,\"height\":1846,\"caption\":\"\\\"All in one boat\\\" 146x111cm, Oil+Acrylic on canvas, 2018\"},{\"@type\":\"BreadcrumbList\",\"@id\":\"https:\\\/\\\/paintnprogress.art\\\/lv\\\/product\\\/d-kalnina-glezna-visi-viena-laiva\\\/#breadcrumb\",\"itemListElement\":[{\"@type\":\"ListItem\",\"position\":1,\"name\":\"Home\",\"item\":\"https:\\\/\\\/paintnprogress.art\\\/\"},{\"@type\":\"ListItem\",\"position\":2,\"name\":\"Shop\",\"item\":\"https:\\\/\\\/paintnprogress.art\\\/shop\\\/\"},{\"@type\":\"ListItem\",\"position\":3,\"name\":\"D.Kalni\u0146a glezna &#8211; Visi Vien\u0101 Laiv\u0101\"}]},{\"@type\":\"WebSite\",\"@id\":\"https:\\\/\\\/paintnprogress.art\\\/#website\",\"url\":\"https:\\\/\\\/paintnprogress.art\\\/\",\"name\":\"paintnprogress.art\",\"description\":\"Glezno\u0161anas Nodarb\u012bbas\",\"publisher\":{\"@id\":\"https:\\\/\\\/paintnprogress.art\\\/#organization\"},\"potentialAction\":[{\"@type\":\"SearchAction\",\"target\":{\"@type\":\"EntryPoint\",\"urlTemplate\":\"https:\\\/\\\/paintnprogress.art\\\/?s={search_term_string}\"},\"query-input\":{\"@type\":\"PropertyValueSpecification\",\"valueRequired\":true,\"valueName\":\"search_term_string\"}}],\"inLanguage\":\"lv-LV\"},{\"@type\":\"Organization\",\"@id\":\"https:\\\/\\\/paintnprogress.art\\\/#organization\",\"name\":\"Paint&Progress\",\"alternateName\":\"Paint and Progress\",\"url\":\"https:\\\/\\\/paintnprogress.art\\\/\",\"logo\":{\"@type\":\"ImageObject\",\"inLanguage\":\"lv-LV\",\"@id\":\"https:\\\/\\\/paintnprogress.art\\\/#\\\/schema\\\/logo\\\/image\\\/\",\"url\":\"https:\\\/\\\/paintnprogress.art\\\/wp-content\\\/uploads\\\/2025\\\/01\\\/512.webp\",\"contentUrl\":\"https:\\\/\\\/paintnprogress.art\\\/wp-content\\\/uploads\\\/2025\\\/01\\\/512.webp\",\"width\":512,\"height\":512,\"caption\":\"Paint&Progress\"},\"image\":{\"@id\":\"https:\\\/\\\/paintnprogress.art\\\/#\\\/schema\\\/logo\\\/image\\\/\"},\"sameAs\":[\"https:\\\/\\\/www.facebook.com\\\/paintnprogressart\",\"https:\\\/\\\/www.youtube.com\\\/@PaintAndProgressArt\",\"https:\\\/\\\/www.tiktok.com\\\/@paint_and_progress?lang=lv\"]}]}<\/script>\n<!-- \/ Yoast SEO plugin. -->","yoast_head_json":{"title":"D.Kalni\u0146a glezna - Visi Vien\u0101 Laiv\u0101 - paintnprogress.art","description":"D.Kalni\u0146a glezna \u201cVisi vien\u0101 laiv\u0101\u201d \u2013 sirre\u0101la kop\u012bbas un sve\u0161uma alegorija. Ironiski mier\u012bg\u0101 kompoz\u012bcija aicina uz eksistenci\u0101l\u0101m p\u0101rdom\u0101m.","robots":{"index":"index","follow":"follow","max-snippet":"max-snippet:-1","max-image-preview":"max-image-preview:large","max-video-preview":"max-video-preview:-1"},"canonical":"https:\/\/paintnprogress.art\/lv\/product\/d-kalnina-glezna-visi-viena-laiva\/","og_locale":"lv_LV","og_type":"article","og_title":"D.Kalni\u0146a glezna - Visi Vien\u0101 Laiv\u0101 - paintnprogress.art","og_description":"D.Kalni\u0146a glezna \u201cVisi vien\u0101 laiv\u0101\u201d \u2013 sirre\u0101la kop\u012bbas un sve\u0161uma alegorija. Ironiski mier\u012bg\u0101 kompoz\u012bcija aicina uz eksistenci\u0101l\u0101m p\u0101rdom\u0101m.","og_url":"https:\/\/paintnprogress.art\/lv\/product\/d-kalnina-glezna-visi-viena-laiva\/","og_site_name":"paintnprogress.art","article_publisher":"https:\/\/www.facebook.com\/paintnprogressart","article_modified_time":"2025-07-01T13:37:53+00:00","og_image":[{"width":2560,"height":1846,"url":"https:\/\/paintnprogress.art\/wp-content\/uploads\/2025\/06\/IMG_20180706_095437-scaled.webp","type":"image\/webp"}],"twitter_card":"summary_large_image","twitter_misc":{"Est. reading time":"3 min\u016btes"},"schema":{"@context":"https:\/\/schema.org","@graph":[{"@type":"WebPage","@id":"https:\/\/paintnprogress.art\/lv\/product\/d-kalnina-glezna-visi-viena-laiva\/","url":"https:\/\/paintnprogress.art\/lv\/product\/d-kalnina-glezna-visi-viena-laiva\/","name":"D.Kalni\u0146a glezna - Visi Vien\u0101 Laiv\u0101 - paintnprogress.art","isPartOf":{"@id":"https:\/\/paintnprogress.art\/#website"},"primaryImageOfPage":{"@id":"https:\/\/paintnprogress.art\/lv\/product\/d-kalnina-glezna-visi-viena-laiva\/#primaryimage"},"image":{"@id":"https:\/\/paintnprogress.art\/lv\/product\/d-kalnina-glezna-visi-viena-laiva\/#primaryimage"},"thumbnailUrl":"https:\/\/paintnprogress.art\/wp-content\/uploads\/2025\/06\/IMG_20180706_095437-scaled.webp","datePublished":"2025-06-17T15:38:50+00:00","dateModified":"2025-07-01T13:37:53+00:00","description":"D.Kalni\u0146a glezna \u201cVisi vien\u0101 laiv\u0101\u201d \u2013 sirre\u0101la kop\u012bbas un sve\u0161uma alegorija. Ironiski mier\u012bg\u0101 kompoz\u012bcija aicina uz eksistenci\u0101l\u0101m p\u0101rdom\u0101m.","breadcrumb":{"@id":"https:\/\/paintnprogress.art\/lv\/product\/d-kalnina-glezna-visi-viena-laiva\/#breadcrumb"},"inLanguage":"lv-LV","potentialAction":[{"@type":"ReadAction","target":["https:\/\/paintnprogress.art\/lv\/product\/d-kalnina-glezna-visi-viena-laiva\/"]}]},{"@type":"ImageObject","inLanguage":"lv-LV","@id":"https:\/\/paintnprogress.art\/lv\/product\/d-kalnina-glezna-visi-viena-laiva\/#primaryimage","url":"https:\/\/paintnprogress.art\/wp-content\/uploads\/2025\/06\/IMG_20180706_095437-scaled.webp","contentUrl":"https:\/\/paintnprogress.art\/wp-content\/uploads\/2025\/06\/IMG_20180706_095437-scaled.webp","width":2560,"height":1846,"caption":"\"All in one boat\" 146x111cm, Oil+Acrylic on canvas, 2018"},{"@type":"BreadcrumbList","@id":"https:\/\/paintnprogress.art\/lv\/product\/d-kalnina-glezna-visi-viena-laiva\/#breadcrumb","itemListElement":[{"@type":"ListItem","position":1,"name":"Home","item":"https:\/\/paintnprogress.art\/"},{"@type":"ListItem","position":2,"name":"Shop","item":"https:\/\/paintnprogress.art\/shop\/"},{"@type":"ListItem","position":3,"name":"D.Kalni\u0146a glezna &#8211; Visi Vien\u0101 Laiv\u0101"}]},{"@type":"WebSite","@id":"https:\/\/paintnprogress.art\/#website","url":"https:\/\/paintnprogress.art\/","name":"paintnprogress.art","description":"Glezno\u0161anas Nodarb\u012bbas","publisher":{"@id":"https:\/\/paintnprogress.art\/#organization"},"potentialAction":[{"@type":"SearchAction","target":{"@type":"EntryPoint","urlTemplate":"https:\/\/paintnprogress.art\/?s={search_term_string}"},"query-input":{"@type":"PropertyValueSpecification","valueRequired":true,"valueName":"search_term_string"}}],"inLanguage":"lv-LV"},{"@type":"Organization","@id":"https:\/\/paintnprogress.art\/#organization","name":"Paint&Progress","alternateName":"Paint and Progress","url":"https:\/\/paintnprogress.art\/","logo":{"@type":"ImageObject","inLanguage":"lv-LV","@id":"https:\/\/paintnprogress.art\/#\/schema\/logo\/image\/","url":"https:\/\/paintnprogress.art\/wp-content\/uploads\/2025\/01\/512.webp","contentUrl":"https:\/\/paintnprogress.art\/wp-content\/uploads\/2025\/01\/512.webp","width":512,"height":512,"caption":"Paint&Progress"},"image":{"@id":"https:\/\/paintnprogress.art\/#\/schema\/logo\/image\/"},"sameAs":["https:\/\/www.facebook.com\/paintnprogressart","https:\/\/www.youtube.com\/@PaintAndProgressArt","https:\/\/www.tiktok.com\/@paint_and_progress?lang=lv"]}]}},"uagb_featured_image_src":{"full":["https:\/\/paintnprogress.art\/wp-content\/uploads\/2025\/06\/IMG_20180706_095437-scaled.webp",2560,1846,false],"thumbnail":["https:\/\/paintnprogress.art\/wp-content\/uploads\/2025\/06\/IMG_20180706_095437-150x150.webp",150,150,true],"medium":["https:\/\/paintnprogress.art\/wp-content\/uploads\/2025\/06\/IMG_20180706_095437-300x216.webp",300,216,true],"medium_large":["https:\/\/paintnprogress.art\/wp-content\/uploads\/2025\/06\/IMG_20180706_095437-768x554.webp",768,554,true],"large":["https:\/\/paintnprogress.art\/wp-content\/uploads\/2025\/06\/IMG_20180706_095437-1024x739.webp",1024,739,true],"1536x1536":["https:\/\/paintnprogress.art\/wp-content\/uploads\/2025\/06\/IMG_20180706_095437-1536x1108.webp",1536,1108,true],"2048x2048":["https:\/\/paintnprogress.art\/wp-content\/uploads\/2025\/06\/IMG_20180706_095437-2048x1477.webp",2048,1477,true],"trp-custom-language-flag":["https:\/\/paintnprogress.art\/wp-content\/uploads\/2025\/06\/IMG_20180706_095437-18x12.webp",18,12,true],"woocommerce_thumbnail":["https:\/\/paintnprogress.art\/wp-content\/uploads\/2025\/06\/IMG_20180706_095437-300x300.webp",300,300,true],"woocommerce_single":["https:\/\/paintnprogress.art\/wp-content\/uploads\/2025\/06\/IMG_20180706_095437-600x433.webp",600,433,true],"woocommerce_gallery_thumbnail":["https:\/\/paintnprogress.art\/wp-content\/uploads\/2025\/06\/IMG_20180706_095437-100x100.webp",100,100,true]},"uagb_author_info":{"display_name":"Dzintars Kalnins","author_link":"https:\/\/paintnprogress.art\/lv\/author\/"},"uagb_comment_info":0,"uagb_excerpt":"\u201cVisi Vien\u0101 Laiv\u0101\u201dE\u013c\u013ca + akrils uz audekla, 146x111cm, 2018 \u201cVisi vien\u0101 laiv\u0101\u201d atkl\u0101j nosl\u0113pumainu un savdab\u012bgu pasauli, kur\u0101 cilv\u0113ki un dz\u012bvnieki vienoti ne tikai telp\u0101, bet ar\u012b gar\u012bg\u0101 noska\u0146ojum\u0101. Ironiski klusin\u0101t\u0101 kr\u0101su gamma un t\u0113lu skatieni aicina uz p\u0101rdom\u0101m par kop\u012bbu un sve\u0161umu vienlaikus.","_links":{"self":[{"href":"https:\/\/paintnprogress.art\/lv\/wp-json\/wp\/v2\/product\/5103","targetHints":{"allow":["GET"]}}],"collection":[{"href":"https:\/\/paintnprogress.art\/lv\/wp-json\/wp\/v2\/product"}],"about":[{"href":"https:\/\/paintnprogress.art\/lv\/wp-json\/wp\/v2\/types\/product"}],"replies":[{"embeddable":true,"href":"https:\/\/paintnprogress.art\/lv\/wp-json\/wp\/v2\/comments?post=5103"}],"wp:featuredmedia":[{"embeddable":true,"href":"https:\/\/paintnprogress.art\/lv\/wp-json\/wp\/v2\/media\/4992"}],"wp:attachment":[{"href":"https:\/\/paintnprogress.art\/lv\/wp-json\/wp\/v2\/media?parent=5103"}],"wp:term":[{"taxonomy":"product_brand","embeddable":true,"href":"https:\/\/paintnprogress.art\/lv\/wp-json\/wp\/v2\/product_brand?post=5103"},{"taxonomy":"product_cat","embeddable":true,"href":"https:\/\/paintnprogress.art\/lv\/wp-json\/wp\/v2\/product_cat?post=5103"},{"taxonomy":"product_tag","embeddable":true,"href":"https:\/\/paintnprogress.art\/lv\/wp-json\/wp\/v2\/product_tag?post=5103"}],"curies":[{"name":"wp","href":"https:\/\/api.w.org\/{rel}","templated":true}]}}