{"id":3805,"date":"2025-04-23T03:24:44","date_gmt":"2025-04-23T03:24:44","guid":{"rendered":"https:\/\/paintnprogress.art\/?post_type=product&#038;p=3805"},"modified":"2026-04-16T07:43:16","modified_gmt":"2026-04-16T07:43:16","slug":"radosa-davana-ar-paint-and-progress","status":"publish","type":"product","link":"https:\/\/paintnprogress.art\/lv\/product\/radosa-davana-ar-paint-and-progress\/","title":{"rendered":"Univers\u0101l\u0101 d\u0101vanu karte ar Paint &#038; Progress"},"content":{"rendered":"<h3 class=\"\" data-start=\"160\" data-end=\"200\">Univers\u0101l\u0101 d\u0101vanu karte ar Paint &amp; Progress<\/h3>\n<p class=\"\" data-start=\"326\" data-end=\"513\"><strong data-start=\"326\" data-end=\"361\">Rado\u0161\u0101 D\u0101vana ar Paint&amp;Progress<\/strong> sniedz iesp\u0113ju piedal\u012bties glezno\u0161anas nodarb\u012bb\u0101s, meistarklas\u0113s, plen\u0113ros vai \u012bpa\u0161os m\u0101kslas izbraukumos \u2013 t\u0101 ir d\u0101vana, kas \u013cauj izpausties un rad\u012bt. <b>T\u0101<\/b><strong>\u00a0ir v\u0113rt\u012bga un personiska izv\u0113le jebkuram<\/strong> \u2013 <strong>gan ies\u0101c\u0113jiem, gan pieredz\u0113ju\u0161iem m\u0101kslas m\u012b\u013cot\u0101jiem<\/strong>. Lab\u0101k\u0101 d\u0101vana ir rado\u0161i pavad\u012bts laiks m\u0101kslas gaisotn\u0113 un pa\u0161a rad\u012bts m\u0101kslas darbs .<\/p>\n<p data-start=\"515\" data-end=\"651\"><strong data-start=\"201\" data-end=\"237\">Uzd\u0101vini pieredzi, kas iedvesmo!<\/strong><\/p>\n<hr class=\"\" data-start=\"611\" data-end=\"614\" \/>\n<h3 class=\"\" data-start=\"616\" data-end=\"662\">K\u0101 ieg\u0101d\u0101ties un izmantot d\u0101vanu karti &#8220;<\/h3>\n<h3 class=\"\" data-start=\"160\" data-end=\"200\">Univers\u0101l\u0101 d\u0101vanu karte ar Paint &amp; Progress<\/h3>\n<ul data-start=\"663\" data-end=\"888\">\n<li class=\"\" data-start=\"663\" data-end=\"703\">\n<p class=\"\" data-start=\"665\" data-end=\"703\">Ieg\u0101de: <strong data-start=\"673\" data-end=\"684\">studij\u0101<\/strong> vai <strong data-start=\"689\" data-end=\"703\">tie\u0161saist\u0113<\/strong><\/p>\n<\/li>\n<li class=\"\" data-start=\"704\" data-end=\"749\">\n<p class=\"\" data-start=\"706\" data-end=\"749\">Der\u012bgums: <strong data-start=\"716\" data-end=\"729\">12 m\u0113ne\u0161i<\/strong> no ieg\u0101des br\u012b\u017ea<\/p>\n<\/li>\n<li class=\"\" data-start=\"750\" data-end=\"803\">\n<p class=\"\" data-start=\"752\" data-end=\"803\">Izmanto\u0161ana: <strong data-start=\"765\" data-end=\"803\">tikai Paint&amp;Progress pakalpojumiem<\/strong><\/p>\n<\/li>\n<li class=\"\" data-start=\"804\" data-end=\"840\">\n<p class=\"\" data-start=\"806\" data-end=\"840\">Apmai\u0146a pret naudu nav iesp\u0113jama \u274c<\/p>\n<\/li>\n<li class=\"\" data-start=\"841\" data-end=\"888\">\n<p class=\"\" data-start=\"843\" data-end=\"888\">Sa\u0146\u0113m\u0113js <strong data-start=\"852\" data-end=\"869\">br\u012bvi izv\u0113las<\/strong> nodarb\u012bbu un laiku<\/p>\n<\/li>\n<\/ul>\n<hr class=\"\" data-start=\"890\" data-end=\"893\" \/>\n<h3 class=\"\" data-start=\"895\" data-end=\"940\">Ko iesp\u0113jams apmekl\u0113t ar d\u0101vanu karti<\/h3>\n<h4 class=\"\" data-start=\"942\" data-end=\"964\">Meistarklases:<\/h4>\n<ul data-start=\"965\" data-end=\"1137\">\n<li class=\"\" data-start=\"965\" data-end=\"1029\">\n<p class=\"\" data-start=\"967\" data-end=\"1029\"><a href=\"https:\/\/paintnprogress.art\/product\/gleznosanas-meistarklases\/\"><strong>Glezno\u0161ana da\u017e\u0101d\u0101s tehnik\u0101s<\/strong><\/a> (ziedi, dz\u012bvnieki, daba, portreti)<\/p>\n<\/li>\n<li class=\"\" data-start=\"1165\" data-end=\"1202\">\n<p class=\"\" data-start=\"1167\" data-end=\"1202\"><a href=\"https:\/\/paintnprogress.art\/product\/gleznosanas-pleners-un-izbraukuma-meistarklase\/\"><strong data-start=\"1167\" data-end=\"1178\">Plen\u0113ri<\/strong><\/a> \u2013 glezno\u0161ana br\u012bv\u0101 dab\u0101<\/p>\n<\/li>\n<li class=\"\" data-start=\"1203\" data-end=\"1258\">\n<p class=\"\" data-start=\"1205\" data-end=\"1258\"><a href=\"https:\/\/paintnprogress.art\/product\/gleznosanas-meistarklase-uznemumiem\/\"><strong data-start=\"1205\" data-end=\"1219\">Izbraukumi<\/strong><\/a> \u2013 sesijas citos re\u0123ionos vai pas\u0101kumos<\/p>\n<\/li>\n<li class=\"\" data-start=\"1259\" data-end=\"1327\">\n<p class=\"\" data-start=\"1261\" data-end=\"1327\"><a href=\"https:\/\/paintnprogress.art\/product\/gleznosanas-meistarklases\/\"><strong data-start=\"1261\" data-end=\"1289\">Tematiskas meistarklases<\/strong><\/a> \u2013 sadarb\u012bb\u0101 ar da\u017e\u0101diem pasniedz\u0113jiem<\/p>\n<\/li>\n<\/ul>\n<h4 class=\"\" data-start=\"1329\" data-end=\"1351\">Rado\u0161ie kursi:<\/h4>\n<ul data-start=\"1352\" data-end=\"1485\">\n<li class=\"\" data-start=\"1352\" data-end=\"1425\">\n<p class=\"\" data-start=\"1354\" data-end=\"1425\"><a href=\"https:\/\/paintnprogress.art\/product\/arpus-ierasta\/\"><strong data-start=\"1354\" data-end=\"1379\">&#8220;Kursi \u0101rpus ierast\u0101&#8221;<\/strong><\/a> \u2013Nodarb\u012bbas ar Dzintaru Kalni\u0146u<\/p>\n<\/li>\n<li class=\"\" data-start=\"1426\" data-end=\"1485\">\n<p class=\"\" data-start=\"1428\" data-end=\"1485\"><a href=\"https:\/\/paintnprogress.art\/lv\/product\/stasti-bez-vardiem\/\"><strong data-start=\"1428\" data-end=\"1449\">&#8220;St\u0101sti bez v\u0101rdiem&#8221;<\/strong><\/a> \u2013 Nodarb\u012bbas ar Annu Simtnieci<\/p>\n<\/li>\n<li data-start=\"1426\" data-end=\"1485\"><a href=\"https:\/\/paintnprogress.art\/lv\/product\/maza-palete\/\"><strong>&#8220;Maz\u0101 palete<\/strong>&#8220;<\/a> -b\u0113rnu glezno\u0161anas nodarb\u012bbas<\/li>\n<\/ul>\n<hr class=\"\" data-start=\"1487\" data-end=\"1490\" \/>\n<h3 class=\"\" data-start=\"1492\" data-end=\"1529\">\u2728 Uzd\u0101vini vair\u0101k nek\u0101 d\u0101vanu \u2013<\/h3>\n<p class=\"\" data-start=\"1530\" data-end=\"1605\">Uzd\u0101vini <strong data-start=\"1539\" data-end=\"1551\">pieredzi<\/strong>, <strong data-start=\"1553\" data-end=\"1565\">rado\u0161umu<\/strong> un <strong data-start=\"1569\" data-end=\"1581\">iedvesmu<\/strong> kop\u0101 ar Paint&amp;Progress.<\/p>\n<p>&nbsp;<\/p>\n<hr \/>\n<p><em><strong>Padariet savus sv\u0113tkus par m\u0101kslas piedz\u012bvojumu, kas atst\u0101s neaizmirstamu iespaidu!<\/strong><\/em><\/p>\n","protected":false},"excerpt":{"rendered":"<p class=\"\" data-start=\"201\" data-end=\"237\"><strong data-start=\"201\" data-end=\"237\">Uzd\u0101vini pieredzi, kas iedvesmo!<\/strong><\/p>\n<ul>\n<li data-start=\"163\" data-end=\"268\">\n<p data-start=\"165\" data-end=\"268\">\ud83d\udd8c\ufe0f Iesp\u0113ja piedal\u012bties glezno\u0161anas nodarb\u012bb\u0101s, meistarklas\u0113s, plen\u0113ros un \u012bpa\u0161os m\u0101kslas izbraukumos<\/p>\n<\/li>\n<li data-start=\"269\" data-end=\"354\">\n<p data-start=\"271\" data-end=\"354\">\ud83d\udc9d Univers\u0101l\u0101 d\u0101vanu karte no <strong data-start=\"301\" data-end=\"321\">Paint &amp; Progress<\/strong> \u2013 piem\u0113rota jebkuram gad\u012bjumam<\/p>\n<\/li>\n<li data-start=\"355\" data-end=\"430\">\n<p data-start=\"357\" data-end=\"430\">\u270d\ufe0f D\u0101vanu karti iesp\u0113jams personaliz\u0113t ar v\u0101rdiem, summu vai nov\u0113l\u0113jumu<\/p>\n<\/li>\n<li data-start=\"431\" data-end=\"510\">\n<p data-start=\"433\" data-end=\"510\">\ud83d\udcdd V\u0101rdus un nov\u0113l\u0113jumu l\u016bdzam nor\u0101d\u012bt piez\u012bm\u0113s d\u0101vanu kartes ieg\u0101des br\u012bd\u012b<\/p>\n<\/li>\n<li data-start=\"511\" data-end=\"593\">\n<p data-start=\"513\" data-end=\"593\">\ud83d\udce7 Gatavu d\u0101vanu karti sa\u0146emsiet 1 dienas laik\u0101 uz nor\u0101d\u012bto e-pastu vai WhatsApp<\/p>\n<\/li>\n<\/ul>\n<p><strong>(L\u016bgums iepriek\u0161 saska\u0146ot nodarb\u012bbas datumu un laiku)<\/strong><\/p>\n","protected":false},"featured_media":3883,"comment_status":"open","ping_status":"closed","template":"","meta":{"_uag_custom_page_level_css":"","site-sidebar-layout":"default","site-content-layout":"","ast-site-content-layout":"default","site-content-style":"default","site-sidebar-style":"default","ast-global-header-display":"","ast-banner-title-visibility":"","ast-main-header-display":"","ast-hfb-above-header-display":"","ast-hfb-below-header-display":"","ast-hfb-mobile-header-display":"","site-post-title":"","ast-breadcrumbs-content":"","ast-featured-img":"","footer-sml-layout":"","ast-disable-related-posts":"","theme-transparent-header-meta":"default","adv-header-id-meta":"","stick-header-meta":"","header-above-stick-meta":"","header-main-stick-meta":"","header-below-stick-meta":"","astra-migrate-meta-layouts":"set","ast-page-background-enabled":"default","ast-page-background-meta":{"desktop":{"background-color":"","background-image":"","background-repeat":"repeat","background-position":"center center","background-size":"auto","background-attachment":"scroll","background-type":"","background-media":"","overlay-type":"","overlay-color":"","overlay-opacity":"","overlay-gradient":""},"tablet":{"background-color":"","background-image":"","background-repeat":"repeat","background-position":"center center","background-size":"auto","background-attachment":"scroll","background-type":"","background-media":"","overlay-type":"","overlay-color":"","overlay-opacity":"","overlay-gradient":""},"mobile":{"background-color":"","background-image":"","background-repeat":"repeat","background-position":"center center","background-size":"auto","background-attachment":"scroll","background-type":"","background-media":"","overlay-type":"","overlay-color":"","overlay-opacity":"","overlay-gradient":""}},"ast-content-background-meta":{"desktop":{"background-color":"var(--ast-global-color-5)","background-image":"","background-repeat":"repeat","background-position":"center center","background-size":"auto","background-attachment":"scroll","background-type":"","background-media":"","overlay-type":"","overlay-color":"","overlay-opacity":"","overlay-gradient":""},"tablet":{"background-color":"var(--ast-global-color-5)","background-image":"","background-repeat":"repeat","background-position":"center center","background-size":"auto","background-attachment":"scroll","background-type":"","background-media":"","overlay-type":"","overlay-color":"","overlay-opacity":"","overlay-gradient":""},"mobile":{"background-color":"var(--ast-global-color-5)","background-image":"","background-repeat":"repeat","background-position":"center center","background-size":"auto","background-attachment":"scroll","background-type":"","background-media":"","overlay-type":"","overlay-color":"","overlay-opacity":"","overlay-gradient":""}}},"product_brand":[],"product_cat":[43,163],"product_tag":[101,74,77,79,102,80,76],"class_list":{"0":"post-3805","1":"product","2":"type-product","3":"status-publish","4":"has-post-thumbnail","6":"product_cat-davanu-karte","7":"product_cat-davanu-kartes-meistarklases","8":"product_tag-davanu-karte","9":"product_tag-gleznosana-bez-priekszinasanam","10":"product_tag-gleznosanas-meistarklase","11":"product_tag-gleznosanas-nodarbibas-pieaugusajiem","12":"product_tag-radosa-davana","13":"product_tag-80","14":"product_tag-76","15":"desktop-align-left","16":"tablet-align-left","17":"mobile-align-left","19":"first","20":"instock","21":"featured","22":"sold-individually","23":"shipping-taxable","24":"purchasable","25":"product-type-variable"},"yoast_head":"<!-- This site is optimized with the Yoast SEO plugin v27.4 - https:\/\/yoast.com\/product\/yoast-seo-wordpress\/ -->\n<title>Univers\u0101l\u0101 d\u0101vanu karte ar Paint &amp; Progress - paintnprogress.art<\/title>\n<meta name=\"description\" content=\"Rado\u0161\u0101 D\u0101vana ar Paint&amp;Progress \u2013 ieg\u0101d\u0101jies d\u0101vanu karti glezno\u0161anas nodarb\u012bb\u0101m un meistarklas\u0113m. Uzd\u0101vini rado\u0161u pieredzi saviem tuv\u0101kajiem.\" \/>\n<meta name=\"robots\" content=\"index, follow, max-snippet:-1, max-image-preview:large, max-video-preview:-1\" \/>\n<link rel=\"canonical\" href=\"https:\/\/paintnprogress.art\/lv\/product\/radosa-davana-ar-paint-and-progress\/\" \/>\n<meta property=\"og:locale\" content=\"lv_LV\" \/>\n<meta property=\"og:type\" content=\"article\" \/>\n<meta property=\"og:title\" content=\"Univers\u0101l\u0101 d\u0101vanu karte ar Paint &amp; Progress - paintnprogress.art\" \/>\n<meta property=\"og:description\" content=\"Rado\u0161\u0101 D\u0101vana ar Paint&amp;Progress \u2013 ieg\u0101d\u0101jies d\u0101vanu karti glezno\u0161anas nodarb\u012bb\u0101m un meistarklas\u0113m. Uzd\u0101vini rado\u0161u pieredzi saviem tuv\u0101kajiem.\" \/>\n<meta property=\"og:url\" content=\"https:\/\/paintnprogress.art\/lv\/product\/radosa-davana-ar-paint-and-progress\/\" \/>\n<meta property=\"og:site_name\" content=\"paintnprogress.art\" \/>\n<meta property=\"article:publisher\" content=\"https:\/\/www.facebook.com\/paintnprogressart\" \/>\n<meta property=\"article:modified_time\" content=\"2026-04-16T07:43:16+00:00\" \/>\n<meta property=\"og:image\" content=\"https:\/\/paintnprogress.art\/wp-content\/uploads\/2025\/04\/Davanu-Karte-1.webp\" \/>\n\t<meta property=\"og:image:width\" content=\"1000\" \/>\n\t<meta property=\"og:image:height\" content=\"778\" \/>\n\t<meta property=\"og:image:type\" content=\"image\/webp\" \/>\n<meta name=\"twitter:card\" content=\"summary_large_image\" \/>\n<meta name=\"twitter:label1\" content=\"Est. reading time\" \/>\n\t<meta name=\"twitter:data1\" content=\"2 min\u016btes\" \/>\n<script type=\"application\/ld+json\" class=\"yoast-schema-graph\">{\"@context\":\"https:\\\/\\\/schema.org\",\"@graph\":[{\"@type\":\"WebPage\",\"@id\":\"https:\\\/\\\/paintnprogress.art\\\/product\\\/radosa-davana-ar-paint-and-progress\\\/\",\"url\":\"https:\\\/\\\/paintnprogress.art\\\/product\\\/radosa-davana-ar-paint-and-progress\\\/\",\"name\":\"Univers\u0101l\u0101 d\u0101vanu karte ar Paint & Progress - paintnprogress.art\",\"isPartOf\":{\"@id\":\"https:\\\/\\\/paintnprogress.art\\\/#website\"},\"primaryImageOfPage\":{\"@id\":\"https:\\\/\\\/paintnprogress.art\\\/product\\\/radosa-davana-ar-paint-and-progress\\\/#primaryimage\"},\"image\":{\"@id\":\"https:\\\/\\\/paintnprogress.art\\\/product\\\/radosa-davana-ar-paint-and-progress\\\/#primaryimage\"},\"thumbnailUrl\":\"https:\\\/\\\/paintnprogress.art\\\/wp-content\\\/uploads\\\/2025\\\/04\\\/Davanu-Karte-1.webp\",\"datePublished\":\"2025-04-23T03:24:44+00:00\",\"dateModified\":\"2026-04-16T07:43:16+00:00\",\"description\":\"Rado\u0161\u0101 D\u0101vana ar Paint&Progress \u2013 ieg\u0101d\u0101jies d\u0101vanu karti glezno\u0161anas nodarb\u012bb\u0101m un meistarklas\u0113m. Uzd\u0101vini rado\u0161u pieredzi saviem tuv\u0101kajiem.\",\"breadcrumb\":{\"@id\":\"https:\\\/\\\/paintnprogress.art\\\/product\\\/radosa-davana-ar-paint-and-progress\\\/#breadcrumb\"},\"inLanguage\":\"lv-LV\",\"potentialAction\":[{\"@type\":\"ReadAction\",\"target\":[\"https:\\\/\\\/paintnprogress.art\\\/product\\\/radosa-davana-ar-paint-and-progress\\\/\"]}]},{\"@type\":\"ImageObject\",\"inLanguage\":\"lv-LV\",\"@id\":\"https:\\\/\\\/paintnprogress.art\\\/product\\\/radosa-davana-ar-paint-and-progress\\\/#primaryimage\",\"url\":\"https:\\\/\\\/paintnprogress.art\\\/wp-content\\\/uploads\\\/2025\\\/04\\\/Davanu-Karte-1.webp\",\"contentUrl\":\"https:\\\/\\\/paintnprogress.art\\\/wp-content\\\/uploads\\\/2025\\\/04\\\/Davanu-Karte-1.webp\",\"width\":1000,\"height\":778,\"caption\":\"D\u0101vanu Karte\"},{\"@type\":\"BreadcrumbList\",\"@id\":\"https:\\\/\\\/paintnprogress.art\\\/product\\\/radosa-davana-ar-paint-and-progress\\\/#breadcrumb\",\"itemListElement\":[{\"@type\":\"ListItem\",\"position\":1,\"name\":\"Home\",\"item\":\"https:\\\/\\\/paintnprogress.art\\\/\"},{\"@type\":\"ListItem\",\"position\":2,\"name\":\"Shop\",\"item\":\"https:\\\/\\\/paintnprogress.art\\\/shop\\\/\"},{\"@type\":\"ListItem\",\"position\":3,\"name\":\"Univers\u0101l\u0101 d\u0101vanu karte ar Paint &#038; Progress\"}]},{\"@type\":\"WebSite\",\"@id\":\"https:\\\/\\\/paintnprogress.art\\\/#website\",\"url\":\"https:\\\/\\\/paintnprogress.art\\\/\",\"name\":\"paintnprogress.art\",\"description\":\"Glezno\u0161anas Nodarb\u012bbas\",\"publisher\":{\"@id\":\"https:\\\/\\\/paintnprogress.art\\\/#organization\"},\"potentialAction\":[{\"@type\":\"SearchAction\",\"target\":{\"@type\":\"EntryPoint\",\"urlTemplate\":\"https:\\\/\\\/paintnprogress.art\\\/?s={search_term_string}\"},\"query-input\":{\"@type\":\"PropertyValueSpecification\",\"valueRequired\":true,\"valueName\":\"search_term_string\"}}],\"inLanguage\":\"lv-LV\"},{\"@type\":\"Organization\",\"@id\":\"https:\\\/\\\/paintnprogress.art\\\/#organization\",\"name\":\"Paint&Progress\",\"alternateName\":\"Paint and Progress\",\"url\":\"https:\\\/\\\/paintnprogress.art\\\/\",\"logo\":{\"@type\":\"ImageObject\",\"inLanguage\":\"lv-LV\",\"@id\":\"https:\\\/\\\/paintnprogress.art\\\/#\\\/schema\\\/logo\\\/image\\\/\",\"url\":\"https:\\\/\\\/paintnprogress.art\\\/wp-content\\\/uploads\\\/2025\\\/01\\\/512.webp\",\"contentUrl\":\"https:\\\/\\\/paintnprogress.art\\\/wp-content\\\/uploads\\\/2025\\\/01\\\/512.webp\",\"width\":512,\"height\":512,\"caption\":\"Paint&Progress\"},\"image\":{\"@id\":\"https:\\\/\\\/paintnprogress.art\\\/#\\\/schema\\\/logo\\\/image\\\/\"},\"sameAs\":[\"https:\\\/\\\/www.facebook.com\\\/paintnprogressart\",\"https:\\\/\\\/www.youtube.com\\\/@PaintAndProgressArt\",\"https:\\\/\\\/www.tiktok.com\\\/@paint_and_progress?lang=lv\"]}]}<\/script>\n<!-- \/ Yoast SEO plugin. -->","yoast_head_json":{"title":"Univers\u0101l\u0101 d\u0101vanu karte ar Paint & Progress - paintnprogress.art","description":"Rado\u0161\u0101 D\u0101vana ar Paint&Progress \u2013 ieg\u0101d\u0101jies d\u0101vanu karti glezno\u0161anas nodarb\u012bb\u0101m un meistarklas\u0113m. Uzd\u0101vini rado\u0161u pieredzi saviem tuv\u0101kajiem.","robots":{"index":"index","follow":"follow","max-snippet":"max-snippet:-1","max-image-preview":"max-image-preview:large","max-video-preview":"max-video-preview:-1"},"canonical":"https:\/\/paintnprogress.art\/lv\/product\/radosa-davana-ar-paint-and-progress\/","og_locale":"lv_LV","og_type":"article","og_title":"Univers\u0101l\u0101 d\u0101vanu karte ar Paint & Progress - paintnprogress.art","og_description":"Rado\u0161\u0101 D\u0101vana ar Paint&Progress \u2013 ieg\u0101d\u0101jies d\u0101vanu karti glezno\u0161anas nodarb\u012bb\u0101m un meistarklas\u0113m. Uzd\u0101vini rado\u0161u pieredzi saviem tuv\u0101kajiem.","og_url":"https:\/\/paintnprogress.art\/lv\/product\/radosa-davana-ar-paint-and-progress\/","og_site_name":"paintnprogress.art","article_publisher":"https:\/\/www.facebook.com\/paintnprogressart","article_modified_time":"2026-04-16T07:43:16+00:00","og_image":[{"width":1000,"height":778,"url":"https:\/\/paintnprogress.art\/wp-content\/uploads\/2025\/04\/Davanu-Karte-1.webp","type":"image\/webp"}],"twitter_card":"summary_large_image","twitter_misc":{"Est. reading time":"2 min\u016btes"},"schema":{"@context":"https:\/\/schema.org","@graph":[{"@type":"WebPage","@id":"https:\/\/paintnprogress.art\/product\/radosa-davana-ar-paint-and-progress\/","url":"https:\/\/paintnprogress.art\/product\/radosa-davana-ar-paint-and-progress\/","name":"Univers\u0101l\u0101 d\u0101vanu karte ar Paint & Progress - paintnprogress.art","isPartOf":{"@id":"https:\/\/paintnprogress.art\/#website"},"primaryImageOfPage":{"@id":"https:\/\/paintnprogress.art\/product\/radosa-davana-ar-paint-and-progress\/#primaryimage"},"image":{"@id":"https:\/\/paintnprogress.art\/product\/radosa-davana-ar-paint-and-progress\/#primaryimage"},"thumbnailUrl":"https:\/\/paintnprogress.art\/wp-content\/uploads\/2025\/04\/Davanu-Karte-1.webp","datePublished":"2025-04-23T03:24:44+00:00","dateModified":"2026-04-16T07:43:16+00:00","description":"Rado\u0161\u0101 D\u0101vana ar Paint&Progress \u2013 ieg\u0101d\u0101jies d\u0101vanu karti glezno\u0161anas nodarb\u012bb\u0101m un meistarklas\u0113m. Uzd\u0101vini rado\u0161u pieredzi saviem tuv\u0101kajiem.","breadcrumb":{"@id":"https:\/\/paintnprogress.art\/product\/radosa-davana-ar-paint-and-progress\/#breadcrumb"},"inLanguage":"lv-LV","potentialAction":[{"@type":"ReadAction","target":["https:\/\/paintnprogress.art\/product\/radosa-davana-ar-paint-and-progress\/"]}]},{"@type":"ImageObject","inLanguage":"lv-LV","@id":"https:\/\/paintnprogress.art\/product\/radosa-davana-ar-paint-and-progress\/#primaryimage","url":"https:\/\/paintnprogress.art\/wp-content\/uploads\/2025\/04\/Davanu-Karte-1.webp","contentUrl":"https:\/\/paintnprogress.art\/wp-content\/uploads\/2025\/04\/Davanu-Karte-1.webp","width":1000,"height":778,"caption":"D\u0101vanu Karte"},{"@type":"BreadcrumbList","@id":"https:\/\/paintnprogress.art\/product\/radosa-davana-ar-paint-and-progress\/#breadcrumb","itemListElement":[{"@type":"ListItem","position":1,"name":"Home","item":"https:\/\/paintnprogress.art\/"},{"@type":"ListItem","position":2,"name":"Shop","item":"https:\/\/paintnprogress.art\/shop\/"},{"@type":"ListItem","position":3,"name":"Univers\u0101l\u0101 d\u0101vanu karte ar Paint &#038; Progress"}]},{"@type":"WebSite","@id":"https:\/\/paintnprogress.art\/#website","url":"https:\/\/paintnprogress.art\/","name":"paintnprogress.art","description":"Glezno\u0161anas Nodarb\u012bbas","publisher":{"@id":"https:\/\/paintnprogress.art\/#organization"},"potentialAction":[{"@type":"SearchAction","target":{"@type":"EntryPoint","urlTemplate":"https:\/\/paintnprogress.art\/?s={search_term_string}"},"query-input":{"@type":"PropertyValueSpecification","valueRequired":true,"valueName":"search_term_string"}}],"inLanguage":"lv-LV"},{"@type":"Organization","@id":"https:\/\/paintnprogress.art\/#organization","name":"Paint&Progress","alternateName":"Paint and Progress","url":"https:\/\/paintnprogress.art\/","logo":{"@type":"ImageObject","inLanguage":"lv-LV","@id":"https:\/\/paintnprogress.art\/#\/schema\/logo\/image\/","url":"https:\/\/paintnprogress.art\/wp-content\/uploads\/2025\/01\/512.webp","contentUrl":"https:\/\/paintnprogress.art\/wp-content\/uploads\/2025\/01\/512.webp","width":512,"height":512,"caption":"Paint&Progress"},"image":{"@id":"https:\/\/paintnprogress.art\/#\/schema\/logo\/image\/"},"sameAs":["https:\/\/www.facebook.com\/paintnprogressart","https:\/\/www.youtube.com\/@PaintAndProgressArt","https:\/\/www.tiktok.com\/@paint_and_progress?lang=lv"]}]}},"uagb_featured_image_src":{"full":["https:\/\/paintnprogress.art\/wp-content\/uploads\/2025\/04\/Davanu-Karte-1.webp",1000,778,false],"thumbnail":["https:\/\/paintnprogress.art\/wp-content\/uploads\/2025\/04\/Davanu-Karte-1-150x150.webp",150,150,true],"medium":["https:\/\/paintnprogress.art\/wp-content\/uploads\/2025\/04\/Davanu-Karte-1-300x233.webp",300,233,true],"medium_large":["https:\/\/paintnprogress.art\/wp-content\/uploads\/2025\/04\/Davanu-Karte-1-768x598.webp",768,598,true],"large":["https:\/\/paintnprogress.art\/wp-content\/uploads\/2025\/04\/Davanu-Karte-1.webp",1000,778,false],"1536x1536":["https:\/\/paintnprogress.art\/wp-content\/uploads\/2025\/04\/Davanu-Karte-1.webp",1000,778,false],"2048x2048":["https:\/\/paintnprogress.art\/wp-content\/uploads\/2025\/04\/Davanu-Karte-1.webp",1000,778,false],"trp-custom-language-flag":["https:\/\/paintnprogress.art\/wp-content\/uploads\/2025\/04\/Davanu-Karte-1.webp",15,12,false],"woocommerce_thumbnail":["https:\/\/paintnprogress.art\/wp-content\/uploads\/2025\/04\/Davanu-Karte-1-300x300.webp",300,300,true],"woocommerce_single":["https:\/\/paintnprogress.art\/wp-content\/uploads\/2025\/04\/Davanu-Karte-1-600x467.webp",600,467,true],"woocommerce_gallery_thumbnail":["https:\/\/paintnprogress.art\/wp-content\/uploads\/2025\/04\/Davanu-Karte-1-100x100.webp",100,100,true]},"uagb_author_info":{"display_name":"Dzintars Kalnins","author_link":"https:\/\/paintnprogress.art\/lv\/author\/"},"uagb_comment_info":1,"uagb_excerpt":"Uzd\u0101vini pieredzi, kas iedvesmo! \ud83d\udd8c\ufe0f Iesp\u0113ja piedal\u012bties glezno\u0161anas nodarb\u012bb\u0101s, meistarklas\u0113s, plen\u0113ros un \u012bpa\u0161os m\u0101kslas izbraukumos \ud83d\udc9d Univers\u0101l\u0101 d\u0101vanu karte no Paint &amp; Progress \u2013 piem\u0113rota jebkuram gad\u012bjumam \u270d\ufe0f D\u0101vanu karti iesp\u0113jams personaliz\u0113t ar v\u0101rdiem, summu vai nov\u0113l\u0113jumu \ud83d\udcdd V\u0101rdus un nov\u0113l\u0113jumu l\u016bdzam nor\u0101d\u012bt piez\u012bm\u0113s d\u0101vanu kartes ieg\u0101des br\u012bd\u012b \ud83d\udce7 Gatavu d\u0101vanu karti sa\u0146emsiet 1 dienas&hellip;","_links":{"self":[{"href":"https:\/\/paintnprogress.art\/lv\/wp-json\/wp\/v2\/product\/3805","targetHints":{"allow":["GET"]}}],"collection":[{"href":"https:\/\/paintnprogress.art\/lv\/wp-json\/wp\/v2\/product"}],"about":[{"href":"https:\/\/paintnprogress.art\/lv\/wp-json\/wp\/v2\/types\/product"}],"replies":[{"embeddable":true,"href":"https:\/\/paintnprogress.art\/lv\/wp-json\/wp\/v2\/comments?post=3805"}],"wp:featuredmedia":[{"embeddable":true,"href":"https:\/\/paintnprogress.art\/lv\/wp-json\/wp\/v2\/media\/3883"}],"wp:attachment":[{"href":"https:\/\/paintnprogress.art\/lv\/wp-json\/wp\/v2\/media?parent=3805"}],"wp:term":[{"taxonomy":"product_brand","embeddable":true,"href":"https:\/\/paintnprogress.art\/lv\/wp-json\/wp\/v2\/product_brand?post=3805"},{"taxonomy":"product_cat","embeddable":true,"href":"https:\/\/paintnprogress.art\/lv\/wp-json\/wp\/v2\/product_cat?post=3805"},{"taxonomy":"product_tag","embeddable":true,"href":"https:\/\/paintnprogress.art\/lv\/wp-json\/wp\/v2\/product_tag?post=3805"}],"curies":[{"name":"wp","href":"https:\/\/api.w.org\/{rel}","templated":true}]}}