{"id":2222,"date":"2025-03-04T14:59:02","date_gmt":"2025-03-04T14:59:02","guid":{"rendered":"https:\/\/paintnprogress.art\/?post_type=product&#038;p=2222"},"modified":"2026-03-26T14:36:21","modified_gmt":"2026-03-26T14:36:21","slug":"meditativa-gleznosana","status":"publish","type":"product","link":"https:\/\/paintnprogress.art\/lv\/product\/meditativa-gleznosana\/","title":{"rendered":"Meditat\u012bva glezno\u0161ana piektdienas vakaros"},"content":{"rendered":"<h2 data-start=\"203\" data-end=\"245\">Meditat\u012bva glezno\u0161ana piektdienas vakaros<\/h2>\n<p data-start=\"977\" data-end=\"1235\">Meditat\u012bv\u0101 glezno\u0161ana ir struktur\u0113ta rado\u0161a relaks\u0101cijas nodarb\u012bba, kuras centr\u0101 ir process, kl\u0101tb\u016btne un mier\u012bga iesaiste. T\u0101 nav klasisk\u0101 glezno\u0161anas nodarb\u012bba un nav ar\u012b kurss \u2014 \u0161\u012b ir vienreiz\u0113ja vai atk\u0101rtoti apmekl\u0113jama nodarb\u012bba bez sec\u012bgas programmas.<\/p>\n<p data-start=\"1237\" data-end=\"1440\">Nodarb\u012bba s\u0101kas ar aptuveni <strong data-start=\"1265\" data-end=\"1285\">20 min\u016b\u0161u ievadu<\/strong>, kur\u0101, izmantojot vienk\u0101r\u0161us elpo\u0161anas vingrin\u0101jumus un bungu ska\u0146u, dal\u012bbnieki pak\u0101peniski atsl\u0113dzas no ikdienas tempa un sagatavojas rado\u0161ajam procesam.<\/p>\n<p data-start=\"1442\" data-end=\"1759\">P\u0113c ievada seko <strong data-start=\"1458\" data-end=\"1490\">abstrakt\u0101s glezno\u0161anas posms<\/strong>, kura pamat\u0101 ir haoss, kust\u012bba un intuit\u012bva kr\u0101su un formu veido\u0161ana. Darbam nav iepriek\u0161 noteikta att\u0113la, skaidra s\u0101kuma vai beigu punkta.<br data-start=\"1630\" data-end=\"1633\" \/>Vien\u012bgais uzdevums \u2014 <strong data-start=\"1654\" data-end=\"1720\">meditat\u012bv\u0101 proces\u0101 no haosa izveidot pa\u0161pietiekamu kompoz\u012bciju<\/strong>, \u013caujot darbam att\u012bst\u012bties sav\u0101 temp\u0101.<\/p>\n<p data-start=\"1761\" data-end=\"1949\">Uzman\u012bba tiek v\u0113rsta uz procesu, nevis rezult\u0101tu. Netiek v\u0113rt\u0113tas prasmes, netiek sal\u012bdzin\u0101ti darbi un netiek mekl\u0113ts \u201cpareizais\u201d izn\u0101kums. Nodarb\u012bba notiek mier\u012bg\u0101, koncentr\u0113t\u0101 atmosf\u0113r\u0101.<\/p>\n<p data-start=\"1951\" data-end=\"2183\">\u0160\u012b nodarb\u012bba <strong data-start=\"1964\" data-end=\"1993\">nav izklaid\u0113jo\u0161s pas\u0101kums<\/strong> un nav paredz\u0113ta dzim\u0161anas dienu svin\u012bb\u0101m, vecmeitu ball\u012bt\u0113m vai ska\u013cai socializ\u0101cijai. T\u0101 ir struktur\u0113ta relaks\u0101cijas pieredze cilv\u0113kiem, kuri v\u0113las apzin\u0101tu un mier\u012bgu piektdienas vakaru.<\/p>\n<hr data-start=\"2185\" data-end=\"2188\" \/>\n<h3 data-start=\"2190\" data-end=\"2213\">Papildu inform\u0101cija<\/h3>\n<ul data-start=\"2214\" data-end=\"2463\">\n<li data-start=\"2214\" data-end=\"2252\">\n<p data-start=\"2216\" data-end=\"2252\">\ud83d\udd56 Laiks: piektdien\u0101s plkst. 19:00<\/p>\n<\/li>\n<li data-start=\"2253\" data-end=\"2277\">\n<p data-start=\"2255\" data-end=\"2277\">\u23f0 Ilgums: ~3 stundas<\/p>\n<\/li>\n<li data-start=\"2278\" data-end=\"2308\">\n<p data-start=\"2280\" data-end=\"2308\">\ud83d\udc65 Grupa no 2 dal\u012bbniekiem<\/p>\n<\/li>\n<li data-start=\"2309\" data-end=\"2339\">\n<p data-start=\"2311\" data-end=\"2339\">\ud83c\udfa8 Visi materi\u0101li iek\u013cauti<\/p>\n<\/li>\n<li data-start=\"2340\" data-end=\"2368\">\n<p data-start=\"2342\" data-end=\"2368\">\u2615 T\u0113ja un \u016bdens iek\u013cauti<\/p>\n<\/li>\n<li data-start=\"2369\" data-end=\"2418\">\n<p data-start=\"2371\" data-end=\"2418\">\ud83d\uddbc Katrs dal\u012bbnieks dodas m\u0101j\u0101s ar savu darbu<\/p>\n<\/li>\n<li data-start=\"2419\" data-end=\"2463\">\n<p data-start=\"2421\" data-end=\"2463\">\ud83c\udf93 Iepriek\u0161\u0113ja pieredze nav nepiecie\u0161ama<\/p>\n<\/li>\n<\/ul>\n<p data-start=\"1667\" data-end=\"1707\"><strong data-start=\"1667\" data-end=\"1705\">S\u012bk\u0101ka inform\u0101cija \/ pieteik\u0161an\u0101s:<\/strong><\/p>\n<p data-start=\"1667\" data-end=\"1707\"><a href=\"https:\/\/paintnprogress.art\/lv\/meditativa-gleznosana\/\">Kas ir meditat\u012bv\u0101 glezno\u0161ana?<\/a><\/p>\n<p data-start=\"1667\" data-end=\"1707\"><a href=\"https:\/\/paintnprogress.art\/lv\/kontakti\/\">Sazin\u0101ties<\/a><\/p>\n<p>&nbsp;<\/p>\n","protected":false},"excerpt":{"rendered":"<p data-start=\"213\" data-end=\"313\"><strong data-start=\"213\" data-end=\"273\">Meditat\u012bv\u0101 glezno\u0161ana \u2013 piektdienas vakaros plkst. 19:00<\/strong><\/p>\n<p data-start=\"315\" data-end=\"537\">Struktur\u0113ta rado\u0161a relaks\u0101cijas nodarb\u012bba, kur\u0101 ar elpo\u0161anas vingrin\u0101jumiem, ritmu un abstraktu glezno\u0161anu tiek rad\u012bta telpa mieram un kl\u0101tb\u016btnei. Nodarb\u012bba nav kurss \u2013 t\u0101 ir vienreiz\u0113ja vai atk\u0101rtoti apmekl\u0113jama pieredze.<\/p>\n<p data-start=\"539\" data-end=\"692\">\u2615 T\u0113ja un \u016bdens iek\u013cauti (v\u012bns nav paredz\u0113ts)<br data-start=\"584\" data-end=\"587\" \/>\ud83d\udc65 Grup\u0101 no 2 dal\u012bbniekiem<br data-start=\"613\" data-end=\"616\" \/>\ud83c\udfa8 Visi materi\u0101li iek\u013cauti<br data-start=\"642\" data-end=\"645\" \/>\ud83d\uddbc Katrs dal\u012bbnieks dodas m\u0101j\u0101s ar savu darbu<\/p>\n<p data-start=\"694\" data-end=\"831\">Nodarb\u012bba nav paredz\u0113ta dzim\u0161anas dienu svin\u012bb\u0101m vai vecmeitu ball\u012bt\u0113m \u2013 t\u0101 ir maz\u0101k izklaide un vair\u0101k struktur\u0113ts relaks\u0101cijas process.<\/p>\n<p><em>Bez vecuma ierobe\u017eojuma.<\/em><br \/>\n<em>Latvie\u0161u, krievu ang\u013cu valod\u0101s.<\/em><\/p>\n","protected":false},"featured_media":7343,"comment_status":"open","ping_status":"closed","template":"","meta":{"_uag_custom_page_level_css":"","site-sidebar-layout":"default","site-content-layout":"","ast-site-content-layout":"default","site-content-style":"default","site-sidebar-style":"default","ast-global-header-display":"","ast-banner-title-visibility":"","ast-main-header-display":"","ast-hfb-above-header-display":"","ast-hfb-below-header-display":"","ast-hfb-mobile-header-display":"","site-post-title":"","ast-breadcrumbs-content":"","ast-featured-img":"","footer-sml-layout":"","ast-disable-related-posts":"","theme-transparent-header-meta":"default","adv-header-id-meta":"","stick-header-meta":"","header-above-stick-meta":"","header-main-stick-meta":"","header-below-stick-meta":"","astra-migrate-meta-layouts":"set","ast-page-background-enabled":"default","ast-page-background-meta":{"desktop":{"background-color":"","background-image":"","background-repeat":"repeat","background-position":"center center","background-size":"auto","background-attachment":"scroll","background-type":"","background-media":"","overlay-type":"","overlay-color":"","overlay-opacity":"","overlay-gradient":""},"tablet":{"background-color":"","background-image":"","background-repeat":"repeat","background-position":"center center","background-size":"auto","background-attachment":"scroll","background-type":"","background-media":"","overlay-type":"","overlay-color":"","overlay-opacity":"","overlay-gradient":""},"mobile":{"background-color":"","background-image":"","background-repeat":"repeat","background-position":"center center","background-size":"auto","background-attachment":"scroll","background-type":"","background-media":"","overlay-type":"","overlay-color":"","overlay-opacity":"","overlay-gradient":""}},"ast-content-background-meta":{"desktop":{"background-color":"var(--ast-global-color-5)","background-image":"","background-repeat":"repeat","background-position":"center center","background-size":"auto","background-attachment":"scroll","background-type":"","background-media":"","overlay-type":"","overlay-color":"","overlay-opacity":"","overlay-gradient":""},"tablet":{"background-color":"var(--ast-global-color-5)","background-image":"","background-repeat":"repeat","background-position":"center center","background-size":"auto","background-attachment":"scroll","background-type":"","background-media":"","overlay-type":"","overlay-color":"","overlay-opacity":"","overlay-gradient":""},"mobile":{"background-color":"var(--ast-global-color-5)","background-image":"","background-repeat":"repeat","background-position":"center center","background-size":"auto","background-attachment":"scroll","background-type":"","background-media":"","overlay-type":"","overlay-color":"","overlay-opacity":"","overlay-gradient":""}}},"product_brand":[],"product_cat":[41,18],"product_tag":[74,78,79,81,80],"class_list":{"0":"post-2222","1":"product","2":"type-product","3":"status-publish","4":"has-post-thumbnail","6":"product_cat-meistarklases","7":"product_cat-nodarbibas","8":"product_tag-gleznosana-bez-priekszinasanam","9":"product_tag-gleznosanas-nodarbibas","10":"product_tag-gleznosanas-nodarbibas-pieaugusajiem","11":"product_tag-81","12":"product_tag-80","13":"desktop-align-left","14":"tablet-align-left","15":"mobile-align-left","17":"first","18":"instock","19":"sold-individually","20":"shipping-taxable","21":"purchasable","22":"product-type-variable"},"yoast_head":"<!-- This site is optimized with the Yoast SEO plugin v27.4 - https:\/\/yoast.com\/product\/yoast-seo-wordpress\/ -->\n<title>Meditat\u012bva glezno\u0161ana piektdienas vakaros - paintnprogress.art<\/title>\n<meta name=\"description\" content=\"Meditat\u012bva glezno\u0161ana piektdienas vakaros. Cit\u0101da glezno\u0161anas meistarklase, apzin\u0101ta elpo\u0161ana un dz\u012bvi bungu ritmi. Ienirsti mier\u0101 un rado\u0161\u0101 pl\u016bsm\u0101.\" \/>\n<meta name=\"robots\" content=\"index, follow, max-snippet:-1, max-image-preview:large, max-video-preview:-1\" \/>\n<link rel=\"canonical\" href=\"https:\/\/paintnprogress.art\/lv\/product\/meditativa-gleznosana\/\" \/>\n<meta property=\"og:locale\" content=\"lv_LV\" \/>\n<meta property=\"og:type\" content=\"article\" \/>\n<meta property=\"og:title\" content=\"Meditat\u012bva glezno\u0161ana piektdienas vakaros - paintnprogress.art\" \/>\n<meta property=\"og:description\" content=\"Meditat\u012bva glezno\u0161ana piektdienas vakaros. Cit\u0101da glezno\u0161anas meistarklase, apzin\u0101ta elpo\u0161ana un dz\u012bvi bungu ritmi. Ienirsti mier\u0101 un rado\u0161\u0101 pl\u016bsm\u0101.\" \/>\n<meta property=\"og:url\" content=\"https:\/\/paintnprogress.art\/lv\/product\/meditativa-gleznosana\/\" \/>\n<meta property=\"og:site_name\" content=\"paintnprogress.art\" \/>\n<meta property=\"article:publisher\" content=\"https:\/\/www.facebook.com\/paintnprogressart\" \/>\n<meta property=\"article:modified_time\" content=\"2026-03-26T14:36:21+00:00\" \/>\n<meta property=\"og:image\" content=\"https:\/\/paintnprogress.art\/wp-content\/uploads\/2025\/03\/makslaspietura-1.webp\" \/>\n\t<meta property=\"og:image:width\" content=\"932\" \/>\n\t<meta property=\"og:image:height\" content=\"1140\" \/>\n\t<meta property=\"og:image:type\" content=\"image\/webp\" \/>\n<meta name=\"twitter:card\" content=\"summary_large_image\" \/>\n<meta name=\"twitter:label1\" content=\"Est. reading time\" \/>\n\t<meta name=\"twitter:data1\" content=\"2 min\u016btes\" \/>\n<script type=\"application\/ld+json\" class=\"yoast-schema-graph\">{\"@context\":\"https:\\\/\\\/schema.org\",\"@graph\":[{\"@type\":\"WebPage\",\"@id\":\"https:\\\/\\\/paintnprogress.art\\\/product\\\/meditativa-gleznosana\\\/\",\"url\":\"https:\\\/\\\/paintnprogress.art\\\/product\\\/meditativa-gleznosana\\\/\",\"name\":\"Meditat\u012bva glezno\u0161ana piektdienas vakaros - paintnprogress.art\",\"isPartOf\":{\"@id\":\"https:\\\/\\\/paintnprogress.art\\\/#website\"},\"primaryImageOfPage\":{\"@id\":\"https:\\\/\\\/paintnprogress.art\\\/product\\\/meditativa-gleznosana\\\/#primaryimage\"},\"image\":{\"@id\":\"https:\\\/\\\/paintnprogress.art\\\/product\\\/meditativa-gleznosana\\\/#primaryimage\"},\"thumbnailUrl\":\"https:\\\/\\\/paintnprogress.art\\\/wp-content\\\/uploads\\\/2025\\\/03\\\/makslaspietura-1.webp\",\"datePublished\":\"2025-03-04T14:59:02+00:00\",\"dateModified\":\"2026-03-26T14:36:21+00:00\",\"description\":\"Meditat\u012bva glezno\u0161ana piektdienas vakaros. Cit\u0101da glezno\u0161anas meistarklase, apzin\u0101ta elpo\u0161ana un dz\u012bvi bungu ritmi. Ienirsti mier\u0101 un rado\u0161\u0101 pl\u016bsm\u0101.\",\"breadcrumb\":{\"@id\":\"https:\\\/\\\/paintnprogress.art\\\/product\\\/meditativa-gleznosana\\\/#breadcrumb\"},\"inLanguage\":\"lv-LV\",\"potentialAction\":[{\"@type\":\"ReadAction\",\"target\":[\"https:\\\/\\\/paintnprogress.art\\\/product\\\/meditativa-gleznosana\\\/\"]}]},{\"@type\":\"ImageObject\",\"inLanguage\":\"lv-LV\",\"@id\":\"https:\\\/\\\/paintnprogress.art\\\/product\\\/meditativa-gleznosana\\\/#primaryimage\",\"url\":\"https:\\\/\\\/paintnprogress.art\\\/wp-content\\\/uploads\\\/2025\\\/03\\\/makslaspietura-1.webp\",\"contentUrl\":\"https:\\\/\\\/paintnprogress.art\\\/wp-content\\\/uploads\\\/2025\\\/03\\\/makslaspietura-1.webp\",\"width\":932,\"height\":1140,\"caption\":\"m\u0101kslas+pietura\"},{\"@type\":\"BreadcrumbList\",\"@id\":\"https:\\\/\\\/paintnprogress.art\\\/product\\\/meditativa-gleznosana\\\/#breadcrumb\",\"itemListElement\":[{\"@type\":\"ListItem\",\"position\":1,\"name\":\"Home\",\"item\":\"https:\\\/\\\/paintnprogress.art\\\/\"},{\"@type\":\"ListItem\",\"position\":2,\"name\":\"Shop\",\"item\":\"https:\\\/\\\/paintnprogress.art\\\/shop\\\/\"},{\"@type\":\"ListItem\",\"position\":3,\"name\":\"Meditat\u012bva glezno\u0161ana piektdienas vakaros\"}]},{\"@type\":\"WebSite\",\"@id\":\"https:\\\/\\\/paintnprogress.art\\\/#website\",\"url\":\"https:\\\/\\\/paintnprogress.art\\\/\",\"name\":\"paintnprogress.art\",\"description\":\"Glezno\u0161anas Nodarb\u012bbas\",\"publisher\":{\"@id\":\"https:\\\/\\\/paintnprogress.art\\\/#organization\"},\"potentialAction\":[{\"@type\":\"SearchAction\",\"target\":{\"@type\":\"EntryPoint\",\"urlTemplate\":\"https:\\\/\\\/paintnprogress.art\\\/?s={search_term_string}\"},\"query-input\":{\"@type\":\"PropertyValueSpecification\",\"valueRequired\":true,\"valueName\":\"search_term_string\"}}],\"inLanguage\":\"lv-LV\"},{\"@type\":\"Organization\",\"@id\":\"https:\\\/\\\/paintnprogress.art\\\/#organization\",\"name\":\"Paint&Progress\",\"alternateName\":\"Paint and Progress\",\"url\":\"https:\\\/\\\/paintnprogress.art\\\/\",\"logo\":{\"@type\":\"ImageObject\",\"inLanguage\":\"lv-LV\",\"@id\":\"https:\\\/\\\/paintnprogress.art\\\/#\\\/schema\\\/logo\\\/image\\\/\",\"url\":\"https:\\\/\\\/paintnprogress.art\\\/wp-content\\\/uploads\\\/2025\\\/01\\\/512.webp\",\"contentUrl\":\"https:\\\/\\\/paintnprogress.art\\\/wp-content\\\/uploads\\\/2025\\\/01\\\/512.webp\",\"width\":512,\"height\":512,\"caption\":\"Paint&Progress\"},\"image\":{\"@id\":\"https:\\\/\\\/paintnprogress.art\\\/#\\\/schema\\\/logo\\\/image\\\/\"},\"sameAs\":[\"https:\\\/\\\/www.facebook.com\\\/paintnprogressart\",\"https:\\\/\\\/www.youtube.com\\\/@PaintAndProgressArt\",\"https:\\\/\\\/www.tiktok.com\\\/@paint_and_progress?lang=lv\"]}]}<\/script>\n<!-- \/ Yoast SEO plugin. -->","yoast_head_json":{"title":"Meditat\u012bva glezno\u0161ana piektdienas vakaros - paintnprogress.art","description":"Meditat\u012bva glezno\u0161ana piektdienas vakaros. Cit\u0101da glezno\u0161anas meistarklase, apzin\u0101ta elpo\u0161ana un dz\u012bvi bungu ritmi. Ienirsti mier\u0101 un rado\u0161\u0101 pl\u016bsm\u0101.","robots":{"index":"index","follow":"follow","max-snippet":"max-snippet:-1","max-image-preview":"max-image-preview:large","max-video-preview":"max-video-preview:-1"},"canonical":"https:\/\/paintnprogress.art\/lv\/product\/meditativa-gleznosana\/","og_locale":"lv_LV","og_type":"article","og_title":"Meditat\u012bva glezno\u0161ana piektdienas vakaros - paintnprogress.art","og_description":"Meditat\u012bva glezno\u0161ana piektdienas vakaros. Cit\u0101da glezno\u0161anas meistarklase, apzin\u0101ta elpo\u0161ana un dz\u012bvi bungu ritmi. Ienirsti mier\u0101 un rado\u0161\u0101 pl\u016bsm\u0101.","og_url":"https:\/\/paintnprogress.art\/lv\/product\/meditativa-gleznosana\/","og_site_name":"paintnprogress.art","article_publisher":"https:\/\/www.facebook.com\/paintnprogressart","article_modified_time":"2026-03-26T14:36:21+00:00","og_image":[{"width":932,"height":1140,"url":"https:\/\/paintnprogress.art\/wp-content\/uploads\/2025\/03\/makslaspietura-1.webp","type":"image\/webp"}],"twitter_card":"summary_large_image","twitter_misc":{"Est. reading time":"2 min\u016btes"},"schema":{"@context":"https:\/\/schema.org","@graph":[{"@type":"WebPage","@id":"https:\/\/paintnprogress.art\/product\/meditativa-gleznosana\/","url":"https:\/\/paintnprogress.art\/product\/meditativa-gleznosana\/","name":"Meditat\u012bva glezno\u0161ana piektdienas vakaros - paintnprogress.art","isPartOf":{"@id":"https:\/\/paintnprogress.art\/#website"},"primaryImageOfPage":{"@id":"https:\/\/paintnprogress.art\/product\/meditativa-gleznosana\/#primaryimage"},"image":{"@id":"https:\/\/paintnprogress.art\/product\/meditativa-gleznosana\/#primaryimage"},"thumbnailUrl":"https:\/\/paintnprogress.art\/wp-content\/uploads\/2025\/03\/makslaspietura-1.webp","datePublished":"2025-03-04T14:59:02+00:00","dateModified":"2026-03-26T14:36:21+00:00","description":"Meditat\u012bva glezno\u0161ana piektdienas vakaros. Cit\u0101da glezno\u0161anas meistarklase, apzin\u0101ta elpo\u0161ana un dz\u012bvi bungu ritmi. Ienirsti mier\u0101 un rado\u0161\u0101 pl\u016bsm\u0101.","breadcrumb":{"@id":"https:\/\/paintnprogress.art\/product\/meditativa-gleznosana\/#breadcrumb"},"inLanguage":"lv-LV","potentialAction":[{"@type":"ReadAction","target":["https:\/\/paintnprogress.art\/product\/meditativa-gleznosana\/"]}]},{"@type":"ImageObject","inLanguage":"lv-LV","@id":"https:\/\/paintnprogress.art\/product\/meditativa-gleznosana\/#primaryimage","url":"https:\/\/paintnprogress.art\/wp-content\/uploads\/2025\/03\/makslaspietura-1.webp","contentUrl":"https:\/\/paintnprogress.art\/wp-content\/uploads\/2025\/03\/makslaspietura-1.webp","width":932,"height":1140,"caption":"m\u0101kslas+pietura"},{"@type":"BreadcrumbList","@id":"https:\/\/paintnprogress.art\/product\/meditativa-gleznosana\/#breadcrumb","itemListElement":[{"@type":"ListItem","position":1,"name":"Home","item":"https:\/\/paintnprogress.art\/"},{"@type":"ListItem","position":2,"name":"Shop","item":"https:\/\/paintnprogress.art\/shop\/"},{"@type":"ListItem","position":3,"name":"Meditat\u012bva glezno\u0161ana piektdienas vakaros"}]},{"@type":"WebSite","@id":"https:\/\/paintnprogress.art\/#website","url":"https:\/\/paintnprogress.art\/","name":"paintnprogress.art","description":"Glezno\u0161anas Nodarb\u012bbas","publisher":{"@id":"https:\/\/paintnprogress.art\/#organization"},"potentialAction":[{"@type":"SearchAction","target":{"@type":"EntryPoint","urlTemplate":"https:\/\/paintnprogress.art\/?s={search_term_string}"},"query-input":{"@type":"PropertyValueSpecification","valueRequired":true,"valueName":"search_term_string"}}],"inLanguage":"lv-LV"},{"@type":"Organization","@id":"https:\/\/paintnprogress.art\/#organization","name":"Paint&Progress","alternateName":"Paint and Progress","url":"https:\/\/paintnprogress.art\/","logo":{"@type":"ImageObject","inLanguage":"lv-LV","@id":"https:\/\/paintnprogress.art\/#\/schema\/logo\/image\/","url":"https:\/\/paintnprogress.art\/wp-content\/uploads\/2025\/01\/512.webp","contentUrl":"https:\/\/paintnprogress.art\/wp-content\/uploads\/2025\/01\/512.webp","width":512,"height":512,"caption":"Paint&Progress"},"image":{"@id":"https:\/\/paintnprogress.art\/#\/schema\/logo\/image\/"},"sameAs":["https:\/\/www.facebook.com\/paintnprogressart","https:\/\/www.youtube.com\/@PaintAndProgressArt","https:\/\/www.tiktok.com\/@paint_and_progress?lang=lv"]}]}},"uagb_featured_image_src":{"full":["https:\/\/paintnprogress.art\/wp-content\/uploads\/2025\/03\/makslaspietura-1.webp",932,1140,false],"thumbnail":["https:\/\/paintnprogress.art\/wp-content\/uploads\/2025\/03\/makslaspietura-1-150x150.webp",150,150,true],"medium":["https:\/\/paintnprogress.art\/wp-content\/uploads\/2025\/03\/makslaspietura-1-245x300.webp",245,300,true],"medium_large":["https:\/\/paintnprogress.art\/wp-content\/uploads\/2025\/03\/makslaspietura-1-768x939.webp",768,939,true],"large":["https:\/\/paintnprogress.art\/wp-content\/uploads\/2025\/03\/makslaspietura-1-837x1024.webp",837,1024,true],"1536x1536":["https:\/\/paintnprogress.art\/wp-content\/uploads\/2025\/03\/makslaspietura-1.webp",932,1140,false],"2048x2048":["https:\/\/paintnprogress.art\/wp-content\/uploads\/2025\/03\/makslaspietura-1.webp",932,1140,false],"trp-custom-language-flag":["https:\/\/paintnprogress.art\/wp-content\/uploads\/2025\/03\/makslaspietura-1-10x12.webp",10,12,true],"woocommerce_thumbnail":["https:\/\/paintnprogress.art\/wp-content\/uploads\/2025\/03\/makslaspietura-1-300x300.webp",300,300,true],"woocommerce_single":["https:\/\/paintnprogress.art\/wp-content\/uploads\/2025\/03\/makslaspietura-1-600x734.webp",600,734,true],"woocommerce_gallery_thumbnail":["https:\/\/paintnprogress.art\/wp-content\/uploads\/2025\/03\/makslaspietura-1-100x100.webp",100,100,true]},"uagb_author_info":{"display_name":"Dzintars Kalnins","author_link":"https:\/\/paintnprogress.art\/lv\/author\/"},"uagb_comment_info":2,"uagb_excerpt":"Meditat\u012bv\u0101 glezno\u0161ana \u2013 piektdienas vakaros plkst. 19:00 Struktur\u0113ta rado\u0161a relaks\u0101cijas nodarb\u012bba, kur\u0101 ar elpo\u0161anas vingrin\u0101jumiem, ritmu un abstraktu glezno\u0161anu tiek rad\u012bta telpa mieram un kl\u0101tb\u016btnei. Nodarb\u012bba nav kurss \u2013 t\u0101 ir vienreiz\u0113ja vai atk\u0101rtoti apmekl\u0113jama pieredze. \u2615 T\u0113ja un \u016bdens iek\u013cauti (v\u012bns nav paredz\u0113ts)\ud83d\udc65 Grup\u0101 no 2 dal\u012bbniekiem\ud83c\udfa8 Visi materi\u0101li iek\u013cauti\ud83d\uddbc Katrs dal\u012bbnieks dodas m\u0101j\u0101s&hellip;","_links":{"self":[{"href":"https:\/\/paintnprogress.art\/lv\/wp-json\/wp\/v2\/product\/2222","targetHints":{"allow":["GET"]}}],"collection":[{"href":"https:\/\/paintnprogress.art\/lv\/wp-json\/wp\/v2\/product"}],"about":[{"href":"https:\/\/paintnprogress.art\/lv\/wp-json\/wp\/v2\/types\/product"}],"replies":[{"embeddable":true,"href":"https:\/\/paintnprogress.art\/lv\/wp-json\/wp\/v2\/comments?post=2222"}],"wp:featuredmedia":[{"embeddable":true,"href":"https:\/\/paintnprogress.art\/lv\/wp-json\/wp\/v2\/media\/7343"}],"wp:attachment":[{"href":"https:\/\/paintnprogress.art\/lv\/wp-json\/wp\/v2\/media?parent=2222"}],"wp:term":[{"taxonomy":"product_brand","embeddable":true,"href":"https:\/\/paintnprogress.art\/lv\/wp-json\/wp\/v2\/product_brand?post=2222"},{"taxonomy":"product_cat","embeddable":true,"href":"https:\/\/paintnprogress.art\/lv\/wp-json\/wp\/v2\/product_cat?post=2222"},{"taxonomy":"product_tag","embeddable":true,"href":"https:\/\/paintnprogress.art\/lv\/wp-json\/wp\/v2\/product_tag?post=2222"}],"curies":[{"name":"wp","href":"https:\/\/api.w.org\/{rel}","templated":true}]}}