{"id":3,"date":"2024-11-14T14:26:37","date_gmt":"2024-11-14T14:26:37","guid":{"rendered":"https:\/\/paintnprogress.art\/?page_id=3"},"modified":"2026-04-03T05:05:00","modified_gmt":"2026-04-03T05:05:00","slug":"konfidencialitates-politika","status":"publish","type":"page","link":"https:\/\/paintnprogress.art\/lv\/konfidencialitates-politika\/","title":{"rendered":"Konfidencialit\u0101tes Politika"},"content":{"rendered":"\n<h2 class=\"wp-block-heading\">Konfidencialit\u0101tes Politika<\/h2>\n\n\n\n<p><strong>Sp\u0113k\u0101 no:<\/strong> 03.05.2025<br><strong>M\u0101jaslapas adrese:<\/strong> <a class=\"\" href=\"https:\/\/paintnprogress.art\">https:\/\/paintnprogress.art<\/a><\/p>\n\n\n\n<h3 class=\"wp-block-heading\">1. Kas m\u0113s esam<\/h3>\n\n\n\n<p>Paint &amp; Progress ir rado\u0161a iniciat\u012bva, kas pied\u0101v\u0101 m\u0101kslas meistarklases, glezno\u0161anas\/z\u012bm\u0113\u0161anas nodarb\u012bbas, izbraukumus un plen\u0113rus, k\u0101 ar\u012b rado\u0161us notikumus. \u0160aj\u0101 politik\u0101 m\u0113s izskaidrojam, k\u0101dus personas datus m\u0113s apkopojam, k\u0101 tos izmantojam, k\u0101 ar\u012b k\u0101das ties\u012bbas jums ir k\u0101 datu subjektam.<\/p>\n\n\n\n<h3 class=\"wp-block-heading\">2. Koment\u0101ri<\/h3>\n\n\n\n<p>Kad j\u016bs atst\u0101jat koment\u0101rus m\u016bsu vietn\u0113, m\u0113s apkopojam datus, kas redzami koment\u0101ru form\u0101, k\u0101 ar\u012b j\u016bsu IP adresi un p\u0101rl\u016bkprogrammas lietot\u0101ja a\u0123enta virkni. \u0160\u012b inform\u0101cija tiek izmantota, lai pal\u012bdz\u0113tu noteikt surog\u0101tpastu.<\/p>\n\n\n\n<p>J\u016bsu e-pasta adreses anonimiz\u0113ta he\u0161a virkne var tikt nodota Gravatar pakalpojumam, lai p\u0101rbaud\u012btu, vai to izmantojat. Gravatar priv\u0101tuma politika ir pieejama: <a class=\"\" href=\"https:\/\/automattic.com\/privacy\">https:\/\/automattic.com\/privacy<\/a>. Kad j\u016bsu koment\u0101rs tiek apstiprin\u0101ts, j\u016bsu profila att\u0113ls b\u016bs redzams koment\u0101ra kontekst\u0101.<\/p>\n\n\n\n<h3 class=\"wp-block-heading\">3. Mediji<\/h3>\n\n\n\n<p>Ja aug\u0161upiel\u0101d\u0113jat att\u0113lus m\u016bsu vietn\u0113, l\u016bdzam izvair\u012bties no failiem, kas satur EXIF GPS atra\u0161an\u0101s vietas datus. Apmekl\u0113t\u0101ji var lejupiel\u0101d\u0113t \u0161\u0101dus att\u0113lus un ieg\u016bt no tiem \u0161o inform\u0101ciju.<\/p>\n\n\n\n<h3 class=\"wp-block-heading\">4. S\u012bkdatnes<\/h3>\n\n\n\n<p>M\u016bsu vietn\u0113 tiek izmantotas s\u012bkdatnes, lai uzlabotu lietot\u0101ja pieredzi. Ja atst\u0101jat koment\u0101ru, varat izv\u0113l\u0113ties, lai j\u016bsu v\u0101rds, e-pasta adrese un t\u012bmek\u013ca vietne tiek saglab\u0101ti s\u012bkdatn\u0113s. \u0160ie dati tiek glab\u0101ti vienu gadu.<\/p>\n\n\n\n<p>P\u0113c piesl\u0113g\u0161an\u0101s vietnei tiek izveidotas s\u012bkdatnes, lai saglab\u0101tu j\u016bsu piesl\u0113g\u0161an\u0101s datus un ekr\u0101na iestat\u012bjumus. Pieteik\u0161an\u0101s s\u012bkdatnes saglab\u0101jas divas dienas, bet, ja izv\u0113laties opciju \u201cAtcer\u0113ties mani\u201d, piesl\u0113g\u0161an\u0101s inform\u0101cija tiks saglab\u0101ta divas ned\u0113\u013cas. Ja atteiksieties no konta, \u0161\u012bs s\u012bkdatnes tiks dz\u0113stas.<\/p>\n\n\n\n<p>Ja redi\u0123\u0113jat vai public\u0113jat rakstu, j\u016bsu p\u0101rl\u016bk\u0101 tiks izveidota s\u012bkdatne, kas nor\u0101da j\u016bsu redi\u0123\u0113t\u0101 raksta ID. \u0160\u012b s\u012bkdatne neietver personas datus un beidzas p\u0113c vienas dienas.<\/p>\n\n\n\n<h3 class=\"wp-block-heading\">5. Iegultais saturs no cit\u0101m vietn\u0113m<\/h3>\n\n\n\n<p>Raksti \u0161aj\u0101 vietn\u0113 var satur\u0113t iegultu saturu, piem\u0113ram, videoklipus, att\u0113lus vai rakstus no cit\u0101m vietn\u0113m. \u0160\u0101di iegultie elementi darbojas t\u0101pat, k\u0101 tad, ja j\u016bs apmekl\u0113tu \u0161o \u0101r\u0113jo vietni.<\/p>\n\n\n\n<p>\u0160\u012bs vietnes var v\u0101kt par jums datus, izmantot s\u012bkdatnes, ieviest tre\u0161o pu\u0161u izseko\u0161anas r\u012bkus un sekot j\u016bsu mijiedarb\u012bbai ar \u0161o saturu, tostarp, ja jums ir konts un esat piesl\u0113dzies \u0161ai \u0101r\u0113jai vietnei.<\/p>\n\n\n\n<h3 class=\"wp-block-heading\">6. Datu koplieto\u0161ana<\/h3>\n\n\n\n<p>Ja piepras\u0101t paroles atiestat\u012b\u0161anu, j\u016bsu IP adrese tiks iek\u013cauta paroles atiestat\u012b\u0161anas e-past\u0101.<\/p>\n\n\n\n<h3 class=\"wp-block-heading\">7. Datu saglab\u0101\u0161anas termi\u0146\u0161<\/h3>\n\n\n\n<p>Ja atst\u0101jat koment\u0101ru, \u0161is koment\u0101rs un t\u0101 metadati tiek saglab\u0101ti uz nenoteiktu laiku. Tas \u013cauj autom\u0101tiski apstiprin\u0101t atk\u0101rtotus koment\u0101rus, neievietojot tos manu\u0101lai p\u0101rbaudei.<\/p>\n\n\n\n<p>Lietot\u0101ji, kuri re\u0123istr\u0113jas m\u016bsu vietn\u0113 (ja t\u0101da iesp\u0113ja ir pieejama), var redz\u0113t, labot vai dz\u0113st savu personisko inform\u0101ciju jebkur\u0101 laik\u0101, iz\u0146emot savu lietot\u0101jv\u0101rdu. Vietnes administratori var redi\u0123\u0113t un apskat\u012bt \u0161o inform\u0101ciju.<\/p>\n\n\n\n<h3 class=\"wp-block-heading\">8. J\u016bsu ties\u012bbas saska\u0146\u0101 ar GDPR<\/h3>\n\n\n\n<p>Jums ir ties\u012bbas piek\u013c\u016bt saviem personas datiem, piepras\u012bt to labo\u0161anu vai dz\u0113\u0161anu, ierobe\u017eot apstr\u0101di, iebilst pret apstr\u0101di, k\u0101 ar\u012b piepras\u012bt datu p\u0101rnesam\u012bbu. Ja datu apstr\u0101de balst\u0101s uz piekri\u0161anu, jums ir ties\u012bbas \u0161o piekri\u0161anu jebkur\u0101 laik\u0101 atsaukt.<\/p>\n\n\n\n<p>Lai izmantotu savas ties\u012bbas vai iesniegtu s\u016bdz\u012bbu par datu apstr\u0101di, l\u016bdzu, sazinieties ar mums, rakstot uz: <strong>dzintar@kalnin.eu<\/strong>. Jums ir ar\u012b ties\u012bbas iesniegt s\u016bdz\u012bbu uzraudz\u012bbas iest\u0101dei \u2013 Latvij\u0101 t\u0101 ir Datu valsts inspekcija: <strong>https:\/\/www.dvi.gov.lv.<\/strong><\/p>\n\n\n\n<h3 class=\"wp-block-heading\">9. Datu dro\u0161\u012bba<\/h3>\n\n\n\n<p>M\u0113s pielietojam atbilsto\u0161us tehniskos un organizatoriskos pas\u0101kumus, lai nodro\u0161in\u0101tu j\u016bsu personas datu aizsardz\u012bbu no nesankcion\u0113tas piek\u013cuves, izmai\u0146\u0101m, izpau\u0161anas vai dz\u0113\u0161anas.<\/p>\n\n\n\n<h3 class=\"wp-block-heading\">10. Datu nodo\u0161ana \u0101rpus Eiropas Savien\u012bbas<\/h3>\n\n\n\n<p>Ja m\u0113s p\u0101rnesam personas datus \u0101rpus Eiropas Ekonomikas zonas, m\u0113s nodro\u0161in\u0101m, ka sa\u0146\u0113m\u0113ji iev\u0113ro atbilsto\u0161us aizsardz\u012bbas l\u012bme\u0146us, piem\u0113ram, ES Komisijas apstiprin\u0101t\u0101s l\u012bgumklauzulas.<\/p>\n\n\n\n<h3 class=\"wp-block-heading\">11. Autom\u0101tisk\u0101 datu apstr\u0101de<\/h3>\n\n\n\n<p>Apmekl\u0113t\u0101ju koment\u0101ri var tikt autom\u0101tiski p\u0101rbaud\u012bti, izmantojot surog\u0101tpasta noteik\u0161anas pakalpojumu. M\u0113s neizmantojam automatiz\u0113tus l\u0113mumus, kas var\u0113tu rad\u012bt tiesiskas sekas bez cilv\u0113ka l\u012bdzdal\u012bbas.<\/p>\n\n\n\n<h3 class=\"wp-block-heading\">12. Politikas izmai\u0146as<\/h3>\n\n\n\n<p>M\u0113s paturam ties\u012bbas jebkur\u0101 laik\u0101 atjaunin\u0101t \u0161o konfidencialit\u0101tes politiku. Visi groz\u012bjumi tiks public\u0113ti \u0161aj\u0101 lap\u0101, un noz\u012bm\u012bgu izmai\u0146u gad\u012bjum\u0101 m\u0113s par to j\u016bs inform\u0113sim, piem\u0113ram, izmantojot uznirsto\u0161o pazi\u0146ojumu m\u016bsu m\u0101jaslap\u0101.<\/p>\n\n\n\n<p><\/p>\n","protected":false},"excerpt":{"rendered":"<p>Konfidencialit\u0101tes Politika Sp\u0113k\u0101 no: 03.05.2025M\u0101jaslapas adrese: https:\/\/paintnprogress.art 1. Kas m\u0113s esam Paint &amp; Progress ir rado\u0161a iniciat\u012bva, kas pied\u0101v\u0101 m\u0101kslas [&hellip;]<\/p>\n","protected":false},"author":1,"featured_media":0,"parent":0,"menu_order":0,"comment_status":"closed","ping_status":"closed","template":"","meta":{"_uag_custom_page_level_css":"","site-sidebar-layout":"default","site-content-layout":"","ast-site-content-layout":"default","site-content-style":"default","site-sidebar-style":"default","ast-global-header-display":"","ast-banner-title-visibility":"","ast-main-header-display":"","ast-hfb-above-header-display":"","ast-hfb-below-header-display":"","ast-hfb-mobile-header-display":"","site-post-title":"","ast-breadcrumbs-content":"","ast-featured-img":"","footer-sml-layout":"","ast-disable-related-posts":"","theme-transparent-header-meta":"","adv-header-id-meta":"","stick-header-meta":"","header-above-stick-meta":"","header-main-stick-meta":"","header-below-stick-meta":"","astra-migrate-meta-layouts":"set","ast-page-background-enabled":"default","ast-page-background-meta":{"desktop":{"background-color":"","background-image":"","background-repeat":"repeat","background-position":"center center","background-size":"auto","background-attachment":"scroll","background-type":"","background-media":"","overlay-type":"","overlay-color":"","overlay-opacity":"","overlay-gradient":""},"tablet":{"background-color":"","background-image":"","background-repeat":"repeat","background-position":"center center","background-size":"auto","background-attachment":"scroll","background-type":"","background-media":"","overlay-type":"","overlay-color":"","overlay-opacity":"","overlay-gradient":""},"mobile":{"background-color":"","background-image":"","background-repeat":"repeat","background-position":"center center","background-size":"auto","background-attachment":"scroll","background-type":"","background-media":"","overlay-type":"","overlay-color":"","overlay-opacity":"","overlay-gradient":""}},"ast-content-background-meta":{"desktop":{"background-color":"var(--ast-global-color-5)","background-image":"","background-repeat":"repeat","background-position":"center center","background-size":"auto","background-attachment":"scroll","background-type":"","background-media":"","overlay-type":"","overlay-color":"","overlay-opacity":"","overlay-gradient":""},"tablet":{"background-color":"var(--ast-global-color-5)","background-image":"","background-repeat":"repeat","background-position":"center center","background-size":"auto","background-attachment":"scroll","background-type":"","background-media":"","overlay-type":"","overlay-color":"","overlay-opacity":"","overlay-gradient":""},"mobile":{"background-color":"var(--ast-global-color-5)","background-image":"","background-repeat":"repeat","background-position":"center center","background-size":"auto","background-attachment":"scroll","background-type":"","background-media":"","overlay-type":"","overlay-color":"","overlay-opacity":"","overlay-gradient":""}},"footnotes":""},"class_list":["post-3","page","type-page","status-publish","hentry"],"yoast_head":"<!-- This site is optimized with the Yoast SEO plugin v27.4 - https:\/\/yoast.com\/product\/yoast-seo-wordpress\/ -->\n<title>Konfidencialit\u0101tes Politika - paintnprogress.art<\/title>\n<meta name=\"description\" content=\"Konfidencialit\u0101tes politika ir izveidota, lai lab\u0101k apkalpotu tos, kuri ir nor\u016bp\u0113ju\u0161ies par to, k\u0101 vi\u0146u personisk\u0101 inform\u0101cija tiek izmantota\" \/>\n<meta name=\"robots\" content=\"index, follow, max-snippet:-1, max-image-preview:large, max-video-preview:-1\" \/>\n<link rel=\"canonical\" href=\"https:\/\/paintnprogress.art\/lv\/konfidencialitates-politika\/\" \/>\n<meta property=\"og:locale\" content=\"lv_LV\" \/>\n<meta property=\"og:type\" content=\"article\" \/>\n<meta property=\"og:title\" content=\"Konfidencialit\u0101tes Politika - paintnprogress.art\" \/>\n<meta property=\"og:description\" content=\"Konfidencialit\u0101tes politika ir izveidota, lai lab\u0101k apkalpotu tos, kuri ir nor\u016bp\u0113ju\u0161ies par to, k\u0101 vi\u0146u personisk\u0101 inform\u0101cija tiek izmantota\" \/>\n<meta property=\"og:url\" content=\"https:\/\/paintnprogress.art\/lv\/konfidencialitates-politika\/\" \/>\n<meta property=\"og:site_name\" content=\"paintnprogress.art\" \/>\n<meta property=\"article:publisher\" content=\"https:\/\/www.facebook.com\/paintnprogressart\" \/>\n<meta property=\"article:modified_time\" content=\"2026-04-03T05:05:00+00:00\" \/>\n<meta name=\"twitter:card\" content=\"summary_large_image\" \/>\n<meta name=\"twitter:label1\" content=\"Est. reading time\" \/>\n\t<meta name=\"twitter:data1\" content=\"4 min\u016btes\" \/>\n<script type=\"application\/ld+json\" class=\"yoast-schema-graph\">{\"@context\":\"https:\\\/\\\/schema.org\",\"@graph\":[{\"@type\":\"WebPage\",\"@id\":\"https:\\\/\\\/paintnprogress.art\\\/konfidencialitates-politika\\\/\",\"url\":\"https:\\\/\\\/paintnprogress.art\\\/konfidencialitates-politika\\\/\",\"name\":\"Konfidencialit\u0101tes Politika - paintnprogress.art\",\"isPartOf\":{\"@id\":\"https:\\\/\\\/paintnprogress.art\\\/#website\"},\"datePublished\":\"2024-11-14T14:26:37+00:00\",\"dateModified\":\"2026-04-03T05:05:00+00:00\",\"description\":\"Konfidencialit\u0101tes politika ir izveidota, lai lab\u0101k apkalpotu tos, kuri ir nor\u016bp\u0113ju\u0161ies par to, k\u0101 vi\u0146u personisk\u0101 inform\u0101cija tiek izmantota\",\"breadcrumb\":{\"@id\":\"https:\\\/\\\/paintnprogress.art\\\/konfidencialitates-politika\\\/#breadcrumb\"},\"inLanguage\":\"lv-LV\",\"potentialAction\":[{\"@type\":\"ReadAction\",\"target\":[\"https:\\\/\\\/paintnprogress.art\\\/konfidencialitates-politika\\\/\"]}]},{\"@type\":\"BreadcrumbList\",\"@id\":\"https:\\\/\\\/paintnprogress.art\\\/konfidencialitates-politika\\\/#breadcrumb\",\"itemListElement\":[{\"@type\":\"ListItem\",\"position\":1,\"name\":\"Home\",\"item\":\"https:\\\/\\\/paintnprogress.art\\\/\"},{\"@type\":\"ListItem\",\"position\":2,\"name\":\"Konfidencialit\u0101tes Politika\"}]},{\"@type\":\"WebSite\",\"@id\":\"https:\\\/\\\/paintnprogress.art\\\/#website\",\"url\":\"https:\\\/\\\/paintnprogress.art\\\/\",\"name\":\"paintnprogress.art\",\"description\":\"Glezno\u0161anas Nodarb\u012bbas\",\"publisher\":{\"@id\":\"https:\\\/\\\/paintnprogress.art\\\/#organization\"},\"potentialAction\":[{\"@type\":\"SearchAction\",\"target\":{\"@type\":\"EntryPoint\",\"urlTemplate\":\"https:\\\/\\\/paintnprogress.art\\\/?s={search_term_string}\"},\"query-input\":{\"@type\":\"PropertyValueSpecification\",\"valueRequired\":true,\"valueName\":\"search_term_string\"}}],\"inLanguage\":\"lv-LV\"},{\"@type\":\"Organization\",\"@id\":\"https:\\\/\\\/paintnprogress.art\\\/#organization\",\"name\":\"Paint&Progress\",\"alternateName\":\"Paint and Progress\",\"url\":\"https:\\\/\\\/paintnprogress.art\\\/\",\"logo\":{\"@type\":\"ImageObject\",\"inLanguage\":\"lv-LV\",\"@id\":\"https:\\\/\\\/paintnprogress.art\\\/#\\\/schema\\\/logo\\\/image\\\/\",\"url\":\"https:\\\/\\\/paintnprogress.art\\\/wp-content\\\/uploads\\\/2025\\\/01\\\/512.webp\",\"contentUrl\":\"https:\\\/\\\/paintnprogress.art\\\/wp-content\\\/uploads\\\/2025\\\/01\\\/512.webp\",\"width\":512,\"height\":512,\"caption\":\"Paint&Progress\"},\"image\":{\"@id\":\"https:\\\/\\\/paintnprogress.art\\\/#\\\/schema\\\/logo\\\/image\\\/\"},\"sameAs\":[\"https:\\\/\\\/www.facebook.com\\\/paintnprogressart\",\"https:\\\/\\\/www.youtube.com\\\/@PaintAndProgressArt\",\"https:\\\/\\\/www.tiktok.com\\\/@paint_and_progress?lang=lv\"]}]}<\/script>\n<!-- \/ Yoast SEO plugin. -->","yoast_head_json":{"title":"Konfidencialit\u0101tes Politika - paintnprogress.art","description":"Konfidencialit\u0101tes politika ir izveidota, lai lab\u0101k apkalpotu tos, kuri ir nor\u016bp\u0113ju\u0161ies par to, k\u0101 vi\u0146u personisk\u0101 inform\u0101cija tiek izmantota","robots":{"index":"index","follow":"follow","max-snippet":"max-snippet:-1","max-image-preview":"max-image-preview:large","max-video-preview":"max-video-preview:-1"},"canonical":"https:\/\/paintnprogress.art\/lv\/konfidencialitates-politika\/","og_locale":"lv_LV","og_type":"article","og_title":"Konfidencialit\u0101tes Politika - paintnprogress.art","og_description":"Konfidencialit\u0101tes politika ir izveidota, lai lab\u0101k apkalpotu tos, kuri ir nor\u016bp\u0113ju\u0161ies par to, k\u0101 vi\u0146u personisk\u0101 inform\u0101cija tiek izmantota","og_url":"https:\/\/paintnprogress.art\/lv\/konfidencialitates-politika\/","og_site_name":"paintnprogress.art","article_publisher":"https:\/\/www.facebook.com\/paintnprogressart","article_modified_time":"2026-04-03T05:05:00+00:00","twitter_card":"summary_large_image","twitter_misc":{"Est. reading time":"4 min\u016btes"},"schema":{"@context":"https:\/\/schema.org","@graph":[{"@type":"WebPage","@id":"https:\/\/paintnprogress.art\/konfidencialitates-politika\/","url":"https:\/\/paintnprogress.art\/konfidencialitates-politika\/","name":"Konfidencialit\u0101tes Politika - paintnprogress.art","isPartOf":{"@id":"https:\/\/paintnprogress.art\/#website"},"datePublished":"2024-11-14T14:26:37+00:00","dateModified":"2026-04-03T05:05:00+00:00","description":"Konfidencialit\u0101tes politika ir izveidota, lai lab\u0101k apkalpotu tos, kuri ir nor\u016bp\u0113ju\u0161ies par to, k\u0101 vi\u0146u personisk\u0101 inform\u0101cija tiek izmantota","breadcrumb":{"@id":"https:\/\/paintnprogress.art\/konfidencialitates-politika\/#breadcrumb"},"inLanguage":"lv-LV","potentialAction":[{"@type":"ReadAction","target":["https:\/\/paintnprogress.art\/konfidencialitates-politika\/"]}]},{"@type":"BreadcrumbList","@id":"https:\/\/paintnprogress.art\/konfidencialitates-politika\/#breadcrumb","itemListElement":[{"@type":"ListItem","position":1,"name":"Home","item":"https:\/\/paintnprogress.art\/"},{"@type":"ListItem","position":2,"name":"Konfidencialit\u0101tes Politika"}]},{"@type":"WebSite","@id":"https:\/\/paintnprogress.art\/#website","url":"https:\/\/paintnprogress.art\/","name":"paintnprogress.art","description":"Glezno\u0161anas Nodarb\u012bbas","publisher":{"@id":"https:\/\/paintnprogress.art\/#organization"},"potentialAction":[{"@type":"SearchAction","target":{"@type":"EntryPoint","urlTemplate":"https:\/\/paintnprogress.art\/?s={search_term_string}"},"query-input":{"@type":"PropertyValueSpecification","valueRequired":true,"valueName":"search_term_string"}}],"inLanguage":"lv-LV"},{"@type":"Organization","@id":"https:\/\/paintnprogress.art\/#organization","name":"Paint&Progress","alternateName":"Paint and Progress","url":"https:\/\/paintnprogress.art\/","logo":{"@type":"ImageObject","inLanguage":"lv-LV","@id":"https:\/\/paintnprogress.art\/#\/schema\/logo\/image\/","url":"https:\/\/paintnprogress.art\/wp-content\/uploads\/2025\/01\/512.webp","contentUrl":"https:\/\/paintnprogress.art\/wp-content\/uploads\/2025\/01\/512.webp","width":512,"height":512,"caption":"Paint&Progress"},"image":{"@id":"https:\/\/paintnprogress.art\/#\/schema\/logo\/image\/"},"sameAs":["https:\/\/www.facebook.com\/paintnprogressart","https:\/\/www.youtube.com\/@PaintAndProgressArt","https:\/\/www.tiktok.com\/@paint_and_progress?lang=lv"]}]}},"uagb_featured_image_src":{"full":false,"thumbnail":false,"medium":false,"medium_large":false,"large":false,"1536x1536":false,"2048x2048":false,"trp-custom-language-flag":false,"woocommerce_thumbnail":false,"woocommerce_single":false,"woocommerce_gallery_thumbnail":false},"uagb_author_info":{"display_name":"Dzintars Kalnins","author_link":"https:\/\/paintnprogress.art\/lv\/author\/dzk765gmail-com\/"},"uagb_comment_info":0,"uagb_excerpt":"Konfidencialit\u0101tes Politika Sp\u0113k\u0101 no: 03.05.2025M\u0101jaslapas adrese: https:\/\/paintnprogress.art 1. Kas m\u0113s esam Paint &amp; Progress ir rado\u0161a iniciat\u012bva, kas pied\u0101v\u0101 m\u0101kslas [&hellip;]","_links":{"self":[{"href":"https:\/\/paintnprogress.art\/lv\/wp-json\/wp\/v2\/pages\/3","targetHints":{"allow":["GET"]}}],"collection":[{"href":"https:\/\/paintnprogress.art\/lv\/wp-json\/wp\/v2\/pages"}],"about":[{"href":"https:\/\/paintnprogress.art\/lv\/wp-json\/wp\/v2\/types\/page"}],"author":[{"embeddable":true,"href":"https:\/\/paintnprogress.art\/lv\/wp-json\/wp\/v2\/users\/1"}],"replies":[{"embeddable":true,"href":"https:\/\/paintnprogress.art\/lv\/wp-json\/wp\/v2\/comments?post=3"}],"version-history":[{"count":0,"href":"https:\/\/paintnprogress.art\/lv\/wp-json\/wp\/v2\/pages\/3\/revisions"}],"wp:attachment":[{"href":"https:\/\/paintnprogress.art\/lv\/wp-json\/wp\/v2\/media?parent=3"}],"curies":[{"name":"wp","href":"https:\/\/api.w.org\/{rel}","templated":true}]}}