{"id":1090,"date":"2024-12-09T09:07:00","date_gmt":"2024-12-09T09:07:00","guid":{"rendered":"https:\/\/paintnprogress.art\/?page_id=1090"},"modified":"2025-07-05T17:56:11","modified_gmt":"2025-07-05T17:56:11","slug":"distances-ligums","status":"publish","type":"page","link":"https:\/\/paintnprogress.art\/lv\/distances-ligums\/","title":{"rendered":"Distances l\u012bgums un atteikuma ties\u012bbas"},"content":{"rendered":"\n<h4 class=\"wp-block-heading\">Distances l\u012bgums<\/h4>\n\n\n\n<p>Saska\u0146\u0101 ar Latvijas Republikas likumdo\u0161anu interneta veikala \u012bpa\u0161niekam ir pien\u0101kums defin\u0113t pre\u010du pieg\u0101des un atgrie\u0161anas k\u0101rt\u012bbu, k\u0101 ar\u012b atteikuma ties\u012bbas. \u0160o noteikumu kopumu d\u0113v\u0113 par distances l\u012bgumu (saska\u0146\u0101 ar Ministru kabineta noteikumiem).<\/p>\n\n\n\n<p>\u0160aj\u0101 interneta veikal\u0101 pied\u0101v\u0101to pakalpojumu p\u0101rdev\u0113js (turpm\u0101k \u2013 P\u0101rdev\u0113js) un klients, kur\u0161 veic pas\u016bt\u012bjumu (turpm\u0101k \u2013 Pirc\u0113js), savstarp\u0113ji nosl\u0113dz \u0161\u0101du l\u012bgumu:<\/p>\n\n\n\n<ul class=\"wp-block-list\">\n<li>P\u0101rdev\u0113js ap\u0146emas nodro\u0161in\u0101t Pirc\u0113jam vi\u0146a pas\u016bt\u012bto pakalpojumu.<\/li>\n\n\n\n<li>Pirc\u0113js veic pakalpojuma pas\u016bt\u012bjumu m\u0101jaslap\u0101 <a href=\"https:\/\/paintnprogress.art\/\"><strong>https:\/\/paintnprogress.art\/<\/strong><\/a>, nor\u0101dot nepiecie\u0161amo pakalpojumu.<\/li>\n\n\n\n<li>Maks\u0101jumu Pirc\u0113js var veikt, izmantojot m\u0101jaslap\u0101 pieejamos maks\u0101juma r\u012bkus vai apmaks\u0101jot P\u0101rdev\u0113ja nos\u016bt\u012bto elektronisko r\u0113\u0137inu, kas tiek sagatavots un nos\u016bt\u012bts pa e-pastu. R\u0113\u0137ins ir der\u012bgs bez paraksta.<\/li>\n<\/ul>\n\n\n\n<hr class=\"wp-block-separator has-alpha-channel-opacity\"\/>\n\n\n\n<h4 class=\"wp-block-heading\">Atteikuma ties\u012bbas<\/h4>\n\n\n\n<p>Pirc\u0113jam ir ties\u012bbas 14 dienu laik\u0101 atteikties no ieg\u0101d\u0101t\u0101 pakalpojuma, s\u0101kot no pirkuma veik\u0161anas br\u012b\u017ea. Lai izmantotu atteikuma ties\u012bbas, Pirc\u0113jam j\u0101s\u016bta atteikuma v\u0113stule P\u0101rdev\u0113jam. Atteikuma v\u0113stules veidlapu P\u0101rdev\u0113js nodro\u0161ina p\u0113c Pirc\u0113ja piepras\u012bjuma, nos\u016btot to uz Pirc\u0113ja e-pastu.<\/p>\n\n\n\n<p>Tom\u0113r atteikuma ties\u012bbas nav piem\u0113rojamas \u0161\u0101dos gad\u012bjumos:<\/p>\n\n\n\n<ul class=\"wp-block-list\">\n<li>Pirc\u0113js jau ir apmekl\u0113jis nodarb\u012bbu vai meistarklasi.<\/li>\n\n\n\n<li>Pakalpojuma snieg\u0161anas datums ir pag\u0101jis, un Pirc\u0113js to nav izmantojis.<\/li>\n\n\n\n<li>L\u012bdz pakalpojuma snieg\u0161anas s\u0101kumam ir atlicis maz\u0101k nek\u0101 48 stundas.<\/li>\n\n\n\n<li>Pakalpojums ir ieg\u0101d\u0101ts ar akcijas cenu.<\/li>\n<\/ul>\n\n\n\n<p>Contact us at {email} for questions related to refunds and returns.<\/p>\n","protected":false},"excerpt":{"rendered":"<p>Distances l\u012bgums Saska\u0146\u0101 ar Latvijas Republikas likumdo\u0161anu interneta veikala \u012bpa\u0161niekam ir pien\u0101kums defin\u0113t pre\u010du pieg\u0101des un atgrie\u0161anas k\u0101rt\u012bbu, k\u0101 ar\u012b [&hellip;]<\/p>\n","protected":false},"author":1,"featured_media":0,"parent":0,"menu_order":0,"comment_status":"closed","ping_status":"closed","template":"","meta":{"_uag_custom_page_level_css":"","site-sidebar-layout":"default","site-content-layout":"","ast-site-content-layout":"default","site-content-style":"default","site-sidebar-style":"default","ast-global-header-display":"","ast-banner-title-visibility":"","ast-main-header-display":"","ast-hfb-above-header-display":"","ast-hfb-below-header-display":"","ast-hfb-mobile-header-display":"","site-post-title":"","ast-breadcrumbs-content":"","ast-featured-img":"","footer-sml-layout":"","ast-disable-related-posts":"","theme-transparent-header-meta":"","adv-header-id-meta":"","stick-header-meta":"","header-above-stick-meta":"","header-main-stick-meta":"","header-below-stick-meta":"","astra-migrate-meta-layouts":"set","ast-page-background-enabled":"default","ast-page-background-meta":{"desktop":{"background-color":"","background-image":"","background-repeat":"repeat","background-position":"center center","background-size":"auto","background-attachment":"scroll","background-type":"","background-media":"","overlay-type":"","overlay-color":"","overlay-opacity":"","overlay-gradient":""},"tablet":{"background-color":"","background-image":"","background-repeat":"repeat","background-position":"center center","background-size":"auto","background-attachment":"scroll","background-type":"","background-media":"","overlay-type":"","overlay-color":"","overlay-opacity":"","overlay-gradient":""},"mobile":{"background-color":"","background-image":"","background-repeat":"repeat","background-position":"center center","background-size":"auto","background-attachment":"scroll","background-type":"","background-media":"","overlay-type":"","overlay-color":"","overlay-opacity":"","overlay-gradient":""}},"ast-content-background-meta":{"desktop":{"background-color":"var(--ast-global-color-5)","background-image":"","background-repeat":"repeat","background-position":"center center","background-size":"auto","background-attachment":"scroll","background-type":"","background-media":"","overlay-type":"","overlay-color":"","overlay-opacity":"","overlay-gradient":""},"tablet":{"background-color":"var(--ast-global-color-5)","background-image":"","background-repeat":"repeat","background-position":"center center","background-size":"auto","background-attachment":"scroll","background-type":"","background-media":"","overlay-type":"","overlay-color":"","overlay-opacity":"","overlay-gradient":""},"mobile":{"background-color":"var(--ast-global-color-5)","background-image":"","background-repeat":"repeat","background-position":"center center","background-size":"auto","background-attachment":"scroll","background-type":"","background-media":"","overlay-type":"","overlay-color":"","overlay-opacity":"","overlay-gradient":""}},"footnotes":""},"class_list":["post-1090","page","type-page","status-publish","hentry"],"yoast_head":"<!-- This site is optimized with the Yoast SEO plugin v27.6 - https:\/\/yoast.com\/product\/yoast-seo-wordpress\/ -->\n<title>Distances l\u012bgums un atteikuma ties\u012bbas - paintnprogress.art<\/title>\n<meta name=\"description\" content=\"Distances l\u012bgums un atteikuma ties\u012bbas: nosac\u012bjumi pakalpojumu ieg\u0101dei, apmaksai, atcel\u0161anai un ties\u012bb\u0101m atteikties 14 dienu laik\u0101\" \/>\n<meta name=\"robots\" content=\"index, follow, max-snippet:-1, max-image-preview:large, max-video-preview:-1\" \/>\n<link rel=\"canonical\" href=\"https:\/\/paintnprogress.art\/lv\/distances-ligums\/\" \/>\n<meta property=\"og:locale\" content=\"lv_LV\" \/>\n<meta property=\"og:type\" content=\"article\" \/>\n<meta property=\"og:title\" content=\"Distances l\u012bgums un atteikuma ties\u012bbas - paintnprogress.art\" \/>\n<meta property=\"og:description\" content=\"Distances l\u012bgums un atteikuma ties\u012bbas: nosac\u012bjumi pakalpojumu ieg\u0101dei, apmaksai, atcel\u0161anai un ties\u012bb\u0101m atteikties 14 dienu laik\u0101\" \/>\n<meta property=\"og:url\" content=\"https:\/\/paintnprogress.art\/lv\/distances-ligums\/\" \/>\n<meta property=\"og:site_name\" content=\"paintnprogress.art\" \/>\n<meta property=\"article:publisher\" content=\"https:\/\/www.facebook.com\/paintnprogressart\" \/>\n<meta property=\"article:modified_time\" content=\"2025-07-05T17:56:11+00:00\" \/>\n<meta name=\"twitter:card\" content=\"summary_large_image\" \/>\n<meta name=\"twitter:label1\" content=\"Est. reading time\" \/>\n\t<meta name=\"twitter:data1\" content=\"2 min\u016btes\" \/>\n<script type=\"application\/ld+json\" class=\"yoast-schema-graph\">{\"@context\":\"https:\\\/\\\/schema.org\",\"@graph\":[{\"@type\":\"WebPage\",\"@id\":\"https:\\\/\\\/paintnprogress.art\\\/distances-ligums\\\/\",\"url\":\"https:\\\/\\\/paintnprogress.art\\\/distances-ligums\\\/\",\"name\":\"Distances l\u012bgums un atteikuma ties\u012bbas - paintnprogress.art\",\"isPartOf\":{\"@id\":\"https:\\\/\\\/paintnprogress.art\\\/#website\"},\"datePublished\":\"2024-12-09T09:07:00+00:00\",\"dateModified\":\"2025-07-05T17:56:11+00:00\",\"description\":\"Distances l\u012bgums un atteikuma ties\u012bbas: nosac\u012bjumi pakalpojumu ieg\u0101dei, apmaksai, atcel\u0161anai un ties\u012bb\u0101m atteikties 14 dienu laik\u0101\",\"breadcrumb\":{\"@id\":\"https:\\\/\\\/paintnprogress.art\\\/distances-ligums\\\/#breadcrumb\"},\"inLanguage\":\"lv-LV\",\"potentialAction\":[{\"@type\":\"ReadAction\",\"target\":[\"https:\\\/\\\/paintnprogress.art\\\/distances-ligums\\\/\"]}]},{\"@type\":\"BreadcrumbList\",\"@id\":\"https:\\\/\\\/paintnprogress.art\\\/distances-ligums\\\/#breadcrumb\",\"itemListElement\":[{\"@type\":\"ListItem\",\"position\":1,\"name\":\"Home\",\"item\":\"https:\\\/\\\/paintnprogress.art\\\/\"},{\"@type\":\"ListItem\",\"position\":2,\"name\":\"Distances l\u012bgums un atteikuma ties\u012bbas\"}]},{\"@type\":\"WebSite\",\"@id\":\"https:\\\/\\\/paintnprogress.art\\\/#website\",\"url\":\"https:\\\/\\\/paintnprogress.art\\\/\",\"name\":\"paintnprogress.art\",\"description\":\"Glezno\u0161anas Nodarb\u012bbas\",\"publisher\":{\"@id\":\"https:\\\/\\\/paintnprogress.art\\\/#organization\"},\"potentialAction\":[{\"@type\":\"SearchAction\",\"target\":{\"@type\":\"EntryPoint\",\"urlTemplate\":\"https:\\\/\\\/paintnprogress.art\\\/?s={search_term_string}\"},\"query-input\":{\"@type\":\"PropertyValueSpecification\",\"valueRequired\":true,\"valueName\":\"search_term_string\"}}],\"inLanguage\":\"lv-LV\"},{\"@type\":\"Organization\",\"@id\":\"https:\\\/\\\/paintnprogress.art\\\/#organization\",\"name\":\"Paint&Progress\",\"alternateName\":\"Paint and Progress\",\"url\":\"https:\\\/\\\/paintnprogress.art\\\/\",\"logo\":{\"@type\":\"ImageObject\",\"inLanguage\":\"lv-LV\",\"@id\":\"https:\\\/\\\/paintnprogress.art\\\/#\\\/schema\\\/logo\\\/image\\\/\",\"url\":\"https:\\\/\\\/paintnprogress.art\\\/wp-content\\\/uploads\\\/2025\\\/01\\\/512.webp\",\"contentUrl\":\"https:\\\/\\\/paintnprogress.art\\\/wp-content\\\/uploads\\\/2025\\\/01\\\/512.webp\",\"width\":512,\"height\":512,\"caption\":\"Paint&Progress\"},\"image\":{\"@id\":\"https:\\\/\\\/paintnprogress.art\\\/#\\\/schema\\\/logo\\\/image\\\/\"},\"sameAs\":[\"https:\\\/\\\/www.facebook.com\\\/paintnprogressart\",\"https:\\\/\\\/www.youtube.com\\\/@PaintAndProgressArt\",\"https:\\\/\\\/www.tiktok.com\\\/@paint_and_progress?lang=lv\"]}]}<\/script>\n<!-- \/ Yoast SEO plugin. -->","yoast_head_json":{"title":"Distances l\u012bgums un atteikuma ties\u012bbas - paintnprogress.art","description":"Distances l\u012bgums un atteikuma ties\u012bbas: nosac\u012bjumi pakalpojumu ieg\u0101dei, apmaksai, atcel\u0161anai un ties\u012bb\u0101m atteikties 14 dienu laik\u0101","robots":{"index":"index","follow":"follow","max-snippet":"max-snippet:-1","max-image-preview":"max-image-preview:large","max-video-preview":"max-video-preview:-1"},"canonical":"https:\/\/paintnprogress.art\/lv\/distances-ligums\/","og_locale":"lv_LV","og_type":"article","og_title":"Distances l\u012bgums un atteikuma ties\u012bbas - paintnprogress.art","og_description":"Distances l\u012bgums un atteikuma ties\u012bbas: nosac\u012bjumi pakalpojumu ieg\u0101dei, apmaksai, atcel\u0161anai un ties\u012bb\u0101m atteikties 14 dienu laik\u0101","og_url":"https:\/\/paintnprogress.art\/lv\/distances-ligums\/","og_site_name":"paintnprogress.art","article_publisher":"https:\/\/www.facebook.com\/paintnprogressart","article_modified_time":"2025-07-05T17:56:11+00:00","twitter_card":"summary_large_image","twitter_misc":{"Est. reading time":"2 min\u016btes"},"schema":{"@context":"https:\/\/schema.org","@graph":[{"@type":"WebPage","@id":"https:\/\/paintnprogress.art\/distances-ligums\/","url":"https:\/\/paintnprogress.art\/distances-ligums\/","name":"Distances l\u012bgums un atteikuma ties\u012bbas - paintnprogress.art","isPartOf":{"@id":"https:\/\/paintnprogress.art\/#website"},"datePublished":"2024-12-09T09:07:00+00:00","dateModified":"2025-07-05T17:56:11+00:00","description":"Distances l\u012bgums un atteikuma ties\u012bbas: nosac\u012bjumi pakalpojumu ieg\u0101dei, apmaksai, atcel\u0161anai un ties\u012bb\u0101m atteikties 14 dienu laik\u0101","breadcrumb":{"@id":"https:\/\/paintnprogress.art\/distances-ligums\/#breadcrumb"},"inLanguage":"lv-LV","potentialAction":[{"@type":"ReadAction","target":["https:\/\/paintnprogress.art\/distances-ligums\/"]}]},{"@type":"BreadcrumbList","@id":"https:\/\/paintnprogress.art\/distances-ligums\/#breadcrumb","itemListElement":[{"@type":"ListItem","position":1,"name":"Home","item":"https:\/\/paintnprogress.art\/"},{"@type":"ListItem","position":2,"name":"Distances l\u012bgums un atteikuma ties\u012bbas"}]},{"@type":"WebSite","@id":"https:\/\/paintnprogress.art\/#website","url":"https:\/\/paintnprogress.art\/","name":"paintnprogress.art","description":"Glezno\u0161anas Nodarb\u012bbas","publisher":{"@id":"https:\/\/paintnprogress.art\/#organization"},"potentialAction":[{"@type":"SearchAction","target":{"@type":"EntryPoint","urlTemplate":"https:\/\/paintnprogress.art\/?s={search_term_string}"},"query-input":{"@type":"PropertyValueSpecification","valueRequired":true,"valueName":"search_term_string"}}],"inLanguage":"lv-LV"},{"@type":"Organization","@id":"https:\/\/paintnprogress.art\/#organization","name":"Paint&Progress","alternateName":"Paint and Progress","url":"https:\/\/paintnprogress.art\/","logo":{"@type":"ImageObject","inLanguage":"lv-LV","@id":"https:\/\/paintnprogress.art\/#\/schema\/logo\/image\/","url":"https:\/\/paintnprogress.art\/wp-content\/uploads\/2025\/01\/512.webp","contentUrl":"https:\/\/paintnprogress.art\/wp-content\/uploads\/2025\/01\/512.webp","width":512,"height":512,"caption":"Paint&Progress"},"image":{"@id":"https:\/\/paintnprogress.art\/#\/schema\/logo\/image\/"},"sameAs":["https:\/\/www.facebook.com\/paintnprogressart","https:\/\/www.youtube.com\/@PaintAndProgressArt","https:\/\/www.tiktok.com\/@paint_and_progress?lang=lv"]}]}},"uagb_featured_image_src":{"full":false,"thumbnail":false,"medium":false,"medium_large":false,"large":false,"1536x1536":false,"2048x2048":false,"trp-custom-language-flag":false,"woocommerce_thumbnail":false,"woocommerce_single":false,"woocommerce_gallery_thumbnail":false},"uagb_author_info":{"display_name":"Dzintars Kalnins","author_link":"https:\/\/paintnprogress.art\/lv\/author\/dzk765gmail-com\/"},"uagb_comment_info":0,"uagb_excerpt":"Distances l\u012bgums Saska\u0146\u0101 ar Latvijas Republikas likumdo\u0161anu interneta veikala \u012bpa\u0161niekam ir pien\u0101kums defin\u0113t pre\u010du pieg\u0101des un atgrie\u0161anas k\u0101rt\u012bbu, k\u0101 ar\u012b [&hellip;]","_links":{"self":[{"href":"https:\/\/paintnprogress.art\/lv\/wp-json\/wp\/v2\/pages\/1090","targetHints":{"allow":["GET"]}}],"collection":[{"href":"https:\/\/paintnprogress.art\/lv\/wp-json\/wp\/v2\/pages"}],"about":[{"href":"https:\/\/paintnprogress.art\/lv\/wp-json\/wp\/v2\/types\/page"}],"author":[{"embeddable":true,"href":"https:\/\/paintnprogress.art\/lv\/wp-json\/wp\/v2\/users\/1"}],"replies":[{"embeddable":true,"href":"https:\/\/paintnprogress.art\/lv\/wp-json\/wp\/v2\/comments?post=1090"}],"version-history":[{"count":0,"href":"https:\/\/paintnprogress.art\/lv\/wp-json\/wp\/v2\/pages\/1090\/revisions"}],"wp:attachment":[{"href":"https:\/\/paintnprogress.art\/lv\/wp-json\/wp\/v2\/media?parent=1090"}],"curies":[{"name":"wp","href":"https:\/\/api.w.org\/{rel}","templated":true}]}}