{"id":8243,"date":"2026-03-21T11:01:19","date_gmt":"2026-03-21T11:01:19","guid":{"rendered":"https:\/\/paintnprogress.art\/?post_type=product&#038;p=8243"},"modified":"2026-04-13T17:55:51","modified_gmt":"2026-04-13T17:55:51","slug":"colorful-latvian-spirit-painting-in-old-riga","status":"publish","type":"product","link":"https:\/\/paintnprogress.art\/en\/product\/krasainas-latvijas-garsas-gleznosana-vins-vecriga\/","title":{"rendered":"Painting master class in Old Riga with wine tasting"},"content":{"rendered":"<h2 data-section-id=\"1nmbx90\" data-start=\"227\" data-end=\"285\">Experience Latvia through the stroke of a brush and local flavors<\/h2>\n<p data-start=\"287\" data-end=\"348\"><strong data-start=\"287\" data-end=\"348\">Painting master class in Riga with wine tasting in Old Riga<\/strong><\/p>\n<p data-start=\"350\" data-end=\"578\">Are you looking for an idea for a meaningful vacation or wondering what to do in Riga on vacation?<br data-start=\"425\" data-end=\"428\" \/><strong>\u201cColorful flavors of Latvia\u201d<\/strong> is a unique event in the store<strong> <a href=\"https:\/\/www.ambersisters.com\/\">\u201cGifts and Treats\u201d, Tirgo\u0146u Street 9<\/a><\/strong>, in the creative basement, where art meets gastronomy.<\/p>\n<p data-start=\"580\" data-end=\"728\">This is not just a classic painting master class in Old Riga - it is a story about history and our land, which we will discover both on canvas and in a tasting glass.<\/p>\n<p data-start=\"730\" data-end=\"901\">In our studio in Old Riga, we create an environment where everyone feels like an artist. To maintain the intimacy of the event and ensure the highest quality, the group is limited to a maximum of 8 people.<\/p>\n<hr data-start=\"903\" data-end=\"906\" \/>\n<h2 data-section-id=\"1g17sgc\" data-start=\"908\" data-end=\"951\">What awaits you in a painting master class<\/h2>\n<ul data-start=\"953\" data-end=\"1783\">\n<li data-section-id=\"gkjcji\" data-start=\"953\" data-end=\"1171\"><strong data-start=\"955\" data-end=\"995\">Individual painting master class<\/strong><br data-start=\"995\" data-end=\"998\" \/>Under the guidance of a professional artist, you will create your own unique painting (30\u00d740), inspired by Latvian nature motifs: the Baltic Sea, flowering meadows, or misty forests.<\/li>\n<li data-section-id=\"184l74y\" data-start=\"1173\" data-end=\"1383\"><strong data-start=\"1175\" data-end=\"1223\">Authentic Latvian wine tasting in Old Riga<\/strong><br data-start=\"1223\" data-end=\"1226\" \/>At each event, we will enjoy two glasses of selected Latvian rural wine:<br data-start=\"1295\" data-end=\"1298\" \/>\u2013 fresh rhubarb dry white wine<br data-start=\"1337\" data-end=\"1340\" \/>\u2013 warming lingonberry sweet red wine<\/li>\n<li data-section-id=\"1r5m0gn\" data-start=\"1385\" data-end=\"1625\"><strong data-start=\"1387\" data-end=\"1413\">Latvian Flavors Snacks<\/strong><br data-start=\"1413\" data-end=\"1416\" \/>The offer includes delicious local snacks from the Latvian countryside, which perfectly complement the wine bouquet \u2013 K\u0101rumu Manor cheese wafers, Prosvego crackers from the organic farm, and the famous R\u0101mkalni candies.<\/li>\n<li data-section-id=\"ya30q0\" data-start=\"1627\" data-end=\"1783\"><strong data-start=\"1629\" data-end=\"1667\">All included in the painting workshop<\/strong><br data-start=\"1667\" data-end=\"1670\" \/>We provide all materials \u2013 canvases, paints, brushes, and aprons.<br data-start=\"1744\" data-end=\"1747\" \/>No prior knowledge is required.<\/li>\n<\/ul>\n<hr data-start=\"1785\" data-end=\"1788\" \/>\n<h2 data-section-id=\"1yo81l8\" data-start=\"1790\" data-end=\"1833\">Why choose this creative workshop in Riga?<\/h2>\n<p data-start=\"1835\" data-end=\"1974\">This painting workshop for adults in Riga is an excellent choice if you are interested in wine tasting in Old Riga in a relaxed and artistic atmosphere.<\/p>\n<p data-start=\"1976\" data-end=\"2051\">Since the number of places is strictly limited (8 people), this is an excellent option:<\/p>\n<ul data-start=\"2052\" data-end=\"2114\">\n<li data-section-id=\"tlixix\" data-start=\"2052\" data-end=\"2081\">for a small circle of like-minded people<\/li>\n<li data-section-id=\"js408o\" data-start=\"2082\" data-end=\"2114\">for quality rest in Old Riga<\/li>\n<\/ul>\n<p data-start=\"2116\" data-end=\"2201\">Painting and wine are the perfect combination for an authentic event on Old Riga Sundays \ud83c\udfa8<\/p>\n<hr data-start=\"2203\" data-end=\"2206\" \/>\n<h2 data-section-id=\"1c7b8wo\" data-start=\"2208\" data-end=\"2232\">Practical information<\/h2>\n<ul data-start=\"2234\" data-end=\"2460\">\n<li data-section-id=\"1ec5n9r\" data-start=\"2234\" data-end=\"2351\"><strong data-start=\"2236\" data-end=\"2253\">Venue<\/strong><br data-start=\"2253\" data-end=\"2256\" \/>The creative basement of the Amber Sisters store \u201cGifts and Treats\u201d, Tirgo\u0146u Street 9, Old Riga, Riga.<\/li>\n<li data-section-id=\"14fone\" data-start=\"2353\" data-end=\"2409\"><strong data-start=\"2355\" data-end=\"2364\">Time<\/strong><br data-start=\"2364\" data-end=\"2367\" \/>On the second and last Sunday of every month.<\/li>\n<li data-section-id=\"120l0w3\" data-start=\"2411\" data-end=\"2460\"><strong data-start=\"2413\" data-end=\"2434\">Number of participants<\/strong><br data-start=\"2434\" data-end=\"2437\" \/>Maximum 8 people.<\/li>\n<\/ul>\n<hr data-start=\"2462\" data-end=\"2465\" \/>\n<h2 data-section-id=\"y6ycjt\" data-start=\"2467\" data-end=\"2481\">Reservation<\/h2>\n<p data-start=\"2483\" data-end=\"2565\">Reserve your spot early and let the flavors of Latvia inspire your artwork.<\/p>\n<hr data-start=\"2567\" data-end=\"2570\" \/>\n<h2 data-section-id=\"qnvvee\" data-start=\"2572\" data-end=\"2606\">Other painting workshops<\/h2>\n<p><em data-start=\"481\" data-end=\"537\"><a href=\"https:\/\/paintnprogress.art\/en\/master-classes\/\">Check out other painting master classes on our website. <strong>in the studio.<\/strong><\/a><\/em><\/p>\n<p><a href=\"https:\/\/paintnprogress.art\/en\/outdoor-and-corporate-outings\/\"><em data-start=\"481\" data-end=\"537\">Check out other painting workshops too <strong>on outings.<\/strong><\/em><\/a><\/p>","protected":false},"excerpt":{"rendered":"<h4 data-start=\"747\" data-end=\"1068\"><strong>~3h in Old Riga, suitable for beginners<\/strong><\/h4>\n<p data-start=\"318\" data-end=\"588\">Enjoy a creative and flavorful experience in the heart of Old Riga - a great idea for what to do in Riga on a weekend.<br data-start=\"422\" data-end=\"425\" \/><strong>\u201cColorful flavors of Latvia\u201d<\/strong> combines a painting master class with a tasting of Latvian berry wines and a selection of local snacks, creating an authentic and relaxed atmosphere.<\/p>\n<h4 data-section-id=\"13lbca0\" data-start=\"401\" data-end=\"437\">What is included for each participant:<\/h4>\n<p data-start=\"439\" data-end=\"692\">\u2714\ufe0f Individual approach (in a small group of up to 8 people)<br data-start=\"492\" data-end=\"495\" \/>\u2714\ufe0f All painting materials \u2013 paints, canvases and everything you need<br data-start=\"565\" data-end=\"568\" \/>\u2714\ufe0f Two glasses of selected Latvian rural wine<br data-start=\"613\" data-end=\"616\" \/>\u2714\ufe0f Small snacks made in Latvia<br data-start=\"651\" data-end=\"654\" \/>\u2714\ufe0f No prior knowledge required<\/p>\n<p data-start=\"720\" data-end=\"754\"><strong data-start=\"720\" data-end=\"754\">Next dates: 29.03, 12.04 and 26.04, 14:00<\/strong><\/p>\n<p data-path-to-node=\"5\">\u26a0\ufe0f <b data-path-to-node=\"5\" data-index-in-node=\"3\">Attention:<\/b> Exclusive format \u2013 <b data-path-to-node=\"5\" data-index-in-node=\"34\">limited number of places (only 8 people)<\/b>, to ensure an individual approach and a cozy atmosphere.<\/p>\n<p><a href=\"https:\/\/paintnprogress.art\/en\/contacts\/\">Contact<\/a> with us personally to learn more and receive an offer tailored specifically to your group&#039;s needs!<\/p>\n<p><strong>(Please arrange the class date in advance)<\/strong><\/p>\n<p>\ud83d\udcde +371 26394651<\/p>","protected":false},"featured_media":8339,"comment_status":"open","ping_status":"closed","template":"","meta":{"_uag_custom_page_level_css":"","site-sidebar-layout":"default","site-content-layout":"","ast-site-content-layout":"default","site-content-style":"default","site-sidebar-style":"default","ast-global-header-display":"","ast-banner-title-visibility":"","ast-main-header-display":"","ast-hfb-above-header-display":"","ast-hfb-below-header-display":"","ast-hfb-mobile-header-display":"","site-post-title":"","ast-breadcrumbs-content":"","ast-featured-img":"","footer-sml-layout":"","ast-disable-related-posts":"","theme-transparent-header-meta":"default","adv-header-id-meta":"","stick-header-meta":"","header-above-stick-meta":"","header-main-stick-meta":"","header-below-stick-meta":"","astra-migrate-meta-layouts":"set","ast-page-background-enabled":"default","ast-page-background-meta":{"desktop":{"background-color":"","background-image":"","background-repeat":"repeat","background-position":"center center","background-size":"auto","background-attachment":"scroll","background-type":"","background-media":"","overlay-type":"","overlay-color":"","overlay-opacity":"","overlay-gradient":""},"tablet":{"background-color":"","background-image":"","background-repeat":"repeat","background-position":"center center","background-size":"auto","background-attachment":"scroll","background-type":"","background-media":"","overlay-type":"","overlay-color":"","overlay-opacity":"","overlay-gradient":""},"mobile":{"background-color":"","background-image":"","background-repeat":"repeat","background-position":"center center","background-size":"auto","background-attachment":"scroll","background-type":"","background-media":"","overlay-type":"","overlay-color":"","overlay-opacity":"","overlay-gradient":""}},"ast-content-background-meta":{"desktop":{"background-color":"var(--ast-global-color-5)","background-image":"","background-repeat":"repeat","background-position":"center center","background-size":"auto","background-attachment":"scroll","background-type":"","background-media":"","overlay-type":"","overlay-color":"","overlay-opacity":"","overlay-gradient":""},"tablet":{"background-color":"var(--ast-global-color-5)","background-image":"","background-repeat":"repeat","background-position":"center center","background-size":"auto","background-attachment":"scroll","background-type":"","background-media":"","overlay-type":"","overlay-color":"","overlay-opacity":"","overlay-gradient":""},"mobile":{"background-color":"var(--ast-global-color-5)","background-image":"","background-repeat":"repeat","background-position":"center center","background-size":"auto","background-attachment":"scroll","background-type":"","background-media":"","overlay-type":"","overlay-color":"","overlay-opacity":"","overlay-gradient":""}}},"product_brand":[],"product_cat":[173,42,41,18,164],"product_tag":[74,77,109,167,166,165,76],"class_list":{"0":"post-8243","1":"product","2":"type-product","3":"status-publish","4":"has-post-thumbnail","6":"product_cat-gleznosanas-meistarklase-ar-vinu","7":"product_cat-izbraukumu-meistarklases","8":"product_cat-meistarklases","9":"product_cat-nodarbibas","10":"product_cat-notikumi","11":"product_tag-gleznosana-bez-priekszinasanam","12":"product_tag-gleznosanas-meistarklase","13":"product_tag-gleznosanas-meistarklase-riga","14":"product_tag-gleznosanas-meistarklase-riga-ar-vina-degustaciju","15":"product_tag-latvija-razotu-vinu-degustacija","16":"product_tag-vina-degustacija-vecriga","17":"product_tag-76","18":"desktop-align-left","19":"tablet-align-left","20":"mobile-align-left","22":"first","23":"instock","24":"sold-individually","25":"shipping-taxable","26":"purchasable","27":"product-type-variable"},"yoast_head":"<!-- This site is optimized with the Yoast SEO plugin v27.6 - https:\/\/yoast.com\/product\/yoast-seo-wordpress\/ -->\n<title>Glezno\u0161anas meistarklase Vecr\u012bg\u0101 ar v\u012bna degust\u0101ciju - paintnprogress.art<\/title>\n<meta name=\"description\" content=\"Izbaudi glezno\u0161anas meistarklasi R\u012bg\u0101 ar Latvijas v\u012bna degust\u0101ciju Vecr\u012bg\u0101. Radi savu m\u0101kslas darbu, baudi viet\u0113j\u0101s gar\u0161as un lielisku atmosf\u0113ru.\" \/>\n<meta name=\"robots\" content=\"index, follow, max-snippet:-1, max-image-preview:large, max-video-preview:-1\" \/>\n<link rel=\"canonical\" href=\"https:\/\/paintnprogress.art\/en\/product\/colorful-latvian-spirit-painting-in-old-riga\/\" \/>\n<meta property=\"og:locale\" content=\"en_GB\" \/>\n<meta property=\"og:type\" content=\"article\" \/>\n<meta property=\"og:title\" content=\"Glezno\u0161anas meistarklase Vecr\u012bg\u0101 ar v\u012bna degust\u0101ciju - paintnprogress.art\" \/>\n<meta property=\"og:description\" content=\"Izbaudi glezno\u0161anas meistarklasi R\u012bg\u0101 ar Latvijas v\u012bna degust\u0101ciju Vecr\u012bg\u0101. Radi savu m\u0101kslas darbu, baudi viet\u0113j\u0101s gar\u0161as un lielisku atmosf\u0113ru.\" \/>\n<meta property=\"og:url\" content=\"https:\/\/paintnprogress.art\/en\/product\/colorful-latvian-spirit-painting-in-old-riga\/\" \/>\n<meta property=\"og:site_name\" content=\"paintnprogress.art\" \/>\n<meta property=\"article:publisher\" content=\"https:\/\/www.facebook.com\/paintnprogressart\" \/>\n<meta property=\"article:modified_time\" content=\"2026-04-13T17:55:51+00:00\" \/>\n<meta property=\"og:image\" content=\"https:\/\/paintnprogress.art\/wp-content\/uploads\/2026\/03\/Gleznosanas-Meistarklase-Vecriga-ar-vina-degustaciju-17-1.webp\" \/>\n\t<meta property=\"og:image:width\" content=\"579\" \/>\n\t<meta property=\"og:image:height\" content=\"388\" \/>\n\t<meta property=\"og:image:type\" content=\"image\/webp\" \/>\n<meta name=\"twitter:card\" content=\"summary_large_image\" \/>\n<meta name=\"twitter:label1\" content=\"Estimated reading time\" \/>\n\t<meta name=\"twitter:data1\" content=\"2 minutes\" \/>\n<script type=\"application\/ld+json\" class=\"yoast-schema-graph\">{\"@context\":\"https:\\\/\\\/schema.org\",\"@graph\":[{\"@type\":\"WebPage\",\"@id\":\"https:\\\/\\\/paintnprogress.art\\\/product\\\/krasainas-latvijas-garsas-gleznosana-vins-vecriga\\\/\",\"url\":\"https:\\\/\\\/paintnprogress.art\\\/product\\\/krasainas-latvijas-garsas-gleznosana-vins-vecriga\\\/\",\"name\":\"Glezno\u0161anas meistarklase Vecr\u012bg\u0101 ar v\u012bna degust\u0101ciju - paintnprogress.art\",\"isPartOf\":{\"@id\":\"https:\\\/\\\/paintnprogress.art\\\/#website\"},\"primaryImageOfPage\":{\"@id\":\"https:\\\/\\\/paintnprogress.art\\\/product\\\/krasainas-latvijas-garsas-gleznosana-vins-vecriga\\\/#primaryimage\"},\"image\":{\"@id\":\"https:\\\/\\\/paintnprogress.art\\\/product\\\/krasainas-latvijas-garsas-gleznosana-vins-vecriga\\\/#primaryimage\"},\"thumbnailUrl\":\"https:\\\/\\\/paintnprogress.art\\\/wp-content\\\/uploads\\\/2026\\\/03\\\/Gleznosanas-Meistarklase-Vecriga-ar-vina-degustaciju-17-1.webp\",\"datePublished\":\"2026-03-21T11:01:19+00:00\",\"dateModified\":\"2026-04-13T17:55:51+00:00\",\"description\":\"Izbaudi glezno\u0161anas meistarklasi R\u012bg\u0101 ar Latvijas v\u012bna degust\u0101ciju Vecr\u012bg\u0101. Radi savu m\u0101kslas darbu, baudi viet\u0113j\u0101s gar\u0161as un lielisku atmosf\u0113ru.\",\"breadcrumb\":{\"@id\":\"https:\\\/\\\/paintnprogress.art\\\/product\\\/krasainas-latvijas-garsas-gleznosana-vins-vecriga\\\/#breadcrumb\"},\"inLanguage\":\"en-GB\",\"potentialAction\":[{\"@type\":\"ReadAction\",\"target\":[\"https:\\\/\\\/paintnprogress.art\\\/product\\\/krasainas-latvijas-garsas-gleznosana-vins-vecriga\\\/\"]}]},{\"@type\":\"ImageObject\",\"inLanguage\":\"en-GB\",\"@id\":\"https:\\\/\\\/paintnprogress.art\\\/product\\\/krasainas-latvijas-garsas-gleznosana-vins-vecriga\\\/#primaryimage\",\"url\":\"https:\\\/\\\/paintnprogress.art\\\/wp-content\\\/uploads\\\/2026\\\/03\\\/Gleznosanas-Meistarklase-Vecriga-ar-vina-degustaciju-17-1.webp\",\"contentUrl\":\"https:\\\/\\\/paintnprogress.art\\\/wp-content\\\/uploads\\\/2026\\\/03\\\/Gleznosanas-Meistarklase-Vecriga-ar-vina-degustaciju-17-1.webp\",\"width\":579,\"height\":388,\"caption\":\"Glezno\u0161anas Meistarklase Vecr\u012bg\u0101 ar Latvijas v\u012bna, un uzkodu degust\u0101ciju\"},{\"@type\":\"BreadcrumbList\",\"@id\":\"https:\\\/\\\/paintnprogress.art\\\/product\\\/krasainas-latvijas-garsas-gleznosana-vins-vecriga\\\/#breadcrumb\",\"itemListElement\":[{\"@type\":\"ListItem\",\"position\":1,\"name\":\"Home\",\"item\":\"https:\\\/\\\/paintnprogress.art\\\/\"},{\"@type\":\"ListItem\",\"position\":2,\"name\":\"Shop\",\"item\":\"https:\\\/\\\/paintnprogress.art\\\/shop\\\/\"},{\"@type\":\"ListItem\",\"position\":3,\"name\":\"Glezno\u0161anas meistarklase Vecr\u012bg\u0101 ar v\u012bna degust\u0101ciju\"}]},{\"@type\":\"WebSite\",\"@id\":\"https:\\\/\\\/paintnprogress.art\\\/#website\",\"url\":\"https:\\\/\\\/paintnprogress.art\\\/\",\"name\":\"paintnprogress.art\",\"description\":\"Glezno\u0161anas Nodarb\u012bbas\",\"publisher\":{\"@id\":\"https:\\\/\\\/paintnprogress.art\\\/#organization\"},\"potentialAction\":[{\"@type\":\"SearchAction\",\"target\":{\"@type\":\"EntryPoint\",\"urlTemplate\":\"https:\\\/\\\/paintnprogress.art\\\/?s={search_term_string}\"},\"query-input\":{\"@type\":\"PropertyValueSpecification\",\"valueRequired\":true,\"valueName\":\"search_term_string\"}}],\"inLanguage\":\"en-GB\"},{\"@type\":\"Organization\",\"@id\":\"https:\\\/\\\/paintnprogress.art\\\/#organization\",\"name\":\"Paint&Progress\",\"alternateName\":\"Paint and Progress\",\"url\":\"https:\\\/\\\/paintnprogress.art\\\/\",\"logo\":{\"@type\":\"ImageObject\",\"inLanguage\":\"en-GB\",\"@id\":\"https:\\\/\\\/paintnprogress.art\\\/#\\\/schema\\\/logo\\\/image\\\/\",\"url\":\"https:\\\/\\\/paintnprogress.art\\\/wp-content\\\/uploads\\\/2025\\\/01\\\/512.webp\",\"contentUrl\":\"https:\\\/\\\/paintnprogress.art\\\/wp-content\\\/uploads\\\/2025\\\/01\\\/512.webp\",\"width\":512,\"height\":512,\"caption\":\"Paint&Progress\"},\"image\":{\"@id\":\"https:\\\/\\\/paintnprogress.art\\\/#\\\/schema\\\/logo\\\/image\\\/\"},\"sameAs\":[\"https:\\\/\\\/www.facebook.com\\\/paintnprogressart\",\"https:\\\/\\\/www.youtube.com\\\/@PaintAndProgressArt\",\"https:\\\/\\\/www.tiktok.com\\\/@paint_and_progress?lang=lv\"]}]}<\/script>\n<!-- \/ Yoast SEO plugin. -->","yoast_head_json":{"title":"Painting masterclass in Old Riga with wine tasting - paintnprogress.art","description":"Enjoy a painting masterclass in Riga with a Latvian wine tasting in Old Riga. Create your own work of art, enjoy local flavors and a great atmosphere.","robots":{"index":"index","follow":"follow","max-snippet":"max-snippet:-1","max-image-preview":"max-image-preview:large","max-video-preview":"max-video-preview:-1"},"canonical":"https:\/\/paintnprogress.art\/en\/product\/colorful-latvian-spirit-painting-in-old-riga\/","og_locale":"en_GB","og_type":"article","og_title":"Glezno\u0161anas meistarklase Vecr\u012bg\u0101 ar v\u012bna degust\u0101ciju - paintnprogress.art","og_description":"Izbaudi glezno\u0161anas meistarklasi R\u012bg\u0101 ar Latvijas v\u012bna degust\u0101ciju Vecr\u012bg\u0101. Radi savu m\u0101kslas darbu, baudi viet\u0113j\u0101s gar\u0161as un lielisku atmosf\u0113ru.","og_url":"https:\/\/paintnprogress.art\/en\/product\/colorful-latvian-spirit-painting-in-old-riga\/","og_site_name":"paintnprogress.art","article_publisher":"https:\/\/www.facebook.com\/paintnprogressart","article_modified_time":"2026-04-13T17:55:51+00:00","og_image":[{"width":579,"height":388,"url":"https:\/\/paintnprogress.art\/wp-content\/uploads\/2026\/03\/Gleznosanas-Meistarklase-Vecriga-ar-vina-degustaciju-17-1.webp","type":"image\/webp"}],"twitter_card":"summary_large_image","twitter_misc":{"Estimated reading time":"2 minutes"},"schema":{"@context":"https:\/\/schema.org","@graph":[{"@type":"WebPage","@id":"https:\/\/paintnprogress.art\/product\/krasainas-latvijas-garsas-gleznosana-vins-vecriga\/","url":"https:\/\/paintnprogress.art\/product\/krasainas-latvijas-garsas-gleznosana-vins-vecriga\/","name":"Painting masterclass in Old Riga with wine tasting - paintnprogress.art","isPartOf":{"@id":"https:\/\/paintnprogress.art\/#website"},"primaryImageOfPage":{"@id":"https:\/\/paintnprogress.art\/product\/krasainas-latvijas-garsas-gleznosana-vins-vecriga\/#primaryimage"},"image":{"@id":"https:\/\/paintnprogress.art\/product\/krasainas-latvijas-garsas-gleznosana-vins-vecriga\/#primaryimage"},"thumbnailUrl":"https:\/\/paintnprogress.art\/wp-content\/uploads\/2026\/03\/Gleznosanas-Meistarklase-Vecriga-ar-vina-degustaciju-17-1.webp","datePublished":"2026-03-21T11:01:19+00:00","dateModified":"2026-04-13T17:55:51+00:00","description":"Enjoy a painting masterclass in Riga with a Latvian wine tasting in Old Riga. Create your own work of art, enjoy local flavors and a great atmosphere.","breadcrumb":{"@id":"https:\/\/paintnprogress.art\/product\/krasainas-latvijas-garsas-gleznosana-vins-vecriga\/#breadcrumb"},"inLanguage":"en-GB","potentialAction":[{"@type":"ReadAction","target":["https:\/\/paintnprogress.art\/product\/krasainas-latvijas-garsas-gleznosana-vins-vecriga\/"]}]},{"@type":"ImageObject","inLanguage":"en-GB","@id":"https:\/\/paintnprogress.art\/product\/krasainas-latvijas-garsas-gleznosana-vins-vecriga\/#primaryimage","url":"https:\/\/paintnprogress.art\/wp-content\/uploads\/2026\/03\/Gleznosanas-Meistarklase-Vecriga-ar-vina-degustaciju-17-1.webp","contentUrl":"https:\/\/paintnprogress.art\/wp-content\/uploads\/2026\/03\/Gleznosanas-Meistarklase-Vecriga-ar-vina-degustaciju-17-1.webp","width":579,"height":388,"caption":"Glezno\u0161anas Meistarklase Vecr\u012bg\u0101 ar Latvijas v\u012bna, un uzkodu degust\u0101ciju"},{"@type":"BreadcrumbList","@id":"https:\/\/paintnprogress.art\/product\/krasainas-latvijas-garsas-gleznosana-vins-vecriga\/#breadcrumb","itemListElement":[{"@type":"ListItem","position":1,"name":"Home","item":"https:\/\/paintnprogress.art\/"},{"@type":"ListItem","position":2,"name":"Shop","item":"https:\/\/paintnprogress.art\/shop\/"},{"@type":"ListItem","position":3,"name":"Glezno\u0161anas meistarklase Vecr\u012bg\u0101 ar v\u012bna degust\u0101ciju"}]},{"@type":"WebSite","@id":"https:\/\/paintnprogress.art\/#website","url":"https:\/\/paintnprogress.art\/","name":"paintnprogress.art","description":"Painting Lessons","publisher":{"@id":"https:\/\/paintnprogress.art\/#organization"},"potentialAction":[{"@type":"SearchAction","target":{"@type":"EntryPoint","urlTemplate":"https:\/\/paintnprogress.art\/?s={search_term_string}"},"query-input":{"@type":"PropertyValueSpecification","valueRequired":true,"valueName":"search_term_string"}}],"inLanguage":"en-GB"},{"@type":"Organization","@id":"https:\/\/paintnprogress.art\/#organization","name":"Paint&amp;Progress","alternateName":"Paint and Progress","url":"https:\/\/paintnprogress.art\/","logo":{"@type":"ImageObject","inLanguage":"en-GB","@id":"https:\/\/paintnprogress.art\/#\/schema\/logo\/image\/","url":"https:\/\/paintnprogress.art\/wp-content\/uploads\/2025\/01\/512.webp","contentUrl":"https:\/\/paintnprogress.art\/wp-content\/uploads\/2025\/01\/512.webp","width":512,"height":512,"caption":"Paint&Progress"},"image":{"@id":"https:\/\/paintnprogress.art\/#\/schema\/logo\/image\/"},"sameAs":["https:\/\/www.facebook.com\/paintnprogressart","https:\/\/www.youtube.com\/@PaintAndProgressArt","https:\/\/www.tiktok.com\/@paint_and_progress?lang=lv"]}]}},"uagb_featured_image_src":{"full":["https:\/\/paintnprogress.art\/wp-content\/uploads\/2026\/03\/Gleznosanas-Meistarklase-Vecriga-ar-vina-degustaciju-17-1.webp",579,388,false],"thumbnail":["https:\/\/paintnprogress.art\/wp-content\/uploads\/2026\/03\/Gleznosanas-Meistarklase-Vecriga-ar-vina-degustaciju-17-1-150x150.webp",150,150,true],"medium":["https:\/\/paintnprogress.art\/wp-content\/uploads\/2026\/03\/Gleznosanas-Meistarklase-Vecriga-ar-vina-degustaciju-17-1-300x201.webp",300,201,true],"medium_large":["https:\/\/paintnprogress.art\/wp-content\/uploads\/2026\/03\/Gleznosanas-Meistarklase-Vecriga-ar-vina-degustaciju-17-1.webp",579,388,false],"large":["https:\/\/paintnprogress.art\/wp-content\/uploads\/2026\/03\/Gleznosanas-Meistarklase-Vecriga-ar-vina-degustaciju-17-1.webp",579,388,false],"1536x1536":["https:\/\/paintnprogress.art\/wp-content\/uploads\/2026\/03\/Gleznosanas-Meistarklase-Vecriga-ar-vina-degustaciju-17-1.webp",579,388,false],"2048x2048":["https:\/\/paintnprogress.art\/wp-content\/uploads\/2026\/03\/Gleznosanas-Meistarklase-Vecriga-ar-vina-degustaciju-17-1.webp",579,388,false],"trp-custom-language-flag":["https:\/\/paintnprogress.art\/wp-content\/uploads\/2026\/03\/Gleznosanas-Meistarklase-Vecriga-ar-vina-degustaciju-17-1-18x12.webp",18,12,true],"woocommerce_thumbnail":["https:\/\/paintnprogress.art\/wp-content\/uploads\/2026\/03\/Gleznosanas-Meistarklase-Vecriga-ar-vina-degustaciju-17-1-300x300.webp",300,300,true],"woocommerce_single":["https:\/\/paintnprogress.art\/wp-content\/uploads\/2026\/03\/Gleznosanas-Meistarklase-Vecriga-ar-vina-degustaciju-17-1.webp",579,388,false],"woocommerce_gallery_thumbnail":["https:\/\/paintnprogress.art\/wp-content\/uploads\/2026\/03\/Gleznosanas-Meistarklase-Vecriga-ar-vina-degustaciju-17-1-100x100.webp",100,100,true]},"uagb_author_info":{"display_name":"Dzintars Kalnins","author_link":"https:\/\/paintnprogress.art\/en\/author\/"},"uagb_comment_info":0,"uagb_excerpt":"~3h Vecr\u012bg\u0101, piem\u0113rota ies\u0101c\u0113jiem Izbaudi rado\u0161u un gar\u0161\u0101m bag\u0101tu pieredzi pa\u0161\u0101 Vecr\u012bgas sird\u012b \u2013 lieliska ideja, ko dar\u012bt R\u012bg\u0101 br\u012bvdien\u0101s.\u201cKr\u0101sain\u0101s Latvijas gar\u0161as\u201d apvieno glezno\u0161anas meistarklasi ar Latvijas ogu v\u012bnu degust\u0101ciju un viet\u0113jo uzkodu izlasi, radot autentisku un nepiespiestu atmosf\u0113ru. Kas iek\u013cauts katram dal\u012bbniekam: \u2714\ufe0f Individu\u0101la pieeja (neliel\u0101 grup\u0101 l\u012bdz 8 person\u0101m)\u2714\ufe0f Visi glezno\u0161anas materi\u0101li \u2013&hellip;","_links":{"self":[{"href":"https:\/\/paintnprogress.art\/en\/wp-json\/wp\/v2\/product\/8243","targetHints":{"allow":["GET"]}}],"collection":[{"href":"https:\/\/paintnprogress.art\/en\/wp-json\/wp\/v2\/product"}],"about":[{"href":"https:\/\/paintnprogress.art\/en\/wp-json\/wp\/v2\/types\/product"}],"replies":[{"embeddable":true,"href":"https:\/\/paintnprogress.art\/en\/wp-json\/wp\/v2\/comments?post=8243"}],"wp:featuredmedia":[{"embeddable":true,"href":"https:\/\/paintnprogress.art\/en\/wp-json\/wp\/v2\/media\/8339"}],"wp:attachment":[{"href":"https:\/\/paintnprogress.art\/en\/wp-json\/wp\/v2\/media?parent=8243"}],"wp:term":[{"taxonomy":"product_brand","embeddable":true,"href":"https:\/\/paintnprogress.art\/en\/wp-json\/wp\/v2\/product_brand?post=8243"},{"taxonomy":"product_cat","embeddable":true,"href":"https:\/\/paintnprogress.art\/en\/wp-json\/wp\/v2\/product_cat?post=8243"},{"taxonomy":"product_tag","embeddable":true,"href":"https:\/\/paintnprogress.art\/en\/wp-json\/wp\/v2\/product_tag?post=8243"}],"curies":[{"name":"wp","href":"https:\/\/api.w.org\/{rel}","templated":true}]}}