{"id":7897,"date":"2026-03-01T06:31:43","date_gmt":"2026-03-01T06:31:43","guid":{"rendered":"https:\/\/paintnprogress.art\/?post_type=product&#038;p=7897"},"modified":"2026-03-01T07:21:02","modified_gmt":"2026-03-01T07:21:02","slug":"painting-installation-paintprogress-studio-riga","status":"publish","type":"product","link":"https:\/\/paintnprogress.art\/en\/product\/gleznu-ieramesana-paintprogress-studija-riga\/","title":{"rendered":"Painting framing at Paint&amp;Progress studio in Riga"},"content":{"rendered":"<h3 data-start=\"0\" data-end=\"59\">How is painting framing done at Paint&amp;Progress studio?<\/h3>\n<p>&nbsp;<\/p>\n<h4 data-start=\"61\" data-end=\"101\">1. Job submission and consultation<\/h4>\n<p data-start=\"102\" data-end=\"365\">You leave your artwork in our studio, and together we evaluate the most suitable design solution. During the consultation, we discuss the style of the painting, color palette, size, and space in which the work will be located to achieve a harmonious and aesthetically balanced result.<\/p>\n<h4 data-start=\"367\" data-end=\"415\">2. Selection of frame samples on site in the studio<\/h4>\n<p data-start=\"416\" data-end=\"739\">The studio has a range of frame samples available, from which you can choose the most suitable option for you. We offer various profiles, shades, widths and finishing styles - from minimalist to classic solutions. We coordinate the frame design, material and price on site, so that the choice is well-thought-out and appropriate for both the work and the interior.<\/p>\n<h4 data-start=\"741\" data-end=\"775\">3. Custom manufacturing<\/h4>\n<p data-start=\"776\" data-end=\"952\">After confirming your choice, a frame is made specifically for your work. It usually takes a few days. Each frame is precisely adjusted to the size and technical nuances of the painting.<\/p>\n<h4 data-start=\"954\" data-end=\"987\">4. Professional framing<\/h4>\n<p data-start=\"988\" data-end=\"1147\">Once the frame is ready, we carefully place your own artwork in the chosen design, ensuring both an aesthetic and technically high-quality result.<\/p>\n<h4 data-start=\"1149\" data-end=\"1175\">5. Finished result<\/h4>\n<p data-start=\"1176\" data-end=\"1285\">You receive a professionally designed and framed work, ready to hang in your home, office, or showroom.<\/p>\n<p data-start=\"1287\" data-end=\"1404\" data-is-last-node=\"\" data-is-only-node=\"\">\u2728 Our goal is for the frame to not only complement the work, but also highlight its value and create a finished, elegant overall look.<\/p>\n<p data-start=\"1287\" data-end=\"1404\" data-is-last-node=\"\" data-is-only-node=\"\">Please\u00a0<strong data-start=\"302\" data-end=\"334\"><a href=\"https:\/\/paintnprogress.art\/en\/contacts\/\">to communicate<\/a>\u00a0with us personally<\/strong>, to learn more about framing options.<\/p>","protected":false},"excerpt":{"rendered":"<p class=\"\" data-start=\"201\" data-end=\"237\"><strong data-start=\"201\" data-end=\"237\">Painting framing in Riga | Professional artwork design \u2013 Paint&amp;Progress.<\/strong><\/p>\n<p data-start=\"1343\" data-end=\"1494\">\u2022 Professional framing of paintings and artwork<br data-start=\"49\" data-end=\"52\" \/>\u2022 Wide selection of frames \u2014 different profiles, shades and styles<br data-start=\"104\" data-end=\"107\" \/>\u2022 Individual approach to each job<br data-start=\"141\" data-end=\"144\" \/>\u2022 We coordinate the appearance, material and price of the frame in the studio on site<br data-start=\"207\" data-end=\"210\" \/>\u2022 Aesthetic and high-quality design for your artwork \ud83c\udfa8<\/p>\n<p data-start=\"1343\" data-end=\"1494\">Please\u00a0<strong data-start=\"302\" data-end=\"334\"><a href=\"https:\/\/paintnprogress.art\/en\/contacts\/\">to communicate<\/a>\u00a0with us personally<\/strong>, to learn more about framing options.<\/p>\n<p data-start=\"1343\" data-end=\"1494\">","protected":false},"featured_media":7888,"comment_status":"open","ping_status":"closed","template":"","meta":{"_uag_custom_page_level_css":"","site-sidebar-layout":"default","site-content-layout":"","ast-site-content-layout":"default","site-content-style":"default","site-sidebar-style":"default","ast-global-header-display":"","ast-banner-title-visibility":"","ast-main-header-display":"","ast-hfb-above-header-display":"","ast-hfb-below-header-display":"","ast-hfb-mobile-header-display":"","site-post-title":"","ast-breadcrumbs-content":"","ast-featured-img":"","footer-sml-layout":"","ast-disable-related-posts":"","theme-transparent-header-meta":"default","adv-header-id-meta":"","stick-header-meta":"","header-above-stick-meta":"","header-main-stick-meta":"","header-below-stick-meta":"","astra-migrate-meta-layouts":"set","ast-page-background-enabled":"default","ast-page-background-meta":{"desktop":{"background-color":"","background-image":"","background-repeat":"repeat","background-position":"center center","background-size":"auto","background-attachment":"scroll","background-type":"","background-media":"","overlay-type":"","overlay-color":"","overlay-opacity":"","overlay-gradient":""},"tablet":{"background-color":"","background-image":"","background-repeat":"repeat","background-position":"center center","background-size":"auto","background-attachment":"scroll","background-type":"","background-media":"","overlay-type":"","overlay-color":"","overlay-opacity":"","overlay-gradient":""},"mobile":{"background-color":"","background-image":"","background-repeat":"repeat","background-position":"center center","background-size":"auto","background-attachment":"scroll","background-type":"","background-media":"","overlay-type":"","overlay-color":"","overlay-opacity":"","overlay-gradient":""}},"ast-content-background-meta":{"desktop":{"background-color":"var(--ast-global-color-5)","background-image":"","background-repeat":"repeat","background-position":"center center","background-size":"auto","background-attachment":"scroll","background-type":"","background-media":"","overlay-type":"","overlay-color":"","overlay-opacity":"","overlay-gradient":""},"tablet":{"background-color":"var(--ast-global-color-5)","background-image":"","background-repeat":"repeat","background-position":"center center","background-size":"auto","background-attachment":"scroll","background-type":"","background-media":"","overlay-type":"","overlay-color":"","overlay-opacity":"","overlay-gradient":""},"mobile":{"background-color":"var(--ast-global-color-5)","background-image":"","background-repeat":"repeat","background-position":"center center","background-size":"auto","background-attachment":"scroll","background-type":"","background-media":"","overlay-type":"","overlay-color":"","overlay-opacity":"","overlay-gradient":""}}},"product_brand":[],"product_cat":[152],"product_tag":[153],"class_list":{"0":"post-7897","1":"product","2":"type-product","3":"status-publish","4":"has-post-thumbnail","6":"product_cat-gleznu-ieramesana","7":"product_tag-gleznu-ieramesana","8":"desktop-align-left","9":"tablet-align-left","10":"mobile-align-left","12":"first","13":"instock","14":"sold-individually","15":"shipping-taxable","16":"product-type-simple"},"yoast_head":"<!-- This site is optimized with the Yoast SEO plugin v27.4 - https:\/\/yoast.com\/product\/yoast-seo-wordpress\/ -->\n<title>Gleznu ier\u0101m\u0113\u0161ana Paint&amp;Progress studij\u0101 R\u012bg\u0101 - paintnprogress.art<\/title>\n<meta name=\"description\" content=\"Gleznu ier\u0101m\u0113\u0161ana Paint&amp;Progress studij\u0101 R\u012bg\u0101. Kvalitat\u012bvi r\u0101mji un est\u0113tisks noform\u0113jums glezn\u0101m. Pieejams studijas dal\u012bbniekiem un ikvienam interesentam.\" \/>\n<meta name=\"robots\" content=\"index, follow, max-snippet:-1, max-image-preview:large, max-video-preview:-1\" \/>\n<link rel=\"canonical\" href=\"https:\/\/paintnprogress.art\/en\/product\/painting-installation-paintprogress-studio-riga\/\" \/>\n<meta property=\"og:locale\" content=\"en_GB\" \/>\n<meta property=\"og:type\" content=\"article\" \/>\n<meta property=\"og:title\" content=\"Gleznu ier\u0101m\u0113\u0161ana Paint&amp;Progress studij\u0101 R\u012bg\u0101 - paintnprogress.art\" \/>\n<meta property=\"og:description\" content=\"Gleznu ier\u0101m\u0113\u0161ana Paint&amp;Progress studij\u0101 R\u012bg\u0101. Kvalitat\u012bvi r\u0101mji un est\u0113tisks noform\u0113jums glezn\u0101m. Pieejams studijas dal\u012bbniekiem un ikvienam interesentam.\" \/>\n<meta property=\"og:url\" content=\"https:\/\/paintnprogress.art\/en\/product\/painting-installation-paintprogress-studio-riga\/\" \/>\n<meta property=\"og:site_name\" content=\"paintnprogress.art\" \/>\n<meta property=\"article:publisher\" content=\"https:\/\/www.facebook.com\/paintnprogressart\" \/>\n<meta property=\"article:modified_time\" content=\"2026-03-01T07:21:02+00:00\" \/>\n<meta property=\"og:image\" content=\"https:\/\/paintnprogress.art\/wp-content\/uploads\/2026\/01\/Ieramesana.webp\" \/>\n\t<meta property=\"og:image:width\" content=\"960\" \/>\n\t<meta property=\"og:image:height\" content=\"1280\" \/>\n\t<meta property=\"og:image:type\" content=\"image\/webp\" \/>\n<meta name=\"twitter:card\" content=\"summary_large_image\" \/>\n<meta name=\"twitter:label1\" content=\"Estimated reading time\" \/>\n\t<meta name=\"twitter:data1\" content=\"2 minutes\" \/>\n<script type=\"application\/ld+json\" class=\"yoast-schema-graph\">{\"@context\":\"https:\\\/\\\/schema.org\",\"@graph\":[{\"@type\":\"WebPage\",\"@id\":\"https:\\\/\\\/paintnprogress.art\\\/product\\\/gleznu-ieramesana-paintprogress-studija-riga\\\/\",\"url\":\"https:\\\/\\\/paintnprogress.art\\\/product\\\/gleznu-ieramesana-paintprogress-studija-riga\\\/\",\"name\":\"Gleznu ier\u0101m\u0113\u0161ana Paint&Progress studij\u0101 R\u012bg\u0101 - paintnprogress.art\",\"isPartOf\":{\"@id\":\"https:\\\/\\\/paintnprogress.art\\\/#website\"},\"primaryImageOfPage\":{\"@id\":\"https:\\\/\\\/paintnprogress.art\\\/product\\\/gleznu-ieramesana-paintprogress-studija-riga\\\/#primaryimage\"},\"image\":{\"@id\":\"https:\\\/\\\/paintnprogress.art\\\/product\\\/gleznu-ieramesana-paintprogress-studija-riga\\\/#primaryimage\"},\"thumbnailUrl\":\"https:\\\/\\\/paintnprogress.art\\\/wp-content\\\/uploads\\\/2026\\\/01\\\/Ieramesana.webp\",\"datePublished\":\"2026-03-01T06:31:43+00:00\",\"dateModified\":\"2026-03-01T07:21:02+00:00\",\"description\":\"Gleznu ier\u0101m\u0113\u0161ana Paint&Progress studij\u0101 R\u012bg\u0101. Kvalitat\u012bvi r\u0101mji un est\u0113tisks noform\u0113jums glezn\u0101m. Pieejams studijas dal\u012bbniekiem un ikvienam interesentam.\",\"breadcrumb\":{\"@id\":\"https:\\\/\\\/paintnprogress.art\\\/product\\\/gleznu-ieramesana-paintprogress-studija-riga\\\/#breadcrumb\"},\"inLanguage\":\"en-GB\",\"potentialAction\":[{\"@type\":\"ReadAction\",\"target\":[\"https:\\\/\\\/paintnprogress.art\\\/product\\\/gleznu-ieramesana-paintprogress-studija-riga\\\/\"]}]},{\"@type\":\"ImageObject\",\"inLanguage\":\"en-GB\",\"@id\":\"https:\\\/\\\/paintnprogress.art\\\/product\\\/gleznu-ieramesana-paintprogress-studija-riga\\\/#primaryimage\",\"url\":\"https:\\\/\\\/paintnprogress.art\\\/wp-content\\\/uploads\\\/2026\\\/01\\\/Ieramesana.webp\",\"contentUrl\":\"https:\\\/\\\/paintnprogress.art\\\/wp-content\\\/uploads\\\/2026\\\/01\\\/Ieramesana.webp\",\"width\":960,\"height\":1280,\"caption\":\"Gleznu Ier\u0101m\u0113\u0161ana\"},{\"@type\":\"BreadcrumbList\",\"@id\":\"https:\\\/\\\/paintnprogress.art\\\/product\\\/gleznu-ieramesana-paintprogress-studija-riga\\\/#breadcrumb\",\"itemListElement\":[{\"@type\":\"ListItem\",\"position\":1,\"name\":\"Home\",\"item\":\"https:\\\/\\\/paintnprogress.art\\\/\"},{\"@type\":\"ListItem\",\"position\":2,\"name\":\"Shop\",\"item\":\"https:\\\/\\\/paintnprogress.art\\\/shop\\\/\"},{\"@type\":\"ListItem\",\"position\":3,\"name\":\"Gleznu ier\u0101m\u0113\u0161ana Paint&#038;Progress studij\u0101 R\u012bg\u0101\"}]},{\"@type\":\"WebSite\",\"@id\":\"https:\\\/\\\/paintnprogress.art\\\/#website\",\"url\":\"https:\\\/\\\/paintnprogress.art\\\/\",\"name\":\"paintnprogress.art\",\"description\":\"Glezno\u0161anas Nodarb\u012bbas\",\"publisher\":{\"@id\":\"https:\\\/\\\/paintnprogress.art\\\/#organization\"},\"potentialAction\":[{\"@type\":\"SearchAction\",\"target\":{\"@type\":\"EntryPoint\",\"urlTemplate\":\"https:\\\/\\\/paintnprogress.art\\\/?s={search_term_string}\"},\"query-input\":{\"@type\":\"PropertyValueSpecification\",\"valueRequired\":true,\"valueName\":\"search_term_string\"}}],\"inLanguage\":\"en-GB\"},{\"@type\":\"Organization\",\"@id\":\"https:\\\/\\\/paintnprogress.art\\\/#organization\",\"name\":\"Paint&Progress\",\"alternateName\":\"Paint and Progress\",\"url\":\"https:\\\/\\\/paintnprogress.art\\\/\",\"logo\":{\"@type\":\"ImageObject\",\"inLanguage\":\"en-GB\",\"@id\":\"https:\\\/\\\/paintnprogress.art\\\/#\\\/schema\\\/logo\\\/image\\\/\",\"url\":\"https:\\\/\\\/paintnprogress.art\\\/wp-content\\\/uploads\\\/2025\\\/01\\\/512.webp\",\"contentUrl\":\"https:\\\/\\\/paintnprogress.art\\\/wp-content\\\/uploads\\\/2025\\\/01\\\/512.webp\",\"width\":512,\"height\":512,\"caption\":\"Paint&Progress\"},\"image\":{\"@id\":\"https:\\\/\\\/paintnprogress.art\\\/#\\\/schema\\\/logo\\\/image\\\/\"},\"sameAs\":[\"https:\\\/\\\/www.facebook.com\\\/paintnprogressart\",\"https:\\\/\\\/www.youtube.com\\\/@PaintAndProgressArt\",\"https:\\\/\\\/www.tiktok.com\\\/@paint_and_progress?lang=lv\"]}]}<\/script>\n<!-- \/ Yoast SEO plugin. -->","yoast_head_json":{"title":"Painting framing at Paint&amp;Progress studio in Riga - paintnprogress.art","description":"Painting framing at Paint&amp;Progress studio in Riga. High-quality frames and aesthetic design for paintings. Available to studio members and anyone interested.","robots":{"index":"index","follow":"follow","max-snippet":"max-snippet:-1","max-image-preview":"max-image-preview:large","max-video-preview":"max-video-preview:-1"},"canonical":"https:\/\/paintnprogress.art\/en\/product\/painting-installation-paintprogress-studio-riga\/","og_locale":"en_GB","og_type":"article","og_title":"Gleznu ier\u0101m\u0113\u0161ana Paint&Progress studij\u0101 R\u012bg\u0101 - paintnprogress.art","og_description":"Gleznu ier\u0101m\u0113\u0161ana Paint&Progress studij\u0101 R\u012bg\u0101. Kvalitat\u012bvi r\u0101mji un est\u0113tisks noform\u0113jums glezn\u0101m. Pieejams studijas dal\u012bbniekiem un ikvienam interesentam.","og_url":"https:\/\/paintnprogress.art\/en\/product\/painting-installation-paintprogress-studio-riga\/","og_site_name":"paintnprogress.art","article_publisher":"https:\/\/www.facebook.com\/paintnprogressart","article_modified_time":"2026-03-01T07:21:02+00:00","og_image":[{"width":960,"height":1280,"url":"https:\/\/paintnprogress.art\/wp-content\/uploads\/2026\/01\/Ieramesana.webp","type":"image\/webp"}],"twitter_card":"summary_large_image","twitter_misc":{"Estimated reading time":"2 minutes"},"schema":{"@context":"https:\/\/schema.org","@graph":[{"@type":"WebPage","@id":"https:\/\/paintnprogress.art\/product\/gleznu-ieramesana-paintprogress-studija-riga\/","url":"https:\/\/paintnprogress.art\/product\/gleznu-ieramesana-paintprogress-studija-riga\/","name":"Painting framing at Paint&amp;Progress studio in Riga - paintnprogress.art","isPartOf":{"@id":"https:\/\/paintnprogress.art\/#website"},"primaryImageOfPage":{"@id":"https:\/\/paintnprogress.art\/product\/gleznu-ieramesana-paintprogress-studija-riga\/#primaryimage"},"image":{"@id":"https:\/\/paintnprogress.art\/product\/gleznu-ieramesana-paintprogress-studija-riga\/#primaryimage"},"thumbnailUrl":"https:\/\/paintnprogress.art\/wp-content\/uploads\/2026\/01\/Ieramesana.webp","datePublished":"2026-03-01T06:31:43+00:00","dateModified":"2026-03-01T07:21:02+00:00","description":"Painting framing at Paint&amp;Progress studio in Riga. High-quality frames and aesthetic design for paintings. Available to studio members and anyone interested.","breadcrumb":{"@id":"https:\/\/paintnprogress.art\/product\/gleznu-ieramesana-paintprogress-studija-riga\/#breadcrumb"},"inLanguage":"en-GB","potentialAction":[{"@type":"ReadAction","target":["https:\/\/paintnprogress.art\/product\/gleznu-ieramesana-paintprogress-studija-riga\/"]}]},{"@type":"ImageObject","inLanguage":"en-GB","@id":"https:\/\/paintnprogress.art\/product\/gleznu-ieramesana-paintprogress-studija-riga\/#primaryimage","url":"https:\/\/paintnprogress.art\/wp-content\/uploads\/2026\/01\/Ieramesana.webp","contentUrl":"https:\/\/paintnprogress.art\/wp-content\/uploads\/2026\/01\/Ieramesana.webp","width":960,"height":1280,"caption":"Gleznu Ier\u0101m\u0113\u0161ana"},{"@type":"BreadcrumbList","@id":"https:\/\/paintnprogress.art\/product\/gleznu-ieramesana-paintprogress-studija-riga\/#breadcrumb","itemListElement":[{"@type":"ListItem","position":1,"name":"Home","item":"https:\/\/paintnprogress.art\/"},{"@type":"ListItem","position":2,"name":"Shop","item":"https:\/\/paintnprogress.art\/shop\/"},{"@type":"ListItem","position":3,"name":"Gleznu ier\u0101m\u0113\u0161ana Paint&#038;Progress studij\u0101 R\u012bg\u0101"}]},{"@type":"WebSite","@id":"https:\/\/paintnprogress.art\/#website","url":"https:\/\/paintnprogress.art\/","name":"paintnprogress.art","description":"Painting Lessons","publisher":{"@id":"https:\/\/paintnprogress.art\/#organization"},"potentialAction":[{"@type":"SearchAction","target":{"@type":"EntryPoint","urlTemplate":"https:\/\/paintnprogress.art\/?s={search_term_string}"},"query-input":{"@type":"PropertyValueSpecification","valueRequired":true,"valueName":"search_term_string"}}],"inLanguage":"en-GB"},{"@type":"Organization","@id":"https:\/\/paintnprogress.art\/#organization","name":"Paint&amp;Progress","alternateName":"Paint and Progress","url":"https:\/\/paintnprogress.art\/","logo":{"@type":"ImageObject","inLanguage":"en-GB","@id":"https:\/\/paintnprogress.art\/#\/schema\/logo\/image\/","url":"https:\/\/paintnprogress.art\/wp-content\/uploads\/2025\/01\/512.webp","contentUrl":"https:\/\/paintnprogress.art\/wp-content\/uploads\/2025\/01\/512.webp","width":512,"height":512,"caption":"Paint&Progress"},"image":{"@id":"https:\/\/paintnprogress.art\/#\/schema\/logo\/image\/"},"sameAs":["https:\/\/www.facebook.com\/paintnprogressart","https:\/\/www.youtube.com\/@PaintAndProgressArt","https:\/\/www.tiktok.com\/@paint_and_progress?lang=lv"]}]}},"uagb_featured_image_src":{"full":["https:\/\/paintnprogress.art\/wp-content\/uploads\/2026\/01\/Ieramesana.webp",960,1280,false],"thumbnail":["https:\/\/paintnprogress.art\/wp-content\/uploads\/2026\/01\/Ieramesana-150x150.webp",150,150,true],"medium":["https:\/\/paintnprogress.art\/wp-content\/uploads\/2026\/01\/Ieramesana-225x300.webp",225,300,true],"medium_large":["https:\/\/paintnprogress.art\/wp-content\/uploads\/2026\/01\/Ieramesana-768x1024.webp",768,1024,true],"large":["https:\/\/paintnprogress.art\/wp-content\/uploads\/2026\/01\/Ieramesana-768x1024.webp",768,1024,true],"1536x1536":["https:\/\/paintnprogress.art\/wp-content\/uploads\/2026\/01\/Ieramesana.webp",960,1280,false],"2048x2048":["https:\/\/paintnprogress.art\/wp-content\/uploads\/2026\/01\/Ieramesana.webp",960,1280,false],"trp-custom-language-flag":["https:\/\/paintnprogress.art\/wp-content\/uploads\/2026\/01\/Ieramesana-9x12.webp",9,12,true],"woocommerce_thumbnail":["https:\/\/paintnprogress.art\/wp-content\/uploads\/2026\/01\/Ieramesana-300x300.webp",300,300,true],"woocommerce_single":["https:\/\/paintnprogress.art\/wp-content\/uploads\/2026\/01\/Ieramesana-600x800.webp",600,800,true],"woocommerce_gallery_thumbnail":["https:\/\/paintnprogress.art\/wp-content\/uploads\/2026\/01\/Ieramesana-100x100.webp",100,100,true]},"uagb_author_info":{"display_name":"Dzintars Kalnins","author_link":"https:\/\/paintnprogress.art\/en\/author\/"},"uagb_comment_info":0,"uagb_excerpt":"Gleznu ier\u0101m\u0113\u0161ana R\u012bg\u0101 | Profesion\u0101la darbu noform\u0113\u0161ana \u2013 Paint&amp;Progress. \u2022 Profesion\u0101la gleznu un m\u0101kslas darbu ier\u0101m\u0113\u0161ana\u2022 Pla\u0161a r\u0101mju izv\u0113le \u2014 da\u017e\u0101di profili, to\u0146i un stili\u2022 Individu\u0101la pieeja katram darbam\u2022 R\u0101mja izskatu, materi\u0101lu un cenu saska\u0146ojam studij\u0101 uz vietas\u2022 Est\u0113tisks un kvalitat\u012bvs noform\u0113jums j\u016bsu m\u0101kslas darbam \ud83c\udfa8 L\u016bdzam\u00a0sazin\u0101ties\u00a0ar mums person\u012bgi, lai uzzin\u0101tu vair\u0101k par ier\u0101m\u0113\u0161anasiesp\u0113j\u0101m.","_links":{"self":[{"href":"https:\/\/paintnprogress.art\/en\/wp-json\/wp\/v2\/product\/7897","targetHints":{"allow":["GET"]}}],"collection":[{"href":"https:\/\/paintnprogress.art\/en\/wp-json\/wp\/v2\/product"}],"about":[{"href":"https:\/\/paintnprogress.art\/en\/wp-json\/wp\/v2\/types\/product"}],"replies":[{"embeddable":true,"href":"https:\/\/paintnprogress.art\/en\/wp-json\/wp\/v2\/comments?post=7897"}],"wp:featuredmedia":[{"embeddable":true,"href":"https:\/\/paintnprogress.art\/en\/wp-json\/wp\/v2\/media\/7888"}],"wp:attachment":[{"href":"https:\/\/paintnprogress.art\/en\/wp-json\/wp\/v2\/media?parent=7897"}],"wp:term":[{"taxonomy":"product_brand","embeddable":true,"href":"https:\/\/paintnprogress.art\/en\/wp-json\/wp\/v2\/product_brand?post=7897"},{"taxonomy":"product_cat","embeddable":true,"href":"https:\/\/paintnprogress.art\/en\/wp-json\/wp\/v2\/product_cat?post=7897"},{"taxonomy":"product_tag","embeddable":true,"href":"https:\/\/paintnprogress.art\/en\/wp-json\/wp\/v2\/product_tag?post=7897"}],"curies":[{"name":"wp","href":"https:\/\/api.w.org\/{rel}","templated":true}]}}