{"id":7812,"date":"2026-02-10T16:15:54","date_gmt":"2026-02-10T16:15:54","guid":{"rendered":"https:\/\/paintnprogress.art\/?post_type=product&#038;p=7812"},"modified":"2026-03-17T09:27:53","modified_gmt":"2026-03-17T09:27:53","slug":"gift-card-painting-master-class-creative-date-for-2-people-oil","status":"publish","type":"product","link":"https:\/\/paintnprogress.art\/en\/product\/davanu-karte-gleznosanas-meistarklase-radoss-randins-2-personam-ella\/","title":{"rendered":"Gift card \u2014 Painting master class \u201cCreative Date\u201d for 2 people, oil"},"content":{"rendered":"","protected":false},"excerpt":{"rendered":"<p class=\"\" data-start=\"201\" data-end=\"237\"><strong data-start=\"201\" data-end=\"237\">An experience that can&#039;t be bought in a store.<\/strong><\/p>\n<ul>\n<li style=\"list-style-type: none;\">\n<ul>\n<li data-start=\"1202\" data-end=\"1339\">\n<p data-start=\"1204\" data-end=\"1339\">This gift card grants access to a specific service:<br data-start=\"1260\" data-end=\"1263\" \/><a href=\"https:\/\/paintnprogress.art\/en\/product\/masterclass-for-two-creative-date\/\"><strong data-start=\"1265\" data-end=\"1309\">Painting Masterclass \u201cCreative Date\u201d<\/strong><\/a><br data-start=\"1309\" data-end=\"1312\" \/>(working with oil paints).<\/p>\n<\/li>\n<li data-start=\"1341\" data-end=\"1494\">\n<p data-start=\"1343\" data-end=\"1494\">The card is not personalized with names, amounts, or wishes.<br data-start=\"1406\" data-end=\"1409\" \/>A personalized gift card is available for an additional fee, by separate arrangement.<\/p>\n<\/li>\n<li data-start=\"1496\" data-end=\"1554\">\n<p data-start=\"1498\" data-end=\"1554\">Each copy is numbered and can be used once.<\/p>\n<\/li>\n<li data-start=\"1556\" data-end=\"1609\">\n<p data-start=\"1558\" data-end=\"1609\">After payment, the gift card is available for download.<\/p>\n<\/li>\n<\/ul>\n<\/li>\n<\/ul>","protected":false},"featured_media":7798,"comment_status":"open","ping_status":"closed","template":"","meta":{"_uag_custom_page_level_css":"","site-sidebar-layout":"default","site-content-layout":"","ast-site-content-layout":"default","site-content-style":"default","site-sidebar-style":"default","ast-global-header-display":"","ast-banner-title-visibility":"","ast-main-header-display":"","ast-hfb-above-header-display":"","ast-hfb-below-header-display":"","ast-hfb-mobile-header-display":"","site-post-title":"","ast-breadcrumbs-content":"","ast-featured-img":"","footer-sml-layout":"","ast-disable-related-posts":"","theme-transparent-header-meta":"default","adv-header-id-meta":"","stick-header-meta":"","header-above-stick-meta":"","header-main-stick-meta":"","header-below-stick-meta":"","astra-migrate-meta-layouts":"set","ast-page-background-enabled":"default","ast-page-background-meta":{"desktop":{"background-color":"","background-image":"","background-repeat":"repeat","background-position":"center center","background-size":"auto","background-attachment":"scroll","background-type":"","background-media":"","overlay-type":"","overlay-color":"","overlay-opacity":"","overlay-gradient":""},"tablet":{"background-color":"","background-image":"","background-repeat":"repeat","background-position":"center center","background-size":"auto","background-attachment":"scroll","background-type":"","background-media":"","overlay-type":"","overlay-color":"","overlay-opacity":"","overlay-gradient":""},"mobile":{"background-color":"","background-image":"","background-repeat":"repeat","background-position":"center center","background-size":"auto","background-attachment":"scroll","background-type":"","background-media":"","overlay-type":"","overlay-color":"","overlay-opacity":"","overlay-gradient":""}},"ast-content-background-meta":{"desktop":{"background-color":"var(--ast-global-color-5)","background-image":"","background-repeat":"repeat","background-position":"center center","background-size":"auto","background-attachment":"scroll","background-type":"","background-media":"","overlay-type":"","overlay-color":"","overlay-opacity":"","overlay-gradient":""},"tablet":{"background-color":"var(--ast-global-color-5)","background-image":"","background-repeat":"repeat","background-position":"center center","background-size":"auto","background-attachment":"scroll","background-type":"","background-media":"","overlay-type":"","overlay-color":"","overlay-opacity":"","overlay-gradient":""},"mobile":{"background-color":"var(--ast-global-color-5)","background-image":"","background-repeat":"repeat","background-position":"center center","background-size":"auto","background-attachment":"scroll","background-type":"","background-media":"","overlay-type":"","overlay-color":"","overlay-opacity":"","overlay-gradient":""}}},"product_brand":[],"product_cat":[163],"product_tag":[101,74,77,79,102,80,76],"class_list":{"0":"post-7812","1":"product","2":"type-product","3":"status-publish","4":"has-post-thumbnail","6":"product_cat-davanu-kartes-meistarklases","7":"product_tag-davanu-karte","8":"product_tag-gleznosana-bez-priekszinasanam","9":"product_tag-gleznosanas-meistarklase","10":"product_tag-gleznosanas-nodarbibas-pieaugusajiem","11":"product_tag-radosa-davana","12":"product_tag-80","13":"product_tag-76","14":"desktop-align-left","15":"tablet-align-left","16":"mobile-align-left","18":"first","19":"instock","20":"downloadable","21":"sold-individually","22":"shipping-taxable","23":"purchasable","24":"product-type-simple"},"yoast_head":"<!-- This site is optimized with the Yoast SEO plugin v27.3 - https:\/\/yoast.com\/product\/yoast-seo-wordpress\/ -->\n<title>D\u0101vanu karte \u2014 Glezno\u0161anas meistarklase \u201cRado\u0161s Randi\u0146\u0161\u201d 2 person\u0101m, e\u013c\u013ca - paintnprogress.art<\/title>\n<meta name=\"description\" content=\"D\u0101vanu karte glezno\u0161anas meistarklasei \u201cRado\u0161s Randi\u0146\u0161\u201d ar e\u013c\u013cas kr\u0101s\u0101m. PDF lejupiel\u0101de p\u0113c apmaksas. Der\u012bga 2 person\u0101m.\" \/>\n<meta name=\"robots\" content=\"index, follow, max-snippet:-1, max-image-preview:large, max-video-preview:-1\" \/>\n<link rel=\"canonical\" href=\"https:\/\/paintnprogress.art\/en\/product\/gift-card-painting-master-class-creative-date-for-2-people-oil\/\" \/>\n<meta property=\"og:locale\" content=\"en_GB\" \/>\n<meta property=\"og:type\" content=\"article\" \/>\n<meta property=\"og:title\" content=\"D\u0101vanu karte \u2014 Glezno\u0161anas meistarklase \u201cRado\u0161s Randi\u0146\u0161\u201d 2 person\u0101m, e\u013c\u013ca - paintnprogress.art\" \/>\n<meta property=\"og:description\" content=\"D\u0101vanu karte glezno\u0161anas meistarklasei \u201cRado\u0161s Randi\u0146\u0161\u201d ar e\u013c\u013cas kr\u0101s\u0101m. PDF lejupiel\u0101de p\u0113c apmaksas. Der\u012bga 2 person\u0101m.\" \/>\n<meta property=\"og:url\" content=\"https:\/\/paintnprogress.art\/en\/product\/gift-card-painting-master-class-creative-date-for-2-people-oil\/\" \/>\n<meta property=\"og:site_name\" content=\"paintnprogress.art\" \/>\n<meta property=\"article:publisher\" content=\"https:\/\/www.facebook.com\/paintnprogressart\" \/>\n<meta property=\"article:modified_time\" content=\"2026-03-17T09:27:53+00:00\" \/>\n<meta property=\"og:image\" content=\"https:\/\/paintnprogress.art\/wp-content\/uploads\/2026\/02\/DavanuKarteMaketsMakslavins1personai-scaled.webp\" \/>\n\t<meta property=\"og:image:width\" content=\"2560\" \/>\n\t<meta property=\"og:image:height\" content=\"1990\" \/>\n\t<meta property=\"og:image:type\" content=\"image\/webp\" \/>\n<meta name=\"twitter:card\" content=\"summary_large_image\" \/>\n<meta name=\"twitter:label1\" content=\"Estimated reading time\" \/>\n\t<meta name=\"twitter:data1\" content=\"1 minute\" \/>\n<script type=\"application\/ld+json\" class=\"yoast-schema-graph\">{\"@context\":\"https:\\\/\\\/schema.org\",\"@graph\":[{\"@type\":\"WebPage\",\"@id\":\"https:\\\/\\\/paintnprogress.art\\\/product\\\/davanu-karte-gleznosanas-meistarklase-radoss-randins-2-personam-ella\\\/\",\"url\":\"https:\\\/\\\/paintnprogress.art\\\/product\\\/davanu-karte-gleznosanas-meistarklase-radoss-randins-2-personam-ella\\\/\",\"name\":\"D\u0101vanu karte \u2014 Glezno\u0161anas meistarklase \u201cRado\u0161s Randi\u0146\u0161\u201d 2 person\u0101m, e\u013c\u013ca - paintnprogress.art\",\"isPartOf\":{\"@id\":\"https:\\\/\\\/paintnprogress.art\\\/#website\"},\"primaryImageOfPage\":{\"@id\":\"https:\\\/\\\/paintnprogress.art\\\/product\\\/davanu-karte-gleznosanas-meistarklase-radoss-randins-2-personam-ella\\\/#primaryimage\"},\"image\":{\"@id\":\"https:\\\/\\\/paintnprogress.art\\\/product\\\/davanu-karte-gleznosanas-meistarklase-radoss-randins-2-personam-ella\\\/#primaryimage\"},\"thumbnailUrl\":\"https:\\\/\\\/paintnprogress.art\\\/wp-content\\\/uploads\\\/2026\\\/02\\\/DavanuKarteMaketsMakslavins1personai-scaled.webp\",\"datePublished\":\"2026-02-10T16:15:54+00:00\",\"dateModified\":\"2026-03-17T09:27:53+00:00\",\"description\":\"D\u0101vanu karte glezno\u0161anas meistarklasei \u201cRado\u0161s Randi\u0146\u0161\u201d ar e\u013c\u013cas kr\u0101s\u0101m. PDF lejupiel\u0101de p\u0113c apmaksas. Der\u012bga 2 person\u0101m.\",\"breadcrumb\":{\"@id\":\"https:\\\/\\\/paintnprogress.art\\\/product\\\/davanu-karte-gleznosanas-meistarklase-radoss-randins-2-personam-ella\\\/#breadcrumb\"},\"inLanguage\":\"en-GB\",\"potentialAction\":[{\"@type\":\"ReadAction\",\"target\":[\"https:\\\/\\\/paintnprogress.art\\\/product\\\/davanu-karte-gleznosanas-meistarklase-radoss-randins-2-personam-ella\\\/\"]}]},{\"@type\":\"ImageObject\",\"inLanguage\":\"en-GB\",\"@id\":\"https:\\\/\\\/paintnprogress.art\\\/product\\\/davanu-karte-gleznosanas-meistarklase-radoss-randins-2-personam-ella\\\/#primaryimage\",\"url\":\"https:\\\/\\\/paintnprogress.art\\\/wp-content\\\/uploads\\\/2026\\\/02\\\/DavanuKarteMaketsMakslavins1personai-scaled.webp\",\"contentUrl\":\"https:\\\/\\\/paintnprogress.art\\\/wp-content\\\/uploads\\\/2026\\\/02\\\/DavanuKarteMaketsMakslavins1personai-scaled.webp\",\"width\":2560,\"height\":1990,\"caption\":\"D\u0101vanu+Karte+Makets+M\u0101ksla+&+v\u012bns+2+personai\"},{\"@type\":\"BreadcrumbList\",\"@id\":\"https:\\\/\\\/paintnprogress.art\\\/product\\\/davanu-karte-gleznosanas-meistarklase-radoss-randins-2-personam-ella\\\/#breadcrumb\",\"itemListElement\":[{\"@type\":\"ListItem\",\"position\":1,\"name\":\"Home\",\"item\":\"https:\\\/\\\/paintnprogress.art\\\/\"},{\"@type\":\"ListItem\",\"position\":2,\"name\":\"Shop\",\"item\":\"https:\\\/\\\/paintnprogress.art\\\/shop\\\/\"},{\"@type\":\"ListItem\",\"position\":3,\"name\":\"D\u0101vanu karte \u2014 Glezno\u0161anas meistarklase \u201cRado\u0161s Randi\u0146\u0161\u201d 2 person\u0101m, e\u013c\u013ca\"}]},{\"@type\":\"WebSite\",\"@id\":\"https:\\\/\\\/paintnprogress.art\\\/#website\",\"url\":\"https:\\\/\\\/paintnprogress.art\\\/\",\"name\":\"paintnprogress.art\",\"description\":\"Glezno\u0161anas Nodarb\u012bbas\",\"publisher\":{\"@id\":\"https:\\\/\\\/paintnprogress.art\\\/#organization\"},\"potentialAction\":[{\"@type\":\"SearchAction\",\"target\":{\"@type\":\"EntryPoint\",\"urlTemplate\":\"https:\\\/\\\/paintnprogress.art\\\/?s={search_term_string}\"},\"query-input\":{\"@type\":\"PropertyValueSpecification\",\"valueRequired\":true,\"valueName\":\"search_term_string\"}}],\"inLanguage\":\"en-GB\"},{\"@type\":\"Organization\",\"@id\":\"https:\\\/\\\/paintnprogress.art\\\/#organization\",\"name\":\"Paint&Progress\",\"alternateName\":\"Paint and Progress\",\"url\":\"https:\\\/\\\/paintnprogress.art\\\/\",\"logo\":{\"@type\":\"ImageObject\",\"inLanguage\":\"en-GB\",\"@id\":\"https:\\\/\\\/paintnprogress.art\\\/#\\\/schema\\\/logo\\\/image\\\/\",\"url\":\"https:\\\/\\\/paintnprogress.art\\\/wp-content\\\/uploads\\\/2025\\\/01\\\/512.webp\",\"contentUrl\":\"https:\\\/\\\/paintnprogress.art\\\/wp-content\\\/uploads\\\/2025\\\/01\\\/512.webp\",\"width\":512,\"height\":512,\"caption\":\"Paint&Progress\"},\"image\":{\"@id\":\"https:\\\/\\\/paintnprogress.art\\\/#\\\/schema\\\/logo\\\/image\\\/\"},\"sameAs\":[\"https:\\\/\\\/www.facebook.com\\\/paintnprogressart\",\"https:\\\/\\\/www.youtube.com\\\/@PaintAndProgressArt\",\"https:\\\/\\\/www.tiktok.com\\\/@paint_and_progress?lang=lv\"]}]}<\/script>\n<!-- \/ Yoast SEO plugin. -->","yoast_head_json":{"title":"Gift card \u2014 Painting master class \u201cCreative Date\u201d for 2 people, oil - paintnprogress.art","description":"Gift card for the painting master class \u201cCreative Date\u201d with oil paints. PDF download after payment. Valid for 2 people.","robots":{"index":"index","follow":"follow","max-snippet":"max-snippet:-1","max-image-preview":"max-image-preview:large","max-video-preview":"max-video-preview:-1"},"canonical":"https:\/\/paintnprogress.art\/en\/product\/gift-card-painting-master-class-creative-date-for-2-people-oil\/","og_locale":"en_GB","og_type":"article","og_title":"D\u0101vanu karte \u2014 Glezno\u0161anas meistarklase \u201cRado\u0161s Randi\u0146\u0161\u201d 2 person\u0101m, e\u013c\u013ca - paintnprogress.art","og_description":"D\u0101vanu karte glezno\u0161anas meistarklasei \u201cRado\u0161s Randi\u0146\u0161\u201d ar e\u013c\u013cas kr\u0101s\u0101m. PDF lejupiel\u0101de p\u0113c apmaksas. Der\u012bga 2 person\u0101m.","og_url":"https:\/\/paintnprogress.art\/en\/product\/gift-card-painting-master-class-creative-date-for-2-people-oil\/","og_site_name":"paintnprogress.art","article_publisher":"https:\/\/www.facebook.com\/paintnprogressart","article_modified_time":"2026-03-17T09:27:53+00:00","og_image":[{"width":2560,"height":1990,"url":"https:\/\/paintnprogress.art\/wp-content\/uploads\/2026\/02\/DavanuKarteMaketsMakslavins1personai-scaled.webp","type":"image\/webp"}],"twitter_card":"summary_large_image","twitter_misc":{"Estimated reading time":"1 minute"},"schema":{"@context":"https:\/\/schema.org","@graph":[{"@type":"WebPage","@id":"https:\/\/paintnprogress.art\/product\/davanu-karte-gleznosanas-meistarklase-radoss-randins-2-personam-ella\/","url":"https:\/\/paintnprogress.art\/product\/davanu-karte-gleznosanas-meistarklase-radoss-randins-2-personam-ella\/","name":"Gift card \u2014 Painting master class \u201cCreative Date\u201d for 2 people, oil - paintnprogress.art","isPartOf":{"@id":"https:\/\/paintnprogress.art\/#website"},"primaryImageOfPage":{"@id":"https:\/\/paintnprogress.art\/product\/davanu-karte-gleznosanas-meistarklase-radoss-randins-2-personam-ella\/#primaryimage"},"image":{"@id":"https:\/\/paintnprogress.art\/product\/davanu-karte-gleznosanas-meistarklase-radoss-randins-2-personam-ella\/#primaryimage"},"thumbnailUrl":"https:\/\/paintnprogress.art\/wp-content\/uploads\/2026\/02\/DavanuKarteMaketsMakslavins1personai-scaled.webp","datePublished":"2026-02-10T16:15:54+00:00","dateModified":"2026-03-17T09:27:53+00:00","description":"Gift card for the painting master class \u201cCreative Date\u201d with oil paints. PDF download after payment. Valid for 2 people.","breadcrumb":{"@id":"https:\/\/paintnprogress.art\/product\/davanu-karte-gleznosanas-meistarklase-radoss-randins-2-personam-ella\/#breadcrumb"},"inLanguage":"en-GB","potentialAction":[{"@type":"ReadAction","target":["https:\/\/paintnprogress.art\/product\/davanu-karte-gleznosanas-meistarklase-radoss-randins-2-personam-ella\/"]}]},{"@type":"ImageObject","inLanguage":"en-GB","@id":"https:\/\/paintnprogress.art\/product\/davanu-karte-gleznosanas-meistarklase-radoss-randins-2-personam-ella\/#primaryimage","url":"https:\/\/paintnprogress.art\/wp-content\/uploads\/2026\/02\/DavanuKarteMaketsMakslavins1personai-scaled.webp","contentUrl":"https:\/\/paintnprogress.art\/wp-content\/uploads\/2026\/02\/DavanuKarteMaketsMakslavins1personai-scaled.webp","width":2560,"height":1990,"caption":"D\u0101vanu+Karte+Makets+M\u0101ksla+&+v\u012bns+2+personai"},{"@type":"BreadcrumbList","@id":"https:\/\/paintnprogress.art\/product\/davanu-karte-gleznosanas-meistarklase-radoss-randins-2-personam-ella\/#breadcrumb","itemListElement":[{"@type":"ListItem","position":1,"name":"Home","item":"https:\/\/paintnprogress.art\/"},{"@type":"ListItem","position":2,"name":"Shop","item":"https:\/\/paintnprogress.art\/shop\/"},{"@type":"ListItem","position":3,"name":"D\u0101vanu karte \u2014 Glezno\u0161anas meistarklase \u201cRado\u0161s Randi\u0146\u0161\u201d 2 person\u0101m, e\u013c\u013ca"}]},{"@type":"WebSite","@id":"https:\/\/paintnprogress.art\/#website","url":"https:\/\/paintnprogress.art\/","name":"paintnprogress.art","description":"Painting Lessons","publisher":{"@id":"https:\/\/paintnprogress.art\/#organization"},"potentialAction":[{"@type":"SearchAction","target":{"@type":"EntryPoint","urlTemplate":"https:\/\/paintnprogress.art\/?s={search_term_string}"},"query-input":{"@type":"PropertyValueSpecification","valueRequired":true,"valueName":"search_term_string"}}],"inLanguage":"en-GB"},{"@type":"Organization","@id":"https:\/\/paintnprogress.art\/#organization","name":"Paint&amp;Progress","alternateName":"Paint and Progress","url":"https:\/\/paintnprogress.art\/","logo":{"@type":"ImageObject","inLanguage":"en-GB","@id":"https:\/\/paintnprogress.art\/#\/schema\/logo\/image\/","url":"https:\/\/paintnprogress.art\/wp-content\/uploads\/2025\/01\/512.webp","contentUrl":"https:\/\/paintnprogress.art\/wp-content\/uploads\/2025\/01\/512.webp","width":512,"height":512,"caption":"Paint&Progress"},"image":{"@id":"https:\/\/paintnprogress.art\/#\/schema\/logo\/image\/"},"sameAs":["https:\/\/www.facebook.com\/paintnprogressart","https:\/\/www.youtube.com\/@PaintAndProgressArt","https:\/\/www.tiktok.com\/@paint_and_progress?lang=lv"]}]}},"uagb_featured_image_src":{"full":["https:\/\/paintnprogress.art\/wp-content\/uploads\/2026\/02\/DavanuKarteMaketsMakslavins1personai-scaled.webp",2560,1990,false],"thumbnail":["https:\/\/paintnprogress.art\/wp-content\/uploads\/2026\/02\/DavanuKarteMaketsMakslavins1personai-150x150.webp",150,150,true],"medium":["https:\/\/paintnprogress.art\/wp-content\/uploads\/2026\/02\/DavanuKarteMaketsMakslavins1personai-300x233.webp",300,233,true],"medium_large":["https:\/\/paintnprogress.art\/wp-content\/uploads\/2026\/02\/DavanuKarteMaketsMakslavins1personai-768x597.webp",768,597,true],"large":["https:\/\/paintnprogress.art\/wp-content\/uploads\/2026\/02\/DavanuKarteMaketsMakslavins1personai-1024x796.webp",1024,796,true],"1536x1536":["https:\/\/paintnprogress.art\/wp-content\/uploads\/2026\/02\/DavanuKarteMaketsMakslavins1personai-1536x1194.webp",1536,1194,true],"2048x2048":["https:\/\/paintnprogress.art\/wp-content\/uploads\/2026\/02\/DavanuKarteMaketsMakslavins1personai-2048x1592.webp",2048,1592,true],"trp-custom-language-flag":["https:\/\/paintnprogress.art\/wp-content\/uploads\/2026\/02\/DavanuKarteMaketsMakslavins1personai-15x12.webp",15,12,true],"woocommerce_thumbnail":["https:\/\/paintnprogress.art\/wp-content\/uploads\/2026\/02\/DavanuKarteMaketsMakslavins1personai-300x300.webp",300,300,true],"woocommerce_single":["https:\/\/paintnprogress.art\/wp-content\/uploads\/2026\/02\/DavanuKarteMaketsMakslavins1personai-600x466.webp",600,466,true],"woocommerce_gallery_thumbnail":["https:\/\/paintnprogress.art\/wp-content\/uploads\/2026\/02\/DavanuKarteMaketsMakslavins1personai-100x100.webp",100,100,true]},"uagb_author_info":{"display_name":"Dzintars Kalnins","author_link":"https:\/\/paintnprogress.art\/en\/author\/"},"uagb_comment_info":0,"uagb_excerpt":"Pieredze, ko nevar nopirkt veikal\u0101. \u0160\u012b d\u0101vanu karte pie\u0161\u0137ir piek\u013cuvi konkr\u0113tam pakalpojumam:Glezno\u0161anas meistarklase \u201cRado\u0161s Randi\u0146\u0161\u201d(darbs ar e\u013c\u013cas kr\u0101s\u0101m). Karte netiek personaliz\u0113ta ar v\u0101rdiem, summ\u0101m vai nov\u0113l\u0113jumiem.Personaliz\u0113ta d\u0101vanu karte ir pieejama par papildu piemaksu, vienojoties atsevi\u0161\u0137i. Katrs eksempl\u0101rs ir numur\u0113ts un izmantojams vienu reizi. P\u0113c apmaksas d\u0101vanu karte ir pieejama lejupiel\u0101dei.","_links":{"self":[{"href":"https:\/\/paintnprogress.art\/en\/wp-json\/wp\/v2\/product\/7812","targetHints":{"allow":["GET"]}}],"collection":[{"href":"https:\/\/paintnprogress.art\/en\/wp-json\/wp\/v2\/product"}],"about":[{"href":"https:\/\/paintnprogress.art\/en\/wp-json\/wp\/v2\/types\/product"}],"replies":[{"embeddable":true,"href":"https:\/\/paintnprogress.art\/en\/wp-json\/wp\/v2\/comments?post=7812"}],"wp:featuredmedia":[{"embeddable":true,"href":"https:\/\/paintnprogress.art\/en\/wp-json\/wp\/v2\/media\/7798"}],"wp:attachment":[{"href":"https:\/\/paintnprogress.art\/en\/wp-json\/wp\/v2\/media?parent=7812"}],"wp:term":[{"taxonomy":"product_brand","embeddable":true,"href":"https:\/\/paintnprogress.art\/en\/wp-json\/wp\/v2\/product_brand?post=7812"},{"taxonomy":"product_cat","embeddable":true,"href":"https:\/\/paintnprogress.art\/en\/wp-json\/wp\/v2\/product_cat?post=7812"},{"taxonomy":"product_tag","embeddable":true,"href":"https:\/\/paintnprogress.art\/en\/wp-json\/wp\/v2\/product_tag?post=7812"}],"curies":[{"name":"wp","href":"https:\/\/api.w.org\/{rel}","templated":true}]}}