{"id":6456,"date":"2026-01-06T13:48:24","date_gmt":"2026-01-06T13:48:24","guid":{"rendered":"https:\/\/paintnprogress.art\/?post_type=product&#038;p=6456"},"modified":"2026-04-17T07:01:47","modified_gmt":"2026-04-17T07:01:47","slug":"stories-without-words","status":"publish","type":"product","link":"https:\/\/paintnprogress.art\/en\/product\/stasti-bez-vardiem\/","title":{"rendered":"STORIES WITHOUT WORDS \u2013 Painting Course with A.Simtnieci"},"content":{"rendered":"<h3 data-start=\"127\" data-end=\"190\"><strong data-start=\"127\" data-end=\"190\">STORIES WITHOUT WORDS \u2013 Anna Simtniece&#039;s painting class<\/strong><\/h3>\n<p data-start=\"192\" data-end=\"325\">\u201cStories Without Words\u201d is a call to stop, listen to yourself, and let your inner stories reveal themselves through lines, colors, and feelings.<\/p>\n<p data-start=\"327\" data-end=\"510\">It is a space of creation where:<br \/>\n\u2022 There is no \u201cright\u201d or \u201cwrong\u201d,<br data-start=\"388\" data-end=\"391\" \/>\u2022 No rush and no comparison,<br data-start=\"423\" data-end=\"426\" \/>\u2022 Where perfectionism gives way to presence, peace, and free self-expression.<\/p>\n<p data-start=\"512\" data-end=\"666\">Under the leadership of Anna Simtniece:<br \/>\n\u2022 You will learn the basics of art step by step,<br \/>\n\u2022 Discover your strengths,<br \/>\n\u2022 Discover your unique handwriting in paintings and drawings.<\/p>\n<hr data-start=\"668\" data-end=\"671\" \/>\n<h3 data-start=\"673\" data-end=\"708\"><strong data-start=\"677\" data-end=\"708\">Lesson approach and goal<\/strong><\/h3>\n<p data-start=\"710\" data-end=\"906\">Anna offers a gentle, inclusive, and human-centered approach to art that is suitable for:<br \/>\n\u2022 For beginners,<br \/>\n\u2022 For people who want to create without stress,<br \/>\n\u2022 For those seeking peace, inner balance and self-discovery.<\/p>\n<p data-start=\"908\" data-end=\"936\">The main objective of the lesson:<\/p>\n<p data-start=\"938\" data-end=\"1039\">\u2705 Free and safe self-expression<br data-start=\"966\" data-end=\"969\" \/>\u2705 Individual approach to each participant<br data-start=\"1008\" data-end=\"1011\" \/>\u2705 Creation as a conversation with yourself<\/p>\n<hr data-start=\"1041\" data-end=\"1044\" \/>\n<h3 data-start=\"1046\" data-end=\"1079\"><strong data-start=\"1050\" data-end=\"1079\">The lesson process includes:<\/strong><\/h3>\n<p data-start=\"1081\" data-end=\"1174\">\u2022 <strong data-start=\"1083\" data-end=\"1110\">Creative immersion stage<\/strong><br \/>\n\u2013 Listening to feelings<br data-start=\"1135\" data-end=\"1138\" \/>\u2013 Easy, understandable introductory exercises<\/p>\n<p data-start=\"1176\" data-end=\"1261\">\u2022 <strong data-start=\"1178\" data-end=\"1203\">Learning the basics of art<\/strong><br \/>\n\u2013 Sense of line and shape<br data-start=\"1230\" data-end=\"1233\" \/>\u2013 Perception of space and rhythm<\/p>\n<p data-start=\"1263\" data-end=\"1365\">\u2022 <strong data-start=\"1265\" data-end=\"1292\">A flowing creative process<\/strong><br \/>\n\u2013 Guided and supportive activity<br data-start=\"1324\" data-end=\"1327\" \/>\u2013 Free choice of materials and techniques<\/p>\n<p data-start=\"1367\" data-end=\"1460\">\u2022 <strong data-start=\"1369\" data-end=\"1394\">Individual development<\/strong><br \/>\n\u2013 Adapting to pace and mood<br data-start=\"1433\" data-end=\"1436\" \/>\u2013 Highlighting strengths<\/p>\n<hr data-start=\"1462\" data-end=\"1465\" \/>\n<h3 data-start=\"1467\" data-end=\"1497\"><strong data-start=\"1471\" data-end=\"1497\">Here art becomes:<\/strong><\/h3>\n<p data-start=\"1499\" data-end=\"1577\">\ud83c\udf1f Talking to myself<br data-start=\"1516\" data-end=\"1519\" \/>\ud83c\udf1f Revealing inner stories<br data-start=\"1547\" data-end=\"1550\" \/>\ud83c\udf1f A safe space to be true<\/p>\n<hr data-start=\"1579\" data-end=\"1582\" \/>\n<h3 data-start=\"1584\" data-end=\"1617\"><strong data-start=\"1588\" data-end=\"1617\">Who are the classes suitable for?<\/strong><\/h3>\n<p data-start=\"1619\" data-end=\"1760\">\u2022 If you want to regain creative freedom<br data-start=\"1651\" data-end=\"1654\" \/>\u2022 If it seems like \u201cI can\u2019t draw\u201d<br data-start=\"1683\" data-end=\"1686\" \/>\u2022 If you want to create without pressure<br data-start=\"1716\" data-end=\"1719\" \/>\u2022 If you are looking for peace and presence through art<\/p>\n<p data-start=\"1762\" data-end=\"1830\">Suitable for participants of all ages - from young people to seniors.<\/p>\n<hr data-start=\"1832\" data-end=\"1835\" \/>\n<h3 data-start=\"1837\" data-end=\"1855\"><strong data-start=\"1841\" data-end=\"1855\">Result:<\/strong><\/h3>\n<p data-start=\"1857\" data-end=\"1969\">\ud83c\udf3f Inner peace and a sense of presence<br data-start=\"1894\" data-end=\"1897\" \/>\ud83c\udf3f Increase in creative courage<br data-start=\"1925\" data-end=\"1928\" \/>\ud83c\udf3f Gradual discovery of your handwriting<\/p>\n<hr data-start=\"1971\" data-end=\"1974\" \/>\n<h3 data-start=\"1976\" data-end=\"2002\"><strong data-start=\"1980\" data-end=\"2002\">About Anna the Hunchback<\/strong><\/h3>\n<p data-start=\"2004\" data-end=\"2163\">Anna is an artist and creative process manager whose approach is based on:<br \/>\n\u2022 sensitivity,<br data-start=\"2086\" data-end=\"2089\" \/>\u2022 in quiet emotional depth,<br data-start=\"2116\" data-end=\"2119\" \/>\u2022 and respecting the inner world of a person.<\/p>\n<p data-start=\"2165\" data-end=\"2293\">In her classes, art becomes a space where:<br \/>\n\u2022 let go of the process,<br data-start=\"2230\" data-end=\"2233\" \/>\u2022 listen to yourself,<br data-start=\"2253\" data-end=\"2256\" \/>\u2022 and create your own story \u2014 without words.<\/p>\n<hr data-start=\"2295\" data-end=\"2298\" \/>\n<p data-start=\"2300\" data-end=\"2330\">Anna&#039;s lesson is a call:<\/p>\n<p data-start=\"2332\" data-end=\"2440\">\u2022 Stop<br data-start=\"2343\" data-end=\"2346\" \/>\u2022 Be present<br data-start=\"2362\" data-end=\"2365\" \/>\u2022 Open the door to your inner story<br data-start=\"2403\" data-end=\"2406\" \/>\u2022 And let art speak for you<\/p>\n<hr class=\"\" data-start=\"2012\" data-end=\"2015\" \/>\n<h3 class=\"\" data-start=\"2017\" data-end=\"2057\"><strong data-start=\"2748\" data-end=\"2785\">More information \/ application<\/strong><\/h3>\n<p data-start=\"2742\" data-end=\"2787\"><strong>\ud83d\udcde +371 26 39 46 51<\/strong><\/p>\n<p><a href=\"https:\/\/paintnprogress.art\/en\/anna-sittniece-an-artist-who-learns-to-see-feelings\/\">Learn More About Anna Simtnieci<\/a><\/p>\n<hr \/>\n<p><strong><em>Join us, discover the world of art and let your creativity flourish!<\/em><\/strong><\/p>","protected":false},"excerpt":{"rendered":"<h6><strong>We invite you to try your hand at drawing and painting \u2014 allowing creation to become a path to yourself.<br \/>\n<\/strong><\/h6>\n<p>&nbsp;<\/p>\n<p><strong data-start=\"108\" data-end=\"136\">Types of lessons and prices<\/strong><\/p>\n<table>\n<thead>\n<tr>\n<th>Service<\/th>\n<th>Duration<\/th>\n<th>Price \/ person<\/th>\n<\/tr>\n<\/thead>\n<tbody>\n<tr>\n<td>Introduction lesson (in a group)<\/td>\n<td>2 hours<\/td>\n<td>\u20ac10,00<\/td>\n<\/tr>\n<tr>\n<td>Single visit (in a group)<\/td>\n<td>2 hours<\/td>\n<td>\u20ac20,00<\/td>\n<\/tr>\n<tr>\n<td>Individual lesson<\/td>\n<td>2 hours<\/td>\n<td>\u20ac29,00<\/td>\n<\/tr>\n<tr>\n<td>Subscription (4 lessons)<\/td>\n<td>4 \u00d7 2 hours<\/td>\n<td>\u20ac68,00<\/td>\n<\/tr>\n<tr>\n<td><strong>Subscription (16 lessons)<\/strong><\/td>\n<td><strong>16 \u00d7 2 hours<\/strong><\/td>\n<td><strong>\u20ac240,00<\/strong><\/td>\n<\/tr>\n<tr>\n<td><strong>Individual subscription (4 lessons)<\/strong><\/td>\n<td><strong>4 \u00d7 2 hours<\/strong><\/td>\n<td><strong>\u20ac100,00<\/strong><\/td>\n<\/tr>\n<\/tbody>\n<\/table>\n<p><strong>Classes are held:<\/strong><\/p>\n<ul>\n<li>Tuesdays: <span style=\"font-size: 16px;\">18:30\u201320:30<\/span><\/li>\n<\/ul>\n<p><strong>The price includes:<\/strong><\/p>\n<ul>\n<li>Coffee, tea<\/li>\n<li>Snacks<\/li>\n<\/ul>\n<p><strong>You can buy on site:<\/strong><\/p>\n<ul>\n<li>Missing materials for work<\/li>\n<li>Canvases<\/li>\n<li>Color sets<\/li>\n<\/ul>\n<p><em>With an age limit of 12 to 95 years<\/em><\/p>\n<p><em>Latvian.<\/em><\/p>\n<p><strong>More details:<\/strong><strong><br data-start=\"3057\" data-end=\"3060\" \/>\u00a0+371\u00a0 26 39 46 51<\/strong><\/p>\n<p><a href=\"https:\/\/paintnprogress.art\/en\/occupations-2\/\"><em data-start=\"481\" data-end=\"537\">Check out other painting classes in our studio.<\/em><\/a><\/p>","protected":false},"featured_media":6471,"comment_status":"open","ping_status":"closed","template":"","meta":{"_uag_custom_page_level_css":"","site-sidebar-layout":"default","site-content-layout":"","ast-site-content-layout":"default","site-content-style":"default","site-sidebar-style":"default","ast-global-header-display":"","ast-banner-title-visibility":"","ast-main-header-display":"","ast-hfb-above-header-display":"","ast-hfb-below-header-display":"","ast-hfb-mobile-header-display":"","site-post-title":"","ast-breadcrumbs-content":"","ast-featured-img":"","footer-sml-layout":"","ast-disable-related-posts":"","theme-transparent-header-meta":"default","adv-header-id-meta":"","stick-header-meta":"","header-above-stick-meta":"","header-main-stick-meta":"","header-below-stick-meta":"","astra-migrate-meta-layouts":"set","ast-page-background-enabled":"default","ast-page-background-meta":{"desktop":{"background-color":"","background-image":"","background-repeat":"repeat","background-position":"center center","background-size":"auto","background-attachment":"scroll","background-type":"","background-media":"","overlay-type":"","overlay-color":"","overlay-opacity":"","overlay-gradient":""},"tablet":{"background-color":"","background-image":"","background-repeat":"repeat","background-position":"center center","background-size":"auto","background-attachment":"scroll","background-type":"","background-media":"","overlay-type":"","overlay-color":"","overlay-opacity":"","overlay-gradient":""},"mobile":{"background-color":"","background-image":"","background-repeat":"repeat","background-position":"center center","background-size":"auto","background-attachment":"scroll","background-type":"","background-media":"","overlay-type":"","overlay-color":"","overlay-opacity":"","overlay-gradient":""}},"ast-content-background-meta":{"desktop":{"background-color":"var(--ast-global-color-5)","background-image":"","background-repeat":"repeat","background-position":"center center","background-size":"auto","background-attachment":"scroll","background-type":"","background-media":"","overlay-type":"","overlay-color":"","overlay-opacity":"","overlay-gradient":""},"tablet":{"background-color":"var(--ast-global-color-5)","background-image":"","background-repeat":"repeat","background-position":"center center","background-size":"auto","background-attachment":"scroll","background-type":"","background-media":"","overlay-type":"","overlay-color":"","overlay-opacity":"","overlay-gradient":""},"mobile":{"background-color":"var(--ast-global-color-5)","background-image":"","background-repeat":"repeat","background-position":"center center","background-size":"auto","background-attachment":"scroll","background-type":"","background-media":"","overlay-type":"","overlay-color":"","overlay-opacity":"","overlay-gradient":""}}},"product_brand":[],"product_cat":[40,176,18],"product_tag":[141,74,78,79,81,80],"class_list":{"0":"post-6456","1":"product","2":"type-product","3":"status-publish","4":"has-post-thumbnail","6":"product_cat-kursi","7":"product_cat-kursi-pieaugusjiem","8":"product_cat-nodarbibas","9":"product_tag-anna-simtniece","10":"product_tag-gleznosana-bez-priekszinasanam","11":"product_tag-gleznosanas-nodarbibas","12":"product_tag-gleznosanas-nodarbibas-pieaugusajiem","13":"product_tag-81","14":"product_tag-80","15":"desktop-align-left","16":"tablet-align-left","17":"mobile-align-left","19":"first","20":"instock","21":"sold-individually","22":"shipping-taxable","23":"purchasable","24":"product-type-variable"},"yoast_head":"<!-- This site is optimized with the Yoast SEO plugin v27.4 - https:\/\/yoast.com\/product\/yoast-seo-wordpress\/ -->\n<title>ST\u0100STI BEZ V\u0100RDIEM - Glezno\u0161anas Kurss ar A.Simtnieci - paintnprogress.art<\/title>\n<meta name=\"description\" content=\"St\u0101sti bez v\u0101rdiem \u2014 maiga un iek\u013caujo\u0161a glezno\u0161anas nodarb\u012bba, kur rad\u012b\u0161ana k\u013c\u016bst par ce\u013cu pie sevis. Atkl\u0101j savu rokrakstu, mieru un rado\u0161o br\u012bv\u012bbu.\" \/>\n<meta name=\"robots\" content=\"index, follow, max-snippet:-1, max-image-preview:large, max-video-preview:-1\" \/>\n<link rel=\"canonical\" href=\"https:\/\/paintnprogress.art\/en\/product\/stories-without-words\/\" \/>\n<meta property=\"og:locale\" content=\"en_GB\" \/>\n<meta property=\"og:type\" content=\"article\" \/>\n<meta property=\"og:title\" content=\"ST\u0100STI BEZ V\u0100RDIEM - Glezno\u0161anas Kurss ar A.Simtnieci - paintnprogress.art\" \/>\n<meta property=\"og:description\" content=\"St\u0101sti bez v\u0101rdiem \u2014 maiga un iek\u013caujo\u0161a glezno\u0161anas nodarb\u012bba, kur rad\u012b\u0161ana k\u013c\u016bst par ce\u013cu pie sevis. Atkl\u0101j savu rokrakstu, mieru un rado\u0161o br\u012bv\u012bbu.\" \/>\n<meta property=\"og:url\" content=\"https:\/\/paintnprogress.art\/en\/product\/stories-without-words\/\" \/>\n<meta property=\"og:site_name\" content=\"paintnprogress.art\" \/>\n<meta property=\"article:publisher\" content=\"https:\/\/www.facebook.com\/paintnprogressart\" \/>\n<meta property=\"article:modified_time\" content=\"2026-04-17T07:01:47+00:00\" \/>\n<meta property=\"og:image\" content=\"https:\/\/paintnprogress.art\/wp-content\/uploads\/2026\/01\/Stasti-bez-vardiem-Anna-Simtniece-8.webp\" \/>\n\t<meta property=\"og:image:width\" content=\"638\" \/>\n\t<meta property=\"og:image:height\" content=\"857\" \/>\n\t<meta property=\"og:image:type\" content=\"image\/webp\" \/>\n<meta name=\"twitter:card\" content=\"summary_large_image\" \/>\n<meta name=\"twitter:label1\" content=\"Estimated reading time\" \/>\n\t<meta name=\"twitter:data1\" content=\"3 minutes\" \/>\n<script type=\"application\/ld+json\" class=\"yoast-schema-graph\">{\"@context\":\"https:\\\/\\\/schema.org\",\"@graph\":[{\"@type\":\"WebPage\",\"@id\":\"https:\\\/\\\/paintnprogress.art\\\/product\\\/stasti-bez-vardiem\\\/\",\"url\":\"https:\\\/\\\/paintnprogress.art\\\/product\\\/stasti-bez-vardiem\\\/\",\"name\":\"ST\u0100STI BEZ V\u0100RDIEM - Glezno\u0161anas Kurss ar A.Simtnieci - paintnprogress.art\",\"isPartOf\":{\"@id\":\"https:\\\/\\\/paintnprogress.art\\\/#website\"},\"primaryImageOfPage\":{\"@id\":\"https:\\\/\\\/paintnprogress.art\\\/product\\\/stasti-bez-vardiem\\\/#primaryimage\"},\"image\":{\"@id\":\"https:\\\/\\\/paintnprogress.art\\\/product\\\/stasti-bez-vardiem\\\/#primaryimage\"},\"thumbnailUrl\":\"https:\\\/\\\/paintnprogress.art\\\/wp-content\\\/uploads\\\/2026\\\/01\\\/Stasti-bez-vardiem-Anna-Simtniece-8.webp\",\"datePublished\":\"2026-01-06T13:48:24+00:00\",\"dateModified\":\"2026-04-17T07:01:47+00:00\",\"description\":\"St\u0101sti bez v\u0101rdiem \u2014 maiga un iek\u013caujo\u0161a glezno\u0161anas nodarb\u012bba, kur rad\u012b\u0161ana k\u013c\u016bst par ce\u013cu pie sevis. Atkl\u0101j savu rokrakstu, mieru un rado\u0161o br\u012bv\u012bbu.\",\"breadcrumb\":{\"@id\":\"https:\\\/\\\/paintnprogress.art\\\/product\\\/stasti-bez-vardiem\\\/#breadcrumb\"},\"inLanguage\":\"en-GB\",\"potentialAction\":[{\"@type\":\"ReadAction\",\"target\":[\"https:\\\/\\\/paintnprogress.art\\\/product\\\/stasti-bez-vardiem\\\/\"]}]},{\"@type\":\"ImageObject\",\"inLanguage\":\"en-GB\",\"@id\":\"https:\\\/\\\/paintnprogress.art\\\/product\\\/stasti-bez-vardiem\\\/#primaryimage\",\"url\":\"https:\\\/\\\/paintnprogress.art\\\/wp-content\\\/uploads\\\/2026\\\/01\\\/Stasti-bez-vardiem-Anna-Simtniece-8.webp\",\"contentUrl\":\"https:\\\/\\\/paintnprogress.art\\\/wp-content\\\/uploads\\\/2026\\\/01\\\/Stasti-bez-vardiem-Anna-Simtniece-8.webp\",\"width\":638,\"height\":857,\"caption\":\"St\u0101sti bez v\u0101rdiem Anna Simtniece\"},{\"@type\":\"BreadcrumbList\",\"@id\":\"https:\\\/\\\/paintnprogress.art\\\/product\\\/stasti-bez-vardiem\\\/#breadcrumb\",\"itemListElement\":[{\"@type\":\"ListItem\",\"position\":1,\"name\":\"Home\",\"item\":\"https:\\\/\\\/paintnprogress.art\\\/\"},{\"@type\":\"ListItem\",\"position\":2,\"name\":\"Shop\",\"item\":\"https:\\\/\\\/paintnprogress.art\\\/shop\\\/\"},{\"@type\":\"ListItem\",\"position\":3,\"name\":\"ST\u0100STI BEZ V\u0100RDIEM &#8211; Glezno\u0161anas Kurss ar A.Simtnieci\"}]},{\"@type\":\"WebSite\",\"@id\":\"https:\\\/\\\/paintnprogress.art\\\/#website\",\"url\":\"https:\\\/\\\/paintnprogress.art\\\/\",\"name\":\"paintnprogress.art\",\"description\":\"Glezno\u0161anas Nodarb\u012bbas\",\"publisher\":{\"@id\":\"https:\\\/\\\/paintnprogress.art\\\/#organization\"},\"potentialAction\":[{\"@type\":\"SearchAction\",\"target\":{\"@type\":\"EntryPoint\",\"urlTemplate\":\"https:\\\/\\\/paintnprogress.art\\\/?s={search_term_string}\"},\"query-input\":{\"@type\":\"PropertyValueSpecification\",\"valueRequired\":true,\"valueName\":\"search_term_string\"}}],\"inLanguage\":\"en-GB\"},{\"@type\":\"Organization\",\"@id\":\"https:\\\/\\\/paintnprogress.art\\\/#organization\",\"name\":\"Paint&Progress\",\"alternateName\":\"Paint and Progress\",\"url\":\"https:\\\/\\\/paintnprogress.art\\\/\",\"logo\":{\"@type\":\"ImageObject\",\"inLanguage\":\"en-GB\",\"@id\":\"https:\\\/\\\/paintnprogress.art\\\/#\\\/schema\\\/logo\\\/image\\\/\",\"url\":\"https:\\\/\\\/paintnprogress.art\\\/wp-content\\\/uploads\\\/2025\\\/01\\\/512.webp\",\"contentUrl\":\"https:\\\/\\\/paintnprogress.art\\\/wp-content\\\/uploads\\\/2025\\\/01\\\/512.webp\",\"width\":512,\"height\":512,\"caption\":\"Paint&Progress\"},\"image\":{\"@id\":\"https:\\\/\\\/paintnprogress.art\\\/#\\\/schema\\\/logo\\\/image\\\/\"},\"sameAs\":[\"https:\\\/\\\/www.facebook.com\\\/paintnprogressart\",\"https:\\\/\\\/www.youtube.com\\\/@PaintAndProgressArt\",\"https:\\\/\\\/www.tiktok.com\\\/@paint_and_progress?lang=lv\"]}]}<\/script>\n<!-- \/ Yoast SEO plugin. -->","yoast_head_json":{"title":"STORIES WITHOUT WORDS - Painting Course with A.Simtnieci - paintnprogress.art","description":"Stories Without Words - a gentle and inclusive painting class where creation becomes a path to yourself. Discover your handwriting, peace, and creative freedom.","robots":{"index":"index","follow":"follow","max-snippet":"max-snippet:-1","max-image-preview":"max-image-preview:large","max-video-preview":"max-video-preview:-1"},"canonical":"https:\/\/paintnprogress.art\/en\/product\/stories-without-words\/","og_locale":"en_GB","og_type":"article","og_title":"ST\u0100STI BEZ V\u0100RDIEM - Glezno\u0161anas Kurss ar A.Simtnieci - paintnprogress.art","og_description":"St\u0101sti bez v\u0101rdiem \u2014 maiga un iek\u013caujo\u0161a glezno\u0161anas nodarb\u012bba, kur rad\u012b\u0161ana k\u013c\u016bst par ce\u013cu pie sevis. Atkl\u0101j savu rokrakstu, mieru un rado\u0161o br\u012bv\u012bbu.","og_url":"https:\/\/paintnprogress.art\/en\/product\/stories-without-words\/","og_site_name":"paintnprogress.art","article_publisher":"https:\/\/www.facebook.com\/paintnprogressart","article_modified_time":"2026-04-17T07:01:47+00:00","og_image":[{"width":638,"height":857,"url":"https:\/\/paintnprogress.art\/wp-content\/uploads\/2026\/01\/Stasti-bez-vardiem-Anna-Simtniece-8.webp","type":"image\/webp"}],"twitter_card":"summary_large_image","twitter_misc":{"Estimated reading time":"3 minutes"},"schema":{"@context":"https:\/\/schema.org","@graph":[{"@type":"WebPage","@id":"https:\/\/paintnprogress.art\/product\/stasti-bez-vardiem\/","url":"https:\/\/paintnprogress.art\/product\/stasti-bez-vardiem\/","name":"STORIES WITHOUT WORDS - Painting Course with A.Simtnieci - paintnprogress.art","isPartOf":{"@id":"https:\/\/paintnprogress.art\/#website"},"primaryImageOfPage":{"@id":"https:\/\/paintnprogress.art\/product\/stasti-bez-vardiem\/#primaryimage"},"image":{"@id":"https:\/\/paintnprogress.art\/product\/stasti-bez-vardiem\/#primaryimage"},"thumbnailUrl":"https:\/\/paintnprogress.art\/wp-content\/uploads\/2026\/01\/Stasti-bez-vardiem-Anna-Simtniece-8.webp","datePublished":"2026-01-06T13:48:24+00:00","dateModified":"2026-04-17T07:01:47+00:00","description":"Stories Without Words - a gentle and inclusive painting class where creation becomes a path to yourself. Discover your handwriting, peace, and creative freedom.","breadcrumb":{"@id":"https:\/\/paintnprogress.art\/product\/stasti-bez-vardiem\/#breadcrumb"},"inLanguage":"en-GB","potentialAction":[{"@type":"ReadAction","target":["https:\/\/paintnprogress.art\/product\/stasti-bez-vardiem\/"]}]},{"@type":"ImageObject","inLanguage":"en-GB","@id":"https:\/\/paintnprogress.art\/product\/stasti-bez-vardiem\/#primaryimage","url":"https:\/\/paintnprogress.art\/wp-content\/uploads\/2026\/01\/Stasti-bez-vardiem-Anna-Simtniece-8.webp","contentUrl":"https:\/\/paintnprogress.art\/wp-content\/uploads\/2026\/01\/Stasti-bez-vardiem-Anna-Simtniece-8.webp","width":638,"height":857,"caption":"St\u0101sti bez v\u0101rdiem Anna Simtniece"},{"@type":"BreadcrumbList","@id":"https:\/\/paintnprogress.art\/product\/stasti-bez-vardiem\/#breadcrumb","itemListElement":[{"@type":"ListItem","position":1,"name":"Home","item":"https:\/\/paintnprogress.art\/"},{"@type":"ListItem","position":2,"name":"Shop","item":"https:\/\/paintnprogress.art\/shop\/"},{"@type":"ListItem","position":3,"name":"ST\u0100STI BEZ V\u0100RDIEM &#8211; Glezno\u0161anas Kurss ar A.Simtnieci"}]},{"@type":"WebSite","@id":"https:\/\/paintnprogress.art\/#website","url":"https:\/\/paintnprogress.art\/","name":"paintnprogress.art","description":"Painting Lessons","publisher":{"@id":"https:\/\/paintnprogress.art\/#organization"},"potentialAction":[{"@type":"SearchAction","target":{"@type":"EntryPoint","urlTemplate":"https:\/\/paintnprogress.art\/?s={search_term_string}"},"query-input":{"@type":"PropertyValueSpecification","valueRequired":true,"valueName":"search_term_string"}}],"inLanguage":"en-GB"},{"@type":"Organization","@id":"https:\/\/paintnprogress.art\/#organization","name":"Paint&amp;Progress","alternateName":"Paint and Progress","url":"https:\/\/paintnprogress.art\/","logo":{"@type":"ImageObject","inLanguage":"en-GB","@id":"https:\/\/paintnprogress.art\/#\/schema\/logo\/image\/","url":"https:\/\/paintnprogress.art\/wp-content\/uploads\/2025\/01\/512.webp","contentUrl":"https:\/\/paintnprogress.art\/wp-content\/uploads\/2025\/01\/512.webp","width":512,"height":512,"caption":"Paint&Progress"},"image":{"@id":"https:\/\/paintnprogress.art\/#\/schema\/logo\/image\/"},"sameAs":["https:\/\/www.facebook.com\/paintnprogressart","https:\/\/www.youtube.com\/@PaintAndProgressArt","https:\/\/www.tiktok.com\/@paint_and_progress?lang=lv"]}]}},"uagb_featured_image_src":{"full":["https:\/\/paintnprogress.art\/wp-content\/uploads\/2026\/01\/Stasti-bez-vardiem-Anna-Simtniece-8.webp",638,857,false],"thumbnail":["https:\/\/paintnprogress.art\/wp-content\/uploads\/2026\/01\/Stasti-bez-vardiem-Anna-Simtniece-8-150x150.webp",150,150,true],"medium":["https:\/\/paintnprogress.art\/wp-content\/uploads\/2026\/01\/Stasti-bez-vardiem-Anna-Simtniece-8-223x300.webp",223,300,true],"medium_large":["https:\/\/paintnprogress.art\/wp-content\/uploads\/2026\/01\/Stasti-bez-vardiem-Anna-Simtniece-8.webp",638,857,false],"large":["https:\/\/paintnprogress.art\/wp-content\/uploads\/2026\/01\/Stasti-bez-vardiem-Anna-Simtniece-8.webp",638,857,false],"1536x1536":["https:\/\/paintnprogress.art\/wp-content\/uploads\/2026\/01\/Stasti-bez-vardiem-Anna-Simtniece-8.webp",638,857,false],"2048x2048":["https:\/\/paintnprogress.art\/wp-content\/uploads\/2026\/01\/Stasti-bez-vardiem-Anna-Simtniece-8.webp",638,857,false],"trp-custom-language-flag":["https:\/\/paintnprogress.art\/wp-content\/uploads\/2026\/01\/Stasti-bez-vardiem-Anna-Simtniece-8-9x12.webp",9,12,true],"woocommerce_thumbnail":["https:\/\/paintnprogress.art\/wp-content\/uploads\/2026\/01\/Stasti-bez-vardiem-Anna-Simtniece-8-300x300.webp",300,300,true],"woocommerce_single":["https:\/\/paintnprogress.art\/wp-content\/uploads\/2026\/01\/Stasti-bez-vardiem-Anna-Simtniece-8-600x806.webp",600,806,true],"woocommerce_gallery_thumbnail":["https:\/\/paintnprogress.art\/wp-content\/uploads\/2026\/01\/Stasti-bez-vardiem-Anna-Simtniece-8-100x100.webp",100,100,true]},"uagb_author_info":{"display_name":"Dzintars Kalnins","author_link":"https:\/\/paintnprogress.art\/en\/author\/"},"uagb_comment_info":1,"uagb_excerpt":"Aicin\u0101m izm\u0113\u0123in\u0101t roku z\u012bm\u0113\u0161an\u0101 un glezno\u0161an\u0101 \u2014 \u013caujot rad\u012b\u0161anai k\u013c\u016bt par ce\u013cu pie sevis &nbsp; Nodarb\u012bbu veidi un cenas Pakalpojums Ilgums Cena \/ pers. Iepaz\u012b\u0161an\u0101s nodarb\u012bba (grup\u0101) 2 stundas \u20ac10,00 Vienreiz\u0113js apmekl\u0113jums (grup\u0101) 2 stundas \u20ac20,00 Individu\u0101la nodarb\u012bba 2 stundas \u20ac29,00 Abonements (4 nodarb\u012bbas) 4 \u00d7 2 stundas \u20ac68,00 Abonements (16 nodarb\u012bbas) 16 \u00d7 2&hellip;","_links":{"self":[{"href":"https:\/\/paintnprogress.art\/en\/wp-json\/wp\/v2\/product\/6456","targetHints":{"allow":["GET"]}}],"collection":[{"href":"https:\/\/paintnprogress.art\/en\/wp-json\/wp\/v2\/product"}],"about":[{"href":"https:\/\/paintnprogress.art\/en\/wp-json\/wp\/v2\/types\/product"}],"replies":[{"embeddable":true,"href":"https:\/\/paintnprogress.art\/en\/wp-json\/wp\/v2\/comments?post=6456"}],"wp:featuredmedia":[{"embeddable":true,"href":"https:\/\/paintnprogress.art\/en\/wp-json\/wp\/v2\/media\/6471"}],"wp:attachment":[{"href":"https:\/\/paintnprogress.art\/en\/wp-json\/wp\/v2\/media?parent=6456"}],"wp:term":[{"taxonomy":"product_brand","embeddable":true,"href":"https:\/\/paintnprogress.art\/en\/wp-json\/wp\/v2\/product_brand?post=6456"},{"taxonomy":"product_cat","embeddable":true,"href":"https:\/\/paintnprogress.art\/en\/wp-json\/wp\/v2\/product_cat?post=6456"},{"taxonomy":"product_tag","embeddable":true,"href":"https:\/\/paintnprogress.art\/en\/wp-json\/wp\/v2\/product_tag?post=6456"}],"curies":[{"name":"wp","href":"https:\/\/api.w.org\/{rel}","templated":true}]}}