{"id":5634,"date":"2025-07-04T12:14:40","date_gmt":"2025-07-04T12:14:40","guid":{"rendered":"https:\/\/paintnprogress.art\/?post_type=product&#038;p=5634"},"modified":"2025-07-04T13:07:44","modified_gmt":"2025-07-04T13:07:44","slug":"rita-jeparskas-painting-the-gray-horse","status":"publish","type":"product","link":"https:\/\/paintnprogress.art\/en\/product\/ritas-jeparskas-glezna-pelekais-zirgs\/","title":{"rendered":"Rita Jeparska&#039;s painting \u2013 The Gray Horse"},"content":{"rendered":"<h3 data-start=\"0\" data-end=\"32\"><strong data-start=\"4\" data-end=\"32\">Painting: \u201cGray Horse\u201d<\/strong><\/h3>\n<p data-start=\"34\" data-end=\"123\"><strong data-start=\"34\" data-end=\"45\">Author:<\/strong> Rita Jeparska<br data-start=\"62\" data-end=\"65\" \/><strong data-start=\"65\" data-end=\"77\">Technique:<\/strong> Oil + Acrylic on canvas<br data-start=\"93\" data-end=\"96\" \/><strong data-start=\"96\" data-end=\"107\">Size:<\/strong> 50x60cm<br data-start=\"109\" data-end=\"112\" \/><strong data-start=\"112\" data-end=\"121\">Year:<\/strong> \u20132024<\/p>\n<h4 data-start=\"125\" data-end=\"160\"><strong data-start=\"130\" data-end=\"160\">Artistic perspective<\/strong><\/h4>\n<p data-start=\"162\" data-end=\"495\">L. Rita Jeparska&#039;s painting &quot;Grey Horse&quot; reveals the peaceful and noble presence of the animal. The silhouette of the horse&#039;s head, expressively highlighted with a brownish and grayish color scheme, creates a contemplative, deeply sensitive mood. The light brush movements on the horse&#039;s mane give the painting a lively flow, while maintaining a muted, almost meditative mood.<\/p>\n<h4 data-start=\"497\" data-end=\"530\"><strong data-start=\"502\" data-end=\"530\">Interpretation of the name<\/strong><\/h4>\n<p data-start=\"532\" data-end=\"877\">The title \u201cGrey Horse\u201d reveals both the theme of the painting and its symbolic depth. The horse here is not just an animal \u2013 it is a symbol of strength, freedom and inner peace. The grey colour combined with warm brown tones creates associations with the passage of time and the cyclical peace of nature. This horse is both a real and a dream image \u2013 present and at the same time elusive.<\/p>\n<h4 data-start=\"879\" data-end=\"907\"><strong data-start=\"884\" data-end=\"907\">Shapes and structure<\/strong><\/h4>\n<p data-start=\"909\" data-end=\"1232\">The painting is created with broad, confident strokes that give the surface texture and movement. The lines of the horse&#039;s neck and mane create a natural rhythm, while the dark gaze draws the viewer&#039;s attention, creating an emotional connection. The background, in which light gray and pink tones merge, allows the figure to stand out as a quiet and noble phenomenon.<\/p>\n<h4 data-start=\"1234\" data-end=\"1271\"><strong data-start=\"1239\" data-end=\"1271\">Context and time of creation<\/strong><\/h4>\n<p data-start=\"1273\" data-end=\"1552\">Rita Jeparska embodies in her work the ability to see the soul of an animal and depict it with a gentle, sensitive expression. \u201cThe Grey Horse\u201d is a story of peace, freedom, and the power hidden in silence \u2013 it is both an aesthetic pleasure and an invitation to stop and feel a deeper connection with nature.<\/p>\n<hr data-start=\"2114\" data-end=\"2117\" \/>\n<h3 data-start=\"2119\" data-end=\"2139\">About the Painting Course<\/h3>\n<p data-start=\"2141\" data-end=\"2253\"><a href=\"https:\/\/paintnprogress.art\/en\/product\/out-of-the-ordinary\/\">Read more here<\/a>.<\/p>\n<p>&nbsp;<\/p>","protected":false},"excerpt":{"rendered":"<h4 data-start=\"0\" data-end=\"32\"><strong data-start=\"4\" data-end=\"32\">Painting: \u201cGray Horse\u201d<\/strong><\/h4>\n<p data-start=\"34\" data-end=\"123\">60\u00d750, canvas, acrylic+oil, 2024.<\/p>\n<p data-start=\"139\" data-end=\"536\">The silhouette of the horse&#039;s head, expressively highlighted with a brownish and grayish color scheme, creates a contemplative, deeply sensitive mood. The light brush strokes on the horse&#039;s mane give the painting a lively flow, while maintaining a muted, almost meditative mood.<\/p>","protected":false},"featured_media":5641,"comment_status":"open","ping_status":"closed","template":"","meta":{"_uag_custom_page_level_css":"","site-sidebar-layout":"default","site-content-layout":"","ast-site-content-layout":"default","site-content-style":"default","site-sidebar-style":"default","ast-global-header-display":"","ast-banner-title-visibility":"","ast-main-header-display":"","ast-hfb-above-header-display":"","ast-hfb-below-header-display":"","ast-hfb-mobile-header-display":"","site-post-title":"","ast-breadcrumbs-content":"","ast-featured-img":"","footer-sml-layout":"","ast-disable-related-posts":"","theme-transparent-header-meta":"default","adv-header-id-meta":"","stick-header-meta":"","header-above-stick-meta":"","header-main-stick-meta":"","header-below-stick-meta":"","astra-migrate-meta-layouts":"set","ast-page-background-enabled":"default","ast-page-background-meta":{"desktop":{"background-color":"","background-image":"","background-repeat":"repeat","background-position":"center center","background-size":"auto","background-attachment":"scroll","background-type":"","background-media":"","overlay-type":"","overlay-color":"","overlay-opacity":"","overlay-gradient":""},"tablet":{"background-color":"","background-image":"","background-repeat":"repeat","background-position":"center center","background-size":"auto","background-attachment":"scroll","background-type":"","background-media":"","overlay-type":"","overlay-color":"","overlay-opacity":"","overlay-gradient":""},"mobile":{"background-color":"","background-image":"","background-repeat":"repeat","background-position":"center center","background-size":"auto","background-attachment":"scroll","background-type":"","background-media":"","overlay-type":"","overlay-color":"","overlay-opacity":"","overlay-gradient":""}},"ast-content-background-meta":{"desktop":{"background-color":"var(--ast-global-color-5)","background-image":"","background-repeat":"repeat","background-position":"center center","background-size":"auto","background-attachment":"scroll","background-type":"","background-media":"","overlay-type":"","overlay-color":"","overlay-opacity":"","overlay-gradient":""},"tablet":{"background-color":"var(--ast-global-color-5)","background-image":"","background-repeat":"repeat","background-position":"center center","background-size":"auto","background-attachment":"scroll","background-type":"","background-media":"","overlay-type":"","overlay-color":"","overlay-opacity":"","overlay-gradient":""},"mobile":{"background-color":"var(--ast-global-color-5)","background-image":"","background-repeat":"repeat","background-position":"center center","background-size":"auto","background-attachment":"scroll","background-type":"","background-media":"","overlay-type":"","overlay-color":"","overlay-opacity":"","overlay-gradient":""}}},"product_brand":[],"product_cat":[36,66],"product_tag":[],"class_list":{"0":"post-5634","1":"product","2":"type-product","3":"status-publish","4":"has-post-thumbnail","6":"product_cat-makslas-gara-galerija","7":"product_cat-musu-studentu-gleznu-galerija","8":"desktop-align-left","9":"tablet-align-left","10":"mobile-align-left","12":"first","13":"instock","14":"sold-individually","15":"shipping-taxable","16":"purchasable","17":"product-type-simple"},"yoast_head":"<!-- This site is optimized with the Yoast SEO plugin v27.5 - https:\/\/yoast.com\/product\/yoast-seo-wordpress\/ -->\n<title>Ritas Jeparskas glezna - Pel\u0113kais Zirgs - paintnprogress.art<\/title>\n<meta name=\"description\" content=\"Ritas Jeparskas e\u013c\u013cas glezna &quot;Pel\u0113kais zirgs \u2013 , kas atkl\u0101j zirga c\u0113lumu un mierpilno kl\u0101tb\u016btni ar vieglu, pl\u016bsto\u0161u otas triepienu po\u0113tiku. Skaties galerij\u0101\" \/>\n<meta name=\"robots\" content=\"index, follow, max-snippet:-1, max-image-preview:large, max-video-preview:-1\" \/>\n<link rel=\"canonical\" href=\"https:\/\/paintnprogress.art\/en\/product\/rita-jeparskas-painting-the-gray-horse\/\" \/>\n<meta property=\"og:locale\" content=\"en_GB\" \/>\n<meta property=\"og:type\" content=\"article\" \/>\n<meta property=\"og:title\" content=\"Ritas Jeparskas glezna - Pel\u0113kais Zirgs - paintnprogress.art\" \/>\n<meta property=\"og:description\" content=\"Ritas Jeparskas e\u013c\u013cas glezna &quot;Pel\u0113kais zirgs \u2013 , kas atkl\u0101j zirga c\u0113lumu un mierpilno kl\u0101tb\u016btni ar vieglu, pl\u016bsto\u0161u otas triepienu po\u0113tiku. Skaties galerij\u0101\" \/>\n<meta property=\"og:url\" content=\"https:\/\/paintnprogress.art\/en\/product\/rita-jeparskas-painting-the-gray-horse\/\" \/>\n<meta property=\"og:site_name\" content=\"paintnprogress.art\" \/>\n<meta property=\"article:publisher\" content=\"https:\/\/www.facebook.com\/paintnprogressart\" \/>\n<meta property=\"article:modified_time\" content=\"2025-07-04T13:07:44+00:00\" \/>\n<meta property=\"og:image\" content=\"https:\/\/paintnprogress.art\/wp-content\/uploads\/2025\/07\/The-gray-horse.webp\" \/>\n\t<meta property=\"og:image:width\" content=\"1691\" \/>\n\t<meta property=\"og:image:height\" content=\"2026\" \/>\n\t<meta property=\"og:image:type\" content=\"image\/webp\" \/>\n<meta name=\"twitter:card\" content=\"summary_large_image\" \/>\n<meta name=\"twitter:label1\" content=\"Estimated reading time\" \/>\n\t<meta name=\"twitter:data1\" content=\"2 minutes\" \/>\n<script type=\"application\/ld+json\" class=\"yoast-schema-graph\">{\"@context\":\"https:\\\/\\\/schema.org\",\"@graph\":[{\"@type\":\"WebPage\",\"@id\":\"https:\\\/\\\/paintnprogress.art\\\/lv\\\/product\\\/ritas-jeparskas-glezna-pelekais-zirgs\\\/\",\"url\":\"https:\\\/\\\/paintnprogress.art\\\/lv\\\/product\\\/ritas-jeparskas-glezna-pelekais-zirgs\\\/\",\"name\":\"Ritas Jeparskas glezna - Pel\u0113kais Zirgs - paintnprogress.art\",\"isPartOf\":{\"@id\":\"https:\\\/\\\/paintnprogress.art\\\/#website\"},\"primaryImageOfPage\":{\"@id\":\"https:\\\/\\\/paintnprogress.art\\\/lv\\\/product\\\/ritas-jeparskas-glezna-pelekais-zirgs\\\/#primaryimage\"},\"image\":{\"@id\":\"https:\\\/\\\/paintnprogress.art\\\/lv\\\/product\\\/ritas-jeparskas-glezna-pelekais-zirgs\\\/#primaryimage\"},\"thumbnailUrl\":\"https:\\\/\\\/paintnprogress.art\\\/wp-content\\\/uploads\\\/2025\\\/07\\\/The-gray-horse.webp\",\"datePublished\":\"2025-07-04T12:14:40+00:00\",\"dateModified\":\"2025-07-04T13:07:44+00:00\",\"description\":\"Ritas Jeparskas e\u013c\u013cas glezna \\\"Pel\u0113kais zirgs \u2013 , kas atkl\u0101j zirga c\u0113lumu un mierpilno kl\u0101tb\u016btni ar vieglu, pl\u016bsto\u0161u otas triepienu po\u0113tiku. Skaties galerij\u0101\",\"breadcrumb\":{\"@id\":\"https:\\\/\\\/paintnprogress.art\\\/lv\\\/product\\\/ritas-jeparskas-glezna-pelekais-zirgs\\\/#breadcrumb\"},\"inLanguage\":\"en-GB\",\"potentialAction\":[{\"@type\":\"ReadAction\",\"target\":[\"https:\\\/\\\/paintnprogress.art\\\/lv\\\/product\\\/ritas-jeparskas-glezna-pelekais-zirgs\\\/\"]}]},{\"@type\":\"ImageObject\",\"inLanguage\":\"en-GB\",\"@id\":\"https:\\\/\\\/paintnprogress.art\\\/lv\\\/product\\\/ritas-jeparskas-glezna-pelekais-zirgs\\\/#primaryimage\",\"url\":\"https:\\\/\\\/paintnprogress.art\\\/wp-content\\\/uploads\\\/2025\\\/07\\\/The-gray-horse.webp\",\"contentUrl\":\"https:\\\/\\\/paintnprogress.art\\\/wp-content\\\/uploads\\\/2025\\\/07\\\/The-gray-horse.webp\",\"width\":1691,\"height\":2026,\"caption\":\"The gray horse\"},{\"@type\":\"BreadcrumbList\",\"@id\":\"https:\\\/\\\/paintnprogress.art\\\/lv\\\/product\\\/ritas-jeparskas-glezna-pelekais-zirgs\\\/#breadcrumb\",\"itemListElement\":[{\"@type\":\"ListItem\",\"position\":1,\"name\":\"Home\",\"item\":\"https:\\\/\\\/paintnprogress.art\\\/\"},{\"@type\":\"ListItem\",\"position\":2,\"name\":\"Shop\",\"item\":\"https:\\\/\\\/paintnprogress.art\\\/shop\\\/\"},{\"@type\":\"ListItem\",\"position\":3,\"name\":\"Ritas Jeparskas glezna &#8211; Pel\u0113kais Zirgs\"}]},{\"@type\":\"WebSite\",\"@id\":\"https:\\\/\\\/paintnprogress.art\\\/#website\",\"url\":\"https:\\\/\\\/paintnprogress.art\\\/\",\"name\":\"paintnprogress.art\",\"description\":\"Glezno\u0161anas Nodarb\u012bbas\",\"publisher\":{\"@id\":\"https:\\\/\\\/paintnprogress.art\\\/#organization\"},\"potentialAction\":[{\"@type\":\"SearchAction\",\"target\":{\"@type\":\"EntryPoint\",\"urlTemplate\":\"https:\\\/\\\/paintnprogress.art\\\/?s={search_term_string}\"},\"query-input\":{\"@type\":\"PropertyValueSpecification\",\"valueRequired\":true,\"valueName\":\"search_term_string\"}}],\"inLanguage\":\"en-GB\"},{\"@type\":\"Organization\",\"@id\":\"https:\\\/\\\/paintnprogress.art\\\/#organization\",\"name\":\"Paint&Progress\",\"alternateName\":\"Paint and Progress\",\"url\":\"https:\\\/\\\/paintnprogress.art\\\/\",\"logo\":{\"@type\":\"ImageObject\",\"inLanguage\":\"en-GB\",\"@id\":\"https:\\\/\\\/paintnprogress.art\\\/#\\\/schema\\\/logo\\\/image\\\/\",\"url\":\"https:\\\/\\\/paintnprogress.art\\\/wp-content\\\/uploads\\\/2025\\\/01\\\/512.webp\",\"contentUrl\":\"https:\\\/\\\/paintnprogress.art\\\/wp-content\\\/uploads\\\/2025\\\/01\\\/512.webp\",\"width\":512,\"height\":512,\"caption\":\"Paint&Progress\"},\"image\":{\"@id\":\"https:\\\/\\\/paintnprogress.art\\\/#\\\/schema\\\/logo\\\/image\\\/\"},\"sameAs\":[\"https:\\\/\\\/www.facebook.com\\\/paintnprogressart\",\"https:\\\/\\\/www.youtube.com\\\/@PaintAndProgressArt\",\"https:\\\/\\\/www.tiktok.com\\\/@paint_and_progress?lang=lv\"]}]}<\/script>\n<!-- \/ Yoast SEO plugin. -->","yoast_head_json":{"title":"Rita Jeparska&#039;s painting - Gray Horse - paintnprogress.art","description":"Rita Jeparska&#039;s oil painting &quot;Grey Horse \u2013 , which reveals the nobility and peaceful presence of the horse with the poetics of light, flowing brushstrokes. View in the gallery","robots":{"index":"index","follow":"follow","max-snippet":"max-snippet:-1","max-image-preview":"max-image-preview:large","max-video-preview":"max-video-preview:-1"},"canonical":"https:\/\/paintnprogress.art\/en\/product\/rita-jeparskas-painting-the-gray-horse\/","og_locale":"en_GB","og_type":"article","og_title":"Ritas Jeparskas glezna - Pel\u0113kais Zirgs - paintnprogress.art","og_description":"Ritas Jeparskas e\u013c\u013cas glezna \"Pel\u0113kais zirgs \u2013 , kas atkl\u0101j zirga c\u0113lumu un mierpilno kl\u0101tb\u016btni ar vieglu, pl\u016bsto\u0161u otas triepienu po\u0113tiku. Skaties galerij\u0101","og_url":"https:\/\/paintnprogress.art\/en\/product\/rita-jeparskas-painting-the-gray-horse\/","og_site_name":"paintnprogress.art","article_publisher":"https:\/\/www.facebook.com\/paintnprogressart","article_modified_time":"2025-07-04T13:07:44+00:00","og_image":[{"width":1691,"height":2026,"url":"https:\/\/paintnprogress.art\/wp-content\/uploads\/2025\/07\/The-gray-horse.webp","type":"image\/webp"}],"twitter_card":"summary_large_image","twitter_misc":{"Estimated reading time":"2 minutes"},"schema":{"@context":"https:\/\/schema.org","@graph":[{"@type":"WebPage","@id":"https:\/\/paintnprogress.art\/lv\/product\/ritas-jeparskas-glezna-pelekais-zirgs\/","url":"https:\/\/paintnprogress.art\/lv\/product\/ritas-jeparskas-glezna-pelekais-zirgs\/","name":"Rita Jeparska&#039;s painting - Gray Horse - paintnprogress.art","isPartOf":{"@id":"https:\/\/paintnprogress.art\/#website"},"primaryImageOfPage":{"@id":"https:\/\/paintnprogress.art\/lv\/product\/ritas-jeparskas-glezna-pelekais-zirgs\/#primaryimage"},"image":{"@id":"https:\/\/paintnprogress.art\/lv\/product\/ritas-jeparskas-glezna-pelekais-zirgs\/#primaryimage"},"thumbnailUrl":"https:\/\/paintnprogress.art\/wp-content\/uploads\/2025\/07\/The-gray-horse.webp","datePublished":"2025-07-04T12:14:40+00:00","dateModified":"2025-07-04T13:07:44+00:00","description":"Rita Jeparska&#039;s oil painting &quot;Grey Horse \u2013 , which reveals the nobility and peaceful presence of the horse with the poetics of light, flowing brushstrokes. View in the gallery","breadcrumb":{"@id":"https:\/\/paintnprogress.art\/lv\/product\/ritas-jeparskas-glezna-pelekais-zirgs\/#breadcrumb"},"inLanguage":"en-GB","potentialAction":[{"@type":"ReadAction","target":["https:\/\/paintnprogress.art\/lv\/product\/ritas-jeparskas-glezna-pelekais-zirgs\/"]}]},{"@type":"ImageObject","inLanguage":"en-GB","@id":"https:\/\/paintnprogress.art\/lv\/product\/ritas-jeparskas-glezna-pelekais-zirgs\/#primaryimage","url":"https:\/\/paintnprogress.art\/wp-content\/uploads\/2025\/07\/The-gray-horse.webp","contentUrl":"https:\/\/paintnprogress.art\/wp-content\/uploads\/2025\/07\/The-gray-horse.webp","width":1691,"height":2026,"caption":"The gray horse"},{"@type":"BreadcrumbList","@id":"https:\/\/paintnprogress.art\/lv\/product\/ritas-jeparskas-glezna-pelekais-zirgs\/#breadcrumb","itemListElement":[{"@type":"ListItem","position":1,"name":"Home","item":"https:\/\/paintnprogress.art\/"},{"@type":"ListItem","position":2,"name":"Shop","item":"https:\/\/paintnprogress.art\/shop\/"},{"@type":"ListItem","position":3,"name":"Ritas Jeparskas glezna &#8211; Pel\u0113kais Zirgs"}]},{"@type":"WebSite","@id":"https:\/\/paintnprogress.art\/#website","url":"https:\/\/paintnprogress.art\/","name":"paintnprogress.art","description":"Painting Lessons","publisher":{"@id":"https:\/\/paintnprogress.art\/#organization"},"potentialAction":[{"@type":"SearchAction","target":{"@type":"EntryPoint","urlTemplate":"https:\/\/paintnprogress.art\/?s={search_term_string}"},"query-input":{"@type":"PropertyValueSpecification","valueRequired":true,"valueName":"search_term_string"}}],"inLanguage":"en-GB"},{"@type":"Organization","@id":"https:\/\/paintnprogress.art\/#organization","name":"Paint&amp;Progress","alternateName":"Paint and Progress","url":"https:\/\/paintnprogress.art\/","logo":{"@type":"ImageObject","inLanguage":"en-GB","@id":"https:\/\/paintnprogress.art\/#\/schema\/logo\/image\/","url":"https:\/\/paintnprogress.art\/wp-content\/uploads\/2025\/01\/512.webp","contentUrl":"https:\/\/paintnprogress.art\/wp-content\/uploads\/2025\/01\/512.webp","width":512,"height":512,"caption":"Paint&Progress"},"image":{"@id":"https:\/\/paintnprogress.art\/#\/schema\/logo\/image\/"},"sameAs":["https:\/\/www.facebook.com\/paintnprogressart","https:\/\/www.youtube.com\/@PaintAndProgressArt","https:\/\/www.tiktok.com\/@paint_and_progress?lang=lv"]}]}},"uagb_featured_image_src":{"full":["https:\/\/paintnprogress.art\/wp-content\/uploads\/2025\/07\/The-gray-horse.webp",1691,2026,false],"thumbnail":["https:\/\/paintnprogress.art\/wp-content\/uploads\/2025\/07\/The-gray-horse-150x150.webp",150,150,true],"medium":["https:\/\/paintnprogress.art\/wp-content\/uploads\/2025\/07\/The-gray-horse-250x300.webp",250,300,true],"medium_large":["https:\/\/paintnprogress.art\/wp-content\/uploads\/2025\/07\/The-gray-horse-768x920.webp",768,920,true],"large":["https:\/\/paintnprogress.art\/wp-content\/uploads\/2025\/07\/The-gray-horse-855x1024.webp",855,1024,true],"1536x1536":["https:\/\/paintnprogress.art\/wp-content\/uploads\/2025\/07\/The-gray-horse-1282x1536.webp",1282,1536,true],"2048x2048":["https:\/\/paintnprogress.art\/wp-content\/uploads\/2025\/07\/The-gray-horse.webp",1691,2026,false],"trp-custom-language-flag":["https:\/\/paintnprogress.art\/wp-content\/uploads\/2025\/07\/The-gray-horse-10x12.webp",10,12,true],"woocommerce_thumbnail":["https:\/\/paintnprogress.art\/wp-content\/uploads\/2025\/07\/The-gray-horse-300x300.webp",300,300,true],"woocommerce_single":["https:\/\/paintnprogress.art\/wp-content\/uploads\/2025\/07\/The-gray-horse-600x719.webp",600,719,true],"woocommerce_gallery_thumbnail":["https:\/\/paintnprogress.art\/wp-content\/uploads\/2025\/07\/The-gray-horse-100x100.webp",100,100,true]},"uagb_author_info":{"display_name":"Dzintars Kalnins","author_link":"https:\/\/paintnprogress.art\/en\/author\/"},"uagb_comment_info":0,"uagb_excerpt":"Glezna: \u201cPel\u0113kais zirgs\u201d 60x50, aud., akril+ e\u013c\u013ca, 2024. Zirga galvas siluets, izteiksm\u012bgi izcelts ar br\u016bngano un pel\u0113c\u012bgo kr\u0101su gammu, rada apcer\u012bgu, dzi\u013ci iej\u016bt\u012bgu noska\u0146u. Viegl\u0101s otas kust\u012bbas zirga kr\u0113p\u0113s pie\u0161\u0137ir gleznai dz\u012bvu pl\u016bdumu, vienlaikus saglab\u0101jot klusin\u0101tu, gandr\u012bz medit\u0113jo\u0161u noska\u0146u.","_links":{"self":[{"href":"https:\/\/paintnprogress.art\/en\/wp-json\/wp\/v2\/product\/5634","targetHints":{"allow":["GET"]}}],"collection":[{"href":"https:\/\/paintnprogress.art\/en\/wp-json\/wp\/v2\/product"}],"about":[{"href":"https:\/\/paintnprogress.art\/en\/wp-json\/wp\/v2\/types\/product"}],"replies":[{"embeddable":true,"href":"https:\/\/paintnprogress.art\/en\/wp-json\/wp\/v2\/comments?post=5634"}],"wp:featuredmedia":[{"embeddable":true,"href":"https:\/\/paintnprogress.art\/en\/wp-json\/wp\/v2\/media\/5641"}],"wp:attachment":[{"href":"https:\/\/paintnprogress.art\/en\/wp-json\/wp\/v2\/media?parent=5634"}],"wp:term":[{"taxonomy":"product_brand","embeddable":true,"href":"https:\/\/paintnprogress.art\/en\/wp-json\/wp\/v2\/product_brand?post=5634"},{"taxonomy":"product_cat","embeddable":true,"href":"https:\/\/paintnprogress.art\/en\/wp-json\/wp\/v2\/product_cat?post=5634"},{"taxonomy":"product_tag","embeddable":true,"href":"https:\/\/paintnprogress.art\/en\/wp-json\/wp\/v2\/product_tag?post=5634"}],"curies":[{"name":"wp","href":"https:\/\/api.w.org\/{rel}","templated":true}]}}