{"id":1292,"date":"2024-11-18T16:17:38","date_gmt":"2024-11-18T16:17:38","guid":{"rendered":"https:\/\/paintnprogress.art\/?post_type=product&#038;p=1292"},"modified":"2026-04-20T18:13:33","modified_gmt":"2026-04-20T18:13:33","slug":"out-of-the-ordinary","status":"publish","type":"product","link":"https:\/\/paintnprogress.art\/en\/product\/arpus-ierasta\/","title":{"rendered":"OUT OF THE ORDINARY \u2013 Painting Course with D.Kalni\u0146\u0161"},"content":{"rendered":"<h3 data-start=\"87\" data-end=\"148\"><strong data-start=\"94\" data-end=\"148\">OUT OF THE ORDINARY \u2013 Dzintars Kalni\u0146\u0161 painting course<\/strong><\/h3>\n<p class=\"\" data-start=\"202\" data-end=\"367\"><strong data-start=\"202\" data-end=\"221\">\u201cOut of the Ordinary\u201d<\/strong> is not just about working with canvas and paints \u2013<br data-start=\"260\" data-end=\"263\" \/>this is <strong data-start=\"270\" data-end=\"292\">a trip to yourself<\/strong>, exploring your inner world and courageously freeing yourself from habitual fears.<\/p>\n<p class=\"\" data-start=\"369\" data-end=\"580\">Under the leadership of Dzintars Kalni\u0146\u0161:<br data-start=\"393\" data-end=\"396\" \/>\u2022 Opportunity <strong data-start=\"406\" data-end=\"444\">to delve into your creative nature<\/strong>,<br data-start=\"445\" data-end=\"448\" \/>\u2022 Discover <strong data-start=\"457\" data-end=\"480\">the depths of the subconscious<\/strong>,<br data-start=\"481\" data-end=\"484\" \/>\u2022 Transform emotions and feelings <strong data-start=\"515\" data-end=\"526\">in paintings<\/strong>, which reflects your <strong data-start=\"547\" data-end=\"579\">unique perspective on the world<\/strong>.<\/p>\n<hr class=\"\" data-start=\"582\" data-end=\"585\" \/>\n<h3 class=\"\" data-start=\"587\" data-end=\"623\"><strong data-start=\"597\" data-end=\"623\">Course approach and goal<\/strong><\/h3>\n<p class=\"\" data-start=\"625\" data-end=\"822\">Amber offers <strong data-start=\"642\" data-end=\"675\">broad and free access to art<\/strong>, which is suitable for:<br data-start=\"694\" data-end=\"697\" \/>\u2022 For those who want <strong data-start=\"719\" data-end=\"745\">to learn the basics of realism<\/strong>,<br data-start=\"746\" data-end=\"749\" \/>\u2022 For those who want <strong data-start=\"771\" data-end=\"819\">experiment with abstract or expressive styles<\/strong>.<\/p>\n<p class=\"\" data-start=\"824\" data-end=\"972\">The main objective of the course:<br data-start=\"847\" data-end=\"850\" \/>\u2705 <strong data-start=\"852\" data-end=\"873\">Free self-expression<\/strong>,<br data-start=\"874\" data-end=\"877\" \/>\u2705 <strong data-start=\"879\" data-end=\"902\">Professional management<\/strong>,<br data-start=\"903\" data-end=\"906\" \/>\u2705 <strong data-start=\"908\" data-end=\"936\">An inspiring, safe environment<\/strong>, where you can allow yourself to be real and creative.<\/p>\n<hr class=\"\" data-start=\"974\" data-end=\"977\" \/>\n<h3 class=\"\" data-start=\"979\" data-end=\"1013\"><strong data-start=\"986\" data-end=\"1013\">The course program includes:<\/strong><\/h3>\n<p class=\"\" data-start=\"1015\" data-end=\"1111\">\u2022 <strong data-start=\"1017\" data-end=\"1038\">Technical skills<\/strong>:<br data-start=\"1039\" data-end=\"1042\" \/>\u2013 The interaction of light and shadow<br data-start=\"1072\" data-end=\"1075\" \/>\u2013 Perspective and form building<\/p>\n<p class=\"\" data-start=\"1113\" data-end=\"1216\">\u2022 <strong data-start=\"1115\" data-end=\"1144\">Getting to know Expressionism<\/strong>:<br data-start=\"1145\" data-end=\"1148\" \/>\u2013 Basics of art style<br data-start=\"1171\" data-end=\"1174\" \/>\u2013 Expressing feelings and stories through color<\/p>\n<p class=\"\" data-start=\"1218\" data-end=\"1322\">\u2022 <strong data-start=\"1220\" data-end=\"1248\">Practical creative activity<\/strong>:<br data-start=\"1249\" data-end=\"1252\" \/>\u2013 Preparation techniques<br data-start=\"1277\" data-end=\"1280\" \/>\u2013 Priming<br data-start=\"1293\" data-end=\"1296\" \/>\u2013 Composition development<\/p>\n<p class=\"\" data-start=\"1324\" data-end=\"1437\">\u2022 <strong data-start=\"1326\" data-end=\"1355\">Mixing art techniques<\/strong>:<br data-start=\"1356\" data-end=\"1359\" \/>\u2013 Combining different methods<br data-start=\"1387\" data-end=\"1390\" \/>\u2013 Experimenting with materials and styles<\/p>\n<p class=\"\" data-start=\"1439\" data-end=\"1585\">Result:<br data-start=\"1449\" data-end=\"1452\" \/>\ud83c\udf1f Gradual <strong data-start=\"1467\" data-end=\"1510\">developing your own artistic handwriting<\/strong>,<br data-start=\"1511\" data-end=\"1514\" \/>\ud83c\udf1f <strong data-start=\"1517\" data-end=\"1547\">Creating individual works<\/strong> \u2013 based on technique and intuition.<\/p>\n<hr class=\"\" data-start=\"1587\" data-end=\"1590\" \/>\n<h3 class=\"\" data-start=\"1592\" data-end=\"1623\"><strong data-start=\"1599\" data-end=\"1623\">About Dzintars Kalni\u0146\u0161<\/strong><\/h3>\n<p data-start=\"82\" data-end=\"313\">An artist with extensive international experience, he has lived and worked in Germany for over twelve years. During this time, he has participated in exhibitions, led art courses, worked as an art teacher in schools, and created works for European galleries.<\/p>\n<p data-start=\"315\" data-end=\"550\">Dzintar&#039;s art is a blend of subtle irony, childhood fantasies, and an adult philosophical understanding of life. The interplay of these elements creates a unique, deeply personal artistic language that appeals with both its emotional depth and visual sophistication.<\/p>\n<p data-start=\"315\" data-end=\"550\">Amber works can be viewed <strong><a href=\"https:\/\/www.instagram.com\/kalnin_dzintar\/\">here<\/a><\/strong>.<\/p>\n<hr class=\"\" data-start=\"2012\" data-end=\"2015\" \/>\n<h3 class=\"\" data-start=\"2017\" data-end=\"2057\"><strong data-start=\"2024\" data-end=\"2057\">The Amber Course is an invitation:<\/strong><\/h3>\n<p class=\"\" data-start=\"2059\" data-end=\"2184\">\u2022 <strong data-start=\"2061\" data-end=\"2074\">Stop<\/strong>,<br data-start=\"2075\" data-end=\"2078\" \/>\u2022 <strong data-start=\"2080\" data-end=\"2101\">Listen to yourself<\/strong>,<br data-start=\"2102\" data-end=\"2105\" \/>\u2022 <strong data-start=\"2107\" data-end=\"2140\">Finding your voice through art<\/strong>,<br data-start=\"2141\" data-end=\"2144\" \/>\u2022 And give space <strong data-start=\"2159\" data-end=\"2183\">for personal growth<\/strong>.<\/p>\n<hr class=\"\" data-start=\"2012\" data-end=\"2015\" \/>\n<h3 class=\"\" data-start=\"2017\" data-end=\"2057\"><strong data-start=\"2748\" data-end=\"2785\">More information \/ application<\/strong><\/h3>\n<p>&nbsp;<\/p>\n<p data-start=\"2742\" data-end=\"2787\"><strong>\ud83d\udce7dzintar@kalnin.eu<\/strong><strong><br data-start=\"3057\" data-end=\"3060\" \/>\ud83d\udcde +371 26 39 46 51<\/strong><\/p>\n<p><a href=\"https:\/\/linktr.ee\/kalnin?fbclid=PAZXh0bgNhZW0CMTEAAabLCmQSZtkWnWKuozuyDeFs606pUorDq2CfRlv506ls9MmNlgap5dwya9s_aem_frOeRv58YJmv4-PQ8Zt0Xg\">Learn More About Dzintara Kalni\u0146\u0161<\/a><\/p>\n<p><a href=\"https:\/\/paintnprogress.art\/en\/amber-mountain-between-light-and-darkness\/\">About the work of Dzintars Kalni\u0146\u0161<\/a><\/p>\n<hr \/>\n<p><strong><em>Join us, discover the world of art and let your creativity flourish!<\/em><\/strong><\/p>","protected":false},"excerpt":{"rendered":"<h6><strong>Try your hand at drawing and painting, learning techniques from classic realism to exciting fantasy!<\/strong><\/h6>\n<p>&nbsp;<\/p>\n<p><strong data-start=\"108\" data-end=\"136\">Types of lessons and prices<\/strong><\/p>\n<table>\n<thead>\n<tr>\n<th>Service<\/th>\n<th>Duration<\/th>\n<th>Price \/ person<\/th>\n<\/tr>\n<\/thead>\n<tbody>\n<tr>\n<td>Introduction lesson (in a group)<\/td>\n<td>2 hours<\/td>\n<td>\u20ac10,00<\/td>\n<\/tr>\n<tr>\n<td>Single visit (in a group)<\/td>\n<td>2 hours<\/td>\n<td>\u20ac20,00<\/td>\n<\/tr>\n<tr>\n<td>Individual lesson<\/td>\n<td>2 hours<\/td>\n<td>\u20ac29,00<\/td>\n<\/tr>\n<tr>\n<td>Subscription (4 lessons)<\/td>\n<td>4 \u00d7 2 hours<\/td>\n<td>\u20ac68,00<\/td>\n<\/tr>\n<tr>\n<td><strong>Subscription (16 lessons)<\/strong><\/td>\n<td><strong>16 \u00d7 2 hours<\/strong><\/td>\n<td><strong>\u20ac240,00<\/strong><\/td>\n<\/tr>\n<tr>\n<td><strong>Individual subscription (4 lessons)<\/strong><\/td>\n<td><strong>4 \u00d7 2 hours<\/strong><\/td>\n<td><strong>\u20ac100,00<\/strong><\/td>\n<\/tr>\n<\/tbody>\n<\/table>\n<p><strong>Classes are held:<\/strong><\/p>\n<ul>\n<li>Wednesdays: 12:00<span style=\"font-size: 16px;\">\u201314:00 or 18:30\u201320:30<\/span><\/li>\n<li>Thursdays: <span style=\"font-size: 16px;\">11:30\u201313:30<\/span><\/li>\n<\/ul>\n<p><strong>The price includes:<\/strong><\/p>\n<ul>\n<li>Coffee, tea<\/li>\n<li>Snacks<\/li>\n<\/ul>\n<p><strong>You can buy on site:<\/strong><\/p>\n<ul>\n<li>Missing materials for work<\/li>\n<li>Canvases<\/li>\n<li>Color sets<\/li>\n<\/ul>\n<p><em>With an age limit of 12 to 75 years<\/em><\/p>\n<p><em>In Latvian, Russian, English, German.<\/em><\/p>\n<p><strong>For more information, please contact us personally:<\/strong><strong><br data-start=\"3057\" data-end=\"3060\" \/>\ud83d\udcde +371 26 39 46 51<\/strong><\/p>\n<p><a href=\"https:\/\/paintnprogress.art\/en\/occupations-2\/\"><em data-start=\"481\" data-end=\"537\">Check out other painting classes in our studio.<\/em><\/a><\/p>","protected":false},"featured_media":8688,"comment_status":"open","ping_status":"closed","template":"","meta":{"_uag_custom_page_level_css":"","site-sidebar-layout":"default","site-content-layout":"","ast-site-content-layout":"default","site-content-style":"default","site-sidebar-style":"default","ast-global-header-display":"","ast-banner-title-visibility":"","ast-main-header-display":"","ast-hfb-above-header-display":"","ast-hfb-below-header-display":"","ast-hfb-mobile-header-display":"","site-post-title":"","ast-breadcrumbs-content":"","ast-featured-img":"","footer-sml-layout":"","ast-disable-related-posts":"","theme-transparent-header-meta":"default","adv-header-id-meta":"","stick-header-meta":"","header-above-stick-meta":"","header-main-stick-meta":"","header-below-stick-meta":"","astra-migrate-meta-layouts":"set","ast-page-background-enabled":"default","ast-page-background-meta":{"desktop":{"background-color":"","background-image":"","background-repeat":"repeat","background-position":"center center","background-size":"auto","background-attachment":"scroll","background-type":"","background-media":"","overlay-type":"","overlay-color":"","overlay-opacity":"","overlay-gradient":""},"tablet":{"background-color":"","background-image":"","background-repeat":"repeat","background-position":"center center","background-size":"auto","background-attachment":"scroll","background-type":"","background-media":"","overlay-type":"","overlay-color":"","overlay-opacity":"","overlay-gradient":""},"mobile":{"background-color":"","background-image":"","background-repeat":"repeat","background-position":"center center","background-size":"auto","background-attachment":"scroll","background-type":"","background-media":"","overlay-type":"","overlay-color":"","overlay-opacity":"","overlay-gradient":""}},"ast-content-background-meta":{"desktop":{"background-color":"var(--ast-global-color-5)","background-image":"","background-repeat":"repeat","background-position":"center center","background-size":"auto","background-attachment":"scroll","background-type":"","background-media":"","overlay-type":"","overlay-color":"","overlay-opacity":"","overlay-gradient":""},"tablet":{"background-color":"var(--ast-global-color-5)","background-image":"","background-repeat":"repeat","background-position":"center center","background-size":"auto","background-attachment":"scroll","background-type":"","background-media":"","overlay-type":"","overlay-color":"","overlay-opacity":"","overlay-gradient":""},"mobile":{"background-color":"var(--ast-global-color-5)","background-image":"","background-repeat":"repeat","background-position":"center center","background-size":"auto","background-attachment":"scroll","background-type":"","background-media":"","overlay-type":"","overlay-color":"","overlay-opacity":"","overlay-gradient":""}}},"product_brand":[],"product_cat":[40,176,18],"product_tag":[82,74,78,79,81,80],"class_list":{"0":"post-1292","1":"product","2":"type-product","3":"status-publish","4":"has-post-thumbnail","6":"product_cat-kursi","7":"product_cat-kursi-pieaugusjiem","8":"product_cat-nodarbibas","9":"product_tag-dzintars-kalnins","10":"product_tag-gleznosana-bez-priekszinasanam","11":"product_tag-gleznosanas-nodarbibas","12":"product_tag-gleznosanas-nodarbibas-pieaugusajiem","13":"product_tag-81","14":"product_tag-80","15":"desktop-align-left","16":"tablet-align-left","17":"mobile-align-left","19":"first","20":"instock","21":"sold-individually","22":"shipping-taxable","23":"purchasable","24":"product-type-variable"},"yoast_head":"<!-- This site is optimized with the Yoast SEO plugin v27.4 - https:\/\/yoast.com\/product\/yoast-seo-wordpress\/ -->\n<title>\u0100RPUS IERAST\u0100 - Glezno\u0161anas Kurss ar D.Kalni\u0146u - paintnprogress.art<\/title>\n<meta name=\"description\" content=\"\u0100rpus Ierast\u0101 \u2013 glezno\u0161anas kurss ar Dzintaru Kalni\u0146u. Apg\u016bstiet z\u012bm\u0113\u0161anas un glezno\u0161anas tehnikas da\u017e\u0101dos stilos, no re\u0101lisma l\u012bdz fant\u0101zijai!\" \/>\n<meta name=\"robots\" content=\"index, follow, max-snippet:-1, max-image-preview:large, max-video-preview:-1\" \/>\n<link rel=\"canonical\" href=\"https:\/\/paintnprogress.art\/en\/product\/out-of-the-ordinary\/\" \/>\n<meta property=\"og:locale\" content=\"en_GB\" \/>\n<meta property=\"og:type\" content=\"article\" \/>\n<meta property=\"og:title\" content=\"\u0100RPUS IERAST\u0100 - Glezno\u0161anas Kurss ar D.Kalni\u0146u - paintnprogress.art\" \/>\n<meta property=\"og:description\" content=\"\u0100rpus Ierast\u0101 \u2013 glezno\u0161anas kurss ar Dzintaru Kalni\u0146u. Apg\u016bstiet z\u012bm\u0113\u0161anas un glezno\u0161anas tehnikas da\u017e\u0101dos stilos, no re\u0101lisma l\u012bdz fant\u0101zijai!\" \/>\n<meta property=\"og:url\" content=\"https:\/\/paintnprogress.art\/en\/product\/out-of-the-ordinary\/\" \/>\n<meta property=\"og:site_name\" content=\"paintnprogress.art\" \/>\n<meta property=\"article:publisher\" content=\"https:\/\/www.facebook.com\/paintnprogressart\" \/>\n<meta property=\"article:modified_time\" content=\"2026-04-20T18:13:33+00:00\" \/>\n<meta property=\"og:image\" content=\"https:\/\/paintnprogress.art\/wp-content\/uploads\/2026\/03\/portrait_highres-edited.webp\" \/>\n\t<meta property=\"og:image:width\" content=\"1024\" \/>\n\t<meta property=\"og:image:height\" content=\"1025\" \/>\n\t<meta property=\"og:image:type\" content=\"image\/webp\" \/>\n<meta name=\"twitter:card\" content=\"summary_large_image\" \/>\n<meta name=\"twitter:label1\" content=\"Estimated reading time\" \/>\n\t<meta name=\"twitter:data1\" content=\"2 minutes\" \/>\n<script type=\"application\/ld+json\" class=\"yoast-schema-graph\">{\"@context\":\"https:\\\/\\\/schema.org\",\"@graph\":[{\"@type\":\"WebPage\",\"@id\":\"https:\\\/\\\/paintnprogress.art\\\/product\\\/arpus-ierasta\\\/\",\"url\":\"https:\\\/\\\/paintnprogress.art\\\/product\\\/arpus-ierasta\\\/\",\"name\":\"\u0100RPUS IERAST\u0100 - Glezno\u0161anas Kurss ar D.Kalni\u0146u - paintnprogress.art\",\"isPartOf\":{\"@id\":\"https:\\\/\\\/paintnprogress.art\\\/#website\"},\"primaryImageOfPage\":{\"@id\":\"https:\\\/\\\/paintnprogress.art\\\/product\\\/arpus-ierasta\\\/#primaryimage\"},\"image\":{\"@id\":\"https:\\\/\\\/paintnprogress.art\\\/product\\\/arpus-ierasta\\\/#primaryimage\"},\"thumbnailUrl\":\"https:\\\/\\\/paintnprogress.art\\\/wp-content\\\/uploads\\\/2026\\\/03\\\/portrait_highres-edited.webp\",\"datePublished\":\"2024-11-18T16:17:38+00:00\",\"dateModified\":\"2026-04-20T18:13:33+00:00\",\"description\":\"\u0100rpus Ierast\u0101 \u2013 glezno\u0161anas kurss ar Dzintaru Kalni\u0146u. Apg\u016bstiet z\u012bm\u0113\u0161anas un glezno\u0161anas tehnikas da\u017e\u0101dos stilos, no re\u0101lisma l\u012bdz fant\u0101zijai!\",\"breadcrumb\":{\"@id\":\"https:\\\/\\\/paintnprogress.art\\\/product\\\/arpus-ierasta\\\/#breadcrumb\"},\"inLanguage\":\"en-GB\",\"potentialAction\":[{\"@type\":\"ReadAction\",\"target\":[\"https:\\\/\\\/paintnprogress.art\\\/product\\\/arpus-ierasta\\\/\"]}]},{\"@type\":\"ImageObject\",\"inLanguage\":\"en-GB\",\"@id\":\"https:\\\/\\\/paintnprogress.art\\\/product\\\/arpus-ierasta\\\/#primaryimage\",\"url\":\"https:\\\/\\\/paintnprogress.art\\\/wp-content\\\/uploads\\\/2026\\\/03\\\/portrait_highres-edited.webp\",\"contentUrl\":\"https:\\\/\\\/paintnprogress.art\\\/wp-content\\\/uploads\\\/2026\\\/03\\\/portrait_highres-edited.webp\",\"width\":1024,\"height\":1025,\"caption\":\"Dzintars Kalnins\"},{\"@type\":\"BreadcrumbList\",\"@id\":\"https:\\\/\\\/paintnprogress.art\\\/product\\\/arpus-ierasta\\\/#breadcrumb\",\"itemListElement\":[{\"@type\":\"ListItem\",\"position\":1,\"name\":\"Home\",\"item\":\"https:\\\/\\\/paintnprogress.art\\\/\"},{\"@type\":\"ListItem\",\"position\":2,\"name\":\"Shop\",\"item\":\"https:\\\/\\\/paintnprogress.art\\\/shop\\\/\"},{\"@type\":\"ListItem\",\"position\":3,\"name\":\"\u0100RPUS IERAST\u0100 &#8211; Glezno\u0161anas Kurss ar D.Kalni\u0146u\"}]},{\"@type\":\"WebSite\",\"@id\":\"https:\\\/\\\/paintnprogress.art\\\/#website\",\"url\":\"https:\\\/\\\/paintnprogress.art\\\/\",\"name\":\"paintnprogress.art\",\"description\":\"Glezno\u0161anas Nodarb\u012bbas\",\"publisher\":{\"@id\":\"https:\\\/\\\/paintnprogress.art\\\/#organization\"},\"potentialAction\":[{\"@type\":\"SearchAction\",\"target\":{\"@type\":\"EntryPoint\",\"urlTemplate\":\"https:\\\/\\\/paintnprogress.art\\\/?s={search_term_string}\"},\"query-input\":{\"@type\":\"PropertyValueSpecification\",\"valueRequired\":true,\"valueName\":\"search_term_string\"}}],\"inLanguage\":\"en-GB\"},{\"@type\":\"Organization\",\"@id\":\"https:\\\/\\\/paintnprogress.art\\\/#organization\",\"name\":\"Paint&Progress\",\"alternateName\":\"Paint and Progress\",\"url\":\"https:\\\/\\\/paintnprogress.art\\\/\",\"logo\":{\"@type\":\"ImageObject\",\"inLanguage\":\"en-GB\",\"@id\":\"https:\\\/\\\/paintnprogress.art\\\/#\\\/schema\\\/logo\\\/image\\\/\",\"url\":\"https:\\\/\\\/paintnprogress.art\\\/wp-content\\\/uploads\\\/2025\\\/01\\\/512.webp\",\"contentUrl\":\"https:\\\/\\\/paintnprogress.art\\\/wp-content\\\/uploads\\\/2025\\\/01\\\/512.webp\",\"width\":512,\"height\":512,\"caption\":\"Paint&Progress\"},\"image\":{\"@id\":\"https:\\\/\\\/paintnprogress.art\\\/#\\\/schema\\\/logo\\\/image\\\/\"},\"sameAs\":[\"https:\\\/\\\/www.facebook.com\\\/paintnprogressart\",\"https:\\\/\\\/www.youtube.com\\\/@PaintAndProgressArt\",\"https:\\\/\\\/www.tiktok.com\\\/@paint_and_progress?lang=lv\"]}]}<\/script>\n<!-- \/ Yoast SEO plugin. -->","yoast_head_json":{"title":"OUT OF THE ORDINARY - Painting Course with D.Kalni\u0146\u0161 - paintnprogress.art","description":"Beyond the Ordinary \u2013 a painting course with Dzintars Kalni\u0146\u0161. Learn drawing and painting techniques in various styles, from realism to fantasy!","robots":{"index":"index","follow":"follow","max-snippet":"max-snippet:-1","max-image-preview":"max-image-preview:large","max-video-preview":"max-video-preview:-1"},"canonical":"https:\/\/paintnprogress.art\/en\/product\/out-of-the-ordinary\/","og_locale":"en_GB","og_type":"article","og_title":"\u0100RPUS IERAST\u0100 - Glezno\u0161anas Kurss ar D.Kalni\u0146u - paintnprogress.art","og_description":"\u0100rpus Ierast\u0101 \u2013 glezno\u0161anas kurss ar Dzintaru Kalni\u0146u. Apg\u016bstiet z\u012bm\u0113\u0161anas un glezno\u0161anas tehnikas da\u017e\u0101dos stilos, no re\u0101lisma l\u012bdz fant\u0101zijai!","og_url":"https:\/\/paintnprogress.art\/en\/product\/out-of-the-ordinary\/","og_site_name":"paintnprogress.art","article_publisher":"https:\/\/www.facebook.com\/paintnprogressart","article_modified_time":"2026-04-20T18:13:33+00:00","og_image":[{"width":1024,"height":1025,"url":"https:\/\/paintnprogress.art\/wp-content\/uploads\/2026\/03\/portrait_highres-edited.webp","type":"image\/webp"}],"twitter_card":"summary_large_image","twitter_misc":{"Estimated reading time":"2 minutes"},"schema":{"@context":"https:\/\/schema.org","@graph":[{"@type":"WebPage","@id":"https:\/\/paintnprogress.art\/product\/arpus-ierasta\/","url":"https:\/\/paintnprogress.art\/product\/arpus-ierasta\/","name":"OUT OF THE ORDINARY - Painting Course with D.Kalni\u0146\u0161 - paintnprogress.art","isPartOf":{"@id":"https:\/\/paintnprogress.art\/#website"},"primaryImageOfPage":{"@id":"https:\/\/paintnprogress.art\/product\/arpus-ierasta\/#primaryimage"},"image":{"@id":"https:\/\/paintnprogress.art\/product\/arpus-ierasta\/#primaryimage"},"thumbnailUrl":"https:\/\/paintnprogress.art\/wp-content\/uploads\/2026\/03\/portrait_highres-edited.webp","datePublished":"2024-11-18T16:17:38+00:00","dateModified":"2026-04-20T18:13:33+00:00","description":"Beyond the Ordinary \u2013 a painting course with Dzintars Kalni\u0146\u0161. Learn drawing and painting techniques in various styles, from realism to fantasy!","breadcrumb":{"@id":"https:\/\/paintnprogress.art\/product\/arpus-ierasta\/#breadcrumb"},"inLanguage":"en-GB","potentialAction":[{"@type":"ReadAction","target":["https:\/\/paintnprogress.art\/product\/arpus-ierasta\/"]}]},{"@type":"ImageObject","inLanguage":"en-GB","@id":"https:\/\/paintnprogress.art\/product\/arpus-ierasta\/#primaryimage","url":"https:\/\/paintnprogress.art\/wp-content\/uploads\/2026\/03\/portrait_highres-edited.webp","contentUrl":"https:\/\/paintnprogress.art\/wp-content\/uploads\/2026\/03\/portrait_highres-edited.webp","width":1024,"height":1025,"caption":"Dzintars Kalnins"},{"@type":"BreadcrumbList","@id":"https:\/\/paintnprogress.art\/product\/arpus-ierasta\/#breadcrumb","itemListElement":[{"@type":"ListItem","position":1,"name":"Home","item":"https:\/\/paintnprogress.art\/"},{"@type":"ListItem","position":2,"name":"Shop","item":"https:\/\/paintnprogress.art\/shop\/"},{"@type":"ListItem","position":3,"name":"\u0100RPUS IERAST\u0100 &#8211; Glezno\u0161anas Kurss ar D.Kalni\u0146u"}]},{"@type":"WebSite","@id":"https:\/\/paintnprogress.art\/#website","url":"https:\/\/paintnprogress.art\/","name":"paintnprogress.art","description":"Painting Lessons","publisher":{"@id":"https:\/\/paintnprogress.art\/#organization"},"potentialAction":[{"@type":"SearchAction","target":{"@type":"EntryPoint","urlTemplate":"https:\/\/paintnprogress.art\/?s={search_term_string}"},"query-input":{"@type":"PropertyValueSpecification","valueRequired":true,"valueName":"search_term_string"}}],"inLanguage":"en-GB"},{"@type":"Organization","@id":"https:\/\/paintnprogress.art\/#organization","name":"Paint&amp;Progress","alternateName":"Paint and Progress","url":"https:\/\/paintnprogress.art\/","logo":{"@type":"ImageObject","inLanguage":"en-GB","@id":"https:\/\/paintnprogress.art\/#\/schema\/logo\/image\/","url":"https:\/\/paintnprogress.art\/wp-content\/uploads\/2025\/01\/512.webp","contentUrl":"https:\/\/paintnprogress.art\/wp-content\/uploads\/2025\/01\/512.webp","width":512,"height":512,"caption":"Paint&Progress"},"image":{"@id":"https:\/\/paintnprogress.art\/#\/schema\/logo\/image\/"},"sameAs":["https:\/\/www.facebook.com\/paintnprogressart","https:\/\/www.youtube.com\/@PaintAndProgressArt","https:\/\/www.tiktok.com\/@paint_and_progress?lang=lv"]}]}},"uagb_featured_image_src":{"full":["https:\/\/paintnprogress.art\/wp-content\/uploads\/2026\/03\/portrait_highres-edited.webp",1024,1025,false],"thumbnail":["https:\/\/paintnprogress.art\/wp-content\/uploads\/2026\/03\/portrait_highres-edited-150x150.webp",150,150,true],"medium":["https:\/\/paintnprogress.art\/wp-content\/uploads\/2026\/03\/portrait_highres-edited-300x300.webp",300,300,true],"medium_large":["https:\/\/paintnprogress.art\/wp-content\/uploads\/2026\/03\/portrait_highres-edited-768x769.webp",768,769,true],"large":["https:\/\/paintnprogress.art\/wp-content\/uploads\/2026\/03\/portrait_highres-edited.webp",1023,1024,false],"1536x1536":["https:\/\/paintnprogress.art\/wp-content\/uploads\/2026\/03\/portrait_highres-edited.webp",1024,1025,false],"2048x2048":["https:\/\/paintnprogress.art\/wp-content\/uploads\/2026\/03\/portrait_highres-edited.webp",1024,1025,false],"trp-custom-language-flag":["https:\/\/paintnprogress.art\/wp-content\/uploads\/2026\/03\/portrait_highres-edited-12x12.webp",12,12,true],"woocommerce_thumbnail":["https:\/\/paintnprogress.art\/wp-content\/uploads\/2026\/03\/portrait_highres-edited-300x300.webp",300,300,true],"woocommerce_single":["https:\/\/paintnprogress.art\/wp-content\/uploads\/2026\/03\/portrait_highres-edited-600x601.webp",600,601,true],"woocommerce_gallery_thumbnail":["https:\/\/paintnprogress.art\/wp-content\/uploads\/2026\/03\/portrait_highres-edited-100x100.webp",100,100,true]},"uagb_author_info":{"display_name":"Dzintars Kalnins","author_link":"https:\/\/paintnprogress.art\/en\/author\/"},"uagb_comment_info":21,"uagb_excerpt":"Izm\u0113\u0123iniet roku z\u012bm\u0113\u0161anas un glezno\u0161anas pasaul\u0113, apg\u016bstot tehnikas no klasisk\u0101 re\u0101lisma l\u012bdz aizraujo\u0161ai fant\u0101zijai! &nbsp; Nodarb\u012bbu veidi un cenas Pakalpojums Ilgums Cena \/ pers. Iepaz\u012b\u0161an\u0101s nodarb\u012bba (grup\u0101) 2 stundas \u20ac10,00 Vienreiz\u0113js apmekl\u0113jums (grup\u0101) 2 stundas \u20ac20,00 Individu\u0101la nodarb\u012bba 2 stundas \u20ac29,00 Abonements (4 nodarb\u012bbas) 4 \u00d7 2 stundas \u20ac68,00 Abonements (16 nodarb\u012bbas) 16 \u00d7 2&hellip;","_links":{"self":[{"href":"https:\/\/paintnprogress.art\/en\/wp-json\/wp\/v2\/product\/1292","targetHints":{"allow":["GET"]}}],"collection":[{"href":"https:\/\/paintnprogress.art\/en\/wp-json\/wp\/v2\/product"}],"about":[{"href":"https:\/\/paintnprogress.art\/en\/wp-json\/wp\/v2\/types\/product"}],"replies":[{"embeddable":true,"href":"https:\/\/paintnprogress.art\/en\/wp-json\/wp\/v2\/comments?post=1292"}],"wp:featuredmedia":[{"embeddable":true,"href":"https:\/\/paintnprogress.art\/en\/wp-json\/wp\/v2\/media\/8688"}],"wp:attachment":[{"href":"https:\/\/paintnprogress.art\/en\/wp-json\/wp\/v2\/media?parent=1292"}],"wp:term":[{"taxonomy":"product_brand","embeddable":true,"href":"https:\/\/paintnprogress.art\/en\/wp-json\/wp\/v2\/product_brand?post=1292"},{"taxonomy":"product_cat","embeddable":true,"href":"https:\/\/paintnprogress.art\/en\/wp-json\/wp\/v2\/product_cat?post=1292"},{"taxonomy":"product_tag","embeddable":true,"href":"https:\/\/paintnprogress.art\/en\/wp-json\/wp\/v2\/product_tag?post=1292"}],"curies":[{"name":"wp","href":"https:\/\/api.w.org\/{rel}","templated":true}]}}