{"id":1090,"date":"2024-12-09T09:07:00","date_gmt":"2024-12-09T09:07:00","guid":{"rendered":"https:\/\/paintnprogress.art\/?page_id=1090"},"modified":"2025-07-05T17:56:11","modified_gmt":"2025-07-05T17:56:11","slug":"distance-contract","status":"publish","type":"page","link":"https:\/\/paintnprogress.art\/en\/distances-ligums\/","title":{"rendered":"Distance contract and right of withdrawal"},"content":{"rendered":"<h4 class=\"wp-block-heading\">Distance contract<\/h4>\n\n\n\n<p>According to the legislation of the Republic of Latvia, the owner of the online store is obliged to define the procedure for the delivery and return of goods, as well as the right of withdrawal. This set of rules is called a distance contract (in accordance with the regulations of the Cabinet of Ministers).<\/p>\n\n\n\n<p>The seller of the services offered in this online store (hereinafter referred to as the Seller) and the customer who places an order (hereinafter referred to as the Buyer) mutually conclude the following agreement:<\/p>\n\n\n\n<ul class=\"wp-block-list\">\n<li>The Seller undertakes to provide the Buyer with the service ordered by him.<\/li>\n\n\n\n<li>The buyer places an order for a service on the website <a href=\"https:\/\/paintnprogress.art\/en\/\"><strong>https:\/\/paintnprogress.art\/<\/strong><\/a>, indicating the required service.<\/li>\n\n\n\n<li>The Buyer can make the payment using the payment tools available on the website or by paying the electronic invoice sent by the Seller, which is prepared and sent by e-mail. The invoice is valid without a signature.<\/li>\n<\/ul>\n\n\n\n<hr class=\"wp-block-separator has-alpha-channel-opacity\"\/>\n\n\n\n<h4 class=\"wp-block-heading\">Right of withdrawal<\/h4>\n\n\n\n<p>The Buyer has the right to withdraw from the purchased service within 14 days from the date of purchase. To exercise the right of withdrawal, the Buyer must send a letter of withdrawal to the Seller. The Seller shall provide the letter of withdrawal form upon the Buyer&#039;s request by sending it to the Buyer&#039;s e-mail.<\/p>\n\n\n\n<p>However, the right of withdrawal does not apply in the following cases:<\/p>\n\n\n\n<ul class=\"wp-block-list\">\n<li>The buyer has already attended a lesson or workshop.<\/li>\n\n\n\n<li>The service provision date has passed and the Buyer has not used it.<\/li>\n\n\n\n<li>There are less than 48 hours left until the service starts.<\/li>\n\n\n\n<li>The service has been purchased at a promotional price.<\/li>\n<\/ul>\n\n\n\n<p>Contact us at {email} for questions related to refunds and returns.<\/p>","protected":false},"excerpt":{"rendered":"<p>Distances l\u012bgums Saska\u0146\u0101 ar Latvijas Republikas likumdo\u0161anu interneta veikala \u012bpa\u0161niekam ir pien\u0101kums defin\u0113t pre\u010du pieg\u0101des un atgrie\u0161anas k\u0101rt\u012bbu, k\u0101 ar\u012b [&hellip;]<\/p>\n","protected":false},"author":1,"featured_media":0,"parent":0,"menu_order":0,"comment_status":"closed","ping_status":"closed","template":"","meta":{"_uag_custom_page_level_css":"","site-sidebar-layout":"default","site-content-layout":"","ast-site-content-layout":"default","site-content-style":"default","site-sidebar-style":"default","ast-global-header-display":"","ast-banner-title-visibility":"","ast-main-header-display":"","ast-hfb-above-header-display":"","ast-hfb-below-header-display":"","ast-hfb-mobile-header-display":"","site-post-title":"","ast-breadcrumbs-content":"","ast-featured-img":"","footer-sml-layout":"","ast-disable-related-posts":"","theme-transparent-header-meta":"","adv-header-id-meta":"","stick-header-meta":"","header-above-stick-meta":"","header-main-stick-meta":"","header-below-stick-meta":"","astra-migrate-meta-layouts":"set","ast-page-background-enabled":"default","ast-page-background-meta":{"desktop":{"background-color":"","background-image":"","background-repeat":"repeat","background-position":"center center","background-size":"auto","background-attachment":"scroll","background-type":"","background-media":"","overlay-type":"","overlay-color":"","overlay-opacity":"","overlay-gradient":""},"tablet":{"background-color":"","background-image":"","background-repeat":"repeat","background-position":"center center","background-size":"auto","background-attachment":"scroll","background-type":"","background-media":"","overlay-type":"","overlay-color":"","overlay-opacity":"","overlay-gradient":""},"mobile":{"background-color":"","background-image":"","background-repeat":"repeat","background-position":"center center","background-size":"auto","background-attachment":"scroll","background-type":"","background-media":"","overlay-type":"","overlay-color":"","overlay-opacity":"","overlay-gradient":""}},"ast-content-background-meta":{"desktop":{"background-color":"var(--ast-global-color-5)","background-image":"","background-repeat":"repeat","background-position":"center center","background-size":"auto","background-attachment":"scroll","background-type":"","background-media":"","overlay-type":"","overlay-color":"","overlay-opacity":"","overlay-gradient":""},"tablet":{"background-color":"var(--ast-global-color-5)","background-image":"","background-repeat":"repeat","background-position":"center center","background-size":"auto","background-attachment":"scroll","background-type":"","background-media":"","overlay-type":"","overlay-color":"","overlay-opacity":"","overlay-gradient":""},"mobile":{"background-color":"var(--ast-global-color-5)","background-image":"","background-repeat":"repeat","background-position":"center center","background-size":"auto","background-attachment":"scroll","background-type":"","background-media":"","overlay-type":"","overlay-color":"","overlay-opacity":"","overlay-gradient":""}},"footnotes":""},"class_list":["post-1090","page","type-page","status-publish","hentry"],"yoast_head":"<!-- This site is optimized with the Yoast SEO plugin v27.4 - https:\/\/yoast.com\/product\/yoast-seo-wordpress\/ -->\n<title>Distances l\u012bgums un atteikuma ties\u012bbas - paintnprogress.art<\/title>\n<meta name=\"description\" content=\"Distances l\u012bgums un atteikuma ties\u012bbas: nosac\u012bjumi pakalpojumu ieg\u0101dei, apmaksai, atcel\u0161anai un ties\u012bb\u0101m atteikties 14 dienu laik\u0101\" \/>\n<meta name=\"robots\" content=\"index, follow, max-snippet:-1, max-image-preview:large, max-video-preview:-1\" \/>\n<link rel=\"canonical\" href=\"https:\/\/paintnprogress.art\/en\/distance-contract\/\" \/>\n<meta property=\"og:locale\" content=\"en_GB\" \/>\n<meta property=\"og:type\" content=\"article\" \/>\n<meta property=\"og:title\" content=\"Distances l\u012bgums un atteikuma ties\u012bbas - paintnprogress.art\" \/>\n<meta property=\"og:description\" content=\"Distances l\u012bgums un atteikuma ties\u012bbas: nosac\u012bjumi pakalpojumu ieg\u0101dei, apmaksai, atcel\u0161anai un ties\u012bb\u0101m atteikties 14 dienu laik\u0101\" \/>\n<meta property=\"og:url\" content=\"https:\/\/paintnprogress.art\/en\/distance-contract\/\" \/>\n<meta property=\"og:site_name\" content=\"paintnprogress.art\" \/>\n<meta property=\"article:publisher\" content=\"https:\/\/www.facebook.com\/paintnprogressart\" \/>\n<meta property=\"article:modified_time\" content=\"2025-07-05T17:56:11+00:00\" \/>\n<meta name=\"twitter:card\" content=\"summary_large_image\" \/>\n<meta name=\"twitter:label1\" content=\"Estimated reading time\" \/>\n\t<meta name=\"twitter:data1\" content=\"2 minutes\" \/>\n<script type=\"application\/ld+json\" class=\"yoast-schema-graph\">{\"@context\":\"https:\\\/\\\/schema.org\",\"@graph\":[{\"@type\":\"WebPage\",\"@id\":\"https:\\\/\\\/paintnprogress.art\\\/distances-ligums\\\/\",\"url\":\"https:\\\/\\\/paintnprogress.art\\\/distances-ligums\\\/\",\"name\":\"Distances l\u012bgums un atteikuma ties\u012bbas - paintnprogress.art\",\"isPartOf\":{\"@id\":\"https:\\\/\\\/paintnprogress.art\\\/#website\"},\"datePublished\":\"2024-12-09T09:07:00+00:00\",\"dateModified\":\"2025-07-05T17:56:11+00:00\",\"description\":\"Distances l\u012bgums un atteikuma ties\u012bbas: nosac\u012bjumi pakalpojumu ieg\u0101dei, apmaksai, atcel\u0161anai un ties\u012bb\u0101m atteikties 14 dienu laik\u0101\",\"breadcrumb\":{\"@id\":\"https:\\\/\\\/paintnprogress.art\\\/distances-ligums\\\/#breadcrumb\"},\"inLanguage\":\"en-GB\",\"potentialAction\":[{\"@type\":\"ReadAction\",\"target\":[\"https:\\\/\\\/paintnprogress.art\\\/distances-ligums\\\/\"]}]},{\"@type\":\"BreadcrumbList\",\"@id\":\"https:\\\/\\\/paintnprogress.art\\\/distances-ligums\\\/#breadcrumb\",\"itemListElement\":[{\"@type\":\"ListItem\",\"position\":1,\"name\":\"Home\",\"item\":\"https:\\\/\\\/paintnprogress.art\\\/\"},{\"@type\":\"ListItem\",\"position\":2,\"name\":\"Distances l\u012bgums un atteikuma ties\u012bbas\"}]},{\"@type\":\"WebSite\",\"@id\":\"https:\\\/\\\/paintnprogress.art\\\/#website\",\"url\":\"https:\\\/\\\/paintnprogress.art\\\/\",\"name\":\"paintnprogress.art\",\"description\":\"Glezno\u0161anas Nodarb\u012bbas\",\"publisher\":{\"@id\":\"https:\\\/\\\/paintnprogress.art\\\/#organization\"},\"potentialAction\":[{\"@type\":\"SearchAction\",\"target\":{\"@type\":\"EntryPoint\",\"urlTemplate\":\"https:\\\/\\\/paintnprogress.art\\\/?s={search_term_string}\"},\"query-input\":{\"@type\":\"PropertyValueSpecification\",\"valueRequired\":true,\"valueName\":\"search_term_string\"}}],\"inLanguage\":\"en-GB\"},{\"@type\":\"Organization\",\"@id\":\"https:\\\/\\\/paintnprogress.art\\\/#organization\",\"name\":\"Paint&Progress\",\"alternateName\":\"Paint and Progress\",\"url\":\"https:\\\/\\\/paintnprogress.art\\\/\",\"logo\":{\"@type\":\"ImageObject\",\"inLanguage\":\"en-GB\",\"@id\":\"https:\\\/\\\/paintnprogress.art\\\/#\\\/schema\\\/logo\\\/image\\\/\",\"url\":\"https:\\\/\\\/paintnprogress.art\\\/wp-content\\\/uploads\\\/2025\\\/01\\\/512.webp\",\"contentUrl\":\"https:\\\/\\\/paintnprogress.art\\\/wp-content\\\/uploads\\\/2025\\\/01\\\/512.webp\",\"width\":512,\"height\":512,\"caption\":\"Paint&Progress\"},\"image\":{\"@id\":\"https:\\\/\\\/paintnprogress.art\\\/#\\\/schema\\\/logo\\\/image\\\/\"},\"sameAs\":[\"https:\\\/\\\/www.facebook.com\\\/paintnprogressart\",\"https:\\\/\\\/www.youtube.com\\\/@PaintAndProgressArt\",\"https:\\\/\\\/www.tiktok.com\\\/@paint_and_progress?lang=lv\"]}]}<\/script>\n<!-- \/ Yoast SEO plugin. -->","yoast_head_json":{"title":"Distance contract and right of withdrawal - paintnprogress.art","description":"Distance contract and right of withdrawal: conditions for purchasing services, payment, cancellation and the right to withdraw within 14 days","robots":{"index":"index","follow":"follow","max-snippet":"max-snippet:-1","max-image-preview":"max-image-preview:large","max-video-preview":"max-video-preview:-1"},"canonical":"https:\/\/paintnprogress.art\/en\/distance-contract\/","og_locale":"en_GB","og_type":"article","og_title":"Distances l\u012bgums un atteikuma ties\u012bbas - paintnprogress.art","og_description":"Distances l\u012bgums un atteikuma ties\u012bbas: nosac\u012bjumi pakalpojumu ieg\u0101dei, apmaksai, atcel\u0161anai un ties\u012bb\u0101m atteikties 14 dienu laik\u0101","og_url":"https:\/\/paintnprogress.art\/en\/distance-contract\/","og_site_name":"paintnprogress.art","article_publisher":"https:\/\/www.facebook.com\/paintnprogressart","article_modified_time":"2025-07-05T17:56:11+00:00","twitter_card":"summary_large_image","twitter_misc":{"Estimated reading time":"2 minutes"},"schema":{"@context":"https:\/\/schema.org","@graph":[{"@type":"WebPage","@id":"https:\/\/paintnprogress.art\/distances-ligums\/","url":"https:\/\/paintnprogress.art\/distances-ligums\/","name":"Distance contract and right of withdrawal - paintnprogress.art","isPartOf":{"@id":"https:\/\/paintnprogress.art\/#website"},"datePublished":"2024-12-09T09:07:00+00:00","dateModified":"2025-07-05T17:56:11+00:00","description":"Distance contract and right of withdrawal: conditions for purchasing services, payment, cancellation and the right to withdraw within 14 days","breadcrumb":{"@id":"https:\/\/paintnprogress.art\/distances-ligums\/#breadcrumb"},"inLanguage":"en-GB","potentialAction":[{"@type":"ReadAction","target":["https:\/\/paintnprogress.art\/distances-ligums\/"]}]},{"@type":"BreadcrumbList","@id":"https:\/\/paintnprogress.art\/distances-ligums\/#breadcrumb","itemListElement":[{"@type":"ListItem","position":1,"name":"Home","item":"https:\/\/paintnprogress.art\/"},{"@type":"ListItem","position":2,"name":"Distances l\u012bgums un atteikuma ties\u012bbas"}]},{"@type":"WebSite","@id":"https:\/\/paintnprogress.art\/#website","url":"https:\/\/paintnprogress.art\/","name":"paintnprogress.art","description":"Painting Lessons","publisher":{"@id":"https:\/\/paintnprogress.art\/#organization"},"potentialAction":[{"@type":"SearchAction","target":{"@type":"EntryPoint","urlTemplate":"https:\/\/paintnprogress.art\/?s={search_term_string}"},"query-input":{"@type":"PropertyValueSpecification","valueRequired":true,"valueName":"search_term_string"}}],"inLanguage":"en-GB"},{"@type":"Organization","@id":"https:\/\/paintnprogress.art\/#organization","name":"Paint&amp;Progress","alternateName":"Paint and Progress","url":"https:\/\/paintnprogress.art\/","logo":{"@type":"ImageObject","inLanguage":"en-GB","@id":"https:\/\/paintnprogress.art\/#\/schema\/logo\/image\/","url":"https:\/\/paintnprogress.art\/wp-content\/uploads\/2025\/01\/512.webp","contentUrl":"https:\/\/paintnprogress.art\/wp-content\/uploads\/2025\/01\/512.webp","width":512,"height":512,"caption":"Paint&Progress"},"image":{"@id":"https:\/\/paintnprogress.art\/#\/schema\/logo\/image\/"},"sameAs":["https:\/\/www.facebook.com\/paintnprogressart","https:\/\/www.youtube.com\/@PaintAndProgressArt","https:\/\/www.tiktok.com\/@paint_and_progress?lang=lv"]}]}},"uagb_featured_image_src":{"full":false,"thumbnail":false,"medium":false,"medium_large":false,"large":false,"1536x1536":false,"2048x2048":false,"trp-custom-language-flag":false,"woocommerce_thumbnail":false,"woocommerce_single":false,"woocommerce_gallery_thumbnail":false},"uagb_author_info":{"display_name":"Dzintars Kalnins","author_link":"https:\/\/paintnprogress.art\/en\/author\/dzk765gmail-com\/"},"uagb_comment_info":0,"uagb_excerpt":"Distances l\u012bgums Saska\u0146\u0101 ar Latvijas Republikas likumdo\u0161anu interneta veikala \u012bpa\u0161niekam ir pien\u0101kums defin\u0113t pre\u010du pieg\u0101des un atgrie\u0161anas k\u0101rt\u012bbu, k\u0101 ar\u012b [&hellip;]","_links":{"self":[{"href":"https:\/\/paintnprogress.art\/en\/wp-json\/wp\/v2\/pages\/1090","targetHints":{"allow":["GET"]}}],"collection":[{"href":"https:\/\/paintnprogress.art\/en\/wp-json\/wp\/v2\/pages"}],"about":[{"href":"https:\/\/paintnprogress.art\/en\/wp-json\/wp\/v2\/types\/page"}],"author":[{"embeddable":true,"href":"https:\/\/paintnprogress.art\/en\/wp-json\/wp\/v2\/users\/1"}],"replies":[{"embeddable":true,"href":"https:\/\/paintnprogress.art\/en\/wp-json\/wp\/v2\/comments?post=1090"}],"version-history":[{"count":0,"href":"https:\/\/paintnprogress.art\/en\/wp-json\/wp\/v2\/pages\/1090\/revisions"}],"wp:attachment":[{"href":"https:\/\/paintnprogress.art\/en\/wp-json\/wp\/v2\/media?parent=1090"}],"curies":[{"name":"wp","href":"https:\/\/api.w.org\/{rel}","templated":true}]}}