{"id":9499,"date":"2026-04-26T04:32:03","date_gmt":"2026-04-26T04:32:03","guid":{"rendered":"https:\/\/paintnprogress.art\/?post_type=product&#038;p=9499"},"modified":"2026-04-26T05:30:21","modified_gmt":"2026-04-26T05:30:21","slug":"malworkshop-im-freien-fur-kinder","status":"publish","type":"product","link":"https:\/\/paintnprogress.art\/de\/product\/izbraukuma-gleznosanas-meistarklase-berniem\/","title":{"rendered":"Meisterkurs Malen im Freien f\u00fcr Kinder"},"content":{"rendered":"<h2 data-start=\"102\" data-end=\"143\">Meisterkurs Malerei im Freien f\u00fcr Kinder<\/h2>\n<h3 data-start=\"145\" data-end=\"193\">Was ist ein Mal-Meisterkurs f\u00fcr Kinder?<\/h3>\n<p data-start=\"195\" data-end=\"484\"><strong data-start=\"195\" data-end=\"234\">Meisterkurs Malen im Freien f\u00fcr Kinder <\/strong>\u00a0Dieser kreative und inspirierende Kurs bietet Kindern in freundlicher Atmosph\u00e4re die M\u00f6glichkeit, die Grundlagen des Malens und Zeichnens zu erlernen. Im Studio \u201ePaint &amp; Progress\u201c werden diese Meisterkurse von professionellen K\u00fcnstlern geleitet, die jedem Kind helfen, etwas Einzigartiges und Sch\u00f6nes zu erschaffen.<\/p>\n<hr data-start=\"486\" data-end=\"489\" \/>\n<h3 data-start=\"491\" data-end=\"528\">F\u00fcr wen ist diese Masterclass geeignet?<\/h3>\n<p data-start=\"530\" data-end=\"588\">Unsere Meisterkurse sind f\u00fcr Kinder ab 3 Jahren konzipiert:<\/p>\n<ul data-start=\"590\" data-end=\"923\">\n<li data-start=\"590\" data-end=\"656\">\n<p data-start=\"592\" data-end=\"656\"><strong data-start=\"592\" data-end=\"623\">F\u00fcr Kinder ohne Vorkenntnisse<\/strong>die malen lernen wollen<\/p>\n<\/li>\n<li data-start=\"657\" data-end=\"726\">\n<p data-start=\"659\" data-end=\"726\"><strong data-start=\"659\" data-end=\"685\">F\u00fcr kleine K\u00fcnstler<\/strong>die F\u00e4higkeiten und Vorstellungskraft entwickeln wollen<\/p>\n<\/li>\n<li data-start=\"727\" data-end=\"801\">\n<p data-start=\"729\" data-end=\"801\"><strong data-start=\"729\" data-end=\"757\">F\u00fcr Geburtstagsfeiern<\/strong>mit Freunden etwas Bleibendes schaffen<\/p>\n<\/li>\n<li data-start=\"802\" data-end=\"860\">\n<p data-start=\"804\" data-end=\"860\"><strong data-start=\"804\" data-end=\"830\">F\u00fcr Kinderg\u00e4rten und Schulen<\/strong>als kreativer Tagesausflug<\/p>\n<\/li>\n<li data-start=\"861\" data-end=\"923\">\n<p data-start=\"863\" data-end=\"923\"><strong data-start=\"863\" data-end=\"887\">F\u00fcr Freiluft-Pleinair<\/strong>Landschaften, Meer und Natur zu malen<\/p>\n<\/li>\n<\/ul>\n<hr data-start=\"925\" data-end=\"928\" \/>\n<h3 data-start=\"930\" data-end=\"962\">Wo finden die Online-Masterclasses statt?<\/h3>\n<p data-start=\"964\" data-end=\"1159\">\u2705 <strong data-start=\"1006\" data-end=\"1082\">Auf Reisen zu Kinderg\u00e4rten, Schulen und privaten Veranstaltungen in ganz Lettland<\/strong><br data-start=\"1082\" data-end=\"1085\" \/>\u2705 <strong data-start=\"1087\" data-end=\"1104\">Plein Air in der Natur<\/strong>, Hier lernen Kinder, Farben und Formen in einer realen Umgebung nachzubilden \u2013 auf der Terrasse, im Garten oder an einem Ort ihrer Wahl.<\/p>\n<hr data-start=\"1161\" data-end=\"1164\" \/>\n<h3 data-start=\"1166\" data-end=\"1201\">Was lernen die Kinder im Unterricht?<\/h3>\n<ul data-start=\"1203\" data-end=\"1431\">\n<li data-start=\"1203\" data-end=\"1268\">\n<p data-start=\"1205\" data-end=\"1268\">Die Grundlagen des Malens und Zeichnens in einer verst\u00e4ndlichen und spielerischen Sprache<\/p>\n<\/li>\n<li data-start=\"1269\" data-end=\"1321\">\n<p data-start=\"1271\" data-end=\"1321\">Farbmischung, Komposition und Pinseltechniken<\/p>\n<\/li>\n<li data-start=\"1322\" data-end=\"1370\">\n<p data-start=\"1324\" data-end=\"1370\">Kreatives Denken und k\u00fcnstlerisches Selbstvertrauen<\/p>\n<\/li>\n<li data-start=\"1371\" data-end=\"1431\">\n<p data-start=\"1373\" data-end=\"1431\">Die F\u00e4higkeit, Ihre Emotionen und Visionen durch Farben und Formen auszudr\u00fccken<\/p>\n<\/li>\n<\/ul>\n<hr data-start=\"1433\" data-end=\"1436\" \/>\n<h3 data-start=\"1438\" data-end=\"1483\">In welchen Formaten sind die Meisterkurse verf\u00fcgbar?<\/h3>\n<p data-start=\"1485\" data-end=\"1735\">\u2714\ufe0f <strong data-start=\"1538\" data-end=\"1581\">Thematische Meisterkurse f\u00fcr Kinderfeste<\/strong> (M\u00e4rchenfiguren, Tiere, Cartoons)<br data-start=\"1618\" data-end=\"1621\" \/>\u2714\ufe0f <strong data-start=\"1624\" data-end=\"1674\">Kunsttage in Schulen, Kinderg\u00e4rten und Ferienlagern.<\/strong><\/p>\n<hr data-start=\"1737\" data-end=\"1740\" \/>\n<h3 data-start=\"1742\" data-end=\"1783\">Warum Paint &amp; Progress w\u00e4hlen?<\/h3>\n<p data-start=\"1785\" data-end=\"1994\">Wir glauben, dass <strong data-start=\"1799\" data-end=\"1831\">Jedes Kind ist ein K\u00fcnstler<\/strong>, und unsere Aufgabe ist es, ihm dabei zu helfen, dies zu erkennen und mit Freude und Inspiration zu entwickeln. Der Unterricht ist so gestaltet, dass sich die Kinder sicher f\u00fchlen und mit dem Ergebnis zufrieden sind.<\/p>\n<hr \/>\n<p><em><strong>Machen Sie Ihre Feier zu einem k\u00fcnstlerischen Erlebnis, das einen unvergesslichen Eindruck hinterl\u00e4sst!<\/strong><\/em><\/p>\n<p><em data-start=\"481\" data-end=\"537\"><a href=\"https:\/\/paintnprogress.art\/de\/meisterkurse\/\">Entdecken Sie weitere Meisterkurse in Malerei auf unserer Website. <strong>im Studio.<\/strong><\/a><\/em><\/p>\n<p><a href=\"https:\/\/paintnprogress.art\/de\/outdoor-und-firmenausfluge\/\"><em data-start=\"481\" data-end=\"537\">Schau dir auch andere Malworkshops an <strong>bei Ausfl\u00fcgen.<\/strong><\/em><\/a><\/p>","protected":false},"excerpt":{"rendered":"<p data-start=\"2083\" data-end=\"2255\"><strong>Mal-Meisterkurs f\u00fcr Kinder \u2013 <\/strong>Kreativkurse, Geburtstagsfeiern, Ausfl\u00fcge und Open-Air-Workshops mit Paint &amp; Progress <strong>(Unterrichtsdauer 90 \u2013 120 Minuten)<\/strong><\/p>\n<ul>\n<li><strong>Paint &amp; Progress Masterclass-Rabattsystem<\/strong><\/li>\n<\/ul>\n<table>\n<thead>\n<tr>\n<th>Personen<\/th>\n<th>Rabatt<\/th>\n<th>(\u20ac\/Person)<\/th>\n<\/tr>\n<\/thead>\n<tbody>\n<tr>\n<td>3 Personen<\/td>\n<td>\u2013<\/td>\n<td>\u20ac35.00<\/td>\n<\/tr>\n<tr>\n<td>4 Personen<\/td>\n<td>-5%<\/td>\n<td>\u20ac33.00<\/td>\n<\/tr>\n<tr>\n<td>5 Personen<\/td>\n<td>-10%<\/td>\n<td>\u20ac31.00<\/td>\n<\/tr>\n<tr>\n<td>6 Personen<\/td>\n<td>-15%<\/td>\n<td>\u20ac30.00<\/td>\n<\/tr>\n<tr>\n<td>7 Personen<\/td>\n<td>-20%<\/td>\n<td>\u20ac28.00<\/td>\n<\/tr>\n<tr>\n<td>8 Personen<\/td>\n<td>-20%<\/td>\n<td>\u20ac28.00<\/td>\n<\/tr>\n<tr>\n<td>9 Personen<\/td>\n<td>-25%<\/td>\n<td>\u20ac26.00<\/td>\n<\/tr>\n<tr>\n<td>10 Personen<\/td>\n<td>-25%<\/td>\n<td>\u20ac26.00<\/td>\n<\/tr>\n<\/tbody>\n<\/table>\n<p data-start=\"89\" data-end=\"124\"><strong data-start=\"1181\" data-end=\"1202\">Im Preis inbegriffen:<\/strong><\/p>\n<ul data-start=\"88\" data-end=\"253\">\n<li data-start=\"88\" data-end=\"171\">\n<p data-start=\"90\" data-end=\"171\">Alle ben\u00f6tigten Materialien: Malerei mit Acrylfarben auf Leinwand (30\u00d740 cm)<\/p>\n<\/li>\n<\/ul>\n<p data-start=\"89\" data-end=\"124\"><strong>Damit wir mit allen Farben und Leinw\u00e4nden zu Ihnen kommen k\u00f6nnen<\/strong>, wird der Rechnung f\u00fcr die Vor-Ort-Meisterklasse eine geringe Reisegeb\u00fchr hinzugef\u00fcgt \u2013\u00a0<strong>0,31 \u20ac pro Kilometer <\/strong>(nicht im Preis inbegriffen).<br data-start=\"197\" data-end=\"200\" \/>Wir richten uns gerne nach Ihrem Wunschtermin.<\/p>\n<p class=\"\" data-start=\"33\" data-end=\"64\"><strong><a href=\"https:\/\/paintnprogress.art\/de\/kontakte\/\">Kontakt<\/a> Kontaktieren Sie uns pers\u00f6nlich, um mit 50% Vorauszahlung einen Termin zu reservieren und ein speziell auf die Bed\u00fcrfnisse Ihrer Gruppe zugeschnittenes Angebot zu erhalten!\u00a0<\/strong><\/p>\n<p><strong>(Bitte vereinbaren Sie Datum und Uhrzeit der Unterrichtsstunde im Voraus.)<\/strong><\/p>\n<p><em data-start=\"481\" data-end=\"537\">\u00a0<\/em><\/p>","protected":false},"featured_media":9420,"comment_status":"open","ping_status":"closed","template":"","meta":{"_uag_custom_page_level_css":"","site-sidebar-layout":"default","site-content-layout":"","ast-site-content-layout":"default","site-content-style":"default","site-sidebar-style":"default","ast-global-header-display":"","ast-banner-title-visibility":"","ast-main-header-display":"","ast-hfb-above-header-display":"","ast-hfb-below-header-display":"","ast-hfb-mobile-header-display":"","site-post-title":"","ast-breadcrumbs-content":"","ast-featured-img":"","footer-sml-layout":"","ast-disable-related-posts":"","theme-transparent-header-meta":"default","adv-header-id-meta":"","stick-header-meta":"","header-above-stick-meta":"","header-main-stick-meta":"","header-below-stick-meta":"","astra-migrate-meta-layouts":"set","ast-page-background-enabled":"default","ast-page-background-meta":{"desktop":{"background-color":"","background-image":"","background-repeat":"repeat","background-position":"center center","background-size":"auto","background-attachment":"scroll","background-type":"","background-media":"","overlay-type":"","overlay-color":"","overlay-opacity":"","overlay-gradient":""},"tablet":{"background-color":"","background-image":"","background-repeat":"repeat","background-position":"center center","background-size":"auto","background-attachment":"scroll","background-type":"","background-media":"","overlay-type":"","overlay-color":"","overlay-opacity":"","overlay-gradient":""},"mobile":{"background-color":"","background-image":"","background-repeat":"repeat","background-position":"center center","background-size":"auto","background-attachment":"scroll","background-type":"","background-media":"","overlay-type":"","overlay-color":"","overlay-opacity":"","overlay-gradient":""}},"ast-content-background-meta":{"desktop":{"background-color":"var(--ast-global-color-5)","background-image":"","background-repeat":"repeat","background-position":"center center","background-size":"auto","background-attachment":"scroll","background-type":"","background-media":"","overlay-type":"","overlay-color":"","overlay-opacity":"","overlay-gradient":""},"tablet":{"background-color":"var(--ast-global-color-5)","background-image":"","background-repeat":"repeat","background-position":"center center","background-size":"auto","background-attachment":"scroll","background-type":"","background-media":"","overlay-type":"","overlay-color":"","overlay-opacity":"","overlay-gradient":""},"mobile":{"background-color":"var(--ast-global-color-5)","background-image":"","background-repeat":"repeat","background-position":"center center","background-size":"auto","background-attachment":"scroll","background-type":"","background-media":"","overlay-type":"","overlay-color":"","overlay-opacity":"","overlay-gradient":""}}},"product_brand":[],"product_cat":[177,42,41,18,179],"product_tag":[74,108,106,107,100,76],"class_list":{"0":"post-9499","1":"product","2":"type-product","3":"status-publish","4":"has-post-thumbnail","6":"product_cat-gleznosana-berniem","7":"product_cat-izbraukumu-meistarklases","8":"product_cat-meistarklases","9":"product_cat-nodarbibas","10":"product_cat-pleneri-un-privati-izbraukumi","11":"product_tag-gleznosana-bez-priekszinasanam","12":"product_tag-gleznosanas-meistarklase-berniem","13":"product_tag-gleznosanas-pleneri-berniem","14":"product_tag-izbraukuma-meistarklase-berniem","15":"product_tag-100","16":"product_tag-76","17":"desktop-align-left","18":"tablet-align-left","19":"mobile-align-left","21":"first","22":"instock","23":"sold-individually","24":"shipping-taxable","25":"purchasable","26":"product-type-variable"},"yoast_head":"<!-- This site is optimized with the Yoast SEO plugin v27.4 - https:\/\/yoast.com\/product\/yoast-seo-wordpress\/ -->\n<title>Izbraukuma Glezno\u0161anas Meistarklase B\u0113rniem - paintnprogress.art<\/title>\n<meta name=\"description\" content=\"Izbraukuma glezno\u0161anas meistarklase b\u0113rniem. R\u012bkojam ball\u012btes, dzim\u0161anas dienas un rado\u0161as aktivit\u0101tes b\u0113rniem R\u012bg\u0101 un Latvij\u0101.\" \/>\n<meta name=\"robots\" content=\"index, follow, max-snippet:-1, max-image-preview:large, max-video-preview:-1\" \/>\n<link rel=\"canonical\" href=\"https:\/\/paintnprogress.art\/de\/produkt-2\/malworkshop-im-freien-fur-kinder\/\" \/>\n<meta property=\"og:locale\" content=\"de_DE\" \/>\n<meta property=\"og:type\" content=\"article\" \/>\n<meta property=\"og:title\" content=\"Izbraukuma Glezno\u0161anas Meistarklase B\u0113rniem - paintnprogress.art\" \/>\n<meta property=\"og:description\" content=\"Izbraukuma glezno\u0161anas meistarklase b\u0113rniem. R\u012bkojam ball\u012btes, dzim\u0161anas dienas un rado\u0161as aktivit\u0101tes b\u0113rniem R\u012bg\u0101 un Latvij\u0101.\" \/>\n<meta property=\"og:url\" content=\"https:\/\/paintnprogress.art\/de\/produkt-2\/malworkshop-im-freien-fur-kinder\/\" \/>\n<meta property=\"og:site_name\" content=\"paintnprogress.art\" \/>\n<meta property=\"article:publisher\" content=\"https:\/\/www.facebook.com\/paintnprogressart\" \/>\n<meta property=\"article:modified_time\" content=\"2026-04-26T05:30:21+00:00\" \/>\n<meta property=\"og:image\" content=\"https:\/\/paintnprogress.art\/wp-content\/uploads\/2026\/04\/bernuballites1.webp\" \/>\n\t<meta property=\"og:image:width\" content=\"1152\" \/>\n\t<meta property=\"og:image:height\" content=\"768\" \/>\n\t<meta property=\"og:image:type\" content=\"image\/webp\" \/>\n<meta name=\"twitter:card\" content=\"summary_large_image\" \/>\n<meta name=\"twitter:label1\" content=\"Gesch\u00e4tzte Lesezeit\" \/>\n\t<meta name=\"twitter:data1\" content=\"2\u00a0Minuten\" \/>\n<script type=\"application\/ld+json\" class=\"yoast-schema-graph\">{\"@context\":\"https:\\\/\\\/schema.org\",\"@graph\":[{\"@type\":\"WebPage\",\"@id\":\"https:\\\/\\\/paintnprogress.art\\\/product\\\/izbraukuma-gleznosanas-meistarklase-berniem\\\/\",\"url\":\"https:\\\/\\\/paintnprogress.art\\\/product\\\/izbraukuma-gleznosanas-meistarklase-berniem\\\/\",\"name\":\"Izbraukuma Glezno\u0161anas Meistarklase B\u0113rniem - paintnprogress.art\",\"isPartOf\":{\"@id\":\"https:\\\/\\\/paintnprogress.art\\\/#website\"},\"primaryImageOfPage\":{\"@id\":\"https:\\\/\\\/paintnprogress.art\\\/product\\\/izbraukuma-gleznosanas-meistarklase-berniem\\\/#primaryimage\"},\"image\":{\"@id\":\"https:\\\/\\\/paintnprogress.art\\\/product\\\/izbraukuma-gleznosanas-meistarklase-berniem\\\/#primaryimage\"},\"thumbnailUrl\":\"https:\\\/\\\/paintnprogress.art\\\/wp-content\\\/uploads\\\/2026\\\/04\\\/bernuballites1.webp\",\"datePublished\":\"2026-04-26T04:32:03+00:00\",\"dateModified\":\"2026-04-26T05:30:21+00:00\",\"description\":\"Izbraukuma glezno\u0161anas meistarklase b\u0113rniem. R\u012bkojam ball\u012btes, dzim\u0161anas dienas un rado\u0161as aktivit\u0101tes b\u0113rniem R\u012bg\u0101 un Latvij\u0101.\",\"breadcrumb\":{\"@id\":\"https:\\\/\\\/paintnprogress.art\\\/product\\\/izbraukuma-gleznosanas-meistarklase-berniem\\\/#breadcrumb\"},\"inLanguage\":\"de\",\"potentialAction\":[{\"@type\":\"ReadAction\",\"target\":[\"https:\\\/\\\/paintnprogress.art\\\/product\\\/izbraukuma-gleznosanas-meistarklase-berniem\\\/\"]}]},{\"@type\":\"ImageObject\",\"inLanguage\":\"de\",\"@id\":\"https:\\\/\\\/paintnprogress.art\\\/product\\\/izbraukuma-gleznosanas-meistarklase-berniem\\\/#primaryimage\",\"url\":\"https:\\\/\\\/paintnprogress.art\\\/wp-content\\\/uploads\\\/2026\\\/04\\\/bernuballites1.webp\",\"contentUrl\":\"https:\\\/\\\/paintnprogress.art\\\/wp-content\\\/uploads\\\/2026\\\/04\\\/bernuballites1.webp\",\"width\":1152,\"height\":768,\"caption\":\"glezno\u0161ana b\u0113rniem\"},{\"@type\":\"BreadcrumbList\",\"@id\":\"https:\\\/\\\/paintnprogress.art\\\/product\\\/izbraukuma-gleznosanas-meistarklase-berniem\\\/#breadcrumb\",\"itemListElement\":[{\"@type\":\"ListItem\",\"position\":1,\"name\":\"Home\",\"item\":\"https:\\\/\\\/paintnprogress.art\\\/\"},{\"@type\":\"ListItem\",\"position\":2,\"name\":\"Shop\",\"item\":\"https:\\\/\\\/paintnprogress.art\\\/shop\\\/\"},{\"@type\":\"ListItem\",\"position\":3,\"name\":\"Izbraukuma Glezno\u0161anas Meistarklase B\u0113rniem\"}]},{\"@type\":\"WebSite\",\"@id\":\"https:\\\/\\\/paintnprogress.art\\\/#website\",\"url\":\"https:\\\/\\\/paintnprogress.art\\\/\",\"name\":\"paintnprogress.art\",\"description\":\"Glezno\u0161anas Nodarb\u012bbas\",\"publisher\":{\"@id\":\"https:\\\/\\\/paintnprogress.art\\\/#organization\"},\"potentialAction\":[{\"@type\":\"SearchAction\",\"target\":{\"@type\":\"EntryPoint\",\"urlTemplate\":\"https:\\\/\\\/paintnprogress.art\\\/?s={search_term_string}\"},\"query-input\":{\"@type\":\"PropertyValueSpecification\",\"valueRequired\":true,\"valueName\":\"search_term_string\"}}],\"inLanguage\":\"de\"},{\"@type\":\"Organization\",\"@id\":\"https:\\\/\\\/paintnprogress.art\\\/#organization\",\"name\":\"Paint&Progress\",\"alternateName\":\"Paint and Progress\",\"url\":\"https:\\\/\\\/paintnprogress.art\\\/\",\"logo\":{\"@type\":\"ImageObject\",\"inLanguage\":\"de\",\"@id\":\"https:\\\/\\\/paintnprogress.art\\\/#\\\/schema\\\/logo\\\/image\\\/\",\"url\":\"https:\\\/\\\/paintnprogress.art\\\/wp-content\\\/uploads\\\/2025\\\/01\\\/512.webp\",\"contentUrl\":\"https:\\\/\\\/paintnprogress.art\\\/wp-content\\\/uploads\\\/2025\\\/01\\\/512.webp\",\"width\":512,\"height\":512,\"caption\":\"Paint&Progress\"},\"image\":{\"@id\":\"https:\\\/\\\/paintnprogress.art\\\/#\\\/schema\\\/logo\\\/image\\\/\"},\"sameAs\":[\"https:\\\/\\\/www.facebook.com\\\/paintnprogressart\",\"https:\\\/\\\/www.youtube.com\\\/@PaintAndProgressArt\",\"https:\\\/\\\/www.tiktok.com\\\/@paint_and_progress?lang=lv\"]}]}<\/script>\n<!-- \/ Yoast SEO plugin. -->","yoast_head_json":{"title":"Malworkshop im Freien f\u00fcr Kinder - paintnprogress.art","description":"Malkurse im Freien f\u00fcr Kinder. Wir organisieren Partys, Geburtstage und kreative Aktivit\u00e4ten f\u00fcr Kinder in Riga und Lettland.","robots":{"index":"index","follow":"follow","max-snippet":"max-snippet:-1","max-image-preview":"max-image-preview:large","max-video-preview":"max-video-preview:-1"},"canonical":"https:\/\/paintnprogress.art\/de\/produkt-2\/malworkshop-im-freien-fur-kinder\/","og_locale":"de_DE","og_type":"article","og_title":"Izbraukuma Glezno\u0161anas Meistarklase B\u0113rniem - paintnprogress.art","og_description":"Izbraukuma glezno\u0161anas meistarklase b\u0113rniem. R\u012bkojam ball\u012btes, dzim\u0161anas dienas un rado\u0161as aktivit\u0101tes b\u0113rniem R\u012bg\u0101 un Latvij\u0101.","og_url":"https:\/\/paintnprogress.art\/de\/produkt-2\/malworkshop-im-freien-fur-kinder\/","og_site_name":"paintnprogress.art","article_publisher":"https:\/\/www.facebook.com\/paintnprogressart","article_modified_time":"2026-04-26T05:30:21+00:00","og_image":[{"width":1152,"height":768,"url":"https:\/\/paintnprogress.art\/wp-content\/uploads\/2026\/04\/bernuballites1.webp","type":"image\/webp"}],"twitter_card":"summary_large_image","twitter_misc":{"Gesch\u00e4tzte Lesezeit":"2\u00a0Minuten"},"schema":{"@context":"https:\/\/schema.org","@graph":[{"@type":"WebPage","@id":"https:\/\/paintnprogress.art\/product\/izbraukuma-gleznosanas-meistarklase-berniem\/","url":"https:\/\/paintnprogress.art\/product\/izbraukuma-gleznosanas-meistarklase-berniem\/","name":"Malworkshop im Freien f\u00fcr Kinder - paintnprogress.art","isPartOf":{"@id":"https:\/\/paintnprogress.art\/#website"},"primaryImageOfPage":{"@id":"https:\/\/paintnprogress.art\/product\/izbraukuma-gleznosanas-meistarklase-berniem\/#primaryimage"},"image":{"@id":"https:\/\/paintnprogress.art\/product\/izbraukuma-gleznosanas-meistarklase-berniem\/#primaryimage"},"thumbnailUrl":"https:\/\/paintnprogress.art\/wp-content\/uploads\/2026\/04\/bernuballites1.webp","datePublished":"2026-04-26T04:32:03+00:00","dateModified":"2026-04-26T05:30:21+00:00","description":"Malkurse im Freien f\u00fcr Kinder. Wir organisieren Partys, Geburtstage und kreative Aktivit\u00e4ten f\u00fcr Kinder in Riga und Lettland.","breadcrumb":{"@id":"https:\/\/paintnprogress.art\/product\/izbraukuma-gleznosanas-meistarklase-berniem\/#breadcrumb"},"inLanguage":"de","potentialAction":[{"@type":"ReadAction","target":["https:\/\/paintnprogress.art\/product\/izbraukuma-gleznosanas-meistarklase-berniem\/"]}]},{"@type":"ImageObject","inLanguage":"de","@id":"https:\/\/paintnprogress.art\/product\/izbraukuma-gleznosanas-meistarklase-berniem\/#primaryimage","url":"https:\/\/paintnprogress.art\/wp-content\/uploads\/2026\/04\/bernuballites1.webp","contentUrl":"https:\/\/paintnprogress.art\/wp-content\/uploads\/2026\/04\/bernuballites1.webp","width":1152,"height":768,"caption":"glezno\u0161ana b\u0113rniem"},{"@type":"BreadcrumbList","@id":"https:\/\/paintnprogress.art\/product\/izbraukuma-gleznosanas-meistarklase-berniem\/#breadcrumb","itemListElement":[{"@type":"ListItem","position":1,"name":"Home","item":"https:\/\/paintnprogress.art\/"},{"@type":"ListItem","position":2,"name":"Shop","item":"https:\/\/paintnprogress.art\/shop\/"},{"@type":"ListItem","position":3,"name":"Izbraukuma Glezno\u0161anas Meistarklase B\u0113rniem"}]},{"@type":"WebSite","@id":"https:\/\/paintnprogress.art\/#website","url":"https:\/\/paintnprogress.art\/","name":"paintnprogress.art","description":"Malunterricht","publisher":{"@id":"https:\/\/paintnprogress.art\/#organization"},"potentialAction":[{"@type":"SearchAction","target":{"@type":"EntryPoint","urlTemplate":"https:\/\/paintnprogress.art\/?s={search_term_string}"},"query-input":{"@type":"PropertyValueSpecification","valueRequired":true,"valueName":"search_term_string"}}],"inLanguage":"de"},{"@type":"Organization","@id":"https:\/\/paintnprogress.art\/#organization","name":"Paint&amp;Progress","alternateName":"Paint and Progress","url":"https:\/\/paintnprogress.art\/","logo":{"@type":"ImageObject","inLanguage":"de","@id":"https:\/\/paintnprogress.art\/#\/schema\/logo\/image\/","url":"https:\/\/paintnprogress.art\/wp-content\/uploads\/2025\/01\/512.webp","contentUrl":"https:\/\/paintnprogress.art\/wp-content\/uploads\/2025\/01\/512.webp","width":512,"height":512,"caption":"Paint&Progress"},"image":{"@id":"https:\/\/paintnprogress.art\/#\/schema\/logo\/image\/"},"sameAs":["https:\/\/www.facebook.com\/paintnprogressart","https:\/\/www.youtube.com\/@PaintAndProgressArt","https:\/\/www.tiktok.com\/@paint_and_progress?lang=lv"]}]}},"uagb_featured_image_src":{"full":["https:\/\/paintnprogress.art\/wp-content\/uploads\/2026\/04\/bernuballites1.webp",1152,768,false],"thumbnail":["https:\/\/paintnprogress.art\/wp-content\/uploads\/2026\/04\/bernuballites1-150x150.webp",150,150,true],"medium":["https:\/\/paintnprogress.art\/wp-content\/uploads\/2026\/04\/bernuballites1-300x200.webp",300,200,true],"medium_large":["https:\/\/paintnprogress.art\/wp-content\/uploads\/2026\/04\/bernuballites1-768x512.webp",768,512,true],"large":["https:\/\/paintnprogress.art\/wp-content\/uploads\/2026\/04\/bernuballites1-1024x683.webp",1024,683,true],"1536x1536":["https:\/\/paintnprogress.art\/wp-content\/uploads\/2026\/04\/bernuballites1.webp",1152,768,false],"2048x2048":["https:\/\/paintnprogress.art\/wp-content\/uploads\/2026\/04\/bernuballites1.webp",1152,768,false],"trp-custom-language-flag":["https:\/\/paintnprogress.art\/wp-content\/uploads\/2026\/04\/bernuballites1-18x12.webp",18,12,true],"woocommerce_thumbnail":["https:\/\/paintnprogress.art\/wp-content\/uploads\/2026\/04\/bernuballites1-300x300.webp",300,300,true],"woocommerce_single":["https:\/\/paintnprogress.art\/wp-content\/uploads\/2026\/04\/bernuballites1-600x400.webp",600,400,true],"woocommerce_gallery_thumbnail":["https:\/\/paintnprogress.art\/wp-content\/uploads\/2026\/04\/bernuballites1-100x100.webp",100,100,true]},"uagb_author_info":{"display_name":"Dzintars Kalnins","author_link":"https:\/\/paintnprogress.art\/de\/author\/"},"uagb_comment_info":0,"uagb_excerpt":"Glezno\u0161anas meistarklase b\u0113rniem - Rado\u0161as nodarb\u012bbas, dzim\u0161anas dienas ball\u012btes, izbraukumi un plen\u0113ri br\u012bv\u0101 dab\u0101 ar Paint &amp; Progress (nodarb\u012bbas ilgums 90 - 120 min\u016btes) Paint &amp; Progress Meistarklases atlai\u017eu sist\u0113ma Personas Atlaide (\u20ac \/ pers.) 3 personas \u2013 \u20ac35.00 4 personas -5% \u20ac33.00 5 personas -10% \u20ac31.00 6 personas -15% \u20ac30.00 7 personas -20% \u20ac28.00&hellip;","_links":{"self":[{"href":"https:\/\/paintnprogress.art\/de\/wp-json\/wp\/v2\/product\/9499","targetHints":{"allow":["GET"]}}],"collection":[{"href":"https:\/\/paintnprogress.art\/de\/wp-json\/wp\/v2\/product"}],"about":[{"href":"https:\/\/paintnprogress.art\/de\/wp-json\/wp\/v2\/types\/product"}],"replies":[{"embeddable":true,"href":"https:\/\/paintnprogress.art\/de\/wp-json\/wp\/v2\/comments?post=9499"}],"wp:featuredmedia":[{"embeddable":true,"href":"https:\/\/paintnprogress.art\/de\/wp-json\/wp\/v2\/media\/9420"}],"wp:attachment":[{"href":"https:\/\/paintnprogress.art\/de\/wp-json\/wp\/v2\/media?parent=9499"}],"wp:term":[{"taxonomy":"product_brand","embeddable":true,"href":"https:\/\/paintnprogress.art\/de\/wp-json\/wp\/v2\/product_brand?post=9499"},{"taxonomy":"product_cat","embeddable":true,"href":"https:\/\/paintnprogress.art\/de\/wp-json\/wp\/v2\/product_cat?post=9499"},{"taxonomy":"product_tag","embeddable":true,"href":"https:\/\/paintnprogress.art\/de\/wp-json\/wp\/v2\/product_tag?post=9499"}],"curies":[{"name":"wp","href":"https:\/\/api.w.org\/{rel}","templated":true}]}}