{"id":9157,"date":"2026-04-16T06:16:33","date_gmt":"2026-04-16T06:16:33","guid":{"rendered":"https:\/\/paintnprogress.art\/?post_type=product&#038;p=9157"},"modified":"2026-04-16T07:48:35","modified_gmt":"2026-04-16T07:48:35","slug":"kunstrenaissance","status":"publish","type":"product","link":"https:\/\/paintnprogress.art\/de\/product\/makslas-atmodinasana\/","title":{"rendered":"KUNST-ERWACHEN \u2013 Malkurs mit E. Berg"},"content":{"rendered":"<h3 data-path-to-node=\"15\"><b data-path-to-node=\"15\" data-index-in-node=\"0\">\u00d6FFNEN\u2026 SEHEN\u2026 WISSEN \u2013 Malunterricht mit Evija Berg<\/b><\/h3>\n<p data-path-to-node=\"16\">In diesem Kurs geht es nicht nur darum, Farbe auf eine Leinwand aufzutragen. Es ist ein Prozess, in dem wir durch individuelle Gespr\u00e4che Antworten darauf suchen, worauf Ihr kreativer Fokus im Moment liegt.<\/p>\n<p data-path-to-node=\"17\"><b data-path-to-node=\"17\" data-index-in-node=\"0\">Unterrichtsansatz und -ziel:<\/b> Evija bietet eine flexible Lernstruktur, die sich Ihren W\u00fcnschen anpasst:<\/p>\n<ul data-path-to-node=\"18\">\n<li>\n<p data-path-to-node=\"18,0,0\"><b data-path-to-node=\"18,0,0\" data-index-in-node=\"0\">Akademischer Schwerpunkt:<\/b> Erlernen der Grundlagen der Kunst (Perspektive, Licht und Schatten, Proportionen, realistische Darstellung in Stillleben, Portr\u00e4ts oder Landschaften).<\/p>\n<\/li>\n<li>\n<p data-path-to-node=\"18,1,0\"><b data-path-to-node=\"18,1,0\" data-index-in-node=\"0\">Intuitiver Fokus:<\/b> Ein abstrakter und entspannender Prozess zur inneren Heilung und kreativen Entspannung.<\/p>\n<\/li>\n<li>\n<p data-path-to-node=\"18,2,0\"><b data-path-to-node=\"18,2,0\" data-index-in-node=\"0\">Synergie:<\/b> Eine gegenseitige Kombination beider Erfahrungen f\u00fcr ein harmonisches Ergebnis.<\/p>\n<\/li>\n<\/ul>\n<hr data-path-to-node=\"19\" \/>\n<h2 data-path-to-node=\"20\"><b data-path-to-node=\"20\" data-index-in-node=\"0\">Der Unterrichtsprozess umfasst:<\/b><\/h2>\n<ul data-path-to-node=\"21\">\n<li>\n<p data-path-to-node=\"21,0,0\"><b data-path-to-node=\"21,0,0\" data-index-in-node=\"0\">Technische Basis:<\/b> Schulung zu Materialien (Grafiken, Bleistifte, Aquarell, Acryl, Gouache usw.) und deren Verwendung.<\/p>\n<\/li>\n<li>\n<p data-path-to-node=\"21,1,0\"><b data-path-to-node=\"21,1,0\" data-index-in-node=\"0\">Schritt f\u00fcr Schritt:<\/b> Ein Thema ausw\u00e4hlen, eine Skizze anfertigen und mit einem Lehrer \u00fcben.<\/p>\n<\/li>\n<li>\n<p data-path-to-node=\"21,2,0\"><b data-path-to-node=\"21,2,0\" data-index-in-node=\"0\">Respektvolle Pr\u00e4senz:<\/b> Die Erkenntnis, dass es in der Kunst kein \u201cRichtig\u201d und kein \u201cFalsch\u201d gibt. Es gibt nur den kreativen Prozess, das individuelle Tempo und die Vision jedes Einzelnen.<\/p>\n<\/li>\n<\/ul>\n<hr data-path-to-node=\"22\" \/>\n<h2 data-path-to-node=\"23\"><b data-path-to-node=\"23\" data-index-in-node=\"0\">F\u00fcr wen sind die Kurse geeignet?<\/b><\/h2>\n<ul data-path-to-node=\"24\">\n<li>\n<p data-path-to-node=\"24,0,0\"><b data-path-to-node=\"24,0,0\" data-index-in-node=\"0\">F\u00fcr Studieninteressierte:<\/b> F\u00fcr alle, die sich auf die Aufnahmepr\u00fcfungen f\u00fcr universit\u00e4re Kunst- und Designstudieng\u00e4nge vorbereiten.<\/p>\n<\/li>\n<li>\n<p data-path-to-node=\"24,1,0\"><b data-path-to-node=\"24,1,0\" data-index-in-node=\"0\">F\u00fcr alle, die ein neues Hobby suchen:<\/b> F\u00fcr alle Altersgruppen, die aus reinem Vergn\u00fcgen kreativ sein m\u00f6chten.<\/p>\n<\/li>\n<li>\n<p data-path-to-node=\"24,2,0\"><b data-path-to-node=\"24,2,0\" data-index-in-node=\"0\">F\u00fcr alle:<\/b> F\u00fcr alle, die eine friedliche, harmonische und f\u00f6rderliche Atmosph\u00e4re zur Selbstverwirklichung suchen.<\/p>\n<\/li>\n<\/ul>\n<hr data-path-to-node=\"25\" \/>\n<h2 data-path-to-node=\"26\"><b data-path-to-node=\"26\" data-index-in-node=\"0\">Ergebnis:<\/b><\/h2>\n<ul data-path-to-node=\"27\">\n<li>\n<p data-path-to-node=\"27,0,0\"><b data-path-to-node=\"27,0,0\" data-index-in-node=\"0\">Technische F\u00e4higkeiten:<\/b> Orientierung in der Sprache und den Techniken der Kunst.<\/p>\n<\/li>\n<li>\n<p data-path-to-node=\"27,1,0\"><b data-path-to-node=\"27,1,0\" data-index-in-node=\"0\">Innere Offenheit:<\/b> Entwicklung von Fantasie, Verspieltheit und Beobachtungsgabe.<\/p>\n<\/li>\n<li>\n<p data-path-to-node=\"27,2,0\"><b data-path-to-node=\"27,2,0\" data-index-in-node=\"0\">Kognitiver Nutzen:<\/b> Konzentrationstraining und Synchronisation der Gehirnh\u00e4lften.<\/p>\n<\/li>\n<li>\n<p data-path-to-node=\"27,3,0\"><b data-path-to-node=\"27,3,0\" data-index-in-node=\"0\">Therapeutische Wirkung:<\/b> Sch\u00f6pfung als Heilungs- und Selbstvertrauen st\u00e4rkender Prozess.<\/p>\n<\/li>\n<\/ul>\n<hr data-path-to-node=\"28\" \/>\n<h2 data-path-to-node=\"29\"><b data-path-to-node=\"29\" data-index-in-node=\"0\">\u00dcber die Lehrerin: Evija Berg<\/b><\/h2>\n<p data-path-to-node=\"30\">Evija hat eine hohe akademische Ausbildung genossen. <b data-path-to-node=\"30\" data-index-in-node=\"51\">An der Lettischen Kunstakademie<\/b> (Modedesign) und <b data-path-to-node=\"30\" data-index-in-node=\"97\">Rigaer Design- und Kunstgymnasium<\/b>. Dank der hohen Standards dieser Studieng\u00e4nge in akademischer Grafik und Malerei baut Evija ihren p\u00e4dagogischen Werdegang auf einem professionellen Fundament auf.<\/p>\n<p data-path-to-node=\"31\">Ihre Berufserfahrung im Modedesign hat ihr geholfen, sich weiterzuentwickeln <b data-path-to-node=\"31\" data-index-in-node=\"59\">ein einf\u00fchlsamer und sensibler Ansatz<\/b> Im Umgang mit Menschen begegnet sie jedem Sch\u00fcler mit echtem Respekt und sorgt so f\u00fcr eine ruhige und harmonische Lernatmosph\u00e4re.<\/p>\n<p data-path-to-node=\"32\">Evijas eigene Werke (siehe Bilder) zeigen sowohl eine feine grafische Linie als auch die Kraft und Symbolik der Natur \u2013 von detaillierten botanischen Studien bis hin zu ausdrucksstarken Berglandschaften und majest\u00e4tischen Bildern.<\/p>\n<hr class=\"\" data-start=\"2012\" data-end=\"2015\" \/>\n<h3 class=\"\" data-start=\"2017\" data-end=\"2057\"><strong data-start=\"2748\" data-end=\"2785\">Mehr Informationen \/ Bewerbung<\/strong><\/h3>\n<p data-start=\"2742\" data-end=\"2787\"><strong>\ud83d\udcde +371 26 39 46 51<\/strong><\/p>\n<p>Erfahren Sie mehr \u00fcber Evija Berg<\/p>\n<hr \/>\n<p><strong><em>Kommen Sie zu uns, entdecken Sie die Welt der Kunst und lassen Sie Ihrer Kreativit\u00e4t freien Lauf!<\/em><\/strong><\/p>","protected":false},"excerpt":{"rendered":"<h6><strong><b data-path-to-node=\"6\" data-index-in-node=\"0\">Mal- und Zeichenunterricht: KUNST-ERWACHEN \u2013 (\u00f6ffnen\u2026 sehen\u2026 bewusst werden)<\/b>\u00a0Wir laden Sie ein, die Sprache der Kunst mit der K\u00fcnstlerin und Lehrerin Evija Berga zu erlernen. <\/strong><\/h6>\n<p>&nbsp;<\/p>\n<p><strong data-start=\"108\" data-end=\"136\">Unterrichtsarten und Preise<\/strong><\/p>\n<table>\n<thead>\n<tr>\n<th>Service<\/th>\n<th>Dauer<\/th>\n<th>Preis \/ Person<\/th>\n<\/tr>\n<\/thead>\n<tbody>\n<tr>\n<td>Einf\u00fchrungsstunde (in einer Gruppe)<\/td>\n<td>2 Stunden<\/td>\n<td>\u20ac10,00<\/td>\n<\/tr>\n<tr>\n<td>Einzelbesuch (in einer Gruppe)<\/td>\n<td>2 Stunden<\/td>\n<td>\u20ac20,00<\/td>\n<\/tr>\n<tr>\n<td>Einzelunterricht<\/td>\n<td>2 Stunden<\/td>\n<td>\u20ac29,00<\/td>\n<\/tr>\n<tr>\n<td>Abonnement (4 Lektionen)<\/td>\n<td>4 \u00d7 2 Stunden<\/td>\n<td>\u20ac68,00<\/td>\n<\/tr>\n<tr>\n<td><strong>Abonnement (16 Lektionen)<\/strong><\/td>\n<td><strong>16 \u00d7 2 Stunden<\/strong><\/td>\n<td><strong>\u20ac240,00<\/strong><\/td>\n<\/tr>\n<tr>\n<td><strong>Einzelabonnement (4 Lektionen)<\/strong><\/td>\n<td><strong>4 \u00d7 2 Stunden<\/strong><\/td>\n<td><strong>\u20ac100,00<\/strong><\/td>\n<\/tr>\n<\/tbody>\n<\/table>\n<p><strong>Der Unterricht findet statt:<\/strong><\/p>\n<ul>\n<li>Donnerstags: <span style=\"font-size: 16px;\">18:00\u201320:00<\/span><\/li>\n<\/ul>\n<p><strong>Der Preis beinhaltet:<\/strong><\/p>\n<ul>\n<li>Kaffee, Tee<\/li>\n<li>Snacks<\/li>\n<\/ul>\n<p><strong>Vor Ort k\u00f6nnen Sie kaufen:<\/strong><\/p>\n<ul>\n<li>Fehlende Materialien f\u00fcr die Arbeit<\/li>\n<li>Leinw\u00e4nde<\/li>\n<li>Farbs\u00e4tze<\/li>\n<\/ul>\n<p><em>Mit einer Altersgrenze von 12 bis 95 Jahren<\/em><\/p>\n<p><em>Lettisch, Russisch, Englisch<\/em><\/p>\n<p><strong>Weitere Details:<\/strong><strong><br data-start=\"3057\" data-end=\"3060\" \/>\u00a0+371\u00a0 26 39 46 51<\/strong><\/p>\n<p><a href=\"https:\/\/paintnprogress.art\/de\/berufe-2\/\"><em data-start=\"481\" data-end=\"537\">Entdecken Sie weitere Malkurse in unserem Studio.<\/em><\/a><\/p>","protected":false},"featured_media":9181,"comment_status":"open","ping_status":"closed","template":"","meta":{"_uag_custom_page_level_css":"","site-sidebar-layout":"default","site-content-layout":"","ast-site-content-layout":"default","site-content-style":"default","site-sidebar-style":"default","ast-global-header-display":"","ast-banner-title-visibility":"","ast-main-header-display":"","ast-hfb-above-header-display":"","ast-hfb-below-header-display":"","ast-hfb-mobile-header-display":"","site-post-title":"","ast-breadcrumbs-content":"","ast-featured-img":"","footer-sml-layout":"","ast-disable-related-posts":"","theme-transparent-header-meta":"default","adv-header-id-meta":"","stick-header-meta":"","header-above-stick-meta":"","header-main-stick-meta":"","header-below-stick-meta":"","astra-migrate-meta-layouts":"set","ast-page-background-enabled":"default","ast-page-background-meta":{"desktop":{"background-color":"","background-image":"","background-repeat":"repeat","background-position":"center center","background-size":"auto","background-attachment":"scroll","background-type":"","background-media":"","overlay-type":"","overlay-color":"","overlay-opacity":"","overlay-gradient":""},"tablet":{"background-color":"","background-image":"","background-repeat":"repeat","background-position":"center center","background-size":"auto","background-attachment":"scroll","background-type":"","background-media":"","overlay-type":"","overlay-color":"","overlay-opacity":"","overlay-gradient":""},"mobile":{"background-color":"","background-image":"","background-repeat":"repeat","background-position":"center center","background-size":"auto","background-attachment":"scroll","background-type":"","background-media":"","overlay-type":"","overlay-color":"","overlay-opacity":"","overlay-gradient":""}},"ast-content-background-meta":{"desktop":{"background-color":"var(--ast-global-color-5)","background-image":"","background-repeat":"repeat","background-position":"center center","background-size":"auto","background-attachment":"scroll","background-type":"","background-media":"","overlay-type":"","overlay-color":"","overlay-opacity":"","overlay-gradient":""},"tablet":{"background-color":"var(--ast-global-color-5)","background-image":"","background-repeat":"repeat","background-position":"center center","background-size":"auto","background-attachment":"scroll","background-type":"","background-media":"","overlay-type":"","overlay-color":"","overlay-opacity":"","overlay-gradient":""},"mobile":{"background-color":"var(--ast-global-color-5)","background-image":"","background-repeat":"repeat","background-position":"center center","background-size":"auto","background-attachment":"scroll","background-type":"","background-media":"","overlay-type":"","overlay-color":"","overlay-opacity":"","overlay-gradient":""}}},"product_brand":[],"product_cat":[40,18],"product_tag":[175,74,78,79,81,80],"class_list":{"0":"post-9157","1":"product","2":"type-product","3":"status-publish","4":"has-post-thumbnail","6":"product_cat-kursi","7":"product_cat-nodarbibas","8":"product_tag-evija-berga","9":"product_tag-gleznosana-bez-priekszinasanam","10":"product_tag-gleznosanas-nodarbibas","11":"product_tag-gleznosanas-nodarbibas-pieaugusajiem","12":"product_tag-81","13":"product_tag-80","14":"desktop-align-left","15":"tablet-align-left","16":"mobile-align-left","18":"first","19":"instock","20":"sold-individually","21":"shipping-taxable","22":"purchasable","23":"product-type-variable"},"yoast_head":"<!-- This site is optimized with the Yoast SEO plugin v27.4 - https:\/\/yoast.com\/product\/yoast-seo-wordpress\/ -->\n<title>M\u0100KSLAS ATMODIN\u0100\u0160ANA - Glezno\u0161anas Kurss ar E.Bergu - paintnprogress.art<\/title>\n<meta name=\"description\" content=\"Atmodini rado\u0161umu! Glezno\u0161anas nodarb\u012bbas pie Evijas Bergas: no akad\u0113misk\u0101 z\u012bm\u0113juma un iest\u0101jeks\u0101menu sagatavo\u0161anas l\u012bdz intuit\u012bvai m\u0101kslas terapijai.\" \/>\n<meta name=\"robots\" content=\"index, follow, max-snippet:-1, max-image-preview:large, max-video-preview:-1\" \/>\n<link rel=\"canonical\" href=\"https:\/\/paintnprogress.art\/de\/produkt-2\/kunstrenaissance\/\" \/>\n<meta property=\"og:locale\" content=\"de_DE\" \/>\n<meta property=\"og:type\" content=\"article\" \/>\n<meta property=\"og:title\" content=\"M\u0100KSLAS ATMODIN\u0100\u0160ANA - Glezno\u0161anas Kurss ar E.Bergu - paintnprogress.art\" \/>\n<meta property=\"og:description\" content=\"Atmodini rado\u0161umu! Glezno\u0161anas nodarb\u012bbas pie Evijas Bergas: no akad\u0113misk\u0101 z\u012bm\u0113juma un iest\u0101jeks\u0101menu sagatavo\u0161anas l\u012bdz intuit\u012bvai m\u0101kslas terapijai.\" \/>\n<meta property=\"og:url\" content=\"https:\/\/paintnprogress.art\/de\/produkt-2\/kunstrenaissance\/\" \/>\n<meta property=\"og:site_name\" content=\"paintnprogress.art\" \/>\n<meta property=\"article:publisher\" content=\"https:\/\/www.facebook.com\/paintnprogressart\" \/>\n<meta property=\"article:modified_time\" content=\"2026-04-16T07:48:35+00:00\" \/>\n<meta property=\"og:image\" content=\"https:\/\/paintnprogress.art\/wp-content\/uploads\/2026\/04\/Makslas-Atmodinasana-Evija-Berga.webp\" \/>\n\t<meta property=\"og:image:width\" content=\"589\" \/>\n\t<meta property=\"og:image:height\" content=\"863\" \/>\n\t<meta property=\"og:image:type\" content=\"image\/webp\" \/>\n<meta name=\"twitter:card\" content=\"summary_large_image\" \/>\n<meta name=\"twitter:label1\" content=\"Gesch\u00e4tzte Lesezeit\" \/>\n\t<meta name=\"twitter:data1\" content=\"2\u00a0Minuten\" \/>\n<script type=\"application\/ld+json\" class=\"yoast-schema-graph\">{\"@context\":\"https:\\\/\\\/schema.org\",\"@graph\":[{\"@type\":\"WebPage\",\"@id\":\"https:\\\/\\\/paintnprogress.art\\\/product\\\/makslas-atmodinasana\\\/\",\"url\":\"https:\\\/\\\/paintnprogress.art\\\/product\\\/makslas-atmodinasana\\\/\",\"name\":\"M\u0100KSLAS ATMODIN\u0100\u0160ANA - Glezno\u0161anas Kurss ar E.Bergu - paintnprogress.art\",\"isPartOf\":{\"@id\":\"https:\\\/\\\/paintnprogress.art\\\/#website\"},\"primaryImageOfPage\":{\"@id\":\"https:\\\/\\\/paintnprogress.art\\\/product\\\/makslas-atmodinasana\\\/#primaryimage\"},\"image\":{\"@id\":\"https:\\\/\\\/paintnprogress.art\\\/product\\\/makslas-atmodinasana\\\/#primaryimage\"},\"thumbnailUrl\":\"https:\\\/\\\/paintnprogress.art\\\/wp-content\\\/uploads\\\/2026\\\/04\\\/Makslas-Atmodinasana-Evija-Berga.webp\",\"datePublished\":\"2026-04-16T06:16:33+00:00\",\"dateModified\":\"2026-04-16T07:48:35+00:00\",\"description\":\"Atmodini rado\u0161umu! Glezno\u0161anas nodarb\u012bbas pie Evijas Bergas: no akad\u0113misk\u0101 z\u012bm\u0113juma un iest\u0101jeks\u0101menu sagatavo\u0161anas l\u012bdz intuit\u012bvai m\u0101kslas terapijai.\",\"breadcrumb\":{\"@id\":\"https:\\\/\\\/paintnprogress.art\\\/product\\\/makslas-atmodinasana\\\/#breadcrumb\"},\"inLanguage\":\"de\",\"potentialAction\":[{\"@type\":\"ReadAction\",\"target\":[\"https:\\\/\\\/paintnprogress.art\\\/product\\\/makslas-atmodinasana\\\/\"]}]},{\"@type\":\"ImageObject\",\"inLanguage\":\"de\",\"@id\":\"https:\\\/\\\/paintnprogress.art\\\/product\\\/makslas-atmodinasana\\\/#primaryimage\",\"url\":\"https:\\\/\\\/paintnprogress.art\\\/wp-content\\\/uploads\\\/2026\\\/04\\\/Makslas-Atmodinasana-Evija-Berga.webp\",\"contentUrl\":\"https:\\\/\\\/paintnprogress.art\\\/wp-content\\\/uploads\\\/2026\\\/04\\\/Makslas-Atmodinasana-Evija-Berga.webp\",\"width\":589,\"height\":863,\"caption\":\"M\u0101kslas Atmodin\u0101\u0161ana Evija Berga\"},{\"@type\":\"BreadcrumbList\",\"@id\":\"https:\\\/\\\/paintnprogress.art\\\/product\\\/makslas-atmodinasana\\\/#breadcrumb\",\"itemListElement\":[{\"@type\":\"ListItem\",\"position\":1,\"name\":\"Home\",\"item\":\"https:\\\/\\\/paintnprogress.art\\\/\"},{\"@type\":\"ListItem\",\"position\":2,\"name\":\"Shop\",\"item\":\"https:\\\/\\\/paintnprogress.art\\\/shop\\\/\"},{\"@type\":\"ListItem\",\"position\":3,\"name\":\"M\u0100KSLAS ATMODIN\u0100\u0160ANA &#8211; Glezno\u0161anas Kurss ar E.Bergu\"}]},{\"@type\":\"WebSite\",\"@id\":\"https:\\\/\\\/paintnprogress.art\\\/#website\",\"url\":\"https:\\\/\\\/paintnprogress.art\\\/\",\"name\":\"paintnprogress.art\",\"description\":\"Glezno\u0161anas Nodarb\u012bbas\",\"publisher\":{\"@id\":\"https:\\\/\\\/paintnprogress.art\\\/#organization\"},\"potentialAction\":[{\"@type\":\"SearchAction\",\"target\":{\"@type\":\"EntryPoint\",\"urlTemplate\":\"https:\\\/\\\/paintnprogress.art\\\/?s={search_term_string}\"},\"query-input\":{\"@type\":\"PropertyValueSpecification\",\"valueRequired\":true,\"valueName\":\"search_term_string\"}}],\"inLanguage\":\"de\"},{\"@type\":\"Organization\",\"@id\":\"https:\\\/\\\/paintnprogress.art\\\/#organization\",\"name\":\"Paint&Progress\",\"alternateName\":\"Paint and Progress\",\"url\":\"https:\\\/\\\/paintnprogress.art\\\/\",\"logo\":{\"@type\":\"ImageObject\",\"inLanguage\":\"de\",\"@id\":\"https:\\\/\\\/paintnprogress.art\\\/#\\\/schema\\\/logo\\\/image\\\/\",\"url\":\"https:\\\/\\\/paintnprogress.art\\\/wp-content\\\/uploads\\\/2025\\\/01\\\/512.webp\",\"contentUrl\":\"https:\\\/\\\/paintnprogress.art\\\/wp-content\\\/uploads\\\/2025\\\/01\\\/512.webp\",\"width\":512,\"height\":512,\"caption\":\"Paint&Progress\"},\"image\":{\"@id\":\"https:\\\/\\\/paintnprogress.art\\\/#\\\/schema\\\/logo\\\/image\\\/\"},\"sameAs\":[\"https:\\\/\\\/www.facebook.com\\\/paintnprogressart\",\"https:\\\/\\\/www.youtube.com\\\/@PaintAndProgressArt\",\"https:\\\/\\\/www.tiktok.com\\\/@paint_and_progress?lang=lv\"]}]}<\/script>\n<!-- \/ Yoast SEO plugin. -->","yoast_head_json":{"title":"KUNST-ERWACHEN \u2013 Malkurs mit E. Berg \u2013 paintnprogress.art","description":"Erwecke deine Kreativit\u00e4t! Malkurse mit Evija Berga: von akademischem Zeichnen und Aufnahmepr\u00fcfungsvorbereitung bis hin zu intuitiver Kunsttherapie.","robots":{"index":"index","follow":"follow","max-snippet":"max-snippet:-1","max-image-preview":"max-image-preview:large","max-video-preview":"max-video-preview:-1"},"canonical":"https:\/\/paintnprogress.art\/de\/produkt-2\/kunstrenaissance\/","og_locale":"de_DE","og_type":"article","og_title":"M\u0100KSLAS ATMODIN\u0100\u0160ANA - Glezno\u0161anas Kurss ar E.Bergu - paintnprogress.art","og_description":"Atmodini rado\u0161umu! Glezno\u0161anas nodarb\u012bbas pie Evijas Bergas: no akad\u0113misk\u0101 z\u012bm\u0113juma un iest\u0101jeks\u0101menu sagatavo\u0161anas l\u012bdz intuit\u012bvai m\u0101kslas terapijai.","og_url":"https:\/\/paintnprogress.art\/de\/produkt-2\/kunstrenaissance\/","og_site_name":"paintnprogress.art","article_publisher":"https:\/\/www.facebook.com\/paintnprogressart","article_modified_time":"2026-04-16T07:48:35+00:00","og_image":[{"width":589,"height":863,"url":"https:\/\/paintnprogress.art\/wp-content\/uploads\/2026\/04\/Makslas-Atmodinasana-Evija-Berga.webp","type":"image\/webp"}],"twitter_card":"summary_large_image","twitter_misc":{"Gesch\u00e4tzte Lesezeit":"2\u00a0Minuten"},"schema":{"@context":"https:\/\/schema.org","@graph":[{"@type":"WebPage","@id":"https:\/\/paintnprogress.art\/product\/makslas-atmodinasana\/","url":"https:\/\/paintnprogress.art\/product\/makslas-atmodinasana\/","name":"KUNST-ERWACHEN \u2013 Malkurs mit E. Berg \u2013 paintnprogress.art","isPartOf":{"@id":"https:\/\/paintnprogress.art\/#website"},"primaryImageOfPage":{"@id":"https:\/\/paintnprogress.art\/product\/makslas-atmodinasana\/#primaryimage"},"image":{"@id":"https:\/\/paintnprogress.art\/product\/makslas-atmodinasana\/#primaryimage"},"thumbnailUrl":"https:\/\/paintnprogress.art\/wp-content\/uploads\/2026\/04\/Makslas-Atmodinasana-Evija-Berga.webp","datePublished":"2026-04-16T06:16:33+00:00","dateModified":"2026-04-16T07:48:35+00:00","description":"Erwecke deine Kreativit\u00e4t! Malkurse mit Evija Berga: von akademischem Zeichnen und Aufnahmepr\u00fcfungsvorbereitung bis hin zu intuitiver Kunsttherapie.","breadcrumb":{"@id":"https:\/\/paintnprogress.art\/product\/makslas-atmodinasana\/#breadcrumb"},"inLanguage":"de","potentialAction":[{"@type":"ReadAction","target":["https:\/\/paintnprogress.art\/product\/makslas-atmodinasana\/"]}]},{"@type":"ImageObject","inLanguage":"de","@id":"https:\/\/paintnprogress.art\/product\/makslas-atmodinasana\/#primaryimage","url":"https:\/\/paintnprogress.art\/wp-content\/uploads\/2026\/04\/Makslas-Atmodinasana-Evija-Berga.webp","contentUrl":"https:\/\/paintnprogress.art\/wp-content\/uploads\/2026\/04\/Makslas-Atmodinasana-Evija-Berga.webp","width":589,"height":863,"caption":"M\u0101kslas Atmodin\u0101\u0161ana Evija Berga"},{"@type":"BreadcrumbList","@id":"https:\/\/paintnprogress.art\/product\/makslas-atmodinasana\/#breadcrumb","itemListElement":[{"@type":"ListItem","position":1,"name":"Home","item":"https:\/\/paintnprogress.art\/"},{"@type":"ListItem","position":2,"name":"Shop","item":"https:\/\/paintnprogress.art\/shop\/"},{"@type":"ListItem","position":3,"name":"M\u0100KSLAS ATMODIN\u0100\u0160ANA &#8211; Glezno\u0161anas Kurss ar E.Bergu"}]},{"@type":"WebSite","@id":"https:\/\/paintnprogress.art\/#website","url":"https:\/\/paintnprogress.art\/","name":"paintnprogress.art","description":"Malunterricht","publisher":{"@id":"https:\/\/paintnprogress.art\/#organization"},"potentialAction":[{"@type":"SearchAction","target":{"@type":"EntryPoint","urlTemplate":"https:\/\/paintnprogress.art\/?s={search_term_string}"},"query-input":{"@type":"PropertyValueSpecification","valueRequired":true,"valueName":"search_term_string"}}],"inLanguage":"de"},{"@type":"Organization","@id":"https:\/\/paintnprogress.art\/#organization","name":"Paint&amp;Progress","alternateName":"Paint and Progress","url":"https:\/\/paintnprogress.art\/","logo":{"@type":"ImageObject","inLanguage":"de","@id":"https:\/\/paintnprogress.art\/#\/schema\/logo\/image\/","url":"https:\/\/paintnprogress.art\/wp-content\/uploads\/2025\/01\/512.webp","contentUrl":"https:\/\/paintnprogress.art\/wp-content\/uploads\/2025\/01\/512.webp","width":512,"height":512,"caption":"Paint&Progress"},"image":{"@id":"https:\/\/paintnprogress.art\/#\/schema\/logo\/image\/"},"sameAs":["https:\/\/www.facebook.com\/paintnprogressart","https:\/\/www.youtube.com\/@PaintAndProgressArt","https:\/\/www.tiktok.com\/@paint_and_progress?lang=lv"]}]}},"uagb_featured_image_src":{"full":["https:\/\/paintnprogress.art\/wp-content\/uploads\/2026\/04\/Makslas-Atmodinasana-Evija-Berga.webp",589,863,false],"thumbnail":["https:\/\/paintnprogress.art\/wp-content\/uploads\/2026\/04\/Makslas-Atmodinasana-Evija-Berga-150x150.webp",150,150,true],"medium":["https:\/\/paintnprogress.art\/wp-content\/uploads\/2026\/04\/Makslas-Atmodinasana-Evija-Berga-205x300.webp",205,300,true],"medium_large":["https:\/\/paintnprogress.art\/wp-content\/uploads\/2026\/04\/Makslas-Atmodinasana-Evija-Berga.webp",589,863,false],"large":["https:\/\/paintnprogress.art\/wp-content\/uploads\/2026\/04\/Makslas-Atmodinasana-Evija-Berga.webp",589,863,false],"1536x1536":["https:\/\/paintnprogress.art\/wp-content\/uploads\/2026\/04\/Makslas-Atmodinasana-Evija-Berga.webp",589,863,false],"2048x2048":["https:\/\/paintnprogress.art\/wp-content\/uploads\/2026\/04\/Makslas-Atmodinasana-Evija-Berga.webp",589,863,false],"trp-custom-language-flag":["https:\/\/paintnprogress.art\/wp-content\/uploads\/2026\/04\/Makslas-Atmodinasana-Evija-Berga-8x12.webp",8,12,true],"woocommerce_thumbnail":["https:\/\/paintnprogress.art\/wp-content\/uploads\/2026\/04\/Makslas-Atmodinasana-Evija-Berga-300x300.webp",300,300,true],"woocommerce_single":["https:\/\/paintnprogress.art\/wp-content\/uploads\/2026\/04\/Makslas-Atmodinasana-Evija-Berga.webp",589,863,false],"woocommerce_gallery_thumbnail":["https:\/\/paintnprogress.art\/wp-content\/uploads\/2026\/04\/Makslas-Atmodinasana-Evija-Berga-100x100.webp",100,100,true]},"uagb_author_info":{"display_name":"Dzintars Kalnins","author_link":"https:\/\/paintnprogress.art\/de\/author\/"},"uagb_comment_info":1,"uagb_excerpt":"Glezno\u0161anas un z\u012bm\u0113\u0161anas nodarb\u012bbas: M\u0100KSLAS ATMODIN\u0100\u0160ANA\u00a0 - (atv\u0113rt... ieraudz\u012bt... apzin\u0101t)\u00a0Aicin\u0101m apg\u016bt m\u0101kslas valodu pie m\u0101kslinieces un pedago\u0123es Evijas Bergas. &nbsp; Nodarb\u012bbu veidi un cenas Pakalpojums Ilgums Cena \/ pers. Iepaz\u012b\u0161an\u0101s nodarb\u012bba (grup\u0101) 2 stundas \u20ac10,00 Vienreiz\u0113js apmekl\u0113jums (grup\u0101) 2 stundas \u20ac20,00 Individu\u0101la nodarb\u012bba 2 stundas \u20ac29,00 Abonements (4 nodarb\u012bbas) 4 \u00d7 2 stundas \u20ac68,00 Abonements&hellip;","_links":{"self":[{"href":"https:\/\/paintnprogress.art\/de\/wp-json\/wp\/v2\/product\/9157","targetHints":{"allow":["GET"]}}],"collection":[{"href":"https:\/\/paintnprogress.art\/de\/wp-json\/wp\/v2\/product"}],"about":[{"href":"https:\/\/paintnprogress.art\/de\/wp-json\/wp\/v2\/types\/product"}],"replies":[{"embeddable":true,"href":"https:\/\/paintnprogress.art\/de\/wp-json\/wp\/v2\/comments?post=9157"}],"wp:featuredmedia":[{"embeddable":true,"href":"https:\/\/paintnprogress.art\/de\/wp-json\/wp\/v2\/media\/9181"}],"wp:attachment":[{"href":"https:\/\/paintnprogress.art\/de\/wp-json\/wp\/v2\/media?parent=9157"}],"wp:term":[{"taxonomy":"product_brand","embeddable":true,"href":"https:\/\/paintnprogress.art\/de\/wp-json\/wp\/v2\/product_brand?post=9157"},{"taxonomy":"product_cat","embeddable":true,"href":"https:\/\/paintnprogress.art\/de\/wp-json\/wp\/v2\/product_cat?post=9157"},{"taxonomy":"product_tag","embeddable":true,"href":"https:\/\/paintnprogress.art\/de\/wp-json\/wp\/v2\/product_tag?post=9157"}],"curies":[{"name":"wp","href":"https:\/\/api.w.org\/{rel}","templated":true}]}}