{"id":5587,"date":"2025-07-03T02:50:28","date_gmt":"2025-07-03T02:50:28","guid":{"rendered":"https:\/\/paintnprogress.art\/?post_type=product&#038;p=5587"},"modified":"2026-04-24T06:45:33","modified_gmt":"2026-04-24T06:45:33","slug":"malmeisterkurs-fur-kinder-5","status":"publish","type":"product","link":"https:\/\/paintnprogress.art\/de\/product\/gleznosanas-meistarklase-berniem-5\/","title":{"rendered":"Mal-Meisterkurs f\u00fcr Kinder ab 5 Jahren"},"content":{"rendered":"<h2 data-start=\"102\" data-end=\"143\">Mal-Meisterkurs f\u00fcr Kinder ab 5 Jahren<\/h2>\n<h3 data-start=\"145\" data-end=\"193\">Was ist ein Mal-Meisterkurs f\u00fcr Kinder?<\/h3>\n<p data-start=\"195\" data-end=\"484\"><strong data-start=\"195\" data-end=\"234\">Mal-Meisterkurs f\u00fcr Kinder ab 5 Jahren<\/strong> Dieser kreative und inspirierende Kurs bietet Kindern in freundlicher Atmosph\u00e4re die M\u00f6glichkeit, die Grundlagen des Malens und Zeichnens zu erlernen. Im Studio \u201ePaint &amp; Progress\u201c werden diese Meisterkurse von professionellen K\u00fcnstlern geleitet, die jedem Kind helfen, etwas Einzigartiges und Sch\u00f6nes zu erschaffen.<\/p>\n<hr data-start=\"486\" data-end=\"489\" \/>\n<h3 data-start=\"491\" data-end=\"528\">F\u00fcr wen ist diese Masterclass geeignet?<\/h3>\n<p data-start=\"530\" data-end=\"588\">Unsere Meisterkurse richten sich an Kinder ab 5 Jahren:<\/p>\n<ul data-start=\"590\" data-end=\"923\">\n<li data-start=\"590\" data-end=\"656\">\n<p data-start=\"592\" data-end=\"656\"><strong data-start=\"592\" data-end=\"623\">F\u00fcr Kinder ohne Vorkenntnisse<\/strong>die malen lernen wollen<\/p>\n<\/li>\n<li data-start=\"657\" data-end=\"726\">\n<p data-start=\"659\" data-end=\"726\"><strong data-start=\"659\" data-end=\"685\">F\u00fcr kleine K\u00fcnstler<\/strong>die F\u00e4higkeiten und Vorstellungskraft entwickeln wollen<\/p>\n<\/li>\n<li data-start=\"727\" data-end=\"801\">\n<p data-start=\"729\" data-end=\"801\"><strong data-start=\"729\" data-end=\"757\">F\u00fcr Geburtstagsfeiern<\/strong>mit Freunden etwas Bleibendes schaffen<\/p>\n<\/li>\n<li data-start=\"802\" data-end=\"860\">\n<p data-start=\"804\" data-end=\"860\"><strong data-start=\"804\" data-end=\"830\">F\u00fcr Kinderg\u00e4rten und Schulen<\/strong>als kreativer Tagesausflug<\/p>\n<\/li>\n<li data-start=\"861\" data-end=\"923\">\n<p data-start=\"863\" data-end=\"923\"><strong data-start=\"863\" data-end=\"887\">F\u00fcr Freiluft-Pleinair<\/strong>Landschaften, Meer und Natur zu malen<\/p>\n<\/li>\n<\/ul>\n<hr data-start=\"925\" data-end=\"928\" \/>\n<h3 data-start=\"930\" data-end=\"962\">Wo finden die Meisterkurse statt?<\/h3>\n<p data-start=\"964\" data-end=\"1159\">\u2705 <strong data-start=\"966\" data-end=\"1001\">Im Atelier in Riga (Paint &amp; Progress)<\/strong><br data-start=\"1001\" data-end=\"1004\" \/>\u2705 <strong data-start=\"1006\" data-end=\"1082\">Auf Reisen zu Kinderg\u00e4rten, Schulen und privaten Veranstaltungen in ganz Lettland<\/strong><br data-start=\"1082\" data-end=\"1085\" \/>\u2705 <strong data-start=\"1087\" data-end=\"1104\">Plein Air in der Natur<\/strong>wo Kinder lernen, Farben und Formen in der realen Umgebung wiederzugeben<\/p>\n<hr data-start=\"1161\" data-end=\"1164\" \/>\n<h3 data-start=\"1166\" data-end=\"1201\">Was lernen die Kinder im Unterricht?<\/h3>\n<ul data-start=\"1203\" data-end=\"1431\">\n<li data-start=\"1203\" data-end=\"1268\">\n<p data-start=\"1205\" data-end=\"1268\">Die Grundlagen des Malens und Zeichnens in einer verst\u00e4ndlichen und spielerischen Sprache<\/p>\n<\/li>\n<li data-start=\"1269\" data-end=\"1321\">\n<p data-start=\"1271\" data-end=\"1321\">Farbmischung, Komposition und Pinseltechniken<\/p>\n<\/li>\n<li data-start=\"1322\" data-end=\"1370\">\n<p data-start=\"1324\" data-end=\"1370\">Kreatives Denken und k\u00fcnstlerisches Selbstvertrauen<\/p>\n<\/li>\n<li data-start=\"1371\" data-end=\"1431\">\n<p data-start=\"1373\" data-end=\"1431\">Die F\u00e4higkeit, Ihre Emotionen und Visionen durch Farben und Formen auszudr\u00fccken<\/p>\n<\/li>\n<\/ul>\n<hr data-start=\"1433\" data-end=\"1436\" \/>\n<h3 data-start=\"1438\" data-end=\"1483\">In welchen Formaten sind die Meisterkurse verf\u00fcgbar?<\/h3>\n<p data-start=\"1485\" data-end=\"1735\">\u2714\ufe0f <strong data-start=\"1538\" data-end=\"1581\">Thematische Meisterkurse f\u00fcr Kinderfeste<\/strong> (M\u00e4rchenfiguren, Tiere, Cartoons)<br data-start=\"1618\" data-end=\"1621\" \/>\u2714\ufe0f <strong data-start=\"1624\" data-end=\"1674\">Exkursionen zu Schulen und Kinderg\u00e4rten<\/strong><br data-start=\"1674\" data-end=\"1677\" \/>\u2714\ufe0f <strong data-start=\"1680\" data-end=\"1702\">Freiluft-Pleinair<\/strong>, die Beobachtungsf\u00e4higkeiten entwickelt<\/p>\n<hr data-start=\"1737\" data-end=\"1740\" \/>\n<h3 data-start=\"1742\" data-end=\"1783\">Warum Paint &amp; Progress w\u00e4hlen?<\/h3>\n<p data-start=\"1785\" data-end=\"1994\">Wir glauben, dass <strong data-start=\"1799\" data-end=\"1831\">Jedes Kind ist ein K\u00fcnstler<\/strong>, und unsere Aufgabe ist es, ihm dabei zu helfen, dies zu erkennen und mit Freude und Inspiration zu entwickeln. Der Unterricht ist so gestaltet, dass sich die Kinder sicher f\u00fchlen und mit dem Ergebnis zufrieden sind.<\/p>\n<hr \/>\n<p><em><strong>Machen Sie Ihre Feier zu einem k\u00fcnstlerischen Erlebnis, das einen unvergesslichen Eindruck hinterl\u00e4sst!<\/strong><\/em><\/p>","protected":false},"excerpt":{"rendered":"<p data-start=\"2083\" data-end=\"2255\"><strong>Mal-Meisterkurs f\u00fcr Kinder \u2013 <\/strong>Kreativkurse, Geburtstagsfeiern, Ausfl\u00fcge und Open-Air-Workshops mit Paint &amp; Progress <strong>(Unterrichtsdauer 90 \u2013 120 Minuten)<\/strong><\/p>\n<ul>\n<li><strong>Paint &amp; Progress Masterclass-Rabattsystem<\/strong><\/li>\n<\/ul>\n<table>\n<thead>\n<tr>\n<th>Personen<\/th>\n<th>Rabatt<\/th>\n<th>(\u20ac\/Person)<\/th>\n<\/tr>\n<\/thead>\n<tbody>\n<tr>\n<td>3 Personen<\/td>\n<td>\u2013<\/td>\n<td>\u20ac33.00<\/td>\n<\/tr>\n<tr>\n<td>4 Personen<\/td>\n<td>-5%<\/td>\n<td>\u20ac31.00<\/td>\n<\/tr>\n<tr>\n<td>5 Personen<\/td>\n<td>-10%<\/td>\n<td>\u20ac30.00<\/td>\n<\/tr>\n<tr>\n<td>6 Personen<\/td>\n<td>-15%<\/td>\n<td>\u20ac28.00<\/td>\n<\/tr>\n<tr>\n<td>7 Personen<\/td>\n<td>-20%<\/td>\n<td>\u20ac26.00<\/td>\n<\/tr>\n<tr>\n<td>8 Personen<\/td>\n<td>-20%<\/td>\n<td>\u20ac26.00<\/td>\n<\/tr>\n<tr>\n<td>9 Personen<\/td>\n<td>-25%<\/td>\n<td>\u20ac25.00<\/td>\n<\/tr>\n<tr>\n<td>10 Personen<\/td>\n<td>-25%<\/td>\n<td>\u20ac25.00<\/td>\n<\/tr>\n<\/tbody>\n<\/table>\n<p data-start=\"89\" data-end=\"124\"><strong data-start=\"1181\" data-end=\"1202\">Im Preis inbegriffen:<\/strong><\/p>\n<ul data-start=\"88\" data-end=\"253\">\n<li data-start=\"88\" data-end=\"171\">\n<p data-start=\"90\" data-end=\"171\">Alle ben\u00f6tigten Materialien: Malerei mit Acrylfarben auf Leinwand (30\u00d740 cm)<\/p>\n<\/li>\n<li data-start=\"172\" data-end=\"214\">\n<p data-start=\"174\" data-end=\"214\">Frisch gebr\u00fchter Tee oder Saft im Studio<\/p>\n<\/li>\n<li data-start=\"215\" data-end=\"253\">\n<p data-start=\"217\" data-end=\"253\">Leckere Snacks f\u00fcr eine angenehme Atmosph\u00e4re im Studio<\/p>\n<\/li>\n<\/ul>\n<p data-start=\"89\" data-end=\"124\"><strong>Damit wir mit allen Farben und Leinw\u00e4nden zu Ihnen kommen k\u00f6nnen<\/strong>, wird der Rechnung f\u00fcr die Vor-Ort-Meisterklasse eine geringe Reisegeb\u00fchr hinzugef\u00fcgt \u2013\u00a0<strong>0,31 \u20ac pro Kilometer <\/strong>(nicht im Preis inbegriffen).<\/p>\n<p class=\"\" data-start=\"89\" data-end=\"124\">\ud83d\udd55 <strong data-start=\"68\" data-end=\"87\">Unterrichtszeiten:<\/strong><br data-start=\"108\" data-end=\"111\" \/><br data-start=\"197\" data-end=\"200\" \/>Gerne richten wir uns nach Ihrem Wunschtermin \u2013 Gruppenunterricht ist nach Absprache m\u00f6glich!<\/p>\n<p class=\"\" data-start=\"33\" data-end=\"64\"><strong><a href=\"https:\/\/paintnprogress.art\/de\/kontakte\/\">Kontakt<\/a> Kontaktieren Sie uns pers\u00f6nlich, um mit 50% Vorauszahlung einen Termin zu reservieren und ein speziell auf die Bed\u00fcrfnisse Ihrer Gruppe zugeschnittenes Angebot zu erhalten!\u00a0<\/strong><\/p>\n<p><strong>(Bitte vereinbaren Sie Datum und Uhrzeit der Unterrichtsstunde im Voraus.)<\/strong><em data-start=\"481\" data-end=\"537\"><br \/>\n<\/em><\/p>\n<p><em data-start=\"481\" data-end=\"537\"><a href=\"https:\/\/paintnprogress.art\/de\/meisterkurse\/\">Entdecken Sie weitere Meisterkurse in Malerei auf unserer Website. <strong>im Studio.<\/strong><\/a><\/em><\/p>\n<p><a href=\"https:\/\/paintnprogress.art\/de\/outdoor-und-firmenausfluge\/\"><em data-start=\"481\" data-end=\"537\">Schau dir auch andere Malworkshops an <strong>bei Ausfl\u00fcgen.<\/strong><\/em><\/a><\/p>\n<p><em data-start=\"481\" data-end=\"537\">\u00a0<\/em><\/p>","protected":false},"featured_media":7639,"comment_status":"open","ping_status":"closed","template":"","meta":{"_uag_custom_page_level_css":"","site-sidebar-layout":"default","site-content-layout":"","ast-site-content-layout":"default","site-content-style":"default","site-sidebar-style":"default","ast-global-header-display":"","ast-banner-title-visibility":"","ast-main-header-display":"","ast-hfb-above-header-display":"","ast-hfb-below-header-display":"","ast-hfb-mobile-header-display":"","site-post-title":"","ast-breadcrumbs-content":"","ast-featured-img":"","footer-sml-layout":"","ast-disable-related-posts":"","theme-transparent-header-meta":"default","adv-header-id-meta":"","stick-header-meta":"","header-above-stick-meta":"","header-main-stick-meta":"","header-below-stick-meta":"","astra-migrate-meta-layouts":"set","ast-page-background-enabled":"default","ast-page-background-meta":{"desktop":{"background-color":"","background-image":"","background-repeat":"repeat","background-position":"center center","background-size":"auto","background-attachment":"scroll","background-type":"","background-media":"","overlay-type":"","overlay-color":"","overlay-opacity":"","overlay-gradient":""},"tablet":{"background-color":"","background-image":"","background-repeat":"repeat","background-position":"center center","background-size":"auto","background-attachment":"scroll","background-type":"","background-media":"","overlay-type":"","overlay-color":"","overlay-opacity":"","overlay-gradient":""},"mobile":{"background-color":"","background-image":"","background-repeat":"repeat","background-position":"center center","background-size":"auto","background-attachment":"scroll","background-type":"","background-media":"","overlay-type":"","overlay-color":"","overlay-opacity":"","overlay-gradient":""}},"ast-content-background-meta":{"desktop":{"background-color":"var(--ast-global-color-5)","background-image":"","background-repeat":"repeat","background-position":"center center","background-size":"auto","background-attachment":"scroll","background-type":"","background-media":"","overlay-type":"","overlay-color":"","overlay-opacity":"","overlay-gradient":""},"tablet":{"background-color":"var(--ast-global-color-5)","background-image":"","background-repeat":"repeat","background-position":"center center","background-size":"auto","background-attachment":"scroll","background-type":"","background-media":"","overlay-type":"","overlay-color":"","overlay-opacity":"","overlay-gradient":""},"mobile":{"background-color":"var(--ast-global-color-5)","background-image":"","background-repeat":"repeat","background-position":"center center","background-size":"auto","background-attachment":"scroll","background-type":"","background-media":"","overlay-type":"","overlay-color":"","overlay-opacity":"","overlay-gradient":""}}},"product_brand":[],"product_cat":[177,42,41,18,179],"product_tag":[74,108,106,107,100,76],"class_list":{"0":"post-5587","1":"product","2":"type-product","3":"status-publish","4":"has-post-thumbnail","6":"product_cat-gleznosana-berniem","7":"product_cat-izbraukumu-meistarklases","8":"product_cat-meistarklases","9":"product_cat-nodarbibas","10":"product_cat-pleneri-un-privati-izbraukumi","11":"product_tag-gleznosana-bez-priekszinasanam","12":"product_tag-gleznosanas-meistarklase-berniem","13":"product_tag-gleznosanas-pleneri-berniem","14":"product_tag-izbraukuma-meistarklase-berniem","15":"product_tag-100","16":"product_tag-76","17":"desktop-align-left","18":"tablet-align-left","19":"mobile-align-left","21":"first","22":"instock","23":"sold-individually","24":"shipping-taxable","25":"purchasable","26":"product-type-variable"},"yoast_head":"<!-- This site is optimized with the Yoast SEO plugin v27.4 - https:\/\/yoast.com\/product\/yoast-seo-wordpress\/ -->\n<title>Glezno\u0161anas Meistarklase B\u0113rniem 5+ - paintnprogress.art<\/title>\n<meta name=\"description\" content=\"Glezno\u0161anas meistarklase b\u0113rniem 5+. Nodarb\u012bbas studij\u0101, izbraukumos un plen\u0113ros. Ball\u012btes, dzim\u0161anas dienas un rado\u0161as aktivit\u0101tes b\u0113rniem R\u012bg\u0101 un Latvij\u0101.\" \/>\n<meta name=\"robots\" content=\"index, follow, max-snippet:-1, max-image-preview:large, max-video-preview:-1\" \/>\n<link rel=\"canonical\" href=\"https:\/\/paintnprogress.art\/de\/produkt-2\/malmeisterkurs-fur-kinder-5\/\" \/>\n<meta property=\"og:locale\" content=\"de_DE\" \/>\n<meta property=\"og:type\" content=\"article\" \/>\n<meta property=\"og:title\" content=\"Glezno\u0161anas Meistarklase B\u0113rniem 5+ - paintnprogress.art\" \/>\n<meta property=\"og:description\" content=\"Glezno\u0161anas meistarklase b\u0113rniem 5+. Nodarb\u012bbas studij\u0101, izbraukumos un plen\u0113ros. Ball\u012btes, dzim\u0161anas dienas un rado\u0161as aktivit\u0101tes b\u0113rniem R\u012bg\u0101 un Latvij\u0101.\" \/>\n<meta property=\"og:url\" content=\"https:\/\/paintnprogress.art\/de\/produkt-2\/malmeisterkurs-fur-kinder-5\/\" \/>\n<meta property=\"og:site_name\" content=\"paintnprogress.art\" \/>\n<meta property=\"article:publisher\" content=\"https:\/\/www.facebook.com\/paintnprogressart\" \/>\n<meta property=\"article:modified_time\" content=\"2026-04-24T06:45:33+00:00\" \/>\n<meta property=\"og:image\" content=\"https:\/\/paintnprogress.art\/wp-content\/uploads\/2025\/07\/Gleznosanasmeistarklaseberniem-scaled.webp\" \/>\n\t<meta property=\"og:image:width\" content=\"2501\" \/>\n\t<meta property=\"og:image:height\" content=\"2560\" \/>\n\t<meta property=\"og:image:type\" content=\"image\/webp\" \/>\n<meta name=\"twitter:card\" content=\"summary_large_image\" \/>\n<meta name=\"twitter:label1\" content=\"Gesch\u00e4tzte Lesezeit\" \/>\n\t<meta name=\"twitter:data1\" content=\"2\u00a0Minuten\" \/>\n<script type=\"application\/ld+json\" class=\"yoast-schema-graph\">{\"@context\":\"https:\\\/\\\/schema.org\",\"@graph\":[{\"@type\":\"WebPage\",\"@id\":\"https:\\\/\\\/paintnprogress.art\\\/lv\\\/product\\\/gleznosanas-meistarklase-berniem-5\\\/\",\"url\":\"https:\\\/\\\/paintnprogress.art\\\/lv\\\/product\\\/gleznosanas-meistarklase-berniem-5\\\/\",\"name\":\"Glezno\u0161anas Meistarklase B\u0113rniem 5+ - paintnprogress.art\",\"isPartOf\":{\"@id\":\"https:\\\/\\\/paintnprogress.art\\\/#website\"},\"primaryImageOfPage\":{\"@id\":\"https:\\\/\\\/paintnprogress.art\\\/lv\\\/product\\\/gleznosanas-meistarklase-berniem-5\\\/#primaryimage\"},\"image\":{\"@id\":\"https:\\\/\\\/paintnprogress.art\\\/lv\\\/product\\\/gleznosanas-meistarklase-berniem-5\\\/#primaryimage\"},\"thumbnailUrl\":\"https:\\\/\\\/paintnprogress.art\\\/wp-content\\\/uploads\\\/2025\\\/07\\\/Gleznosanasmeistarklaseberniem-scaled.webp\",\"datePublished\":\"2025-07-03T02:50:28+00:00\",\"dateModified\":\"2026-04-24T06:45:33+00:00\",\"description\":\"Glezno\u0161anas meistarklase b\u0113rniem 5+. Nodarb\u012bbas studij\u0101, izbraukumos un plen\u0113ros. Ball\u012btes, dzim\u0161anas dienas un rado\u0161as aktivit\u0101tes b\u0113rniem R\u012bg\u0101 un Latvij\u0101.\",\"breadcrumb\":{\"@id\":\"https:\\\/\\\/paintnprogress.art\\\/lv\\\/product\\\/gleznosanas-meistarklase-berniem-5\\\/#breadcrumb\"},\"inLanguage\":\"de\",\"potentialAction\":[{\"@type\":\"ReadAction\",\"target\":[\"https:\\\/\\\/paintnprogress.art\\\/lv\\\/product\\\/gleznosanas-meistarklase-berniem-5\\\/\"]}]},{\"@type\":\"ImageObject\",\"inLanguage\":\"de\",\"@id\":\"https:\\\/\\\/paintnprogress.art\\\/lv\\\/product\\\/gleznosanas-meistarklase-berniem-5\\\/#primaryimage\",\"url\":\"https:\\\/\\\/paintnprogress.art\\\/wp-content\\\/uploads\\\/2025\\\/07\\\/Gleznosanasmeistarklaseberniem-scaled.webp\",\"contentUrl\":\"https:\\\/\\\/paintnprogress.art\\\/wp-content\\\/uploads\\\/2025\\\/07\\\/Gleznosanasmeistarklaseberniem-scaled.webp\",\"width\":2501,\"height\":2560,\"caption\":\"Glezno\u0161anas+meistarklase+b\u0113rniem\"},{\"@type\":\"BreadcrumbList\",\"@id\":\"https:\\\/\\\/paintnprogress.art\\\/lv\\\/product\\\/gleznosanas-meistarklase-berniem-5\\\/#breadcrumb\",\"itemListElement\":[{\"@type\":\"ListItem\",\"position\":1,\"name\":\"Home\",\"item\":\"https:\\\/\\\/paintnprogress.art\\\/\"},{\"@type\":\"ListItem\",\"position\":2,\"name\":\"Shop\",\"item\":\"https:\\\/\\\/paintnprogress.art\\\/shop\\\/\"},{\"@type\":\"ListItem\",\"position\":3,\"name\":\"Glezno\u0161anas Meistarklase B\u0113rniem 5+\"}]},{\"@type\":\"WebSite\",\"@id\":\"https:\\\/\\\/paintnprogress.art\\\/#website\",\"url\":\"https:\\\/\\\/paintnprogress.art\\\/\",\"name\":\"paintnprogress.art\",\"description\":\"Glezno\u0161anas Nodarb\u012bbas\",\"publisher\":{\"@id\":\"https:\\\/\\\/paintnprogress.art\\\/#organization\"},\"potentialAction\":[{\"@type\":\"SearchAction\",\"target\":{\"@type\":\"EntryPoint\",\"urlTemplate\":\"https:\\\/\\\/paintnprogress.art\\\/?s={search_term_string}\"},\"query-input\":{\"@type\":\"PropertyValueSpecification\",\"valueRequired\":true,\"valueName\":\"search_term_string\"}}],\"inLanguage\":\"de\"},{\"@type\":\"Organization\",\"@id\":\"https:\\\/\\\/paintnprogress.art\\\/#organization\",\"name\":\"Paint&Progress\",\"alternateName\":\"Paint and Progress\",\"url\":\"https:\\\/\\\/paintnprogress.art\\\/\",\"logo\":{\"@type\":\"ImageObject\",\"inLanguage\":\"de\",\"@id\":\"https:\\\/\\\/paintnprogress.art\\\/#\\\/schema\\\/logo\\\/image\\\/\",\"url\":\"https:\\\/\\\/paintnprogress.art\\\/wp-content\\\/uploads\\\/2025\\\/01\\\/512.webp\",\"contentUrl\":\"https:\\\/\\\/paintnprogress.art\\\/wp-content\\\/uploads\\\/2025\\\/01\\\/512.webp\",\"width\":512,\"height\":512,\"caption\":\"Paint&Progress\"},\"image\":{\"@id\":\"https:\\\/\\\/paintnprogress.art\\\/#\\\/schema\\\/logo\\\/image\\\/\"},\"sameAs\":[\"https:\\\/\\\/www.facebook.com\\\/paintnprogressart\",\"https:\\\/\\\/www.youtube.com\\\/@PaintAndProgressArt\",\"https:\\\/\\\/www.tiktok.com\\\/@paint_and_progress?lang=lv\"]}]}<\/script>\n<!-- \/ Yoast SEO plugin. -->","yoast_head_json":{"title":"Mal-Meisterkurs f\u00fcr Kinder ab 5 Jahren - paintnprogress.art","description":"Mal-Meisterkurs f\u00fcr Kinder ab 5 Jahren. Unterricht im Atelier, auf Reisen und im Freien. Feste, Geburtstage und kreative Aktivit\u00e4ten f\u00fcr Kinder in Riga und Lettland.","robots":{"index":"index","follow":"follow","max-snippet":"max-snippet:-1","max-image-preview":"max-image-preview:large","max-video-preview":"max-video-preview:-1"},"canonical":"https:\/\/paintnprogress.art\/de\/produkt-2\/malmeisterkurs-fur-kinder-5\/","og_locale":"de_DE","og_type":"article","og_title":"Glezno\u0161anas Meistarklase B\u0113rniem 5+ - paintnprogress.art","og_description":"Glezno\u0161anas meistarklase b\u0113rniem 5+. Nodarb\u012bbas studij\u0101, izbraukumos un plen\u0113ros. Ball\u012btes, dzim\u0161anas dienas un rado\u0161as aktivit\u0101tes b\u0113rniem R\u012bg\u0101 un Latvij\u0101.","og_url":"https:\/\/paintnprogress.art\/de\/produkt-2\/malmeisterkurs-fur-kinder-5\/","og_site_name":"paintnprogress.art","article_publisher":"https:\/\/www.facebook.com\/paintnprogressart","article_modified_time":"2026-04-24T06:45:33+00:00","og_image":[{"width":2501,"height":2560,"url":"https:\/\/paintnprogress.art\/wp-content\/uploads\/2025\/07\/Gleznosanasmeistarklaseberniem-scaled.webp","type":"image\/webp"}],"twitter_card":"summary_large_image","twitter_misc":{"Gesch\u00e4tzte Lesezeit":"2\u00a0Minuten"},"schema":{"@context":"https:\/\/schema.org","@graph":[{"@type":"WebPage","@id":"https:\/\/paintnprogress.art\/lv\/product\/gleznosanas-meistarklase-berniem-5\/","url":"https:\/\/paintnprogress.art\/lv\/product\/gleznosanas-meistarklase-berniem-5\/","name":"Mal-Meisterkurs f\u00fcr Kinder ab 5 Jahren - paintnprogress.art","isPartOf":{"@id":"https:\/\/paintnprogress.art\/#website"},"primaryImageOfPage":{"@id":"https:\/\/paintnprogress.art\/lv\/product\/gleznosanas-meistarklase-berniem-5\/#primaryimage"},"image":{"@id":"https:\/\/paintnprogress.art\/lv\/product\/gleznosanas-meistarklase-berniem-5\/#primaryimage"},"thumbnailUrl":"https:\/\/paintnprogress.art\/wp-content\/uploads\/2025\/07\/Gleznosanasmeistarklaseberniem-scaled.webp","datePublished":"2025-07-03T02:50:28+00:00","dateModified":"2026-04-24T06:45:33+00:00","description":"Mal-Meisterkurs f\u00fcr Kinder ab 5 Jahren. Unterricht im Atelier, auf Reisen und im Freien. Feste, Geburtstage und kreative Aktivit\u00e4ten f\u00fcr Kinder in Riga und Lettland.","breadcrumb":{"@id":"https:\/\/paintnprogress.art\/lv\/product\/gleznosanas-meistarklase-berniem-5\/#breadcrumb"},"inLanguage":"de","potentialAction":[{"@type":"ReadAction","target":["https:\/\/paintnprogress.art\/lv\/product\/gleznosanas-meistarklase-berniem-5\/"]}]},{"@type":"ImageObject","inLanguage":"de","@id":"https:\/\/paintnprogress.art\/lv\/product\/gleznosanas-meistarklase-berniem-5\/#primaryimage","url":"https:\/\/paintnprogress.art\/wp-content\/uploads\/2025\/07\/Gleznosanasmeistarklaseberniem-scaled.webp","contentUrl":"https:\/\/paintnprogress.art\/wp-content\/uploads\/2025\/07\/Gleznosanasmeistarklaseberniem-scaled.webp","width":2501,"height":2560,"caption":"Glezno\u0161anas+meistarklase+b\u0113rniem"},{"@type":"BreadcrumbList","@id":"https:\/\/paintnprogress.art\/lv\/product\/gleznosanas-meistarklase-berniem-5\/#breadcrumb","itemListElement":[{"@type":"ListItem","position":1,"name":"Home","item":"https:\/\/paintnprogress.art\/"},{"@type":"ListItem","position":2,"name":"Shop","item":"https:\/\/paintnprogress.art\/shop\/"},{"@type":"ListItem","position":3,"name":"Glezno\u0161anas Meistarklase B\u0113rniem 5+"}]},{"@type":"WebSite","@id":"https:\/\/paintnprogress.art\/#website","url":"https:\/\/paintnprogress.art\/","name":"paintnprogress.art","description":"Malunterricht","publisher":{"@id":"https:\/\/paintnprogress.art\/#organization"},"potentialAction":[{"@type":"SearchAction","target":{"@type":"EntryPoint","urlTemplate":"https:\/\/paintnprogress.art\/?s={search_term_string}"},"query-input":{"@type":"PropertyValueSpecification","valueRequired":true,"valueName":"search_term_string"}}],"inLanguage":"de"},{"@type":"Organization","@id":"https:\/\/paintnprogress.art\/#organization","name":"Paint&amp;Progress","alternateName":"Paint and Progress","url":"https:\/\/paintnprogress.art\/","logo":{"@type":"ImageObject","inLanguage":"de","@id":"https:\/\/paintnprogress.art\/#\/schema\/logo\/image\/","url":"https:\/\/paintnprogress.art\/wp-content\/uploads\/2025\/01\/512.webp","contentUrl":"https:\/\/paintnprogress.art\/wp-content\/uploads\/2025\/01\/512.webp","width":512,"height":512,"caption":"Paint&Progress"},"image":{"@id":"https:\/\/paintnprogress.art\/#\/schema\/logo\/image\/"},"sameAs":["https:\/\/www.facebook.com\/paintnprogressart","https:\/\/www.youtube.com\/@PaintAndProgressArt","https:\/\/www.tiktok.com\/@paint_and_progress?lang=lv"]}]}},"uagb_featured_image_src":{"full":["https:\/\/paintnprogress.art\/wp-content\/uploads\/2025\/07\/Gleznosanasmeistarklaseberniem-scaled.webp",2501,2560,false],"thumbnail":["https:\/\/paintnprogress.art\/wp-content\/uploads\/2025\/07\/Gleznosanasmeistarklaseberniem-150x150.webp",150,150,true],"medium":["https:\/\/paintnprogress.art\/wp-content\/uploads\/2025\/07\/Gleznosanasmeistarklaseberniem-293x300.webp",293,300,true],"medium_large":["https:\/\/paintnprogress.art\/wp-content\/uploads\/2025\/07\/Gleznosanasmeistarklaseberniem-768x786.webp",768,786,true],"large":["https:\/\/paintnprogress.art\/wp-content\/uploads\/2025\/07\/Gleznosanasmeistarklaseberniem-1000x1024.webp",1000,1024,true],"1536x1536":["https:\/\/paintnprogress.art\/wp-content\/uploads\/2025\/07\/Gleznosanasmeistarklaseberniem-1501x1536.webp",1501,1536,true],"2048x2048":["https:\/\/paintnprogress.art\/wp-content\/uploads\/2025\/07\/Gleznosanasmeistarklaseberniem-2001x2048.webp",2001,2048,true],"trp-custom-language-flag":["https:\/\/paintnprogress.art\/wp-content\/uploads\/2025\/07\/Gleznosanasmeistarklaseberniem-12x12.webp",12,12,true],"woocommerce_thumbnail":["https:\/\/paintnprogress.art\/wp-content\/uploads\/2025\/07\/Gleznosanasmeistarklaseberniem-300x300.webp",300,300,true],"woocommerce_single":["https:\/\/paintnprogress.art\/wp-content\/uploads\/2025\/07\/Gleznosanasmeistarklaseberniem-600x614.webp",600,614,true],"woocommerce_gallery_thumbnail":["https:\/\/paintnprogress.art\/wp-content\/uploads\/2025\/07\/Gleznosanasmeistarklaseberniem-100x100.webp",100,100,true]},"uagb_author_info":{"display_name":"Dzintars Kalnins","author_link":"https:\/\/paintnprogress.art\/de\/author\/"},"uagb_comment_info":2,"uagb_excerpt":"Glezno\u0161anas meistarklase b\u0113rniem - Rado\u0161as nodarb\u012bbas, dzim\u0161anas dienas ball\u012btes, izbraukumi un plen\u0113ri br\u012bv\u0101 dab\u0101 ar Paint &amp; Progress (nodarb\u012bbas ilgums 90 - 120 min\u016btes) Paint &amp; Progress Meistarklases atlai\u017eu sist\u0113ma Personas Atlaide (\u20ac \/ pers.) 3 personas \u2013 \u20ac33.00 4 personas -5% \u20ac31.00 5 personas -10% \u20ac30.00 6 personas -15% \u20ac28.00 7 personas -20% \u20ac26.00&hellip;","_links":{"self":[{"href":"https:\/\/paintnprogress.art\/de\/wp-json\/wp\/v2\/product\/5587","targetHints":{"allow":["GET"]}}],"collection":[{"href":"https:\/\/paintnprogress.art\/de\/wp-json\/wp\/v2\/product"}],"about":[{"href":"https:\/\/paintnprogress.art\/de\/wp-json\/wp\/v2\/types\/product"}],"replies":[{"embeddable":true,"href":"https:\/\/paintnprogress.art\/de\/wp-json\/wp\/v2\/comments?post=5587"}],"wp:featuredmedia":[{"embeddable":true,"href":"https:\/\/paintnprogress.art\/de\/wp-json\/wp\/v2\/media\/7639"}],"wp:attachment":[{"href":"https:\/\/paintnprogress.art\/de\/wp-json\/wp\/v2\/media?parent=5587"}],"wp:term":[{"taxonomy":"product_brand","embeddable":true,"href":"https:\/\/paintnprogress.art\/de\/wp-json\/wp\/v2\/product_brand?post=5587"},{"taxonomy":"product_cat","embeddable":true,"href":"https:\/\/paintnprogress.art\/de\/wp-json\/wp\/v2\/product_cat?post=5587"},{"taxonomy":"product_tag","embeddable":true,"href":"https:\/\/paintnprogress.art\/de\/wp-json\/wp\/v2\/product_tag?post=5587"}],"curies":[{"name":"wp","href":"https:\/\/api.w.org\/{rel}","templated":true}]}}