{"id":5551,"date":"2025-07-01T04:46:39","date_gmt":"2025-07-01T04:46:39","guid":{"rendered":"https:\/\/paintnprogress.art\/?post_type=product&#038;p=5551"},"modified":"2025-07-01T05:48:01","modified_gmt":"2025-07-01T05:48:01","slug":"d-berg-mini-gemalde","status":"publish","type":"product","link":"https:\/\/paintnprogress.art\/de\/product\/d-kalnina-mini-gleznas\/","title":{"rendered":"D.Kalni\u0146\u0161 Mini-Gem\u00e4lde"},"content":{"rendered":"<h2 data-start=\"212\" data-end=\"277\"><strong data-start=\"218\" data-end=\"277\">Mini-Gem\u00e4lde \u2013 Eine Sammlung von Originalwerken von Dzintars Kalni\u0146\u0161<\/strong><\/h2>\n<h3 data-start=\"2468\" data-end=\"2499\"><strong data-start=\"2475\" data-end=\"2499\">Produktinformationen:<\/strong><\/h3>\n<ul data-start=\"2501\" data-end=\"2645\">\n<li data-start=\"2501\" data-end=\"2529\">\n<p data-start=\"2503\" data-end=\"2529\"><strong data-start=\"2503\" data-end=\"2514\">Gr\u00f6\u00dfe:<\/strong> 7,5 x 7,5 cm<\/p>\n<\/li>\n<li data-start=\"2530\" data-end=\"2581\">\n<p data-start=\"2532\" data-end=\"2581\"><strong data-start=\"2532\" data-end=\"2546\">Materialien:<\/strong> Leinwand, Acryl<\/p>\n<\/li>\n<li data-start=\"2582\" data-end=\"2614\">\n<p data-start=\"2584\" data-end=\"2614\"><strong data-start=\"2584\" data-end=\"2595\">Autor:<\/strong> Dzintars Kalnins<\/p>\n<\/li>\n<li data-start=\"2615\" data-end=\"2645\">\n<p data-start=\"2617\" data-end=\"2645\"><strong data-start=\"2617\" data-end=\"2630\">Galerie:<\/strong> Paint&amp;Progress<\/p>\n<\/li>\n<li data-start=\"2615\" data-end=\"2645\"><strong>Jahr 2025<\/strong><\/li>\n<\/ul>\n<hr data-start=\"297\" data-end=\"300\" \/>\n<h3 data-start=\"279\" data-end=\"319\"><strong data-start=\"287\" data-end=\"319\">Kleines Format, gro\u00dfe Energie<\/strong><\/h3>\n<p data-start=\"321\" data-end=\"723\"><strong data-start=\"321\" data-end=\"337\">Mini-Gem\u00e4lde<\/strong> (7,5 x 7,5 cm) ist eine besondere Sammlung von Kunstwerken eines lettischen Malers <strong data-start=\"409\" data-end=\"429\">Dzintara Kalnins<\/strong>, direkt erstellt <strong data-start=\"448\" data-end=\"476\">Paint&amp;Progress f\u00fcr die Galerie<\/strong>Jedes Werk dieser Serie ist wie ein kleines Portal zur Welt des K\u00fcnstlers, seinen Gef\u00fchlen und seiner Philosophie. Dzintars schafft es, selbst auf der kleinsten Leinwand so viel Licht, Schatten, Gedanken und Farben unterzubringen, dass diese Mini-Gem\u00e4lde zu vollwertigen Kunstgeschichten werden.<\/p>\n<h3 data-start=\"725\" data-end=\"783\"><strong data-start=\"732\" data-end=\"783\">Warum sollten Sie sich f\u00fcr Minigem\u00e4lde von Dzintars Kalni\u0146\u0161 entscheiden?<\/strong><\/h3>\n<p data-start=\"785\" data-end=\"1124\">Dzintars Kalni\u0146\u0161 ist bekannt f\u00fcr seinen ausdrucksstarken Pinselstrich, seine kr\u00e4ftigen Farbkombinationen und seine F\u00e4higkeit, selbst in kleinen Formaten eine tiefe Stimmung zu erzeugen. Seine Kunst ist <strong data-start=\"943\" data-end=\"993\">\u00fcber Licht und Schatten, \u00fcber Kontraste und Momente<\/strong>, die wir im Alltag nicht bemerken. Jedes Mini-Gem\u00e4lde tr\u00e4gt eine einzigartige Geschichte und Energie, die zu einem besonderen Akzent in Ihrem Wohnraum werden kann.<\/p>\n<ul data-start=\"1126\" data-end=\"1457\">\n<li data-start=\"1126\" data-end=\"1221\">\n<p data-start=\"1128\" data-end=\"1221\">\ud83d\udfe1 <strong data-start=\"1131\" data-end=\"1148\">Originalarbeit<\/strong> \u2013 jedes Mini-Gem\u00e4lde ist ein einzigartiges Kunstwerk, keine Reproduktion<\/p>\n<\/li>\n<li data-start=\"1222\" data-end=\"1311\">\n<p data-start=\"1224\" data-end=\"1311\">\ud83d\udfe2 <strong data-start=\"1227\" data-end=\"1245\">Perfekt f\u00fcr ein Geschenk<\/strong> \u2013 geeignet sowohl f\u00fcr Kunstsammler als auch f\u00fcr Freunde und Familie<\/p>\n<\/li>\n<li data-start=\"1312\" data-end=\"1457\">\n<p data-start=\"1314\" data-end=\"1457\">\ud83d\udd35 <strong data-start=\"1317\" data-end=\"1352\">Setzen oder individuelle Akzente setzen<\/strong> \u2013 Mini-Gem\u00e4lde k\u00f6nnen miteinander kombiniert werden, um interessante Kompositionen an einer Wand, einem Regal oder einem Schreibtisch zu erstellen<\/p>\n<\/li>\n<\/ul>\n<h3 data-start=\"1459\" data-end=\"1510\"><strong data-start=\"1465\" data-end=\"1510\">Mini-Paintings \u2013 Spiel und Philosophie in einem<\/strong><\/h3>\n<p data-start=\"1512\" data-end=\"1836\">Die geringe Gr\u00f6\u00dfe (7,5 x 7,5 cm) macht diese Gem\u00e4lde besonders geeignet <strong data-start=\"1580\" data-end=\"1619\">f\u00fcr kleine R\u00e4ume oder kreative Ecken<\/strong>, die einen Lichtblick brauchen. Oftmals zeigen sie Motive aus der Kindheit, Spielzeuge, Tiere oder abstrakte Formen, die die Leichtigkeit und Verspieltheit des Lebens offenbaren, uns aber gleichzeitig zum Nachdenken \u00fcber tiefere Fragen anregen.<\/p>\n<p data-start=\"1838\" data-end=\"2013\">Dzintars Kalni\u0146\u0161 sucht in seiner Kunst Antworten auf die philosophischen Fragen des Lebens:<br data-start=\"1920\" data-end=\"1923\" \/><em data-start=\"1923\" data-end=\"2013\">Was sind Licht und Schatten in uns selbst? Wie verstehen wir eine Welt der Kontraste und Gegens\u00e4tze?<\/em><\/p>\n<h3 data-start=\"2015\" data-end=\"2074\"><strong data-start=\"2023\" data-end=\"2074\">\u00dcber Dzintars Kalni\u0146\u0161 und Paint&amp;Progress Gallery<\/strong><\/h3>\n<p data-start=\"2076\" data-end=\"2345\">Dzintars Kalni\u0146\u0161 ist ein lettischer K\u00fcnstler, dessen Malerei vereint <strong data-start=\"2144\" data-end=\"2192\">Impressionismus, Expressionismus und Abstraktion<\/strong>, wodurch eine einzigartige Handschrift entsteht. Seine Werke k\u00f6nnen besichtigt werden <strong data-start=\"2247\" data-end=\"2279\">Paint&amp;Progress-Galerie in Riga<\/strong>, wo auch Malkurse und Meisterkurse f\u00fcr Erwachsene stattfinden.<\/p>\n<hr data-start=\"2924\" data-end=\"2927\" \/>\n<h3 data-start=\"2929\" data-end=\"2949\"><strong data-start=\"2933\" data-end=\"2947\">\u00dcber den Autor<\/strong><\/h3>\n<p data-start=\"2950\" data-end=\"3035\">Lesen Sie mehr \u00fcber Dzintars Kalni\u0146\u0161 <a class=\"cursor-pointer\" href=\"https:\/\/paintnprogress.art\/de\/montagne-dambre-zwischen-licht-und-dunkelheit\/\" target=\"_new\" rel=\"noopener\" data-start=\"2984\" data-end=\"3034\">Hier<\/a>.<\/p>\n<p data-start=\"2141\" data-end=\"2253\">","protected":false},"excerpt":{"rendered":"<h4 data-start=\"212\" data-end=\"277\"><strong data-start=\"218\" data-end=\"277\">Mini-Gem\u00e4lde \u2013 Eine Sammlung von Originalwerken von Dzintars Kalni\u0146\u0161<\/strong><\/h4>\n<p data-start=\"279\" data-end=\"319\"><strong data-start=\"287\" data-end=\"319\">Kleines Format, gro\u00dfe Energie<\/strong><\/p>\n<p data-start=\"321\" data-end=\"723\"><strong data-start=\"321\" data-end=\"337\">Mini-Gem\u00e4lde<\/strong> (7,5 x 7,5 cm) ist eine besondere Sammlung von Kunstwerken eines lettischen Malers <strong data-start=\"409\" data-end=\"429\">Dzintara Kalnins<\/strong>, direkt erstellt <strong data-start=\"448\" data-end=\"476\">Paint&amp;Progress f\u00fcr die Galerie<\/strong>Jedes Werk dieser Serie ist wie eine kleine Portalt\u00fcr zur Welt des K\u00fcnstlers, seinen Gef\u00fchlen und seiner Philosophie.<\/p>\n<p>&nbsp;<\/p>","protected":false},"featured_media":5557,"comment_status":"open","ping_status":"closed","template":"","meta":{"_uag_custom_page_level_css":"","site-sidebar-layout":"default","site-content-layout":"","ast-site-content-layout":"default","site-content-style":"default","site-sidebar-style":"default","ast-global-header-display":"","ast-banner-title-visibility":"","ast-main-header-display":"","ast-hfb-above-header-display":"","ast-hfb-below-header-display":"","ast-hfb-mobile-header-display":"","site-post-title":"","ast-breadcrumbs-content":"","ast-featured-img":"","footer-sml-layout":"","ast-disable-related-posts":"","theme-transparent-header-meta":"default","adv-header-id-meta":"","stick-header-meta":"","header-above-stick-meta":"","header-main-stick-meta":"","header-below-stick-meta":"","astra-migrate-meta-layouts":"set","ast-page-background-enabled":"default","ast-page-background-meta":{"desktop":{"background-color":"","background-image":"","background-repeat":"repeat","background-position":"center center","background-size":"auto","background-attachment":"scroll","background-type":"","background-media":"","overlay-type":"","overlay-color":"","overlay-opacity":"","overlay-gradient":""},"tablet":{"background-color":"","background-image":"","background-repeat":"repeat","background-position":"center center","background-size":"auto","background-attachment":"scroll","background-type":"","background-media":"","overlay-type":"","overlay-color":"","overlay-opacity":"","overlay-gradient":""},"mobile":{"background-color":"","background-image":"","background-repeat":"repeat","background-position":"center center","background-size":"auto","background-attachment":"scroll","background-type":"","background-media":"","overlay-type":"","overlay-color":"","overlay-opacity":"","overlay-gradient":""}},"ast-content-background-meta":{"desktop":{"background-color":"var(--ast-global-color-5)","background-image":"","background-repeat":"repeat","background-position":"center center","background-size":"auto","background-attachment":"scroll","background-type":"","background-media":"","overlay-type":"","overlay-color":"","overlay-opacity":"","overlay-gradient":""},"tablet":{"background-color":"var(--ast-global-color-5)","background-image":"","background-repeat":"repeat","background-position":"center center","background-size":"auto","background-attachment":"scroll","background-type":"","background-media":"","overlay-type":"","overlay-color":"","overlay-opacity":"","overlay-gradient":""},"mobile":{"background-color":"var(--ast-global-color-5)","background-image":"","background-repeat":"repeat","background-position":"center center","background-size":"auto","background-attachment":"scroll","background-type":"","background-media":"","overlay-type":"","overlay-color":"","overlay-opacity":"","overlay-gradient":""}}},"product_brand":[],"product_cat":[37,36],"product_tag":[],"class_list":{"0":"post-5551","1":"product","2":"type-product","3":"status-publish","4":"has-post-thumbnail","6":"product_cat-dzintara-kalnina-gleznu-galerija","7":"product_cat-makslas-gara-galerija","8":"desktop-align-left","9":"tablet-align-left","10":"mobile-align-left","12":"first","13":"instock","14":"sold-individually","15":"shipping-taxable","16":"purchasable","17":"product-type-simple"},"yoast_head":"<!-- This site is optimized with the Yoast SEO plugin v27.5 - https:\/\/yoast.com\/product\/yoast-seo-wordpress\/ -->\n<title>D.Kalni\u0146a Mini-Gleznas - paintnprogress.art<\/title>\n<meta name=\"description\" content=\"D.Kalni\u0146a Mini-Gleznas, kolekcijas (7,5x7,5 cm) \u2013 ori\u0123in\u0101li un neatk\u0101rtojami m\u0101kslas darbi Tavai iedvesmai. Pieejams Paint&amp;Progress galerij\u0101.\" \/>\n<meta name=\"robots\" content=\"index, follow, max-snippet:-1, max-image-preview:large, max-video-preview:-1\" \/>\n<link rel=\"canonical\" href=\"https:\/\/paintnprogress.art\/de\/produkt-2\/d-berg-mini-gemalde\/\" \/>\n<meta property=\"og:locale\" content=\"de_DE\" \/>\n<meta property=\"og:type\" content=\"article\" \/>\n<meta property=\"og:title\" content=\"D.Kalni\u0146a Mini-Gleznas - paintnprogress.art\" \/>\n<meta property=\"og:description\" content=\"D.Kalni\u0146a Mini-Gleznas, kolekcijas (7,5x7,5 cm) \u2013 ori\u0123in\u0101li un neatk\u0101rtojami m\u0101kslas darbi Tavai iedvesmai. Pieejams Paint&amp;Progress galerij\u0101.\" \/>\n<meta property=\"og:url\" content=\"https:\/\/paintnprogress.art\/de\/produkt-2\/d-berg-mini-gemalde\/\" \/>\n<meta property=\"og:site_name\" content=\"paintnprogress.art\" \/>\n<meta property=\"article:publisher\" content=\"https:\/\/www.facebook.com\/paintnprogressart\" \/>\n<meta property=\"article:modified_time\" content=\"2025-07-01T05:48:01+00:00\" \/>\n<meta property=\"og:image\" content=\"https:\/\/paintnprogress.art\/wp-content\/uploads\/2025\/07\/MiniPainting1.webp\" \/>\n\t<meta property=\"og:image:width\" content=\"1500\" \/>\n\t<meta property=\"og:image:height\" content=\"1500\" \/>\n\t<meta property=\"og:image:type\" content=\"image\/webp\" \/>\n<meta name=\"twitter:card\" content=\"summary_large_image\" \/>\n<meta name=\"twitter:label1\" content=\"Gesch\u00e4tzte Lesezeit\" \/>\n\t<meta name=\"twitter:data1\" content=\"2\u00a0Minuten\" \/>\n<script type=\"application\/ld+json\" class=\"yoast-schema-graph\">{\"@context\":\"https:\\\/\\\/schema.org\",\"@graph\":[{\"@type\":\"WebPage\",\"@id\":\"https:\\\/\\\/paintnprogress.art\\\/lv\\\/product\\\/d-kalnina-mini-gleznas\\\/\",\"url\":\"https:\\\/\\\/paintnprogress.art\\\/lv\\\/product\\\/d-kalnina-mini-gleznas\\\/\",\"name\":\"D.Kalni\u0146a Mini-Gleznas - paintnprogress.art\",\"isPartOf\":{\"@id\":\"https:\\\/\\\/paintnprogress.art\\\/#website\"},\"primaryImageOfPage\":{\"@id\":\"https:\\\/\\\/paintnprogress.art\\\/lv\\\/product\\\/d-kalnina-mini-gleznas\\\/#primaryimage\"},\"image\":{\"@id\":\"https:\\\/\\\/paintnprogress.art\\\/lv\\\/product\\\/d-kalnina-mini-gleznas\\\/#primaryimage\"},\"thumbnailUrl\":\"https:\\\/\\\/paintnprogress.art\\\/wp-content\\\/uploads\\\/2025\\\/07\\\/MiniPainting1.webp\",\"datePublished\":\"2025-07-01T04:46:39+00:00\",\"dateModified\":\"2025-07-01T05:48:01+00:00\",\"description\":\"D.Kalni\u0146a Mini-Gleznas, kolekcijas (7,5x7,5 cm) \u2013 ori\u0123in\u0101li un neatk\u0101rtojami m\u0101kslas darbi Tavai iedvesmai. Pieejams Paint&Progress galerij\u0101.\",\"breadcrumb\":{\"@id\":\"https:\\\/\\\/paintnprogress.art\\\/lv\\\/product\\\/d-kalnina-mini-gleznas\\\/#breadcrumb\"},\"inLanguage\":\"de\",\"potentialAction\":[{\"@type\":\"ReadAction\",\"target\":[\"https:\\\/\\\/paintnprogress.art\\\/lv\\\/product\\\/d-kalnina-mini-gleznas\\\/\"]}]},{\"@type\":\"ImageObject\",\"inLanguage\":\"de\",\"@id\":\"https:\\\/\\\/paintnprogress.art\\\/lv\\\/product\\\/d-kalnina-mini-gleznas\\\/#primaryimage\",\"url\":\"https:\\\/\\\/paintnprogress.art\\\/wp-content\\\/uploads\\\/2025\\\/07\\\/MiniPainting1.webp\",\"contentUrl\":\"https:\\\/\\\/paintnprogress.art\\\/wp-content\\\/uploads\\\/2025\\\/07\\\/MiniPainting1.webp\",\"width\":1500,\"height\":1500,\"caption\":\"D.Kalni\u0146a Mini-Gleznas\"},{\"@type\":\"BreadcrumbList\",\"@id\":\"https:\\\/\\\/paintnprogress.art\\\/lv\\\/product\\\/d-kalnina-mini-gleznas\\\/#breadcrumb\",\"itemListElement\":[{\"@type\":\"ListItem\",\"position\":1,\"name\":\"Home\",\"item\":\"https:\\\/\\\/paintnprogress.art\\\/\"},{\"@type\":\"ListItem\",\"position\":2,\"name\":\"Shop\",\"item\":\"https:\\\/\\\/paintnprogress.art\\\/shop\\\/\"},{\"@type\":\"ListItem\",\"position\":3,\"name\":\"D.Kalni\u0146a Mini-Gleznas\"}]},{\"@type\":\"WebSite\",\"@id\":\"https:\\\/\\\/paintnprogress.art\\\/#website\",\"url\":\"https:\\\/\\\/paintnprogress.art\\\/\",\"name\":\"paintnprogress.art\",\"description\":\"Glezno\u0161anas Nodarb\u012bbas\",\"publisher\":{\"@id\":\"https:\\\/\\\/paintnprogress.art\\\/#organization\"},\"potentialAction\":[{\"@type\":\"SearchAction\",\"target\":{\"@type\":\"EntryPoint\",\"urlTemplate\":\"https:\\\/\\\/paintnprogress.art\\\/?s={search_term_string}\"},\"query-input\":{\"@type\":\"PropertyValueSpecification\",\"valueRequired\":true,\"valueName\":\"search_term_string\"}}],\"inLanguage\":\"de\"},{\"@type\":\"Organization\",\"@id\":\"https:\\\/\\\/paintnprogress.art\\\/#organization\",\"name\":\"Paint&Progress\",\"alternateName\":\"Paint and Progress\",\"url\":\"https:\\\/\\\/paintnprogress.art\\\/\",\"logo\":{\"@type\":\"ImageObject\",\"inLanguage\":\"de\",\"@id\":\"https:\\\/\\\/paintnprogress.art\\\/#\\\/schema\\\/logo\\\/image\\\/\",\"url\":\"https:\\\/\\\/paintnprogress.art\\\/wp-content\\\/uploads\\\/2025\\\/01\\\/512.webp\",\"contentUrl\":\"https:\\\/\\\/paintnprogress.art\\\/wp-content\\\/uploads\\\/2025\\\/01\\\/512.webp\",\"width\":512,\"height\":512,\"caption\":\"Paint&Progress\"},\"image\":{\"@id\":\"https:\\\/\\\/paintnprogress.art\\\/#\\\/schema\\\/logo\\\/image\\\/\"},\"sameAs\":[\"https:\\\/\\\/www.facebook.com\\\/paintnprogressart\",\"https:\\\/\\\/www.youtube.com\\\/@PaintAndProgressArt\",\"https:\\\/\\\/www.tiktok.com\\\/@paint_and_progress?lang=lv\"]}]}<\/script>\n<!-- \/ Yoast SEO plugin. -->","yoast_head_json":{"title":"D. Kalni\u0146a Mini-Gem\u00e4lde - paintnprogress.art","description":"D. Kalni\u0146\u0161 Mini-Gem\u00e4lde, Sammlungen (7,5 x 7,5 cm) \u2013 originelle und einzigartige Kunstwerke zur Inspiration. Erh\u00e4ltlich in der Paint&amp;Progress-Galerie.","robots":{"index":"index","follow":"follow","max-snippet":"max-snippet:-1","max-image-preview":"max-image-preview:large","max-video-preview":"max-video-preview:-1"},"canonical":"https:\/\/paintnprogress.art\/de\/produkt-2\/d-berg-mini-gemalde\/","og_locale":"de_DE","og_type":"article","og_title":"D.Kalni\u0146a Mini-Gleznas - paintnprogress.art","og_description":"D.Kalni\u0146a Mini-Gleznas, kolekcijas (7,5x7,5 cm) \u2013 ori\u0123in\u0101li un neatk\u0101rtojami m\u0101kslas darbi Tavai iedvesmai. Pieejams Paint&Progress galerij\u0101.","og_url":"https:\/\/paintnprogress.art\/de\/produkt-2\/d-berg-mini-gemalde\/","og_site_name":"paintnprogress.art","article_publisher":"https:\/\/www.facebook.com\/paintnprogressart","article_modified_time":"2025-07-01T05:48:01+00:00","og_image":[{"width":1500,"height":1500,"url":"https:\/\/paintnprogress.art\/wp-content\/uploads\/2025\/07\/MiniPainting1.webp","type":"image\/webp"}],"twitter_card":"summary_large_image","twitter_misc":{"Gesch\u00e4tzte Lesezeit":"2\u00a0Minuten"},"schema":{"@context":"https:\/\/schema.org","@graph":[{"@type":"WebPage","@id":"https:\/\/paintnprogress.art\/lv\/product\/d-kalnina-mini-gleznas\/","url":"https:\/\/paintnprogress.art\/lv\/product\/d-kalnina-mini-gleznas\/","name":"D. Kalni\u0146a Mini-Gem\u00e4lde - paintnprogress.art","isPartOf":{"@id":"https:\/\/paintnprogress.art\/#website"},"primaryImageOfPage":{"@id":"https:\/\/paintnprogress.art\/lv\/product\/d-kalnina-mini-gleznas\/#primaryimage"},"image":{"@id":"https:\/\/paintnprogress.art\/lv\/product\/d-kalnina-mini-gleznas\/#primaryimage"},"thumbnailUrl":"https:\/\/paintnprogress.art\/wp-content\/uploads\/2025\/07\/MiniPainting1.webp","datePublished":"2025-07-01T04:46:39+00:00","dateModified":"2025-07-01T05:48:01+00:00","description":"D. Kalni\u0146\u0161 Mini-Gem\u00e4lde, Sammlungen (7,5 x 7,5 cm) \u2013 originelle und einzigartige Kunstwerke zur Inspiration. Erh\u00e4ltlich in der Paint&amp;Progress-Galerie.","breadcrumb":{"@id":"https:\/\/paintnprogress.art\/lv\/product\/d-kalnina-mini-gleznas\/#breadcrumb"},"inLanguage":"de","potentialAction":[{"@type":"ReadAction","target":["https:\/\/paintnprogress.art\/lv\/product\/d-kalnina-mini-gleznas\/"]}]},{"@type":"ImageObject","inLanguage":"de","@id":"https:\/\/paintnprogress.art\/lv\/product\/d-kalnina-mini-gleznas\/#primaryimage","url":"https:\/\/paintnprogress.art\/wp-content\/uploads\/2025\/07\/MiniPainting1.webp","contentUrl":"https:\/\/paintnprogress.art\/wp-content\/uploads\/2025\/07\/MiniPainting1.webp","width":1500,"height":1500,"caption":"D.Kalni\u0146a Mini-Gleznas"},{"@type":"BreadcrumbList","@id":"https:\/\/paintnprogress.art\/lv\/product\/d-kalnina-mini-gleznas\/#breadcrumb","itemListElement":[{"@type":"ListItem","position":1,"name":"Home","item":"https:\/\/paintnprogress.art\/"},{"@type":"ListItem","position":2,"name":"Shop","item":"https:\/\/paintnprogress.art\/shop\/"},{"@type":"ListItem","position":3,"name":"D.Kalni\u0146a Mini-Gleznas"}]},{"@type":"WebSite","@id":"https:\/\/paintnprogress.art\/#website","url":"https:\/\/paintnprogress.art\/","name":"paintnprogress.art","description":"Malunterricht","publisher":{"@id":"https:\/\/paintnprogress.art\/#organization"},"potentialAction":[{"@type":"SearchAction","target":{"@type":"EntryPoint","urlTemplate":"https:\/\/paintnprogress.art\/?s={search_term_string}"},"query-input":{"@type":"PropertyValueSpecification","valueRequired":true,"valueName":"search_term_string"}}],"inLanguage":"de"},{"@type":"Organization","@id":"https:\/\/paintnprogress.art\/#organization","name":"Paint&amp;Progress","alternateName":"Paint and Progress","url":"https:\/\/paintnprogress.art\/","logo":{"@type":"ImageObject","inLanguage":"de","@id":"https:\/\/paintnprogress.art\/#\/schema\/logo\/image\/","url":"https:\/\/paintnprogress.art\/wp-content\/uploads\/2025\/01\/512.webp","contentUrl":"https:\/\/paintnprogress.art\/wp-content\/uploads\/2025\/01\/512.webp","width":512,"height":512,"caption":"Paint&Progress"},"image":{"@id":"https:\/\/paintnprogress.art\/#\/schema\/logo\/image\/"},"sameAs":["https:\/\/www.facebook.com\/paintnprogressart","https:\/\/www.youtube.com\/@PaintAndProgressArt","https:\/\/www.tiktok.com\/@paint_and_progress?lang=lv"]}]}},"uagb_featured_image_src":{"full":["https:\/\/paintnprogress.art\/wp-content\/uploads\/2025\/07\/MiniPainting1.webp",1500,1500,false],"thumbnail":["https:\/\/paintnprogress.art\/wp-content\/uploads\/2025\/07\/MiniPainting1-150x150.webp",150,150,true],"medium":["https:\/\/paintnprogress.art\/wp-content\/uploads\/2025\/07\/MiniPainting1-300x300.webp",300,300,true],"medium_large":["https:\/\/paintnprogress.art\/wp-content\/uploads\/2025\/07\/MiniPainting1-768x768.webp",768,768,true],"large":["https:\/\/paintnprogress.art\/wp-content\/uploads\/2025\/07\/MiniPainting1-1024x1024.webp",1024,1024,true],"1536x1536":["https:\/\/paintnprogress.art\/wp-content\/uploads\/2025\/07\/MiniPainting1.webp",1500,1500,false],"2048x2048":["https:\/\/paintnprogress.art\/wp-content\/uploads\/2025\/07\/MiniPainting1.webp",1500,1500,false],"trp-custom-language-flag":["https:\/\/paintnprogress.art\/wp-content\/uploads\/2025\/07\/MiniPainting1-12x12.webp",12,12,true],"woocommerce_thumbnail":["https:\/\/paintnprogress.art\/wp-content\/uploads\/2025\/07\/MiniPainting1-300x300.webp",300,300,true],"woocommerce_single":["https:\/\/paintnprogress.art\/wp-content\/uploads\/2025\/07\/MiniPainting1-600x600.webp",600,600,true],"woocommerce_gallery_thumbnail":["https:\/\/paintnprogress.art\/wp-content\/uploads\/2025\/07\/MiniPainting1-100x100.webp",100,100,true]},"uagb_author_info":{"display_name":"Dzintars Kalnins","author_link":"https:\/\/paintnprogress.art\/de\/author\/"},"uagb_comment_info":0,"uagb_excerpt":"Mini-Gleznas \u2013 Dzintara Kalni\u0146a ori\u0123in\u0101ldarbu kolekcija Mazs form\u0101ts, liela ener\u0123ija Mini-Gleznas (7,5 x 7,5 cm) ir \u012bpa\u0161a m\u0101kslas darbu kolekcija no latvie\u0161u gleznot\u0101ja Dzintara Kalni\u0146a, kas rad\u012bta tie\u0161i Paint&amp;Progress galerijai. Katrs darbs \u0161aj\u0101 s\u0113rij\u0101 ir k\u0101 maza port\u0101la durvis uz m\u0101kslinieka pasauli, vi\u0146a izj\u016bt\u0101m un filozofiju. &nbsp;","_links":{"self":[{"href":"https:\/\/paintnprogress.art\/de\/wp-json\/wp\/v2\/product\/5551","targetHints":{"allow":["GET"]}}],"collection":[{"href":"https:\/\/paintnprogress.art\/de\/wp-json\/wp\/v2\/product"}],"about":[{"href":"https:\/\/paintnprogress.art\/de\/wp-json\/wp\/v2\/types\/product"}],"replies":[{"embeddable":true,"href":"https:\/\/paintnprogress.art\/de\/wp-json\/wp\/v2\/comments?post=5551"}],"wp:featuredmedia":[{"embeddable":true,"href":"https:\/\/paintnprogress.art\/de\/wp-json\/wp\/v2\/media\/5557"}],"wp:attachment":[{"href":"https:\/\/paintnprogress.art\/de\/wp-json\/wp\/v2\/media?parent=5551"}],"wp:term":[{"taxonomy":"product_brand","embeddable":true,"href":"https:\/\/paintnprogress.art\/de\/wp-json\/wp\/v2\/product_brand?post=5551"},{"taxonomy":"product_cat","embeddable":true,"href":"https:\/\/paintnprogress.art\/de\/wp-json\/wp\/v2\/product_cat?post=5551"},{"taxonomy":"product_tag","embeddable":true,"href":"https:\/\/paintnprogress.art\/de\/wp-json\/wp\/v2\/product_tag?post=5551"}],"curies":[{"name":"wp","href":"https:\/\/api.w.org\/{rel}","templated":true}]}}