{"id":3363,"date":"2025-04-19T18:39:54","date_gmt":"2025-04-19T18:39:54","guid":{"rendered":"https:\/\/paintnprogress.art\/?post_type=product&#038;p=3363"},"modified":"2026-04-20T19:18:50","modified_gmt":"2026-04-20T19:18:50","slug":"kleine-palette","status":"publish","type":"product","link":"https:\/\/paintnprogress.art\/de\/product\/maza-palete\/","title":{"rendered":"KLEINE PALETTE \u2013 Malkurs f\u00fcr Kinder mit A. Simtnieci"},"content":{"rendered":"<h3 class=\"\" data-start=\"180\" data-end=\"225\">Kleine Palette \u2013 zur Entwicklung der Kreativit\u00e4t von Kindern<\/h3>\n<p class=\"\" data-start=\"227\" data-end=\"511\"><strong data-start=\"227\" data-end=\"244\">\u201eKleine Palette\u201c<\/strong> ist ein s\u00fc\u00dfes und inspirierendes Kunstkursprogramm f\u00fcr Kinder im Alter von <strong data-start=\"315\" data-end=\"335\">5 bis 12 Jahre<\/strong>In diesen Kursen geht es nicht nur um Malen oder Zeichnen \u2013 sie sind eine Reise in die Welt der Fantasie, Gef\u00fchle und des Selbstbildes eines Kindes.<\/p>\n<p class=\"\" data-start=\"513\" data-end=\"777\">Wir glauben, dass <strong data-start=\"530\" data-end=\"555\">jedes Kind ist kreativ<\/strong>, und die Hauptaufgabe besteht darin, diesen kreativen Funken in einer sicheren und ermutigenden Umgebung entz\u00fcnden zu lassen. In der \u201eLittle Palette\u201c m\u00fcssen Kinder nicht wissen, \u201ewie man es richtig macht\u201c \u2013 sie werden ermutigt, selbst zu denken, zu experimentieren und ihre eigene Handschrift zu finden.<\/p>\n<hr class=\"\" data-start=\"779\" data-end=\"782\" \/>\n<h3 class=\"\" data-start=\"784\" data-end=\"803\">\u2728 Was machen wir?<\/h3>\n<ul data-start=\"805\" data-end=\"1167\">\n<li class=\"\" data-start=\"805\" data-end=\"869\">\n<p class=\"\" data-start=\"807\" data-end=\"869\">Erlernen der Grundlagen: Linie, Form, Komposition und Farbsinn<\/p>\n<\/li>\n<li class=\"\" data-start=\"870\" data-end=\"949\">\n<p class=\"\" data-start=\"872\" data-end=\"949\">Wir arbeiten mit verschiedenen Materialien \u2013 Aquarell, Filzstift, Gouache und Bleistift.<\/p>\n<\/li>\n<li class=\"\" data-start=\"950\" data-end=\"1041\">\n<p class=\"\" data-start=\"952\" data-end=\"1041\">Wir verwenden <strong data-start=\"963\" data-end=\"1001\">speziell konzipierte \u00dcbungen<\/strong>entwickeln <strong data-start=\"1017\" data-end=\"1039\">Fantasie und Kreativit\u00e4t<\/strong><\/p>\n<\/li>\n<li class=\"\" data-start=\"1042\" data-end=\"1110\">\n<p class=\"\" data-start=\"1044\" data-end=\"1110\">Wir lernen zu beobachten, Details wahrzunehmen und Geschichten durch Bilder zu erz\u00e4hlen.<\/p>\n<\/li>\n<li class=\"\" data-start=\"1111\" data-end=\"1167\">\n<p class=\"\" data-start=\"1113\" data-end=\"1167\">Wir teilen unsere Arbeit und lernen, die Ideen des anderen zu respektieren.<\/p>\n<\/li>\n<\/ul>\n<hr class=\"\" data-start=\"1169\" data-end=\"1172\" \/>\n<h3 class=\"\" data-start=\"1174\" data-end=\"1201\">\ud83d\udc9b Warum \u201eKleine Palette\u201c?<\/h3>\n<ul data-start=\"1203\" data-end=\"1471\">\n<li class=\"\" data-start=\"1203\" data-end=\"1267\">\n<p class=\"\" data-start=\"1205\" data-end=\"1267\">Keine Vorkenntnisse erforderlich \u2013 <strong data-start=\"1238\" data-end=\"1265\">jeder kann mitmachen<\/strong><\/p>\n<\/li>\n<li class=\"\" data-start=\"1268\" data-end=\"1335\">\n<p class=\"\" data-start=\"1270\" data-end=\"1335\">Der Unterricht ist gepr\u00e4gt von <strong data-start=\"1287\" data-end=\"1333\">positive, unterst\u00fctzende und spielerische Atmosph\u00e4re<\/strong><\/p>\n<\/li>\n<li class=\"\" data-start=\"1336\" data-end=\"1378\">\n<p class=\"\" data-start=\"1338\" data-end=\"1378\">Jedes Kind erh\u00e4lt individuelle Betreuung<\/p>\n<\/li>\n<li class=\"\" data-start=\"1379\" data-end=\"1471\">\n<p class=\"\" data-start=\"1381\" data-end=\"1471\">Ziel des Unterrichts ist nicht nur die Entwicklung von F\u00e4higkeiten, sondern auch <strong data-start=\"1436\" data-end=\"1471\">Selbsterkenntnis durch Kreativit\u00e4t<\/strong><\/p>\n<\/li>\n<\/ul>\n<hr class=\"\" data-start=\"1473\" data-end=\"1476\" \/>\n<p class=\"\" data-start=\"1478\" data-end=\"1716\">\ud83c\udf92 Ideal sowohl als regelm\u00e4\u00dfige Unterhaltung nach der Schule als auch als M\u00f6glichkeit f\u00fcr Ihr Kind, seine Gef\u00fchle und Ideen auszudr\u00fccken.<br data-start=\"1582\" data-end=\"1585\" \/>\ud83d\udccd Der Unterricht findet in unserer gem\u00fctlichen Werkstatt in kleinen Gruppen statt.<br data-start=\"1646\" data-end=\"1649\" \/>\ud83d\udcc5 Wir laden dich jederzeit herzlich ein, mitzumachen \u2013 die Pl\u00e4tze sind begrenzt!<\/p>\n<hr class=\"\" data-start=\"1510\" data-end=\"1513\" \/>\n<h3 class=\"\" data-start=\"1515\" data-end=\"1564\">\u2728 Die Welt der kleinen Farben \u00f6ffnet sich f\u00fcr gro\u00dfe Tr\u00e4ume!<\/h3>\n<p class=\"\" data-start=\"1565\" data-end=\"1647\">Melden Sie Ihren kleinen K\u00fcnstler noch heute an und lassen Sie ihn sich kreativ und frei ausdr\u00fccken!<\/p>","protected":false},"excerpt":{"rendered":"<h6>In diesen Kursen geht es nicht nur um Malen oder Zeichnen \u2013 sie sind eine Reise in die Welt der Fantasie, Gef\u00fchle und des Selbstbildes eines Kindes.<\/h6>\n<p>&nbsp;<\/p>\n<p data-start=\"87\" data-end=\"139\"><strong data-start=\"94\" data-end=\"139\">Unterricht f\u00fcr Kinder (5\u201312 Jahre)<\/strong><\/p>\n<div class=\"group pointer-events-none relative flex justify-center *:pointer-events-auto\">\n<div class=\"tableContainer horzScrollShadows relative\"><\/div>\n<\/div>\n<table>\n<thead>\n<tr>\n<th>\ud83e\uddd2 Unterrichtsart<\/th>\n<th>\u23f0 Dauer<\/th>\n<th>\ud83d\udcb6 Preis \/ Person<\/th>\n<\/tr>\n<\/thead>\n<tbody>\n<tr>\n<td>Einf\u00fchrungslektion<\/td>\n<td>1,5 Stunden<\/td>\n<td>\u20ac10,00<\/td>\n<\/tr>\n<tr>\n<td>Gruppenbesuch<\/td>\n<td>1,5 Stunden<\/td>\n<td>\u20ac20,00<\/td>\n<\/tr>\n<tr>\n<td>Individueller Besuch<\/td>\n<td>1,5 Stunden<\/td>\n<td>\u20ac25,00<\/td>\n<\/tr>\n<tr>\n<td>Monatsabonnement (4 Lektionen)<\/td>\n<td>4 \u00d7 1,5 Stunden<\/td>\n<td>68,00 \u20ac (17,00 \u20ac pro Sitzung)<\/td>\n<\/tr>\n<\/tbody>\n<\/table>\n<p>&nbsp;<\/p>\n<p><strong data-start=\"1181\" data-end=\"1202\">\ud83c\udf81 Im Preis inbegriffen:<\/strong><br data-start=\"1202\" data-end=\"1205\" \/>\ud83d\udd8c\ufe0f Materialien f\u00fcr die Arbeit: Bleistifte, Buntstifte, Papier, Gouache, Wasserfarben<br data-start=\"1230\" data-end=\"1233\" \/>\u2615 Saft, Tee<br data-start=\"1247\" data-end=\"1250\" \/>\ud83c\udf6a Snacks<\/p>\n<p><strong>Der Unterricht findet statt:<\/strong><\/p>\n<ul>\n<li>Montags: <span style=\"font-size: 16px;\">\u00a016:30\u201320:30 (Unterrichtsdauer 1,5 Stunden)<\/span><\/li>\n<\/ul>\n<p><em>Auf Lettisch und Russisch.<\/em><\/p>\n<p><strong>Weitere Details:<\/strong><strong><br data-start=\"3057\" data-end=\"3060\" \/>\u00a0+371\u00a0 26 39 46 51<\/strong><\/p>\n<p><a href=\"https:\/\/paintnprogress.art\/de\/berufe-2\/\"><em data-start=\"481\" data-end=\"537\">Entdecken Sie weitere Malkurse in unserem Studio.<\/em><\/a><\/p>\n<p>&nbsp;<\/p>","protected":false},"featured_media":6719,"comment_status":"open","ping_status":"closed","template":"","meta":{"_uag_custom_page_level_css":"","site-sidebar-layout":"default","site-content-layout":"","ast-site-content-layout":"default","site-content-style":"default","site-sidebar-style":"default","ast-global-header-display":"","ast-banner-title-visibility":"","ast-main-header-display":"","ast-hfb-above-header-display":"","ast-hfb-below-header-display":"","ast-hfb-mobile-header-display":"","site-post-title":"","ast-breadcrumbs-content":"","ast-featured-img":"","footer-sml-layout":"","ast-disable-related-posts":"","theme-transparent-header-meta":"default","adv-header-id-meta":"","stick-header-meta":"","header-above-stick-meta":"","header-main-stick-meta":"","header-below-stick-meta":"","astra-migrate-meta-layouts":"set","ast-page-background-enabled":"default","ast-page-background-meta":{"desktop":{"background-color":"","background-image":"","background-repeat":"repeat","background-position":"center center","background-size":"auto","background-attachment":"scroll","background-type":"","background-media":"","overlay-type":"","overlay-color":"","overlay-opacity":"","overlay-gradient":""},"tablet":{"background-color":"","background-image":"","background-repeat":"repeat","background-position":"center center","background-size":"auto","background-attachment":"scroll","background-type":"","background-media":"","overlay-type":"","overlay-color":"","overlay-opacity":"","overlay-gradient":""},"mobile":{"background-color":"","background-image":"","background-repeat":"repeat","background-position":"center center","background-size":"auto","background-attachment":"scroll","background-type":"","background-media":"","overlay-type":"","overlay-color":"","overlay-opacity":"","overlay-gradient":""}},"ast-content-background-meta":{"desktop":{"background-color":"var(--ast-global-color-5)","background-image":"","background-repeat":"repeat","background-position":"center center","background-size":"auto","background-attachment":"scroll","background-type":"","background-media":"","overlay-type":"","overlay-color":"","overlay-opacity":"","overlay-gradient":""},"tablet":{"background-color":"var(--ast-global-color-5)","background-image":"","background-repeat":"repeat","background-position":"center center","background-size":"auto","background-attachment":"scroll","background-type":"","background-media":"","overlay-type":"","overlay-color":"","overlay-opacity":"","overlay-gradient":""},"mobile":{"background-color":"var(--ast-global-color-5)","background-image":"","background-repeat":"repeat","background-position":"center center","background-size":"auto","background-attachment":"scroll","background-type":"","background-media":"","overlay-type":"","overlay-color":"","overlay-opacity":"","overlay-gradient":""}}},"product_brand":[],"product_cat":[177,40,18],"product_tag":[74,99,97,98,100],"class_list":{"0":"post-3363","1":"product","2":"type-product","3":"status-publish","4":"has-post-thumbnail","6":"product_cat-gleznosana-berniem","7":"product_cat-kursi","8":"product_cat-nodarbibas","9":"product_tag-gleznosana-bez-priekszinasanam","10":"product_tag-gleznosanas-kursi-berniem","11":"product_tag-gleznosanas-nodarbibas-berniem","12":"product_tag-zimesana-un-gleznosana-berniem","13":"product_tag-100","14":"desktop-align-left","15":"tablet-align-left","16":"mobile-align-left","18":"first","19":"instock","20":"sold-individually","21":"shipping-taxable","22":"purchasable","23":"product-type-variable"},"yoast_head":"<!-- This site is optimized with the Yoast SEO plugin v27.4 - https:\/\/yoast.com\/product\/yoast-seo-wordpress\/ -->\n<title>MAZ\u0100 PALETE \u2013 Glezno\u0161anas kurss B\u0113rniem ar A.Simtnieci - paintnprogress.art<\/title>\n<meta name=\"description\" content=\"Maz\u0101 palete ir m\u012b\u013ca un iedvesmojo\u0161a m\u0101kslas nodarb\u012bbu programma b\u0113rniem vecum\u0101 no 5 l\u012bdz 12 gadiem ko vada talant\u012bg\u0101 pasniedz\u0113ja Anna Simtniece\" \/>\n<meta name=\"robots\" content=\"index, follow, max-snippet:-1, max-image-preview:large, max-video-preview:-1\" \/>\n<link rel=\"canonical\" href=\"https:\/\/paintnprogress.art\/de\/produkt-2\/kleine-palette\/\" \/>\n<meta property=\"og:locale\" content=\"de_DE\" \/>\n<meta property=\"og:type\" content=\"article\" \/>\n<meta property=\"og:title\" content=\"MAZ\u0100 PALETE \u2013 Glezno\u0161anas kurss B\u0113rniem ar A.Simtnieci - paintnprogress.art\" \/>\n<meta property=\"og:description\" content=\"Maz\u0101 palete ir m\u012b\u013ca un iedvesmojo\u0161a m\u0101kslas nodarb\u012bbu programma b\u0113rniem vecum\u0101 no 5 l\u012bdz 12 gadiem ko vada talant\u012bg\u0101 pasniedz\u0113ja Anna Simtniece\" \/>\n<meta property=\"og:url\" content=\"https:\/\/paintnprogress.art\/de\/produkt-2\/kleine-palette\/\" \/>\n<meta property=\"og:site_name\" content=\"paintnprogress.art\" \/>\n<meta property=\"article:publisher\" content=\"https:\/\/www.facebook.com\/paintnprogressart\" \/>\n<meta property=\"article:modified_time\" content=\"2026-04-20T19:18:50+00:00\" \/>\n<meta property=\"og:image\" content=\"https:\/\/paintnprogress.art\/wp-content\/uploads\/2025\/04\/mazapalete.webp\" \/>\n\t<meta property=\"og:image:width\" content=\"1024\" \/>\n\t<meta property=\"og:image:height\" content=\"1236\" \/>\n\t<meta property=\"og:image:type\" content=\"image\/webp\" \/>\n<meta name=\"twitter:card\" content=\"summary_large_image\" \/>\n<meta name=\"twitter:label1\" content=\"Gesch\u00e4tzte Lesezeit\" \/>\n\t<meta name=\"twitter:data1\" content=\"2\u00a0Minuten\" \/>\n<script type=\"application\/ld+json\" class=\"yoast-schema-graph\">{\"@context\":\"https:\\\/\\\/schema.org\",\"@graph\":[{\"@type\":\"WebPage\",\"@id\":\"https:\\\/\\\/paintnprogress.art\\\/product\\\/maza-palete\\\/\",\"url\":\"https:\\\/\\\/paintnprogress.art\\\/product\\\/maza-palete\\\/\",\"name\":\"MAZ\u0100 PALETE \u2013 Glezno\u0161anas kurss B\u0113rniem ar A.Simtnieci - paintnprogress.art\",\"isPartOf\":{\"@id\":\"https:\\\/\\\/paintnprogress.art\\\/#website\"},\"primaryImageOfPage\":{\"@id\":\"https:\\\/\\\/paintnprogress.art\\\/product\\\/maza-palete\\\/#primaryimage\"},\"image\":{\"@id\":\"https:\\\/\\\/paintnprogress.art\\\/product\\\/maza-palete\\\/#primaryimage\"},\"thumbnailUrl\":\"https:\\\/\\\/paintnprogress.art\\\/wp-content\\\/uploads\\\/2025\\\/04\\\/mazapalete.webp\",\"datePublished\":\"2025-04-19T18:39:54+00:00\",\"dateModified\":\"2026-04-20T19:18:50+00:00\",\"description\":\"Maz\u0101 palete ir m\u012b\u013ca un iedvesmojo\u0161a m\u0101kslas nodarb\u012bbu programma b\u0113rniem vecum\u0101 no 5 l\u012bdz 12 gadiem ko vada talant\u012bg\u0101 pasniedz\u0113ja Anna Simtniece\",\"breadcrumb\":{\"@id\":\"https:\\\/\\\/paintnprogress.art\\\/product\\\/maza-palete\\\/#breadcrumb\"},\"inLanguage\":\"de\",\"potentialAction\":[{\"@type\":\"ReadAction\",\"target\":[\"https:\\\/\\\/paintnprogress.art\\\/product\\\/maza-palete\\\/\"]}]},{\"@type\":\"ImageObject\",\"inLanguage\":\"de\",\"@id\":\"https:\\\/\\\/paintnprogress.art\\\/product\\\/maza-palete\\\/#primaryimage\",\"url\":\"https:\\\/\\\/paintnprogress.art\\\/wp-content\\\/uploads\\\/2025\\\/04\\\/mazapalete.webp\",\"contentUrl\":\"https:\\\/\\\/paintnprogress.art\\\/wp-content\\\/uploads\\\/2025\\\/04\\\/mazapalete.webp\",\"width\":1024,\"height\":1236,\"caption\":\"Glezno\u0161anas Kursi B\u0113rniem R\u012bg\u0101\"},{\"@type\":\"BreadcrumbList\",\"@id\":\"https:\\\/\\\/paintnprogress.art\\\/product\\\/maza-palete\\\/#breadcrumb\",\"itemListElement\":[{\"@type\":\"ListItem\",\"position\":1,\"name\":\"Home\",\"item\":\"https:\\\/\\\/paintnprogress.art\\\/\"},{\"@type\":\"ListItem\",\"position\":2,\"name\":\"Shop\",\"item\":\"https:\\\/\\\/paintnprogress.art\\\/shop\\\/\"},{\"@type\":\"ListItem\",\"position\":3,\"name\":\"MAZ\u0100 PALETE \u2013 Glezno\u0161anas kurss B\u0113rniem ar A.Simtnieci\"}]},{\"@type\":\"WebSite\",\"@id\":\"https:\\\/\\\/paintnprogress.art\\\/#website\",\"url\":\"https:\\\/\\\/paintnprogress.art\\\/\",\"name\":\"paintnprogress.art\",\"description\":\"Glezno\u0161anas Nodarb\u012bbas\",\"publisher\":{\"@id\":\"https:\\\/\\\/paintnprogress.art\\\/#organization\"},\"potentialAction\":[{\"@type\":\"SearchAction\",\"target\":{\"@type\":\"EntryPoint\",\"urlTemplate\":\"https:\\\/\\\/paintnprogress.art\\\/?s={search_term_string}\"},\"query-input\":{\"@type\":\"PropertyValueSpecification\",\"valueRequired\":true,\"valueName\":\"search_term_string\"}}],\"inLanguage\":\"de\"},{\"@type\":\"Organization\",\"@id\":\"https:\\\/\\\/paintnprogress.art\\\/#organization\",\"name\":\"Paint&Progress\",\"alternateName\":\"Paint and Progress\",\"url\":\"https:\\\/\\\/paintnprogress.art\\\/\",\"logo\":{\"@type\":\"ImageObject\",\"inLanguage\":\"de\",\"@id\":\"https:\\\/\\\/paintnprogress.art\\\/#\\\/schema\\\/logo\\\/image\\\/\",\"url\":\"https:\\\/\\\/paintnprogress.art\\\/wp-content\\\/uploads\\\/2025\\\/01\\\/512.webp\",\"contentUrl\":\"https:\\\/\\\/paintnprogress.art\\\/wp-content\\\/uploads\\\/2025\\\/01\\\/512.webp\",\"width\":512,\"height\":512,\"caption\":\"Paint&Progress\"},\"image\":{\"@id\":\"https:\\\/\\\/paintnprogress.art\\\/#\\\/schema\\\/logo\\\/image\\\/\"},\"sameAs\":[\"https:\\\/\\\/www.facebook.com\\\/paintnprogressart\",\"https:\\\/\\\/www.youtube.com\\\/@PaintAndProgressArt\",\"https:\\\/\\\/www.tiktok.com\\\/@paint_and_progress?lang=lv\"]}]}<\/script>\n<!-- \/ Yoast SEO plugin. -->","yoast_head_json":{"title":"KLEINE PALETTE \u2013 Malkurs f\u00fcr Kinder mit A. Simtnieci \u2013 paintnprogress.art","description":"Little Palette ist ein liebevoll gestaltetes und inspirierendes Kunstkursprogramm f\u00fcr Kinder im Alter von 5 bis 12 Jahren unter der Leitung der talentierten Lehrerin Anna Simtniece.","robots":{"index":"index","follow":"follow","max-snippet":"max-snippet:-1","max-image-preview":"max-image-preview:large","max-video-preview":"max-video-preview:-1"},"canonical":"https:\/\/paintnprogress.art\/de\/produkt-2\/kleine-palette\/","og_locale":"de_DE","og_type":"article","og_title":"MAZ\u0100 PALETE \u2013 Glezno\u0161anas kurss B\u0113rniem ar A.Simtnieci - paintnprogress.art","og_description":"Maz\u0101 palete ir m\u012b\u013ca un iedvesmojo\u0161a m\u0101kslas nodarb\u012bbu programma b\u0113rniem vecum\u0101 no 5 l\u012bdz 12 gadiem ko vada talant\u012bg\u0101 pasniedz\u0113ja Anna Simtniece","og_url":"https:\/\/paintnprogress.art\/de\/produkt-2\/kleine-palette\/","og_site_name":"paintnprogress.art","article_publisher":"https:\/\/www.facebook.com\/paintnprogressart","article_modified_time":"2026-04-20T19:18:50+00:00","og_image":[{"width":1024,"height":1236,"url":"https:\/\/paintnprogress.art\/wp-content\/uploads\/2025\/04\/mazapalete.webp","type":"image\/webp"}],"twitter_card":"summary_large_image","twitter_misc":{"Gesch\u00e4tzte Lesezeit":"2\u00a0Minuten"},"schema":{"@context":"https:\/\/schema.org","@graph":[{"@type":"WebPage","@id":"https:\/\/paintnprogress.art\/product\/maza-palete\/","url":"https:\/\/paintnprogress.art\/product\/maza-palete\/","name":"KLEINE PALETTE \u2013 Malkurs f\u00fcr Kinder mit A. Simtnieci \u2013 paintnprogress.art","isPartOf":{"@id":"https:\/\/paintnprogress.art\/#website"},"primaryImageOfPage":{"@id":"https:\/\/paintnprogress.art\/product\/maza-palete\/#primaryimage"},"image":{"@id":"https:\/\/paintnprogress.art\/product\/maza-palete\/#primaryimage"},"thumbnailUrl":"https:\/\/paintnprogress.art\/wp-content\/uploads\/2025\/04\/mazapalete.webp","datePublished":"2025-04-19T18:39:54+00:00","dateModified":"2026-04-20T19:18:50+00:00","description":"Little Palette ist ein liebevoll gestaltetes und inspirierendes Kunstkursprogramm f\u00fcr Kinder im Alter von 5 bis 12 Jahren unter der Leitung der talentierten Lehrerin Anna Simtniece.","breadcrumb":{"@id":"https:\/\/paintnprogress.art\/product\/maza-palete\/#breadcrumb"},"inLanguage":"de","potentialAction":[{"@type":"ReadAction","target":["https:\/\/paintnprogress.art\/product\/maza-palete\/"]}]},{"@type":"ImageObject","inLanguage":"de","@id":"https:\/\/paintnprogress.art\/product\/maza-palete\/#primaryimage","url":"https:\/\/paintnprogress.art\/wp-content\/uploads\/2025\/04\/mazapalete.webp","contentUrl":"https:\/\/paintnprogress.art\/wp-content\/uploads\/2025\/04\/mazapalete.webp","width":1024,"height":1236,"caption":"Glezno\u0161anas Kursi B\u0113rniem R\u012bg\u0101"},{"@type":"BreadcrumbList","@id":"https:\/\/paintnprogress.art\/product\/maza-palete\/#breadcrumb","itemListElement":[{"@type":"ListItem","position":1,"name":"Home","item":"https:\/\/paintnprogress.art\/"},{"@type":"ListItem","position":2,"name":"Shop","item":"https:\/\/paintnprogress.art\/shop\/"},{"@type":"ListItem","position":3,"name":"MAZ\u0100 PALETE \u2013 Glezno\u0161anas kurss B\u0113rniem ar A.Simtnieci"}]},{"@type":"WebSite","@id":"https:\/\/paintnprogress.art\/#website","url":"https:\/\/paintnprogress.art\/","name":"paintnprogress.art","description":"Malunterricht","publisher":{"@id":"https:\/\/paintnprogress.art\/#organization"},"potentialAction":[{"@type":"SearchAction","target":{"@type":"EntryPoint","urlTemplate":"https:\/\/paintnprogress.art\/?s={search_term_string}"},"query-input":{"@type":"PropertyValueSpecification","valueRequired":true,"valueName":"search_term_string"}}],"inLanguage":"de"},{"@type":"Organization","@id":"https:\/\/paintnprogress.art\/#organization","name":"Paint&amp;Progress","alternateName":"Paint and Progress","url":"https:\/\/paintnprogress.art\/","logo":{"@type":"ImageObject","inLanguage":"de","@id":"https:\/\/paintnprogress.art\/#\/schema\/logo\/image\/","url":"https:\/\/paintnprogress.art\/wp-content\/uploads\/2025\/01\/512.webp","contentUrl":"https:\/\/paintnprogress.art\/wp-content\/uploads\/2025\/01\/512.webp","width":512,"height":512,"caption":"Paint&Progress"},"image":{"@id":"https:\/\/paintnprogress.art\/#\/schema\/logo\/image\/"},"sameAs":["https:\/\/www.facebook.com\/paintnprogressart","https:\/\/www.youtube.com\/@PaintAndProgressArt","https:\/\/www.tiktok.com\/@paint_and_progress?lang=lv"]}]}},"uagb_featured_image_src":{"full":["https:\/\/paintnprogress.art\/wp-content\/uploads\/2025\/04\/mazapalete.webp",1024,1236,false],"thumbnail":["https:\/\/paintnprogress.art\/wp-content\/uploads\/2025\/04\/mazapalete-150x150.webp",150,150,true],"medium":["https:\/\/paintnprogress.art\/wp-content\/uploads\/2025\/04\/mazapalete-249x300.webp",249,300,true],"medium_large":["https:\/\/paintnprogress.art\/wp-content\/uploads\/2025\/04\/mazapalete-768x927.webp",768,927,true],"large":["https:\/\/paintnprogress.art\/wp-content\/uploads\/2025\/04\/mazapalete-848x1024.webp",848,1024,true],"1536x1536":["https:\/\/paintnprogress.art\/wp-content\/uploads\/2025\/04\/mazapalete.webp",1024,1236,false],"2048x2048":["https:\/\/paintnprogress.art\/wp-content\/uploads\/2025\/04\/mazapalete.webp",1024,1236,false],"trp-custom-language-flag":["https:\/\/paintnprogress.art\/wp-content\/uploads\/2025\/04\/mazapalete-10x12.webp",10,12,true],"woocommerce_thumbnail":["https:\/\/paintnprogress.art\/wp-content\/uploads\/2025\/04\/mazapalete-300x300.webp",300,300,true],"woocommerce_single":["https:\/\/paintnprogress.art\/wp-content\/uploads\/2025\/04\/mazapalete-600x724.webp",600,724,true],"woocommerce_gallery_thumbnail":["https:\/\/paintnprogress.art\/wp-content\/uploads\/2025\/04\/mazapalete-100x100.webp",100,100,true]},"uagb_author_info":{"display_name":"Dzintars Kalnins","author_link":"https:\/\/paintnprogress.art\/de\/author\/"},"uagb_comment_info":1,"uagb_excerpt":"\u0160\u012bs nodarb\u012bbas nav tikai par glezno\u0161anu vai z\u012bm\u0113\u0161anu \u2013 t\u0101s ir ce\u013cojums b\u0113rna izt\u0113les, saj\u016btu un pa\u0161t\u0113la pasaul\u0113. &nbsp; Nodarb\u012bbu pied\u0101v\u0101jums b\u0113rniem (5\u201312 gadi) \ud83e\uddd2 Nodarb\u012bbas veids \u23f0 Ilgums \ud83d\udcb6 Cena \/ pers. Iepaz\u012b\u0161an\u0101s nodarb\u012bba 1,5 stundas \u20ac10,00 Grupas apmekl\u0113jums 1,5 stundas \u20ac20,00 Individu\u0101ls apmekl\u0113jums 1,5 stundas \u20ac25,00 M\u0113ne\u0161a abonements (4 nodarb\u012bbas) 4 \u00d7 1,5&hellip;","_links":{"self":[{"href":"https:\/\/paintnprogress.art\/de\/wp-json\/wp\/v2\/product\/3363","targetHints":{"allow":["GET"]}}],"collection":[{"href":"https:\/\/paintnprogress.art\/de\/wp-json\/wp\/v2\/product"}],"about":[{"href":"https:\/\/paintnprogress.art\/de\/wp-json\/wp\/v2\/types\/product"}],"replies":[{"embeddable":true,"href":"https:\/\/paintnprogress.art\/de\/wp-json\/wp\/v2\/comments?post=3363"}],"wp:featuredmedia":[{"embeddable":true,"href":"https:\/\/paintnprogress.art\/de\/wp-json\/wp\/v2\/media\/6719"}],"wp:attachment":[{"href":"https:\/\/paintnprogress.art\/de\/wp-json\/wp\/v2\/media?parent=3363"}],"wp:term":[{"taxonomy":"product_brand","embeddable":true,"href":"https:\/\/paintnprogress.art\/de\/wp-json\/wp\/v2\/product_brand?post=3363"},{"taxonomy":"product_cat","embeddable":true,"href":"https:\/\/paintnprogress.art\/de\/wp-json\/wp\/v2\/product_cat?post=3363"},{"taxonomy":"product_tag","embeddable":true,"href":"https:\/\/paintnprogress.art\/de\/wp-json\/wp\/v2\/product_tag?post=3363"}],"curies":[{"name":"wp","href":"https:\/\/api.w.org\/{rel}","templated":true}]}}