{"id":1292,"date":"2024-11-18T16:17:38","date_gmt":"2024-11-18T16:17:38","guid":{"rendered":"https:\/\/paintnprogress.art\/?post_type=product&#038;p=1292"},"modified":"2026-04-20T18:13:33","modified_gmt":"2026-04-20T18:13:33","slug":"ausergewohnlich","status":"publish","type":"product","link":"https:\/\/paintnprogress.art\/de\/product\/arpus-ierasta\/","title":{"rendered":"AUSSERGEW\u00d6HNLICHES \u2013 Malkurs mit D.Kalni\u0146\u0161"},"content":{"rendered":"<h3 data-start=\"87\" data-end=\"148\"><strong data-start=\"94\" data-end=\"148\">AUSSERGEW\u00d6HNLICH \u2013 Malkurs Dzintars Kalni\u0146\u0161<\/strong><\/h3>\n<p class=\"\" data-start=\"202\" data-end=\"367\"><strong data-start=\"202\" data-end=\"221\">\u201eAu\u00dfergew\u00f6hnlich\u201c<\/strong> geht es nicht nur um die Arbeit mit Leinwand und Farben \u2013<br data-start=\"260\" data-end=\"263\" \/>das ist <strong data-start=\"270\" data-end=\"292\">eine Reise zu dir selbst<\/strong>, erforschen Sie Ihre innere Welt und befreien Sie sich mutig von gewohnten \u00c4ngsten.<\/p>\n<p class=\"\" data-start=\"369\" data-end=\"580\">Unter der Leitung von Dzintars Kalni\u0146\u0161:<br data-start=\"393\" data-end=\"396\" \/>\u2022 Gelegenheit <strong data-start=\"406\" data-end=\"444\">um in Ihre kreative Natur einzutauchen<\/strong>,<br data-start=\"445\" data-end=\"448\" \/>\u2022 Entdecken <strong data-start=\"457\" data-end=\"480\">die Tiefen des Unterbewusstseins<\/strong>,<br data-start=\"481\" data-end=\"484\" \/>\u2022 Emotionen und Gef\u00fchle transformieren <strong data-start=\"515\" data-end=\"526\">in Gem\u00e4lden<\/strong>, die Ihre <strong data-start=\"547\" data-end=\"579\">einzigartige Perspektive auf die Welt<\/strong>.<\/p>\n<hr class=\"\" data-start=\"582\" data-end=\"585\" \/>\n<h3 class=\"\" data-start=\"587\" data-end=\"623\"><strong data-start=\"597\" data-end=\"623\">Kursansatz und Ziel<\/strong><\/h3>\n<p class=\"\" data-start=\"625\" data-end=\"822\">Amber bietet <strong data-start=\"642\" data-end=\"675\">breiter und freier Zugang zur Kunst<\/strong>, geeignet f\u00fcr:<br data-start=\"694\" data-end=\"697\" \/>\u2022 F\u00fcr diejenigen, die wollen <strong data-start=\"719\" data-end=\"745\">die Grundlagen des Realismus zu erlernen<\/strong>,<br data-start=\"746\" data-end=\"749\" \/>\u2022 F\u00fcr diejenigen, die wollen <strong data-start=\"771\" data-end=\"819\">Experimentieren Sie mit abstrakten oder expressiven Stilen<\/strong>.<\/p>\n<p class=\"\" data-start=\"824\" data-end=\"972\">Das Hauptziel des Kurses:<br data-start=\"847\" data-end=\"850\" \/>\u2705 <strong data-start=\"852\" data-end=\"873\">Freie Selbstdarstellung<\/strong>,<br data-start=\"874\" data-end=\"877\" \/>\u2705 <strong data-start=\"879\" data-end=\"902\">Professionelles Management<\/strong>,<br data-start=\"903\" data-end=\"906\" \/>\u2705 <strong data-start=\"908\" data-end=\"936\">Eine inspirierende, sichere Umgebung<\/strong>, wo Sie sich erlauben k\u00f6nnen, echt und kreativ zu sein.<\/p>\n<hr class=\"\" data-start=\"974\" data-end=\"977\" \/>\n<h3 class=\"\" data-start=\"979\" data-end=\"1013\"><strong data-start=\"986\" data-end=\"1013\">Das Kursprogramm beinhaltet:<\/strong><\/h3>\n<p class=\"\" data-start=\"1015\" data-end=\"1111\">\u2022 <strong data-start=\"1017\" data-end=\"1038\">Technische F\u00e4higkeiten<\/strong>:<br data-start=\"1039\" data-end=\"1042\" \/>\u2013 Das Zusammenspiel von Licht und Schatten<br data-start=\"1072\" data-end=\"1075\" \/>\u2013 Perspektiven- und Formbildung<\/p>\n<p class=\"\" data-start=\"1113\" data-end=\"1216\">\u2022 <strong data-start=\"1115\" data-end=\"1144\">Den Expressionismus kennenlernen<\/strong>:<br data-start=\"1145\" data-end=\"1148\" \/>\u2013 Grundlagen des Kunststils<br data-start=\"1171\" data-end=\"1174\" \/>\u2013 Gef\u00fchle und Geschichten durch Farbe ausdr\u00fccken<\/p>\n<p class=\"\" data-start=\"1218\" data-end=\"1322\">\u2022 <strong data-start=\"1220\" data-end=\"1248\">Praktische kreative T\u00e4tigkeit<\/strong>:<br data-start=\"1249\" data-end=\"1252\" \/>\u2013 Zubereitungstechniken<br data-start=\"1277\" data-end=\"1280\" \/>\u2013 Grundierung<br data-start=\"1293\" data-end=\"1296\" \/>\u2013 Kompositionsentwicklung<\/p>\n<p class=\"\" data-start=\"1324\" data-end=\"1437\">\u2022 <strong data-start=\"1326\" data-end=\"1355\">Mischen von Kunsttechniken<\/strong>:<br data-start=\"1356\" data-end=\"1359\" \/>\u2013 Kombination verschiedener Methoden<br data-start=\"1387\" data-end=\"1390\" \/>\u2013 Experimentieren mit Materialien und Stilen<\/p>\n<p class=\"\" data-start=\"1439\" data-end=\"1585\">Ergebnis:<br data-start=\"1449\" data-end=\"1452\" \/>\ud83c\udf1f Allm\u00e4hlich <strong data-start=\"1467\" data-end=\"1510\">Entwicklung einer eigenen k\u00fcnstlerischen Handschrift<\/strong>,<br data-start=\"1511\" data-end=\"1514\" \/>\ud83c\udf1f <strong data-start=\"1517\" data-end=\"1547\">Individuelle Werke schaffen<\/strong> \u2013 basierend auf Technik und Intuition.<\/p>\n<hr class=\"\" data-start=\"1587\" data-end=\"1590\" \/>\n<h3 class=\"\" data-start=\"1592\" data-end=\"1623\"><strong data-start=\"1599\" data-end=\"1623\">\u00dcber Dzintars Kalni\u0146\u0161<\/strong><\/h3>\n<p data-start=\"82\" data-end=\"313\">Als K\u00fcnstler mit umfassender internationaler Erfahrung lebt und arbeitet er seit \u00fcber zw\u00f6lf Jahren in Deutschland. In dieser Zeit nahm er an Ausstellungen teil, leitete Kunstkurse, arbeitete als Kunstlehrer an Schulen und schuf Werke f\u00fcr europ\u00e4ische Galerien.<\/p>\n<p data-start=\"315\" data-end=\"550\">Dzintars Kunst ist eine Mischung aus subtiler Ironie, Kindheitsfantasien und einem philosophischen Lebensverst\u00e4ndnis der Erwachsenen. Das Zusammenspiel dieser Elemente schafft eine einzigartige, zutiefst pers\u00f6nliche k\u00fcnstlerische Sprache, die sowohl durch ihre emotionale Tiefe als auch durch ihre visuelle Raffinesse besticht.<\/p>\n<p data-start=\"315\" data-end=\"550\">Bernsteinarbeiten k\u00f6nnen besichtigt werden <strong><a href=\"https:\/\/www.instagram.com\/kalnin_dzintar\/\">Hier<\/a><\/strong>.<\/p>\n<hr class=\"\" data-start=\"2012\" data-end=\"2015\" \/>\n<h3 class=\"\" data-start=\"2017\" data-end=\"2057\"><strong data-start=\"2024\" data-end=\"2057\">Der Bernsteinkurs ist eine Einladung:<\/strong><\/h3>\n<p class=\"\" data-start=\"2059\" data-end=\"2184\">\u2022 <strong data-start=\"2061\" data-end=\"2074\">Stoppen<\/strong>,<br data-start=\"2075\" data-end=\"2078\" \/>\u2022 <strong data-start=\"2080\" data-end=\"2101\">H\u00f6r auf dich selbst<\/strong>,<br data-start=\"2102\" data-end=\"2105\" \/>\u2022 <strong data-start=\"2107\" data-end=\"2140\">Finden Sie Ihre Stimme durch Kunst<\/strong>,<br data-start=\"2141\" data-end=\"2144\" \/>\u2022 Und geben Sie Raum <strong data-start=\"2159\" data-end=\"2183\">f\u00fcr pers\u00f6nliches Wachstum<\/strong>.<\/p>\n<hr class=\"\" data-start=\"2012\" data-end=\"2015\" \/>\n<h3 class=\"\" data-start=\"2017\" data-end=\"2057\"><strong data-start=\"2748\" data-end=\"2785\">Mehr Informationen \/ Bewerbung<\/strong><\/h3>\n<p>&nbsp;<\/p>\n<p data-start=\"2742\" data-end=\"2787\"><strong>\ud83d\udce7dzintar@kalnin.eu<\/strong><strong><br data-start=\"3057\" data-end=\"3060\" \/>\ud83d\udcde +371 26 39 46 51<\/strong><\/p>\n<p><a href=\"https:\/\/linktr.ee\/kalnin?fbclid=PAZXh0bgNhZW0CMTEAAabLCmQSZtkWnWKuozuyDeFs606pUorDq2CfRlv506ls9MmNlgap5dwya9s_aem_frOeRv58YJmv4-PQ8Zt0Xg\">Erfahren Sie mehr \u00fcber Dzintara Kalni\u0146\u0161<\/a><\/p>\n<p><a href=\"https:\/\/paintnprogress.art\/de\/montagne-dambre-zwischen-licht-und-dunkelheit\/\">\u00dcber die Arbeit von Dzintars Kalni\u0146\u0161<\/a><\/p>\n<hr \/>\n<p><strong><em>Kommen Sie zu uns, entdecken Sie die Welt der Kunst und lassen Sie Ihrer Kreativit\u00e4t freien Lauf!<\/em><\/strong><\/p>","protected":false},"excerpt":{"rendered":"<h6><strong>Versuchen Sie sich im Zeichnen und Malen und lernen Sie Techniken vom klassischen Realismus bis hin zu aufregender Fantasy!<\/strong><\/h6>\n<p>&nbsp;<\/p>\n<p><strong data-start=\"108\" data-end=\"136\">Unterrichtsarten und Preise<\/strong><\/p>\n<table>\n<thead>\n<tr>\n<th>Service<\/th>\n<th>Dauer<\/th>\n<th>Preis \/ Person<\/th>\n<\/tr>\n<\/thead>\n<tbody>\n<tr>\n<td>Einf\u00fchrungsstunde (in einer Gruppe)<\/td>\n<td>2 Stunden<\/td>\n<td>\u20ac10,00<\/td>\n<\/tr>\n<tr>\n<td>Einzelbesuch (in einer Gruppe)<\/td>\n<td>2 Stunden<\/td>\n<td>\u20ac20,00<\/td>\n<\/tr>\n<tr>\n<td>Einzelunterricht<\/td>\n<td>2 Stunden<\/td>\n<td>\u20ac29,00<\/td>\n<\/tr>\n<tr>\n<td>Abonnement (4 Lektionen)<\/td>\n<td>4 \u00d7 2 Stunden<\/td>\n<td>\u20ac68,00<\/td>\n<\/tr>\n<tr>\n<td><strong>Abonnement (16 Lektionen)<\/strong><\/td>\n<td><strong>16 \u00d7 2 Stunden<\/strong><\/td>\n<td><strong>\u20ac240,00<\/strong><\/td>\n<\/tr>\n<tr>\n<td><strong>Einzelabonnement (4 Lektionen)<\/strong><\/td>\n<td><strong>4 \u00d7 2 Stunden<\/strong><\/td>\n<td><strong>\u20ac100,00<\/strong><\/td>\n<\/tr>\n<\/tbody>\n<\/table>\n<p><strong>Der Unterricht findet statt:<\/strong><\/p>\n<ul>\n<li>Mittwochs: 12:00 Uhr<span style=\"font-size: 16px;\">\u201314:00 oder 18:30\u201320:30<\/span><\/li>\n<li>Donnerstags: <span style=\"font-size: 16px;\">11:30\u201313:30<\/span><\/li>\n<\/ul>\n<p><strong>Der Preis beinhaltet:<\/strong><\/p>\n<ul>\n<li>Kaffee, Tee<\/li>\n<li>Snacks<\/li>\n<\/ul>\n<p><strong>Vor Ort k\u00f6nnen Sie kaufen:<\/strong><\/p>\n<ul>\n<li>Fehlende Materialien f\u00fcr die Arbeit<\/li>\n<li>Leinw\u00e4nde<\/li>\n<li>Farbs\u00e4tze<\/li>\n<\/ul>\n<p><em>Mit einer Altersgrenze von 12 bis 75 Jahren<\/em><\/p>\n<p><em>Auf Lettisch, Russisch, Englisch, Deutsch.<\/em><\/p>\n<p><strong>F\u00fcr weitere Informationen kontaktieren Sie uns gerne pers\u00f6nlich:<\/strong><strong><br data-start=\"3057\" data-end=\"3060\" \/>\ud83d\udcde +371 26 39 46 51<\/strong><\/p>\n<p><a href=\"https:\/\/paintnprogress.art\/de\/berufe-2\/\"><em data-start=\"481\" data-end=\"537\">Entdecken Sie weitere Malkurse in unserem Studio.<\/em><\/a><\/p>","protected":false},"featured_media":8688,"comment_status":"open","ping_status":"closed","template":"","meta":{"_uag_custom_page_level_css":"","site-sidebar-layout":"default","site-content-layout":"","ast-site-content-layout":"default","site-content-style":"default","site-sidebar-style":"default","ast-global-header-display":"","ast-banner-title-visibility":"","ast-main-header-display":"","ast-hfb-above-header-display":"","ast-hfb-below-header-display":"","ast-hfb-mobile-header-display":"","site-post-title":"","ast-breadcrumbs-content":"","ast-featured-img":"","footer-sml-layout":"","ast-disable-related-posts":"","theme-transparent-header-meta":"default","adv-header-id-meta":"","stick-header-meta":"","header-above-stick-meta":"","header-main-stick-meta":"","header-below-stick-meta":"","astra-migrate-meta-layouts":"set","ast-page-background-enabled":"default","ast-page-background-meta":{"desktop":{"background-color":"","background-image":"","background-repeat":"repeat","background-position":"center center","background-size":"auto","background-attachment":"scroll","background-type":"","background-media":"","overlay-type":"","overlay-color":"","overlay-opacity":"","overlay-gradient":""},"tablet":{"background-color":"","background-image":"","background-repeat":"repeat","background-position":"center center","background-size":"auto","background-attachment":"scroll","background-type":"","background-media":"","overlay-type":"","overlay-color":"","overlay-opacity":"","overlay-gradient":""},"mobile":{"background-color":"","background-image":"","background-repeat":"repeat","background-position":"center center","background-size":"auto","background-attachment":"scroll","background-type":"","background-media":"","overlay-type":"","overlay-color":"","overlay-opacity":"","overlay-gradient":""}},"ast-content-background-meta":{"desktop":{"background-color":"var(--ast-global-color-5)","background-image":"","background-repeat":"repeat","background-position":"center center","background-size":"auto","background-attachment":"scroll","background-type":"","background-media":"","overlay-type":"","overlay-color":"","overlay-opacity":"","overlay-gradient":""},"tablet":{"background-color":"var(--ast-global-color-5)","background-image":"","background-repeat":"repeat","background-position":"center center","background-size":"auto","background-attachment":"scroll","background-type":"","background-media":"","overlay-type":"","overlay-color":"","overlay-opacity":"","overlay-gradient":""},"mobile":{"background-color":"var(--ast-global-color-5)","background-image":"","background-repeat":"repeat","background-position":"center center","background-size":"auto","background-attachment":"scroll","background-type":"","background-media":"","overlay-type":"","overlay-color":"","overlay-opacity":"","overlay-gradient":""}}},"product_brand":[],"product_cat":[40,176,18],"product_tag":[82,74,78,79,81,80],"class_list":{"0":"post-1292","1":"product","2":"type-product","3":"status-publish","4":"has-post-thumbnail","6":"product_cat-kursi","7":"product_cat-kursi-pieaugusjiem","8":"product_cat-nodarbibas","9":"product_tag-dzintars-kalnins","10":"product_tag-gleznosana-bez-priekszinasanam","11":"product_tag-gleznosanas-nodarbibas","12":"product_tag-gleznosanas-nodarbibas-pieaugusajiem","13":"product_tag-81","14":"product_tag-80","15":"desktop-align-left","16":"tablet-align-left","17":"mobile-align-left","19":"first","20":"instock","21":"sold-individually","22":"shipping-taxable","23":"purchasable","24":"product-type-variable"},"yoast_head":"<!-- This site is optimized with the Yoast SEO plugin v27.4 - https:\/\/yoast.com\/product\/yoast-seo-wordpress\/ -->\n<title>\u0100RPUS IERAST\u0100 - Glezno\u0161anas Kurss ar D.Kalni\u0146u - paintnprogress.art<\/title>\n<meta name=\"description\" content=\"\u0100rpus Ierast\u0101 \u2013 glezno\u0161anas kurss ar Dzintaru Kalni\u0146u. Apg\u016bstiet z\u012bm\u0113\u0161anas un glezno\u0161anas tehnikas da\u017e\u0101dos stilos, no re\u0101lisma l\u012bdz fant\u0101zijai!\" \/>\n<meta name=\"robots\" content=\"index, follow, max-snippet:-1, max-image-preview:large, max-video-preview:-1\" \/>\n<link rel=\"canonical\" href=\"https:\/\/paintnprogress.art\/de\/produkt-2\/ausergewohnlich\/\" \/>\n<meta property=\"og:locale\" content=\"de_DE\" \/>\n<meta property=\"og:type\" content=\"article\" \/>\n<meta property=\"og:title\" content=\"\u0100RPUS IERAST\u0100 - Glezno\u0161anas Kurss ar D.Kalni\u0146u - paintnprogress.art\" \/>\n<meta property=\"og:description\" content=\"\u0100rpus Ierast\u0101 \u2013 glezno\u0161anas kurss ar Dzintaru Kalni\u0146u. Apg\u016bstiet z\u012bm\u0113\u0161anas un glezno\u0161anas tehnikas da\u017e\u0101dos stilos, no re\u0101lisma l\u012bdz fant\u0101zijai!\" \/>\n<meta property=\"og:url\" content=\"https:\/\/paintnprogress.art\/de\/produkt-2\/ausergewohnlich\/\" \/>\n<meta property=\"og:site_name\" content=\"paintnprogress.art\" \/>\n<meta property=\"article:publisher\" content=\"https:\/\/www.facebook.com\/paintnprogressart\" \/>\n<meta property=\"article:modified_time\" content=\"2026-04-20T18:13:33+00:00\" \/>\n<meta property=\"og:image\" content=\"https:\/\/paintnprogress.art\/wp-content\/uploads\/2026\/03\/portrait_highres-edited.webp\" \/>\n\t<meta property=\"og:image:width\" content=\"1024\" \/>\n\t<meta property=\"og:image:height\" content=\"1025\" \/>\n\t<meta property=\"og:image:type\" content=\"image\/webp\" \/>\n<meta name=\"twitter:card\" content=\"summary_large_image\" \/>\n<meta name=\"twitter:label1\" content=\"Gesch\u00e4tzte Lesezeit\" \/>\n\t<meta name=\"twitter:data1\" content=\"2\u00a0Minuten\" \/>\n<script type=\"application\/ld+json\" class=\"yoast-schema-graph\">{\"@context\":\"https:\\\/\\\/schema.org\",\"@graph\":[{\"@type\":\"WebPage\",\"@id\":\"https:\\\/\\\/paintnprogress.art\\\/product\\\/arpus-ierasta\\\/\",\"url\":\"https:\\\/\\\/paintnprogress.art\\\/product\\\/arpus-ierasta\\\/\",\"name\":\"\u0100RPUS IERAST\u0100 - Glezno\u0161anas Kurss ar D.Kalni\u0146u - paintnprogress.art\",\"isPartOf\":{\"@id\":\"https:\\\/\\\/paintnprogress.art\\\/#website\"},\"primaryImageOfPage\":{\"@id\":\"https:\\\/\\\/paintnprogress.art\\\/product\\\/arpus-ierasta\\\/#primaryimage\"},\"image\":{\"@id\":\"https:\\\/\\\/paintnprogress.art\\\/product\\\/arpus-ierasta\\\/#primaryimage\"},\"thumbnailUrl\":\"https:\\\/\\\/paintnprogress.art\\\/wp-content\\\/uploads\\\/2026\\\/03\\\/portrait_highres-edited.webp\",\"datePublished\":\"2024-11-18T16:17:38+00:00\",\"dateModified\":\"2026-04-20T18:13:33+00:00\",\"description\":\"\u0100rpus Ierast\u0101 \u2013 glezno\u0161anas kurss ar Dzintaru Kalni\u0146u. Apg\u016bstiet z\u012bm\u0113\u0161anas un glezno\u0161anas tehnikas da\u017e\u0101dos stilos, no re\u0101lisma l\u012bdz fant\u0101zijai!\",\"breadcrumb\":{\"@id\":\"https:\\\/\\\/paintnprogress.art\\\/product\\\/arpus-ierasta\\\/#breadcrumb\"},\"inLanguage\":\"de\",\"potentialAction\":[{\"@type\":\"ReadAction\",\"target\":[\"https:\\\/\\\/paintnprogress.art\\\/product\\\/arpus-ierasta\\\/\"]}]},{\"@type\":\"ImageObject\",\"inLanguage\":\"de\",\"@id\":\"https:\\\/\\\/paintnprogress.art\\\/product\\\/arpus-ierasta\\\/#primaryimage\",\"url\":\"https:\\\/\\\/paintnprogress.art\\\/wp-content\\\/uploads\\\/2026\\\/03\\\/portrait_highres-edited.webp\",\"contentUrl\":\"https:\\\/\\\/paintnprogress.art\\\/wp-content\\\/uploads\\\/2026\\\/03\\\/portrait_highres-edited.webp\",\"width\":1024,\"height\":1025,\"caption\":\"Dzintars Kalnins\"},{\"@type\":\"BreadcrumbList\",\"@id\":\"https:\\\/\\\/paintnprogress.art\\\/product\\\/arpus-ierasta\\\/#breadcrumb\",\"itemListElement\":[{\"@type\":\"ListItem\",\"position\":1,\"name\":\"Home\",\"item\":\"https:\\\/\\\/paintnprogress.art\\\/\"},{\"@type\":\"ListItem\",\"position\":2,\"name\":\"Shop\",\"item\":\"https:\\\/\\\/paintnprogress.art\\\/shop\\\/\"},{\"@type\":\"ListItem\",\"position\":3,\"name\":\"\u0100RPUS IERAST\u0100 &#8211; Glezno\u0161anas Kurss ar D.Kalni\u0146u\"}]},{\"@type\":\"WebSite\",\"@id\":\"https:\\\/\\\/paintnprogress.art\\\/#website\",\"url\":\"https:\\\/\\\/paintnprogress.art\\\/\",\"name\":\"paintnprogress.art\",\"description\":\"Glezno\u0161anas Nodarb\u012bbas\",\"publisher\":{\"@id\":\"https:\\\/\\\/paintnprogress.art\\\/#organization\"},\"potentialAction\":[{\"@type\":\"SearchAction\",\"target\":{\"@type\":\"EntryPoint\",\"urlTemplate\":\"https:\\\/\\\/paintnprogress.art\\\/?s={search_term_string}\"},\"query-input\":{\"@type\":\"PropertyValueSpecification\",\"valueRequired\":true,\"valueName\":\"search_term_string\"}}],\"inLanguage\":\"de\"},{\"@type\":\"Organization\",\"@id\":\"https:\\\/\\\/paintnprogress.art\\\/#organization\",\"name\":\"Paint&Progress\",\"alternateName\":\"Paint and Progress\",\"url\":\"https:\\\/\\\/paintnprogress.art\\\/\",\"logo\":{\"@type\":\"ImageObject\",\"inLanguage\":\"de\",\"@id\":\"https:\\\/\\\/paintnprogress.art\\\/#\\\/schema\\\/logo\\\/image\\\/\",\"url\":\"https:\\\/\\\/paintnprogress.art\\\/wp-content\\\/uploads\\\/2025\\\/01\\\/512.webp\",\"contentUrl\":\"https:\\\/\\\/paintnprogress.art\\\/wp-content\\\/uploads\\\/2025\\\/01\\\/512.webp\",\"width\":512,\"height\":512,\"caption\":\"Paint&Progress\"},\"image\":{\"@id\":\"https:\\\/\\\/paintnprogress.art\\\/#\\\/schema\\\/logo\\\/image\\\/\"},\"sameAs\":[\"https:\\\/\\\/www.facebook.com\\\/paintnprogressart\",\"https:\\\/\\\/www.youtube.com\\\/@PaintAndProgressArt\",\"https:\\\/\\\/www.tiktok.com\\\/@paint_and_progress?lang=lv\"]}]}<\/script>\n<!-- \/ Yoast SEO plugin. -->","yoast_head_json":{"title":"AUSSERGEW\u00d6HNLICHES - Malkurs mit D.Kalni\u0146\u0161 - paintnprogress.art","description":"Jenseits des Allt\u00e4glichen \u2013 ein Malkurs mit Dzintars Kalni\u0146\u0161. Lernen Sie Zeichen- und Maltechniken in verschiedenen Stilen, von Realismus bis Fantasy!","robots":{"index":"index","follow":"follow","max-snippet":"max-snippet:-1","max-image-preview":"max-image-preview:large","max-video-preview":"max-video-preview:-1"},"canonical":"https:\/\/paintnprogress.art\/de\/produkt-2\/ausergewohnlich\/","og_locale":"de_DE","og_type":"article","og_title":"\u0100RPUS IERAST\u0100 - Glezno\u0161anas Kurss ar D.Kalni\u0146u - paintnprogress.art","og_description":"\u0100rpus Ierast\u0101 \u2013 glezno\u0161anas kurss ar Dzintaru Kalni\u0146u. Apg\u016bstiet z\u012bm\u0113\u0161anas un glezno\u0161anas tehnikas da\u017e\u0101dos stilos, no re\u0101lisma l\u012bdz fant\u0101zijai!","og_url":"https:\/\/paintnprogress.art\/de\/produkt-2\/ausergewohnlich\/","og_site_name":"paintnprogress.art","article_publisher":"https:\/\/www.facebook.com\/paintnprogressart","article_modified_time":"2026-04-20T18:13:33+00:00","og_image":[{"width":1024,"height":1025,"url":"https:\/\/paintnprogress.art\/wp-content\/uploads\/2026\/03\/portrait_highres-edited.webp","type":"image\/webp"}],"twitter_card":"summary_large_image","twitter_misc":{"Gesch\u00e4tzte Lesezeit":"2\u00a0Minuten"},"schema":{"@context":"https:\/\/schema.org","@graph":[{"@type":"WebPage","@id":"https:\/\/paintnprogress.art\/product\/arpus-ierasta\/","url":"https:\/\/paintnprogress.art\/product\/arpus-ierasta\/","name":"AUSSERGEW\u00d6HNLICHES - Malkurs mit D.Kalni\u0146\u0161 - paintnprogress.art","isPartOf":{"@id":"https:\/\/paintnprogress.art\/#website"},"primaryImageOfPage":{"@id":"https:\/\/paintnprogress.art\/product\/arpus-ierasta\/#primaryimage"},"image":{"@id":"https:\/\/paintnprogress.art\/product\/arpus-ierasta\/#primaryimage"},"thumbnailUrl":"https:\/\/paintnprogress.art\/wp-content\/uploads\/2026\/03\/portrait_highres-edited.webp","datePublished":"2024-11-18T16:17:38+00:00","dateModified":"2026-04-20T18:13:33+00:00","description":"Jenseits des Allt\u00e4glichen \u2013 ein Malkurs mit Dzintars Kalni\u0146\u0161. Lernen Sie Zeichen- und Maltechniken in verschiedenen Stilen, von Realismus bis Fantasy!","breadcrumb":{"@id":"https:\/\/paintnprogress.art\/product\/arpus-ierasta\/#breadcrumb"},"inLanguage":"de","potentialAction":[{"@type":"ReadAction","target":["https:\/\/paintnprogress.art\/product\/arpus-ierasta\/"]}]},{"@type":"ImageObject","inLanguage":"de","@id":"https:\/\/paintnprogress.art\/product\/arpus-ierasta\/#primaryimage","url":"https:\/\/paintnprogress.art\/wp-content\/uploads\/2026\/03\/portrait_highres-edited.webp","contentUrl":"https:\/\/paintnprogress.art\/wp-content\/uploads\/2026\/03\/portrait_highres-edited.webp","width":1024,"height":1025,"caption":"Dzintars Kalnins"},{"@type":"BreadcrumbList","@id":"https:\/\/paintnprogress.art\/product\/arpus-ierasta\/#breadcrumb","itemListElement":[{"@type":"ListItem","position":1,"name":"Home","item":"https:\/\/paintnprogress.art\/"},{"@type":"ListItem","position":2,"name":"Shop","item":"https:\/\/paintnprogress.art\/shop\/"},{"@type":"ListItem","position":3,"name":"\u0100RPUS IERAST\u0100 &#8211; Glezno\u0161anas Kurss ar D.Kalni\u0146u"}]},{"@type":"WebSite","@id":"https:\/\/paintnprogress.art\/#website","url":"https:\/\/paintnprogress.art\/","name":"paintnprogress.art","description":"Malunterricht","publisher":{"@id":"https:\/\/paintnprogress.art\/#organization"},"potentialAction":[{"@type":"SearchAction","target":{"@type":"EntryPoint","urlTemplate":"https:\/\/paintnprogress.art\/?s={search_term_string}"},"query-input":{"@type":"PropertyValueSpecification","valueRequired":true,"valueName":"search_term_string"}}],"inLanguage":"de"},{"@type":"Organization","@id":"https:\/\/paintnprogress.art\/#organization","name":"Paint&amp;Progress","alternateName":"Paint and Progress","url":"https:\/\/paintnprogress.art\/","logo":{"@type":"ImageObject","inLanguage":"de","@id":"https:\/\/paintnprogress.art\/#\/schema\/logo\/image\/","url":"https:\/\/paintnprogress.art\/wp-content\/uploads\/2025\/01\/512.webp","contentUrl":"https:\/\/paintnprogress.art\/wp-content\/uploads\/2025\/01\/512.webp","width":512,"height":512,"caption":"Paint&Progress"},"image":{"@id":"https:\/\/paintnprogress.art\/#\/schema\/logo\/image\/"},"sameAs":["https:\/\/www.facebook.com\/paintnprogressart","https:\/\/www.youtube.com\/@PaintAndProgressArt","https:\/\/www.tiktok.com\/@paint_and_progress?lang=lv"]}]}},"uagb_featured_image_src":{"full":["https:\/\/paintnprogress.art\/wp-content\/uploads\/2026\/03\/portrait_highres-edited.webp",1024,1025,false],"thumbnail":["https:\/\/paintnprogress.art\/wp-content\/uploads\/2026\/03\/portrait_highres-edited-150x150.webp",150,150,true],"medium":["https:\/\/paintnprogress.art\/wp-content\/uploads\/2026\/03\/portrait_highres-edited-300x300.webp",300,300,true],"medium_large":["https:\/\/paintnprogress.art\/wp-content\/uploads\/2026\/03\/portrait_highres-edited-768x769.webp",768,769,true],"large":["https:\/\/paintnprogress.art\/wp-content\/uploads\/2026\/03\/portrait_highres-edited.webp",1023,1024,false],"1536x1536":["https:\/\/paintnprogress.art\/wp-content\/uploads\/2026\/03\/portrait_highres-edited.webp",1024,1025,false],"2048x2048":["https:\/\/paintnprogress.art\/wp-content\/uploads\/2026\/03\/portrait_highres-edited.webp",1024,1025,false],"trp-custom-language-flag":["https:\/\/paintnprogress.art\/wp-content\/uploads\/2026\/03\/portrait_highres-edited-12x12.webp",12,12,true],"woocommerce_thumbnail":["https:\/\/paintnprogress.art\/wp-content\/uploads\/2026\/03\/portrait_highres-edited-300x300.webp",300,300,true],"woocommerce_single":["https:\/\/paintnprogress.art\/wp-content\/uploads\/2026\/03\/portrait_highres-edited-600x601.webp",600,601,true],"woocommerce_gallery_thumbnail":["https:\/\/paintnprogress.art\/wp-content\/uploads\/2026\/03\/portrait_highres-edited-100x100.webp",100,100,true]},"uagb_author_info":{"display_name":"Dzintars Kalnins","author_link":"https:\/\/paintnprogress.art\/de\/author\/"},"uagb_comment_info":21,"uagb_excerpt":"Izm\u0113\u0123iniet roku z\u012bm\u0113\u0161anas un glezno\u0161anas pasaul\u0113, apg\u016bstot tehnikas no klasisk\u0101 re\u0101lisma l\u012bdz aizraujo\u0161ai fant\u0101zijai! &nbsp; Nodarb\u012bbu veidi un cenas Pakalpojums Ilgums Cena \/ pers. Iepaz\u012b\u0161an\u0101s nodarb\u012bba (grup\u0101) 2 stundas \u20ac10,00 Vienreiz\u0113js apmekl\u0113jums (grup\u0101) 2 stundas \u20ac20,00 Individu\u0101la nodarb\u012bba 2 stundas \u20ac29,00 Abonements (4 nodarb\u012bbas) 4 \u00d7 2 stundas \u20ac68,00 Abonements (16 nodarb\u012bbas) 16 \u00d7 2&hellip;","_links":{"self":[{"href":"https:\/\/paintnprogress.art\/de\/wp-json\/wp\/v2\/product\/1292","targetHints":{"allow":["GET"]}}],"collection":[{"href":"https:\/\/paintnprogress.art\/de\/wp-json\/wp\/v2\/product"}],"about":[{"href":"https:\/\/paintnprogress.art\/de\/wp-json\/wp\/v2\/types\/product"}],"replies":[{"embeddable":true,"href":"https:\/\/paintnprogress.art\/de\/wp-json\/wp\/v2\/comments?post=1292"}],"wp:featuredmedia":[{"embeddable":true,"href":"https:\/\/paintnprogress.art\/de\/wp-json\/wp\/v2\/media\/8688"}],"wp:attachment":[{"href":"https:\/\/paintnprogress.art\/de\/wp-json\/wp\/v2\/media?parent=1292"}],"wp:term":[{"taxonomy":"product_brand","embeddable":true,"href":"https:\/\/paintnprogress.art\/de\/wp-json\/wp\/v2\/product_brand?post=1292"},{"taxonomy":"product_cat","embeddable":true,"href":"https:\/\/paintnprogress.art\/de\/wp-json\/wp\/v2\/product_cat?post=1292"},{"taxonomy":"product_tag","embeddable":true,"href":"https:\/\/paintnprogress.art\/de\/wp-json\/wp\/v2\/product_tag?post=1292"}],"curies":[{"name":"wp","href":"https:\/\/api.w.org\/{rel}","templated":true}]}}