{"id":8814,"date":"2026-04-02T20:41:11","date_gmt":"2026-04-02T20:41:11","guid":{"rendered":"https:\/\/paintnprogress.art\/cookie-policy-eu\/"},"modified":"2026-04-03T05:44:42","modified_gmt":"2026-04-03T05:44:42","slug":"cookie-richtlinie-eu","status":"publish","type":"page","link":"https:\/\/paintnprogress.art\/de\/cookie-policy-eu\/","title":{"rendered":"Datenschutzrichtlinie (EU)"},"content":{"rendered":"<h2 class=\"wp-block-heading\">1. Einleitung<\/h2>\n\n\n\n<p>Unsere Website <strong><a href=\"https:\/\/paintnprogress.art\/de\/\">https:\/\/paintnprogress.art<\/a><\/strong> (im Folgenden \u2013 <em>Webseite<\/em>Wir verwenden Cookies und \u00e4hnliche Technologien. Cookies k\u00f6nnen auch von Drittanbietern gesetzt werden. Dieses Dokument erkl\u00e4rt, wie wir Cookies verwenden.<\/p>\n\n\n\n<hr class=\"wp-block-separator has-alpha-channel-opacity\"\/>\n\n\n\n<h2 class=\"wp-block-heading\">2. Was sind Cookies?<\/h2>\n\n\n\n<p>Ein Cookie ist eine kleine Textdatei, die beim Besuch einer Website auf Ihrem Ger\u00e4t gespeichert wird. Die darin gespeicherten Informationen k\u00f6nnen bei Ihrem n\u00e4chsten Besuch an unsere Server oder Server von Drittanbietern zur\u00fcckgesendet werden.<\/p>\n\n\n\n<hr class=\"wp-block-separator has-alpha-channel-opacity\"\/>\n\n\n\n<h2 class=\"wp-block-heading\">3. Was sind Skripte?<\/h2>\n\n\n\n<p>Skripte sind Programmcode, der den Betrieb und die Funktionalit\u00e4t einer Website erm\u00f6glicht. Sie werden auf unserem Server oder auf Ihrem Ger\u00e4t ausgef\u00fchrt.<\/p>\n\n\n\n<hr class=\"wp-block-separator has-alpha-channel-opacity\"\/>\n\n\n\n<h2 class=\"wp-block-heading\">4. Was ist ein Web Beacon?<\/h2>\n\n\n\n<p>Ein Web Beacon ist ein kleines, unsichtbares Element (Bild oder Text), das dabei hilft, Website-Besuche und -Nutzung zu analysieren.<\/p>\n\n\n\n<hr class=\"wp-block-separator has-alpha-channel-opacity\"\/>\n\n\n\n<h2 class=\"wp-block-heading\">5. Welche Cookies verwenden wir?<\/h2>\n\n\n\n<h3 class=\"wp-block-heading\">5.1 Funktionale Cookies<\/h3>\n\n\n\n<p>Gew\u00e4hrleistet die Funktionsf\u00e4higkeit der Website und speichert Ihre Einstellungen.<br>\ud83d\udc49 Diese Cookies k\u00f6nnen ohne Ihre Zustimmung verwendet werden.<\/p>\n\n\n\n<hr class=\"wp-block-separator has-alpha-channel-opacity\"\/>\n\n\n\n<h3 class=\"wp-block-heading\">5.2 Statistische Cookies<\/h3>\n\n\n\n<p>Hilft dabei, die Nutzung der Website zu analysieren, um ihre Leistung zu verbessern.<br>\ud83d\udc49 Nur mit Ihrer Zustimmung verwendet.<\/p>\n\n\n\n<hr class=\"wp-block-separator has-alpha-channel-opacity\"\/>\n\n\n\n<h3 class=\"wp-block-heading\">5.3 Marketing-Cookies<\/h3>\n\n\n\n<p>Wird verwendet, um personalisierte Werbung anzuzeigen oder die Nutzeraktivit\u00e4t \u00fcber mehrere Websites hinweg zu verfolgen.<\/p>\n\n\n\n<hr class=\"wp-block-separator has-alpha-channel-opacity\"\/>\n\n\n\n<h3 class=\"wp-block-heading\">5.4 Soziale Netzwerke<\/h3>\n\n\n\n<p>Unsere Website kann integrierte Inhalte von folgenden Quellen enthalten:<\/p>\n\n\n\n<ul class=\"wp-block-list\">\n<li>TikTok<\/li>\n\n\n\n<li>Instagram<\/li>\n\n\n\n<li>Facebook<\/li>\n\n\n\n<li>WhatsApp<\/li>\n\n\n\n<li>X (Twitter)<\/li>\n<\/ul>\n\n\n\n<p>Diese Dienste k\u00f6nnen Cookies setzen und Ihre Daten verarbeiten.<br>Es wird empfohlen, sich mit den Datenschutzrichtlinien dieser Plattformen vertraut zu machen.<\/p>\n\n\n\n<hr class=\"wp-block-separator has-alpha-channel-opacity\"\/>\n\n\n\n<h2 class=\"wp-block-heading\">6. In Anspruch genommene Dienstleistungen<\/h2>\n\n\n\n<p>Unsere Website nutzt folgende Tools und Services:<\/p>\n\n\n\n<ul class=\"wp-block-list\">\n<li>WooCommerce<\/li>\n\n\n\n<li>WordPress<\/li>\n\n\n\n<li>Google Analytics<\/li>\n\n\n\n<li>Google Ads<\/li>\n\n\n\n<li>Google Maps<\/li>\n\n\n\n<li>Google Fonts<\/li>\n\n\n\n<li>YouTube<\/li>\n\n\n\n<li>Facebook<\/li>\n\n\n\n<li>WhatsApp<\/li>\n\n\n\n<li>TikTok<\/li>\n\n\n\n<li>Streifen<\/li>\n<\/ul>\n\n\n\n<p>Diese Dienste verwenden m\u00f6glicherweise Cookies f\u00fcr verschiedene Zwecke (Funktionalit\u00e4t, Statistiken, Marketing).<\/p>\n\n\n\n<hr class=\"wp-block-separator has-alpha-channel-opacity\"\/>\n\n\n\n<h2 class=\"wp-block-heading\">7. Einwilligung<\/h2>\n\n\n\n<p>Beim ersten Besuch der Website wird Ihnen ein Cookie-Hinweis angezeigt.<br>Durch Dr\u00fccken <strong>\u201c&quot;Akzeptieren&quot;\u201d<\/strong>, Sie stimmen der Verwendung von Cookies zu.<\/p>\n\n\n\n<p>Sie k\u00f6nnen Ihre Einstellungen jederzeit \u00e4ndern.<\/p>\n\n\n\n<hr class=\"wp-block-separator has-alpha-channel-opacity\"\/>\n\n\n\n<h2 class=\"wp-block-heading\">8. Cookie-Verwaltung<\/h2>\n\n\n\n<p>Du kannst:<\/p>\n\n\n\n<ul class=\"wp-block-list\">\n<li>L\u00f6schen Sie Cookies in Ihrem Browser<\/li>\n\n\n\n<li>Cookies blockieren<\/li>\n\n\n\n<li>Benachrichtigungen \u00fcber deren Verwendung erhalten<\/li>\n<\/ul>\n\n\n\n<p>\u26a0\ufe0f Bitte beachten Sie: Ohne Cookies funktioniert die Website m\u00f6glicherweise nicht vollst\u00e4ndig.<\/p>\n\n\n\n<hr class=\"wp-block-separator has-alpha-channel-opacity\"\/>\n\n\n\n<h2 class=\"wp-block-heading\">9. Ihre Rechte<\/h2>\n\n\n\n<p>Sie haben das Recht auf:<\/p>\n\n\n\n<ul class=\"wp-block-list\">\n<li>erfahren, wie Ihre Daten verwendet werden<\/li>\n\n\n\n<li>Greifen Sie auf Ihre Daten zu<\/li>\n\n\n\n<li>Daten korrigieren oder l\u00f6schen<\/li>\n\n\n\n<li>Widerruf der Einwilligung<\/li>\n\n\n\n<li>Anfrage zur Daten\u00fcbertragung<\/li>\n\n\n\n<li>Einspruch gegen die Datenverarbeitung<\/li>\n<\/ul>\n\n\n\n<p>Im Falle von Beschwerden k\u00f6nnen Sie sich an die staatliche Datenschutzbeh\u00f6rde wenden.<\/p>\n\n\n\n<hr class=\"wp-block-separator has-alpha-channel-opacity\"\/>\n\n\n\n<h2 class=\"wp-block-heading\">10. Kontakte<\/h2>\n\n\n\n<p><strong>Farbe und Fortschritt<\/strong><br>Riga, Lettland<\/p>\n\n\n\n<p>\ud83c\udf10 <a href=\"https:\/\/paintnprogress.art\/de\/\">https:\/\/paintnprogress.art<\/a><br>\ud83d\udce7 dzintar@kalnin.eu<\/p>\n\n\n\n<p><\/p>","protected":false},"excerpt":{"rendered":"<p>1. Ievads M\u016bsu vietne https:\/\/paintnprogress.art (turpm\u0101k \u2013 vietne) izmanto s\u012bkdatnes un l\u012bdz\u012bgas tehnolo\u0123ijas. S\u012bkdatnes var tikt izvietotas ar\u012b ar tre\u0161o [&hellip;]<\/p>\n","protected":false},"author":1,"featured_media":0,"parent":0,"menu_order":0,"comment_status":"closed","ping_status":"closed","template":"","meta":{"_uag_custom_page_level_css":"","site-sidebar-layout":"default","site-content-layout":"","ast-site-content-layout":"default","site-content-style":"default","site-sidebar-style":"default","ast-global-header-display":"","ast-banner-title-visibility":"","ast-main-header-display":"","ast-hfb-above-header-display":"","ast-hfb-below-header-display":"","ast-hfb-mobile-header-display":"","site-post-title":"","ast-breadcrumbs-content":"","ast-featured-img":"","footer-sml-layout":"","ast-disable-related-posts":"","theme-transparent-header-meta":"","adv-header-id-meta":"","stick-header-meta":"","header-above-stick-meta":"","header-main-stick-meta":"","header-below-stick-meta":"","astra-migrate-meta-layouts":"set","ast-page-background-enabled":"default","ast-page-background-meta":{"desktop":{"background-color":"","background-image":"","background-repeat":"repeat","background-position":"center center","background-size":"auto","background-attachment":"scroll","background-type":"","background-media":"","overlay-type":"","overlay-color":"","overlay-opacity":"","overlay-gradient":""},"tablet":{"background-color":"","background-image":"","background-repeat":"repeat","background-position":"center center","background-size":"auto","background-attachment":"scroll","background-type":"","background-media":"","overlay-type":"","overlay-color":"","overlay-opacity":"","overlay-gradient":""},"mobile":{"background-color":"","background-image":"","background-repeat":"repeat","background-position":"center center","background-size":"auto","background-attachment":"scroll","background-type":"","background-media":"","overlay-type":"","overlay-color":"","overlay-opacity":"","overlay-gradient":""}},"ast-content-background-meta":{"desktop":{"background-color":"var(--ast-global-color-5)","background-image":"","background-repeat":"repeat","background-position":"center center","background-size":"auto","background-attachment":"scroll","background-type":"","background-media":"","overlay-type":"","overlay-color":"","overlay-opacity":"","overlay-gradient":""},"tablet":{"background-color":"var(--ast-global-color-5)","background-image":"","background-repeat":"repeat","background-position":"center center","background-size":"auto","background-attachment":"scroll","background-type":"","background-media":"","overlay-type":"","overlay-color":"","overlay-opacity":"","overlay-gradient":""},"mobile":{"background-color":"var(--ast-global-color-5)","background-image":"","background-repeat":"repeat","background-position":"center center","background-size":"auto","background-attachment":"scroll","background-type":"","background-media":"","overlay-type":"","overlay-color":"","overlay-opacity":"","overlay-gradient":""}},"footnotes":""},"class_list":["post-8814","page","type-page","status-publish","hentry"],"yoast_head":"<!-- This site is optimized with the Yoast SEO plugin v27.3 - https:\/\/yoast.com\/product\/yoast-seo-wordpress\/ -->\n<title>Konfidencialit\u0101tes politika (EU) - paintnprogress.art<\/title>\n<meta name=\"robots\" content=\"index, follow, max-snippet:-1, max-image-preview:large, max-video-preview:-1\" \/>\n<link rel=\"canonical\" href=\"https:\/\/paintnprogress.art\/de\/cookie-richtlinie-eu\/\" \/>\n<meta property=\"og:locale\" content=\"de_DE\" \/>\n<meta property=\"og:type\" content=\"article\" \/>\n<meta property=\"og:title\" content=\"Konfidencialit\u0101tes politika (EU) - paintnprogress.art\" \/>\n<meta property=\"og:description\" content=\"1. Ievads M\u016bsu vietne https:\/\/paintnprogress.art (turpm\u0101k \u2013 vietne) izmanto s\u012bkdatnes un l\u012bdz\u012bgas tehnolo\u0123ijas. S\u012bkdatnes var tikt izvietotas ar\u012b ar tre\u0161o [&hellip;]\" \/>\n<meta property=\"og:url\" content=\"https:\/\/paintnprogress.art\/de\/cookie-richtlinie-eu\/\" \/>\n<meta property=\"og:site_name\" content=\"paintnprogress.art\" \/>\n<meta property=\"article:publisher\" content=\"https:\/\/www.facebook.com\/paintnprogressart\" \/>\n<meta property=\"article:modified_time\" content=\"2026-04-03T05:44:42+00:00\" \/>\n<meta name=\"twitter:card\" content=\"summary_large_image\" \/>\n<meta name=\"twitter:label1\" content=\"Gesch\u00e4tzte Lesezeit\" \/>\n\t<meta name=\"twitter:data1\" content=\"2\u00a0Minuten\" \/>\n<script type=\"application\/ld+json\" class=\"yoast-schema-graph\">{\"@context\":\"https:\\\/\\\/schema.org\",\"@graph\":[{\"@type\":\"WebPage\",\"@id\":\"https:\\\/\\\/paintnprogress.art\\\/cookie-policy-eu\\\/\",\"url\":\"https:\\\/\\\/paintnprogress.art\\\/cookie-policy-eu\\\/\",\"name\":\"Konfidencialit\u0101tes politika (EU) - paintnprogress.art\",\"isPartOf\":{\"@id\":\"https:\\\/\\\/paintnprogress.art\\\/#website\"},\"datePublished\":\"2026-04-02T20:41:11+00:00\",\"dateModified\":\"2026-04-03T05:44:42+00:00\",\"breadcrumb\":{\"@id\":\"https:\\\/\\\/paintnprogress.art\\\/cookie-policy-eu\\\/#breadcrumb\"},\"inLanguage\":\"de\",\"potentialAction\":[{\"@type\":\"ReadAction\",\"target\":[\"https:\\\/\\\/paintnprogress.art\\\/cookie-policy-eu\\\/\"]}]},{\"@type\":\"BreadcrumbList\",\"@id\":\"https:\\\/\\\/paintnprogress.art\\\/cookie-policy-eu\\\/#breadcrumb\",\"itemListElement\":[{\"@type\":\"ListItem\",\"position\":1,\"name\":\"Home\",\"item\":\"https:\\\/\\\/paintnprogress.art\\\/\"},{\"@type\":\"ListItem\",\"position\":2,\"name\":\"Konfidencialit\u0101tes politika (EU)\"}]},{\"@type\":\"WebSite\",\"@id\":\"https:\\\/\\\/paintnprogress.art\\\/#website\",\"url\":\"https:\\\/\\\/paintnprogress.art\\\/\",\"name\":\"paintnprogress.art\",\"description\":\"Glezno\u0161anas Nodarb\u012bbas\",\"publisher\":{\"@id\":\"https:\\\/\\\/paintnprogress.art\\\/#organization\"},\"potentialAction\":[{\"@type\":\"SearchAction\",\"target\":{\"@type\":\"EntryPoint\",\"urlTemplate\":\"https:\\\/\\\/paintnprogress.art\\\/?s={search_term_string}\"},\"query-input\":{\"@type\":\"PropertyValueSpecification\",\"valueRequired\":true,\"valueName\":\"search_term_string\"}}],\"inLanguage\":\"de\"},{\"@type\":\"Organization\",\"@id\":\"https:\\\/\\\/paintnprogress.art\\\/#organization\",\"name\":\"Paint&Progress\",\"alternateName\":\"Paint and Progress\",\"url\":\"https:\\\/\\\/paintnprogress.art\\\/\",\"logo\":{\"@type\":\"ImageObject\",\"inLanguage\":\"de\",\"@id\":\"https:\\\/\\\/paintnprogress.art\\\/#\\\/schema\\\/logo\\\/image\\\/\",\"url\":\"https:\\\/\\\/paintnprogress.art\\\/wp-content\\\/uploads\\\/2025\\\/01\\\/512.webp\",\"contentUrl\":\"https:\\\/\\\/paintnprogress.art\\\/wp-content\\\/uploads\\\/2025\\\/01\\\/512.webp\",\"width\":512,\"height\":512,\"caption\":\"Paint&Progress\"},\"image\":{\"@id\":\"https:\\\/\\\/paintnprogress.art\\\/#\\\/schema\\\/logo\\\/image\\\/\"},\"sameAs\":[\"https:\\\/\\\/www.facebook.com\\\/paintnprogressart\",\"https:\\\/\\\/www.youtube.com\\\/@PaintAndProgressArt\",\"https:\\\/\\\/www.tiktok.com\\\/@paint_and_progress?lang=lv\"]}]}<\/script>\n<!-- \/ Yoast SEO plugin. -->","yoast_head_json":{"title":"Datenschutzerkl\u00e4rung (EU) - paintnprogress.art","robots":{"index":"index","follow":"follow","max-snippet":"max-snippet:-1","max-image-preview":"max-image-preview:large","max-video-preview":"max-video-preview:-1"},"canonical":"https:\/\/paintnprogress.art\/de\/cookie-richtlinie-eu\/","og_locale":"de_DE","og_type":"article","og_title":"Konfidencialit\u0101tes politika (EU) - paintnprogress.art","og_description":"1. Ievads M\u016bsu vietne https:\/\/paintnprogress.art (turpm\u0101k \u2013 vietne) izmanto s\u012bkdatnes un l\u012bdz\u012bgas tehnolo\u0123ijas. S\u012bkdatnes var tikt izvietotas ar\u012b ar tre\u0161o [&hellip;]","og_url":"https:\/\/paintnprogress.art\/de\/cookie-richtlinie-eu\/","og_site_name":"paintnprogress.art","article_publisher":"https:\/\/www.facebook.com\/paintnprogressart","article_modified_time":"2026-04-03T05:44:42+00:00","twitter_card":"summary_large_image","twitter_misc":{"Gesch\u00e4tzte Lesezeit":"2\u00a0Minuten"},"schema":{"@context":"https:\/\/schema.org","@graph":[{"@type":"WebPage","@id":"https:\/\/paintnprogress.art\/cookie-policy-eu\/","url":"https:\/\/paintnprogress.art\/cookie-policy-eu\/","name":"Datenschutzerkl\u00e4rung (EU) - paintnprogress.art","isPartOf":{"@id":"https:\/\/paintnprogress.art\/#website"},"datePublished":"2026-04-02T20:41:11+00:00","dateModified":"2026-04-03T05:44:42+00:00","breadcrumb":{"@id":"https:\/\/paintnprogress.art\/cookie-policy-eu\/#breadcrumb"},"inLanguage":"de","potentialAction":[{"@type":"ReadAction","target":["https:\/\/paintnprogress.art\/cookie-policy-eu\/"]}]},{"@type":"BreadcrumbList","@id":"https:\/\/paintnprogress.art\/cookie-policy-eu\/#breadcrumb","itemListElement":[{"@type":"ListItem","position":1,"name":"Home","item":"https:\/\/paintnprogress.art\/"},{"@type":"ListItem","position":2,"name":"Konfidencialit\u0101tes politika (EU)"}]},{"@type":"WebSite","@id":"https:\/\/paintnprogress.art\/#website","url":"https:\/\/paintnprogress.art\/","name":"paintnprogress.art","description":"Malunterricht","publisher":{"@id":"https:\/\/paintnprogress.art\/#organization"},"potentialAction":[{"@type":"SearchAction","target":{"@type":"EntryPoint","urlTemplate":"https:\/\/paintnprogress.art\/?s={search_term_string}"},"query-input":{"@type":"PropertyValueSpecification","valueRequired":true,"valueName":"search_term_string"}}],"inLanguage":"de"},{"@type":"Organization","@id":"https:\/\/paintnprogress.art\/#organization","name":"Paint&amp;Progress","alternateName":"Paint and Progress","url":"https:\/\/paintnprogress.art\/","logo":{"@type":"ImageObject","inLanguage":"de","@id":"https:\/\/paintnprogress.art\/#\/schema\/logo\/image\/","url":"https:\/\/paintnprogress.art\/wp-content\/uploads\/2025\/01\/512.webp","contentUrl":"https:\/\/paintnprogress.art\/wp-content\/uploads\/2025\/01\/512.webp","width":512,"height":512,"caption":"Paint&Progress"},"image":{"@id":"https:\/\/paintnprogress.art\/#\/schema\/logo\/image\/"},"sameAs":["https:\/\/www.facebook.com\/paintnprogressart","https:\/\/www.youtube.com\/@PaintAndProgressArt","https:\/\/www.tiktok.com\/@paint_and_progress?lang=lv"]}]}},"uagb_featured_image_src":{"full":false,"thumbnail":false,"medium":false,"medium_large":false,"large":false,"1536x1536":false,"2048x2048":false,"trp-custom-language-flag":false,"woocommerce_thumbnail":false,"woocommerce_single":false,"woocommerce_gallery_thumbnail":false},"uagb_author_info":{"display_name":"Dzintars Kalnins","author_link":"https:\/\/paintnprogress.art\/de\/author\/dzk765gmail-com\/"},"uagb_comment_info":0,"uagb_excerpt":"1. Ievads M\u016bsu vietne https:\/\/paintnprogress.art (turpm\u0101k \u2013 vietne) izmanto s\u012bkdatnes un l\u012bdz\u012bgas tehnolo\u0123ijas. S\u012bkdatnes var tikt izvietotas ar\u012b ar tre\u0161o [&hellip;]","_links":{"self":[{"href":"https:\/\/paintnprogress.art\/de\/wp-json\/wp\/v2\/pages\/8814","targetHints":{"allow":["GET"]}}],"collection":[{"href":"https:\/\/paintnprogress.art\/de\/wp-json\/wp\/v2\/pages"}],"about":[{"href":"https:\/\/paintnprogress.art\/de\/wp-json\/wp\/v2\/types\/page"}],"author":[{"embeddable":true,"href":"https:\/\/paintnprogress.art\/de\/wp-json\/wp\/v2\/users\/1"}],"replies":[{"embeddable":true,"href":"https:\/\/paintnprogress.art\/de\/wp-json\/wp\/v2\/comments?post=8814"}],"version-history":[{"count":2,"href":"https:\/\/paintnprogress.art\/de\/wp-json\/wp\/v2\/pages\/8814\/revisions"}],"predecessor-version":[{"id":8840,"href":"https:\/\/paintnprogress.art\/de\/wp-json\/wp\/v2\/pages\/8814\/revisions\/8840"}],"wp:attachment":[{"href":"https:\/\/paintnprogress.art\/de\/wp-json\/wp\/v2\/media?parent=8814"}],"curies":[{"name":"wp","href":"https:\/\/api.w.org\/{rel}","templated":true}]}}