{"id":1090,"date":"2024-12-09T09:07:00","date_gmt":"2024-12-09T09:07:00","guid":{"rendered":"https:\/\/paintnprogress.art\/?page_id=1090"},"modified":"2025-07-05T17:56:11","modified_gmt":"2025-07-05T17:56:11","slug":"fernabsatzvertrag","status":"publish","type":"page","link":"https:\/\/paintnprogress.art\/de\/distances-ligums\/","title":{"rendered":"Fernabsatzvertrag und Widerrufsrecht"},"content":{"rendered":"<h4 class=\"wp-block-heading\">Fernabsatzvertrag<\/h4>\n\n\n\n<p>Gem\u00e4\u00df der Gesetzgebung der Republik Lettland ist der Inhaber des Online-Shops verpflichtet, das Verfahren f\u00fcr die Lieferung und R\u00fcckgabe von Waren sowie das Widerrufsrecht festzulegen. Dieses Regelwerk wird als Fernabsatzvertrag bezeichnet (gem\u00e4\u00df den Bestimmungen des Ministerkabinetts).<\/p>\n\n\n\n<p>Der Verk\u00e4ufer der in diesem Online-Shop angebotenen Dienstleistungen (nachfolgend Verk\u00e4ufer genannt) und der Kunde, der eine Bestellung aufgibt (nachfolgend K\u00e4ufer genannt), schlie\u00dfen einvernehmlich folgenden Vertrag:<\/p>\n\n\n\n<ul class=\"wp-block-list\">\n<li>Der Verk\u00e4ufer verpflichtet sich, dem K\u00e4ufer die von ihm bestellte Leistung zu erbringen.<\/li>\n\n\n\n<li>Der K\u00e4ufer gibt auf der Website eine Bestellung f\u00fcr eine Dienstleistung auf <a href=\"https:\/\/paintnprogress.art\/de\/\"><strong>https:\/\/paintnprogress.art\/<\/strong><\/a>, die den erforderlichen Dienst angibt.<\/li>\n\n\n\n<li>Der K\u00e4ufer kann die Zahlung mit den auf der Website verf\u00fcgbaren Zahlungsmitteln oder durch Zahlung der vom Verk\u00e4ufer erstellten und per E-Mail versandten elektronischen Rechnung vornehmen. Die Rechnung ist ohne Unterschrift g\u00fcltig.<\/li>\n<\/ul>\n\n\n\n<hr class=\"wp-block-separator has-alpha-channel-opacity\"\/>\n\n\n\n<h4 class=\"wp-block-heading\">Widerrufsrecht<\/h4>\n\n\n\n<p>Der K\u00e4ufer hat das Recht, innerhalb von 14 Tagen ab Kaufdatum vom Kauf zur\u00fcckzutreten. Um das Widerrufsrecht auszu\u00fcben, muss der K\u00e4ufer dem Verk\u00e4ufer ein Widerrufsschreiben senden. Der Verk\u00e4ufer stellt dem K\u00e4ufer auf Anfrage ein Widerrufsformular per E-Mail zur Verf\u00fcgung.<\/p>\n\n\n\n<p>Das Widerrufsrecht besteht jedoch nicht in folgenden F\u00e4llen:<\/p>\n\n\n\n<ul class=\"wp-block-list\">\n<li>Der K\u00e4ufer hat bereits an einer Unterrichtsstunde oder einem Workshop teilgenommen.<\/li>\n\n\n\n<li>Der Termin f\u00fcr die Leistungserbringung ist verstrichen und der K\u00e4ufer hat die Leistung nicht in Anspruch genommen.<\/li>\n\n\n\n<li>Bis zum Beginn des Gottesdienstes sind es weniger als 48 Stunden.<\/li>\n\n\n\n<li>Der Dienst wurde zu einem Aktionspreis erworben.<\/li>\n<\/ul>\n\n\n\n<p>Kontaktieren Sie uns unter {email}, wenn Sie Fragen zu R\u00fcckerstattungen und R\u00fccksendungen haben.<\/p>","protected":false},"excerpt":{"rendered":"<p>Distances l\u012bgums Saska\u0146\u0101 ar Latvijas Republikas likumdo\u0161anu interneta veikala \u012bpa\u0161niekam ir pien\u0101kums defin\u0113t pre\u010du pieg\u0101des un atgrie\u0161anas k\u0101rt\u012bbu, k\u0101 ar\u012b [&hellip;]<\/p>\n","protected":false},"author":1,"featured_media":0,"parent":0,"menu_order":0,"comment_status":"closed","ping_status":"closed","template":"","meta":{"_uag_custom_page_level_css":"","site-sidebar-layout":"default","site-content-layout":"","ast-site-content-layout":"default","site-content-style":"default","site-sidebar-style":"default","ast-global-header-display":"","ast-banner-title-visibility":"","ast-main-header-display":"","ast-hfb-above-header-display":"","ast-hfb-below-header-display":"","ast-hfb-mobile-header-display":"","site-post-title":"","ast-breadcrumbs-content":"","ast-featured-img":"","footer-sml-layout":"","ast-disable-related-posts":"","theme-transparent-header-meta":"","adv-header-id-meta":"","stick-header-meta":"","header-above-stick-meta":"","header-main-stick-meta":"","header-below-stick-meta":"","astra-migrate-meta-layouts":"set","ast-page-background-enabled":"default","ast-page-background-meta":{"desktop":{"background-color":"","background-image":"","background-repeat":"repeat","background-position":"center center","background-size":"auto","background-attachment":"scroll","background-type":"","background-media":"","overlay-type":"","overlay-color":"","overlay-opacity":"","overlay-gradient":""},"tablet":{"background-color":"","background-image":"","background-repeat":"repeat","background-position":"center center","background-size":"auto","background-attachment":"scroll","background-type":"","background-media":"","overlay-type":"","overlay-color":"","overlay-opacity":"","overlay-gradient":""},"mobile":{"background-color":"","background-image":"","background-repeat":"repeat","background-position":"center center","background-size":"auto","background-attachment":"scroll","background-type":"","background-media":"","overlay-type":"","overlay-color":"","overlay-opacity":"","overlay-gradient":""}},"ast-content-background-meta":{"desktop":{"background-color":"var(--ast-global-color-5)","background-image":"","background-repeat":"repeat","background-position":"center center","background-size":"auto","background-attachment":"scroll","background-type":"","background-media":"","overlay-type":"","overlay-color":"","overlay-opacity":"","overlay-gradient":""},"tablet":{"background-color":"var(--ast-global-color-5)","background-image":"","background-repeat":"repeat","background-position":"center center","background-size":"auto","background-attachment":"scroll","background-type":"","background-media":"","overlay-type":"","overlay-color":"","overlay-opacity":"","overlay-gradient":""},"mobile":{"background-color":"var(--ast-global-color-5)","background-image":"","background-repeat":"repeat","background-position":"center center","background-size":"auto","background-attachment":"scroll","background-type":"","background-media":"","overlay-type":"","overlay-color":"","overlay-opacity":"","overlay-gradient":""}},"footnotes":""},"class_list":["post-1090","page","type-page","status-publish","hentry"],"yoast_head":"<!-- This site is optimized with the Yoast SEO plugin v27.4 - https:\/\/yoast.com\/product\/yoast-seo-wordpress\/ -->\n<title>Distances l\u012bgums un atteikuma ties\u012bbas - paintnprogress.art<\/title>\n<meta name=\"description\" content=\"Distances l\u012bgums un atteikuma ties\u012bbas: nosac\u012bjumi pakalpojumu ieg\u0101dei, apmaksai, atcel\u0161anai un ties\u012bb\u0101m atteikties 14 dienu laik\u0101\" \/>\n<meta name=\"robots\" content=\"index, follow, max-snippet:-1, max-image-preview:large, max-video-preview:-1\" \/>\n<link rel=\"canonical\" href=\"https:\/\/paintnprogress.art\/de\/fernabsatzvertrag\/\" \/>\n<meta property=\"og:locale\" content=\"de_DE\" \/>\n<meta property=\"og:type\" content=\"article\" \/>\n<meta property=\"og:title\" content=\"Distances l\u012bgums un atteikuma ties\u012bbas - paintnprogress.art\" \/>\n<meta property=\"og:description\" content=\"Distances l\u012bgums un atteikuma ties\u012bbas: nosac\u012bjumi pakalpojumu ieg\u0101dei, apmaksai, atcel\u0161anai un ties\u012bb\u0101m atteikties 14 dienu laik\u0101\" \/>\n<meta property=\"og:url\" content=\"https:\/\/paintnprogress.art\/de\/fernabsatzvertrag\/\" \/>\n<meta property=\"og:site_name\" content=\"paintnprogress.art\" \/>\n<meta property=\"article:publisher\" content=\"https:\/\/www.facebook.com\/paintnprogressart\" \/>\n<meta property=\"article:modified_time\" content=\"2025-07-05T17:56:11+00:00\" \/>\n<meta name=\"twitter:card\" content=\"summary_large_image\" \/>\n<meta name=\"twitter:label1\" content=\"Gesch\u00e4tzte Lesezeit\" \/>\n\t<meta name=\"twitter:data1\" content=\"2\u00a0Minuten\" \/>\n<script type=\"application\/ld+json\" class=\"yoast-schema-graph\">{\"@context\":\"https:\\\/\\\/schema.org\",\"@graph\":[{\"@type\":\"WebPage\",\"@id\":\"https:\\\/\\\/paintnprogress.art\\\/distances-ligums\\\/\",\"url\":\"https:\\\/\\\/paintnprogress.art\\\/distances-ligums\\\/\",\"name\":\"Distances l\u012bgums un atteikuma ties\u012bbas - paintnprogress.art\",\"isPartOf\":{\"@id\":\"https:\\\/\\\/paintnprogress.art\\\/#website\"},\"datePublished\":\"2024-12-09T09:07:00+00:00\",\"dateModified\":\"2025-07-05T17:56:11+00:00\",\"description\":\"Distances l\u012bgums un atteikuma ties\u012bbas: nosac\u012bjumi pakalpojumu ieg\u0101dei, apmaksai, atcel\u0161anai un ties\u012bb\u0101m atteikties 14 dienu laik\u0101\",\"breadcrumb\":{\"@id\":\"https:\\\/\\\/paintnprogress.art\\\/distances-ligums\\\/#breadcrumb\"},\"inLanguage\":\"de\",\"potentialAction\":[{\"@type\":\"ReadAction\",\"target\":[\"https:\\\/\\\/paintnprogress.art\\\/distances-ligums\\\/\"]}]},{\"@type\":\"BreadcrumbList\",\"@id\":\"https:\\\/\\\/paintnprogress.art\\\/distances-ligums\\\/#breadcrumb\",\"itemListElement\":[{\"@type\":\"ListItem\",\"position\":1,\"name\":\"Home\",\"item\":\"https:\\\/\\\/paintnprogress.art\\\/\"},{\"@type\":\"ListItem\",\"position\":2,\"name\":\"Distances l\u012bgums un atteikuma ties\u012bbas\"}]},{\"@type\":\"WebSite\",\"@id\":\"https:\\\/\\\/paintnprogress.art\\\/#website\",\"url\":\"https:\\\/\\\/paintnprogress.art\\\/\",\"name\":\"paintnprogress.art\",\"description\":\"Glezno\u0161anas Nodarb\u012bbas\",\"publisher\":{\"@id\":\"https:\\\/\\\/paintnprogress.art\\\/#organization\"},\"potentialAction\":[{\"@type\":\"SearchAction\",\"target\":{\"@type\":\"EntryPoint\",\"urlTemplate\":\"https:\\\/\\\/paintnprogress.art\\\/?s={search_term_string}\"},\"query-input\":{\"@type\":\"PropertyValueSpecification\",\"valueRequired\":true,\"valueName\":\"search_term_string\"}}],\"inLanguage\":\"de\"},{\"@type\":\"Organization\",\"@id\":\"https:\\\/\\\/paintnprogress.art\\\/#organization\",\"name\":\"Paint&Progress\",\"alternateName\":\"Paint and Progress\",\"url\":\"https:\\\/\\\/paintnprogress.art\\\/\",\"logo\":{\"@type\":\"ImageObject\",\"inLanguage\":\"de\",\"@id\":\"https:\\\/\\\/paintnprogress.art\\\/#\\\/schema\\\/logo\\\/image\\\/\",\"url\":\"https:\\\/\\\/paintnprogress.art\\\/wp-content\\\/uploads\\\/2025\\\/01\\\/512.webp\",\"contentUrl\":\"https:\\\/\\\/paintnprogress.art\\\/wp-content\\\/uploads\\\/2025\\\/01\\\/512.webp\",\"width\":512,\"height\":512,\"caption\":\"Paint&Progress\"},\"image\":{\"@id\":\"https:\\\/\\\/paintnprogress.art\\\/#\\\/schema\\\/logo\\\/image\\\/\"},\"sameAs\":[\"https:\\\/\\\/www.facebook.com\\\/paintnprogressart\",\"https:\\\/\\\/www.youtube.com\\\/@PaintAndProgressArt\",\"https:\\\/\\\/www.tiktok.com\\\/@paint_and_progress?lang=lv\"]}]}<\/script>\n<!-- \/ Yoast SEO plugin. -->","yoast_head_json":{"title":"Fernabsatzvertrag und Widerrufsrecht - paintnprogress.art","description":"Fernabsatzvertrag und Widerrufsrecht: Bedingungen f\u00fcr den Erwerb von Dienstleistungen, Zahlung, Stornierung und das Widerrufsrecht innerhalb von 14 Tagen","robots":{"index":"index","follow":"follow","max-snippet":"max-snippet:-1","max-image-preview":"max-image-preview:large","max-video-preview":"max-video-preview:-1"},"canonical":"https:\/\/paintnprogress.art\/de\/fernabsatzvertrag\/","og_locale":"de_DE","og_type":"article","og_title":"Distances l\u012bgums un atteikuma ties\u012bbas - paintnprogress.art","og_description":"Distances l\u012bgums un atteikuma ties\u012bbas: nosac\u012bjumi pakalpojumu ieg\u0101dei, apmaksai, atcel\u0161anai un ties\u012bb\u0101m atteikties 14 dienu laik\u0101","og_url":"https:\/\/paintnprogress.art\/de\/fernabsatzvertrag\/","og_site_name":"paintnprogress.art","article_publisher":"https:\/\/www.facebook.com\/paintnprogressart","article_modified_time":"2025-07-05T17:56:11+00:00","twitter_card":"summary_large_image","twitter_misc":{"Gesch\u00e4tzte Lesezeit":"2\u00a0Minuten"},"schema":{"@context":"https:\/\/schema.org","@graph":[{"@type":"WebPage","@id":"https:\/\/paintnprogress.art\/distances-ligums\/","url":"https:\/\/paintnprogress.art\/distances-ligums\/","name":"Fernabsatzvertrag und Widerrufsrecht - paintnprogress.art","isPartOf":{"@id":"https:\/\/paintnprogress.art\/#website"},"datePublished":"2024-12-09T09:07:00+00:00","dateModified":"2025-07-05T17:56:11+00:00","description":"Fernabsatzvertrag und Widerrufsrecht: Bedingungen f\u00fcr den Erwerb von Dienstleistungen, Zahlung, Stornierung und das Widerrufsrecht innerhalb von 14 Tagen","breadcrumb":{"@id":"https:\/\/paintnprogress.art\/distances-ligums\/#breadcrumb"},"inLanguage":"de","potentialAction":[{"@type":"ReadAction","target":["https:\/\/paintnprogress.art\/distances-ligums\/"]}]},{"@type":"BreadcrumbList","@id":"https:\/\/paintnprogress.art\/distances-ligums\/#breadcrumb","itemListElement":[{"@type":"ListItem","position":1,"name":"Home","item":"https:\/\/paintnprogress.art\/"},{"@type":"ListItem","position":2,"name":"Distances l\u012bgums un atteikuma ties\u012bbas"}]},{"@type":"WebSite","@id":"https:\/\/paintnprogress.art\/#website","url":"https:\/\/paintnprogress.art\/","name":"paintnprogress.art","description":"Malunterricht","publisher":{"@id":"https:\/\/paintnprogress.art\/#organization"},"potentialAction":[{"@type":"SearchAction","target":{"@type":"EntryPoint","urlTemplate":"https:\/\/paintnprogress.art\/?s={search_term_string}"},"query-input":{"@type":"PropertyValueSpecification","valueRequired":true,"valueName":"search_term_string"}}],"inLanguage":"de"},{"@type":"Organization","@id":"https:\/\/paintnprogress.art\/#organization","name":"Paint&amp;Progress","alternateName":"Paint and Progress","url":"https:\/\/paintnprogress.art\/","logo":{"@type":"ImageObject","inLanguage":"de","@id":"https:\/\/paintnprogress.art\/#\/schema\/logo\/image\/","url":"https:\/\/paintnprogress.art\/wp-content\/uploads\/2025\/01\/512.webp","contentUrl":"https:\/\/paintnprogress.art\/wp-content\/uploads\/2025\/01\/512.webp","width":512,"height":512,"caption":"Paint&Progress"},"image":{"@id":"https:\/\/paintnprogress.art\/#\/schema\/logo\/image\/"},"sameAs":["https:\/\/www.facebook.com\/paintnprogressart","https:\/\/www.youtube.com\/@PaintAndProgressArt","https:\/\/www.tiktok.com\/@paint_and_progress?lang=lv"]}]}},"uagb_featured_image_src":{"full":false,"thumbnail":false,"medium":false,"medium_large":false,"large":false,"1536x1536":false,"2048x2048":false,"trp-custom-language-flag":false,"woocommerce_thumbnail":false,"woocommerce_single":false,"woocommerce_gallery_thumbnail":false},"uagb_author_info":{"display_name":"Dzintars Kalnins","author_link":"https:\/\/paintnprogress.art\/de\/author\/dzk765gmail-com\/"},"uagb_comment_info":0,"uagb_excerpt":"Distances l\u012bgums Saska\u0146\u0101 ar Latvijas Republikas likumdo\u0161anu interneta veikala \u012bpa\u0161niekam ir pien\u0101kums defin\u0113t pre\u010du pieg\u0101des un atgrie\u0161anas k\u0101rt\u012bbu, k\u0101 ar\u012b [&hellip;]","_links":{"self":[{"href":"https:\/\/paintnprogress.art\/de\/wp-json\/wp\/v2\/pages\/1090","targetHints":{"allow":["GET"]}}],"collection":[{"href":"https:\/\/paintnprogress.art\/de\/wp-json\/wp\/v2\/pages"}],"about":[{"href":"https:\/\/paintnprogress.art\/de\/wp-json\/wp\/v2\/types\/page"}],"author":[{"embeddable":true,"href":"https:\/\/paintnprogress.art\/de\/wp-json\/wp\/v2\/users\/1"}],"replies":[{"embeddable":true,"href":"https:\/\/paintnprogress.art\/de\/wp-json\/wp\/v2\/comments?post=1090"}],"version-history":[{"count":0,"href":"https:\/\/paintnprogress.art\/de\/wp-json\/wp\/v2\/pages\/1090\/revisions"}],"wp:attachment":[{"href":"https:\/\/paintnprogress.art\/de\/wp-json\/wp\/v2\/media?parent=1090"}],"curies":[{"name":"wp","href":"https:\/\/api.w.org\/{rel}","templated":true}]}}